{"id":4489,"date":"2026-04-21T13:28:08","date_gmt":"2026-04-21T11:28:08","guid":{"rendered":"https:\/\/skinsolution.pl\/for-you\/?post_type=product&#038;p=4489"},"modified":"2026-04-21T13:28:08","modified_gmt":"2026-04-21T11:28:08","slug":"jalupro-glow-peel-6x5ml","status":"publish","type":"product","link":"https:\/\/skinsolution.pl\/for-you\/produkt\/jalupro-glow-peel-6x5ml\/","title":{"rendered":"Jalupro\u00ae Glow Peel (6x5ml)"},"content":{"rendered":"<p><b>Jalupro\u00ae Glow Peel<\/b> to specjalistyczny produkt przeznaczony do g\u0142\u0119bokiej bioregeneracji i rewitalizacji sk\u00f3ry. Dzi\u0119ki swojej wielokierunkowej formule, \u0142\u0105cz\u0105cej mocne kwasy i aminokwasy, peeling dzia\u0142a efektywnie i jednocze\u015bnie \u0142agodnie, wspomagaj\u0105c syntez\u0119 kolagenu i popraw\u0119 kondycji sk\u00f3ry. Jego si\u0142a odpowiada skuteczno\u015bci peelingu o st\u0119\u017ceniu 36% TCA (tr\u00f3jchlorooctanu sodu), jednak z mniejszym ryzykiem podra\u017cnie\u0144, dzi\u0119ki zneutralizowanej formule.<\/p>\n<p><b>W\u0142a\u015bciwo\u015bci Jalupro\u00ae Glow Peel<\/b>:<\/p>\n<p>\u2022 Intensywne dzia\u0142anie regeneracyjne:<br \/>\nStymuluje procesy proliferacji i aktywuje fibroblasty do intensywnej syntezy kolagenu, co pozwala na szybsz\u0105 odbudow\u0119 i wyg\u0142adzenie sk\u00f3ry.<br \/>\n\u2022 Kompleksowa formu\u0142a sk\u0142adnik\u00f3w:<br \/>\nPeeling zawiera 6 kwas\u00f3w i 6 aminokwas\u00f3w, kt\u00f3re dzia\u0142aj\u0105 synergicznie, by przywr\u00f3ci\u0107 sk\u00f3rze m\u0142odzie\u0144czy blask, napi\u0119cie i jednolity koloryt.<br \/>\n\u2022 \u0141agodna, zneutralizowana formu\u0142a TCA:<br \/>\nDzi\u0119ki specjalnie opracowanej formule, Jalupro\u00ae Glow Peel jest \u0142agodny dla sk\u00f3ry, jednocze\u015bnie zachowuj\u0105c wysok\u0105 skuteczno\u015b\u0107 biorewitalizacji.<\/p>\n<p><b>Sk\u0142adniki aktywne Jalupro\u00ae Glow Peel<\/b>:<\/p>\n<p>6 Aminokwas\u00f3w:<br \/>\nGlicyna, prolina, lizyna, alanina, walina i arginina to kluczowe aminokwasy, kt\u00f3re wspieraj\u0105 regeneracj\u0119 sk\u00f3ry, zwi\u0119kszaj\u0105c jej elastyczno\u015b\u0107 i j\u0119drno\u015b\u0107.<\/p>\n<p>6 Kwas\u00f3w:<br \/>\n\u2022 Kwas winowy \u2013 dzia\u0142a rozja\u015bniaj\u0105co.<br \/>\n\u2022 Kwas laktobionowy \u2013 wykazuje dzia\u0142anie nawil\u017caj\u0105ce i wyg\u0142adzaj\u0105ce.<br \/>\n\u2022 Kwas cytrynowy \u2013 dzia\u0142a z\u0142uszczaj\u0105co, poprawia koloryt.<br \/>\n\u2022 Kwas kojowy \u2013 rozja\u015bnia i reguluje hiperpigmentacj\u0119.<br \/>\n\u2022 Kwas ferulowy \u2013 silny antyoksydant, chroni sk\u00f3r\u0119 przed wolnymi rodnikami.<br \/>\n\u2022 GABA (kwas aminomas\u0142owy) \u2013 wyg\u0142adza i poprawia tekstur\u0119 sk\u00f3ry.<\/p>\n<p>Neutralizowany TCA (Tr\u00f3jchlorooctan Sodu), si\u0142a skuteczno\u015bci odpowiadaj\u0105ca 36% TCA<\/p>\n<p><b>Efekty stosowania Jalupro\u00ae Glow Peel<\/b>:<\/p>\n<p>\u2022 Szybsza regeneracja sk\u00f3ry po zabiegach iniekcyjnych.<br \/>\n\u2022 Wyg\u0142adzenie i napi\u0119cie sk\u00f3ry \u2013 sk\u00f3ra staje si\u0119 jedwabi\u015bcie g\u0142adka i elastyczna.<br \/>\n\u2022 Rozja\u015bnienie kolorytu \u2013 produkt reguluje efekty hiperpigmentacji, wyr\u00f3wnuj\u0105c koloryt.<\/p>\n<p><b>Protok\u00f3\u0142 stosowania Jalupro\u00ae Glow Peel<\/b>:<\/p>\n<p>\u2022 Dawkowanie: 1 ml do 1,25 ml na jeden obszar zabiegowy.<br \/>\n\u2022 Aplikacja: Na\u0142\u00f3\u017c produkt na zdezynfekowan\u0105 sk\u00f3r\u0119 (po iniekcji Jalupro) za pomoc\u0105 r\u0119kawiczek nitrylowych. Wmasuj produkt do ca\u0142kowitego wch\u0142oni\u0119cia, pozostaw na 3-6 minut, zale\u017cnie od wra\u017cliwo\u015bci sk\u00f3ry. Zmyj gazikiem nas\u0105czonym letni\u0105 wod\u0105, a nast\u0119pnie na\u0142\u00f3\u017c mask\u0119 Jalupro.<\/p>\n<p><b>Tr\u00f3jetapowy rytua\u0142 Jalupro<\/b> &#8211; Kompleksowa piel\u0119gnacja sk\u00f3ry<br \/>\nJalupro\u00ae Glow Peel jest cz\u0119\u015bci\u0105 tr\u00f3jetapowego rytua\u0142u Jalupro, kt\u00f3ry zapewnia pe\u0142n\u0105 i profesjonaln\u0105 piel\u0119gnacj\u0119:<\/p>\n<p>Krok 1: JALUPRO INIEKCJA<br \/>\nKrok 2: JALUPROGLOW PEEL<br \/>\nKrok 3: JALUPRO MASKA<\/p>\n<p><b>Pojemno\u015b\u0107<\/b>:<br \/>\nJedno opakowanie zawiera 6 fiolek, ka\u017cda po 5 ml<\/p>\n<p><b>Producent<\/b>:<br \/>\nProfessional Derma<\/p>\n<p>Produkt przeznaczony wy\u0142\u0105cznie do u\u017cytku profesjonalnego.<br \/>\nKupuj\u0105c ten produkt, o\u015bwiadczasz, \u017ce jeste\u015b lekarzem lub posiadasz odpowiednie kwalifikacje oraz przeszkolenie w zakresie medycyny estetycznej.<\/p>\n<p><a href=\"https:\/\/skinsolution.pl\/for-professionals\/wp-content\/uploads\/sites\/5\/2025\/09\/Declaration-Glow-Peel-color-change.pdf\">Declaration on Jalupro Glow Peel color change<\/a><\/p>\n","protected":false},"excerpt":{"rendered":"<p>Profesjonalny peeling o wielokierunkowym dzia\u0142aniu dla sk\u00f3ry bez podra\u017cnie\u0144.<br \/>\nIntensywna bioregeneracja sk\u00f3ry &#8211; si\u0142a skuteczno\u015bci odpowiadaj\u0105ca 36% TCA (Tr\u00f3jchlorooctan Sodu)<\/p>\n","protected":false},"featured_media":4490,"comment_status":"open","ping_status":"closed","template":"","meta":{"_acf_changed":false},"product_brand":[],"product_cat":[110],"product_tag":[],"class_list":{"0":"post-4489","1":"product","2":"type-product","3":"status-publish","4":"has-post-thumbnail","6":"product_cat-peelingi","8":"first","9":"instock","10":"taxable","11":"shipping-taxable","12":"purchasable","13":"product-type-simple"},"acf":[],"yoast_head":"<!-- This site is optimized with the Yoast SEO plugin v27.4 - https:\/\/yoast.com\/product\/yoast-seo-wordpress\/ -->\n<title>Jalupro\u00ae Glow Peel (6x5ml) - SkinSolution - For You<\/title>\n<meta name=\"robots\" content=\"index, follow, max-snippet:-1, max-image-preview:large, max-video-preview:-1\" \/>\n<link rel=\"canonical\" href=\"https:\/\/skinsolution.pl\/for-you\/produkt\/jalupro-glow-peel-6x5ml\/\" \/>\n<meta property=\"og:locale\" content=\"pl_PL\" \/>\n<meta property=\"og:type\" content=\"article\" \/>\n<meta property=\"og:title\" content=\"Jalupro\u00ae Glow Peel (6x5ml) - SkinSolution - For You\" \/>\n<meta property=\"og:description\" content=\"Profesjonalny peeling o wielokierunkowym dzia\u0142aniu dla sk\u00f3ry bez podra\u017cnie\u0144. Intensywna bioregeneracja sk\u00f3ry - si\u0142a skuteczno\u015bci odpowiadaj\u0105ca 36% TCA (Tr\u00f3jchlorooctan Sodu)\" \/>\n<meta property=\"og:url\" content=\"https:\/\/skinsolution.pl\/for-you\/produkt\/jalupro-glow-peel-6x5ml\/\" \/>\n<meta property=\"og:site_name\" content=\"SkinSolution - For You\" \/>\n<meta property=\"article:publisher\" content=\"https:\/\/www.facebook.com\/SkinSolutionPoland\/\" \/>\n<meta property=\"og:image\" content=\"https:\/\/skinsolution.pl\/for-you\/wp-content\/uploads\/sites\/2\/2026\/04\/7c3a5c2722a562747d659b347a84b9b6.png\" \/>\n\t<meta property=\"og:image:width\" content=\"2048\" \/>\n\t<meta property=\"og:image:height\" content=\"2048\" \/>\n\t<meta property=\"og:image:type\" content=\"image\/png\" \/>\n<meta name=\"twitter:card\" content=\"summary_large_image\" \/>\n<meta name=\"twitter:label1\" content=\"Szacowany czas czytania\" \/>\n\t<meta name=\"twitter:data1\" content=\"3 minuty\" \/>\n<script type=\"application\/ld+json\" class=\"yoast-schema-graph\">{\"@context\":\"https:\\\/\\\/schema.org\",\"@graph\":[{\"@type\":\"WebPage\",\"@id\":\"https:\\\/\\\/skinsolution.pl\\\/for-you\\\/produkt\\\/jalupro-glow-peel-6x5ml\\\/\",\"url\":\"https:\\\/\\\/skinsolution.pl\\\/for-you\\\/produkt\\\/jalupro-glow-peel-6x5ml\\\/\",\"name\":\"Jalupro\u00ae Glow Peel (6x5ml) - SkinSolution - For You\",\"isPartOf\":{\"@id\":\"https:\\\/\\\/skinsolution.pl\\\/for-you\\\/#website\"},\"primaryImageOfPage\":{\"@id\":\"https:\\\/\\\/skinsolution.pl\\\/for-you\\\/produkt\\\/jalupro-glow-peel-6x5ml\\\/#primaryimage\"},\"image\":{\"@id\":\"https:\\\/\\\/skinsolution.pl\\\/for-you\\\/produkt\\\/jalupro-glow-peel-6x5ml\\\/#primaryimage\"},\"thumbnailUrl\":\"https:\\\/\\\/skinsolution.pl\\\/for-you\\\/wp-content\\\/uploads\\\/sites\\\/2\\\/2026\\\/04\\\/7c3a5c2722a562747d659b347a84b9b6.png\",\"datePublished\":\"2026-04-21T11:28:08+00:00\",\"breadcrumb\":{\"@id\":\"https:\\\/\\\/skinsolution.pl\\\/for-you\\\/produkt\\\/jalupro-glow-peel-6x5ml\\\/#breadcrumb\"},\"inLanguage\":\"pl-PL\",\"potentialAction\":[{\"@type\":\"ReadAction\",\"target\":[\"https:\\\/\\\/skinsolution.pl\\\/for-you\\\/produkt\\\/jalupro-glow-peel-6x5ml\\\/\"]}]},{\"@type\":\"ImageObject\",\"inLanguage\":\"pl-PL\",\"@id\":\"https:\\\/\\\/skinsolution.pl\\\/for-you\\\/produkt\\\/jalupro-glow-peel-6x5ml\\\/#primaryimage\",\"url\":\"https:\\\/\\\/skinsolution.pl\\\/for-you\\\/wp-content\\\/uploads\\\/sites\\\/2\\\/2026\\\/04\\\/7c3a5c2722a562747d659b347a84b9b6.png\",\"contentUrl\":\"https:\\\/\\\/skinsolution.pl\\\/for-you\\\/wp-content\\\/uploads\\\/sites\\\/2\\\/2026\\\/04\\\/7c3a5c2722a562747d659b347a84b9b6.png\",\"width\":2048,\"height\":2048,\"caption\":\"glow peel\"},{\"@type\":\"BreadcrumbList\",\"@id\":\"https:\\\/\\\/skinsolution.pl\\\/for-you\\\/produkt\\\/jalupro-glow-peel-6x5ml\\\/#breadcrumb\",\"itemListElement\":[{\"@type\":\"ListItem\",\"position\":1,\"name\":\"Strona g\u0142\u00f3wna\",\"item\":\"https:\\\/\\\/skinsolution.pl\\\/for-you\\\/\"},{\"@type\":\"ListItem\",\"position\":2,\"name\":\"Sklep\",\"item\":\"https:\\\/\\\/skinsolution.pl\\\/for-you\\\/sklep\\\/\"},{\"@type\":\"ListItem\",\"position\":3,\"name\":\"Jalupro\u00ae Glow Peel (6x5ml)\"}]},{\"@type\":\"WebSite\",\"@id\":\"https:\\\/\\\/skinsolution.pl\\\/for-you\\\/#website\",\"url\":\"https:\\\/\\\/skinsolution.pl\\\/for-you\\\/\",\"name\":\"SkinSolution | For You\",\"description\":\"\",\"publisher\":{\"@id\":\"https:\\\/\\\/skinsolution.pl\\\/for-you\\\/#organization\"},\"potentialAction\":[{\"@type\":\"SearchAction\",\"target\":{\"@type\":\"EntryPoint\",\"urlTemplate\":\"https:\\\/\\\/skinsolution.pl\\\/for-you\\\/?s={search_term_string}\"},\"query-input\":{\"@type\":\"PropertyValueSpecification\",\"valueRequired\":true,\"valueName\":\"search_term_string\"}}],\"inLanguage\":\"pl-PL\"},{\"@type\":\"Organization\",\"@id\":\"https:\\\/\\\/skinsolution.pl\\\/for-you\\\/#organization\",\"name\":\"SkinSolution | For You\",\"url\":\"https:\\\/\\\/skinsolution.pl\\\/for-you\\\/\",\"logo\":{\"@type\":\"ImageObject\",\"inLanguage\":\"pl-PL\",\"@id\":\"https:\\\/\\\/skinsolution.pl\\\/for-you\\\/#\\\/schema\\\/logo\\\/image\\\/\",\"url\":\"https:\\\/\\\/skinsolution.pl\\\/for-you\\\/wp-content\\\/uploads\\\/sites\\\/2\\\/2025\\\/03\\\/SkinSolution_Black2.png\",\"contentUrl\":\"https:\\\/\\\/skinsolution.pl\\\/for-you\\\/wp-content\\\/uploads\\\/sites\\\/2\\\/2025\\\/03\\\/SkinSolution_Black2.png\",\"width\":512,\"height\":512,\"caption\":\"SkinSolution | For You\"},\"image\":{\"@id\":\"https:\\\/\\\/skinsolution.pl\\\/for-you\\\/#\\\/schema\\\/logo\\\/image\\\/\"},\"sameAs\":[\"https:\\\/\\\/www.facebook.com\\\/SkinSolutionPoland\\\/\",\"https:\\\/\\\/www.instagram.com\\\/skinsolution.pl\\\/\"]}]}<\/script>\n<!-- \/ Yoast SEO plugin. -->","yoast_head_json":{"title":"Jalupro\u00ae Glow Peel (6x5ml) - SkinSolution - For You","robots":{"index":"index","follow":"follow","max-snippet":"max-snippet:-1","max-image-preview":"max-image-preview:large","max-video-preview":"max-video-preview:-1"},"canonical":"https:\/\/skinsolution.pl\/for-you\/produkt\/jalupro-glow-peel-6x5ml\/","og_locale":"pl_PL","og_type":"article","og_title":"Jalupro\u00ae Glow Peel (6x5ml) - SkinSolution - For You","og_description":"Profesjonalny peeling o wielokierunkowym dzia\u0142aniu dla sk\u00f3ry bez podra\u017cnie\u0144. Intensywna bioregeneracja sk\u00f3ry - si\u0142a skuteczno\u015bci odpowiadaj\u0105ca 36% TCA (Tr\u00f3jchlorooctan Sodu)","og_url":"https:\/\/skinsolution.pl\/for-you\/produkt\/jalupro-glow-peel-6x5ml\/","og_site_name":"SkinSolution - For You","article_publisher":"https:\/\/www.facebook.com\/SkinSolutionPoland\/","og_image":[{"width":2048,"height":2048,"url":"https:\/\/skinsolution.pl\/for-you\/wp-content\/uploads\/sites\/2\/2026\/04\/7c3a5c2722a562747d659b347a84b9b6.png","type":"image\/png"}],"twitter_card":"summary_large_image","twitter_misc":{"Szacowany czas czytania":"3 minuty"},"schema":{"@context":"https:\/\/schema.org","@graph":[{"@type":"WebPage","@id":"https:\/\/skinsolution.pl\/for-you\/produkt\/jalupro-glow-peel-6x5ml\/","url":"https:\/\/skinsolution.pl\/for-you\/produkt\/jalupro-glow-peel-6x5ml\/","name":"Jalupro\u00ae Glow Peel (6x5ml) - SkinSolution - For You","isPartOf":{"@id":"https:\/\/skinsolution.pl\/for-you\/#website"},"primaryImageOfPage":{"@id":"https:\/\/skinsolution.pl\/for-you\/produkt\/jalupro-glow-peel-6x5ml\/#primaryimage"},"image":{"@id":"https:\/\/skinsolution.pl\/for-you\/produkt\/jalupro-glow-peel-6x5ml\/#primaryimage"},"thumbnailUrl":"https:\/\/skinsolution.pl\/for-you\/wp-content\/uploads\/sites\/2\/2026\/04\/7c3a5c2722a562747d659b347a84b9b6.png","datePublished":"2026-04-21T11:28:08+00:00","breadcrumb":{"@id":"https:\/\/skinsolution.pl\/for-you\/produkt\/jalupro-glow-peel-6x5ml\/#breadcrumb"},"inLanguage":"pl-PL","potentialAction":[{"@type":"ReadAction","target":["https:\/\/skinsolution.pl\/for-you\/produkt\/jalupro-glow-peel-6x5ml\/"]}]},{"@type":"ImageObject","inLanguage":"pl-PL","@id":"https:\/\/skinsolution.pl\/for-you\/produkt\/jalupro-glow-peel-6x5ml\/#primaryimage","url":"https:\/\/skinsolution.pl\/for-you\/wp-content\/uploads\/sites\/2\/2026\/04\/7c3a5c2722a562747d659b347a84b9b6.png","contentUrl":"https:\/\/skinsolution.pl\/for-you\/wp-content\/uploads\/sites\/2\/2026\/04\/7c3a5c2722a562747d659b347a84b9b6.png","width":2048,"height":2048,"caption":"glow peel"},{"@type":"BreadcrumbList","@id":"https:\/\/skinsolution.pl\/for-you\/produkt\/jalupro-glow-peel-6x5ml\/#breadcrumb","itemListElement":[{"@type":"ListItem","position":1,"name":"Strona g\u0142\u00f3wna","item":"https:\/\/skinsolution.pl\/for-you\/"},{"@type":"ListItem","position":2,"name":"Sklep","item":"https:\/\/skinsolution.pl\/for-you\/sklep\/"},{"@type":"ListItem","position":3,"name":"Jalupro\u00ae Glow Peel (6x5ml)"}]},{"@type":"WebSite","@id":"https:\/\/skinsolution.pl\/for-you\/#website","url":"https:\/\/skinsolution.pl\/for-you\/","name":"SkinSolution | For You","description":"","publisher":{"@id":"https:\/\/skinsolution.pl\/for-you\/#organization"},"potentialAction":[{"@type":"SearchAction","target":{"@type":"EntryPoint","urlTemplate":"https:\/\/skinsolution.pl\/for-you\/?s={search_term_string}"},"query-input":{"@type":"PropertyValueSpecification","valueRequired":true,"valueName":"search_term_string"}}],"inLanguage":"pl-PL"},{"@type":"Organization","@id":"https:\/\/skinsolution.pl\/for-you\/#organization","name":"SkinSolution | For You","url":"https:\/\/skinsolution.pl\/for-you\/","logo":{"@type":"ImageObject","inLanguage":"pl-PL","@id":"https:\/\/skinsolution.pl\/for-you\/#\/schema\/logo\/image\/","url":"https:\/\/skinsolution.pl\/for-you\/wp-content\/uploads\/sites\/2\/2025\/03\/SkinSolution_Black2.png","contentUrl":"https:\/\/skinsolution.pl\/for-you\/wp-content\/uploads\/sites\/2\/2025\/03\/SkinSolution_Black2.png","width":512,"height":512,"caption":"SkinSolution | For You"},"image":{"@id":"https:\/\/skinsolution.pl\/for-you\/#\/schema\/logo\/image\/"},"sameAs":["https:\/\/www.facebook.com\/SkinSolutionPoland\/","https:\/\/www.instagram.com\/skinsolution.pl\/"]}]}},"_links":{"self":[{"href":"https:\/\/skinsolution.pl\/for-you\/wp-json\/wp\/v2\/product\/4489","targetHints":{"allow":["GET"]}}],"collection":[{"href":"https:\/\/skinsolution.pl\/for-you\/wp-json\/wp\/v2\/product"}],"about":[{"href":"https:\/\/skinsolution.pl\/for-you\/wp-json\/wp\/v2\/types\/product"}],"replies":[{"embeddable":true,"href":"https:\/\/skinsolution.pl\/for-you\/wp-json\/wp\/v2\/comments?post=4489"}],"wp:featuredmedia":[{"embeddable":true,"href":"https:\/\/skinsolution.pl\/for-you\/wp-json\/wp\/v2\/media\/4490"}],"wp:attachment":[{"href":"https:\/\/skinsolution.pl\/for-you\/wp-json\/wp\/v2\/media?parent=4489"}],"wp:term":[{"taxonomy":"product_brand","embeddable":true,"href":"https:\/\/skinsolution.pl\/for-you\/wp-json\/wp\/v2\/product_brand?post=4489"},{"taxonomy":"product_cat","embeddable":true,"href":"https:\/\/skinsolution.pl\/for-you\/wp-json\/wp\/v2\/product_cat?post=4489"},{"taxonomy":"product_tag","embeddable":true,"href":"https:\/\/skinsolution.pl\/for-you\/wp-json\/wp\/v2\/product_tag?post=4489"}],"curies":[{"name":"wp","href":"https:\/\/api.w.org\/{rel}","templated":true}]}}