{"id":3628,"date":"2025-08-30T18:45:20","date_gmt":"2025-08-30T16:45:20","guid":{"rendered":"https:\/\/skinsolution.pl\/for-you\/?post_type=product&#038;p=3628"},"modified":"2026-04-15T13:20:42","modified_gmt":"2026-04-15T11:20:42","slug":"jalupro-face-mask-1-szt","status":"publish","type":"product","link":"https:\/\/skinsolution.pl\/for-you\/produkt\/jalupro-face-mask-1-szt\/","title":{"rendered":"Jalupro\u00ae Face Mask (1 szt.)"},"content":{"rendered":"<p>Biocelulozowa maska JALUPRO\u00ae, kt\u00f3ra po na\u0142o\u017ceniu na sk\u00f3r\u0119 idealnie si\u0119 z ni\u0105 \u0142\u0105czy, co pozwala na bardzo efektywne przenikanie w g\u0142\u0105b sk\u00f3ry substancji aktywnych. \u0141\u0105czy nawil\u017caj\u0105ce i koj\u0105ce w\u0142a\u015bciwo\u015bci aloesu, kwasu hialuronowego i kolagenu. Jest niezast\u0105piona po wszelkiego rodzaju zabiegach z zakresu medycyny estetycznej, pomaga zmniejszy\u0107 stany zapalne oraz obrz\u0119ki w obr\u0119bie sk\u00f3ry. Kwas hialuronowy zapewni odpowiedni poziom nawil\u017cenia i efekt wype\u0142nionej, \u015bwie\u017cej sk\u00f3ry, a kolagen wzmocni efekt iniekcji i b\u0119dzie sprzyja\u0142 regeneracji sk\u00f3ry.<br \/>\nNatychmiast po zastosowaniu maseczka nadaje zm\u0119czonej cerze \u015bwie\u017cy wygl\u0105d, wyczuwalnie j\u0105 nawil\u017ca.\u00a0Sprawdzi si\u0119 na co dzie\u0144 jako piel\u0119gnacja uzupe\u0142niaj\u0105ca oraz po ekspozycji na s\u0142o\u0144ce, \u0142agodz\u0105c szkodliwe dzia\u0142anie promieniowania UV.<\/p>\n<p>Sk\u0142adniki aktywne:<br \/>\nAloes &#8211; regeneruje sk\u00f3r\u0119 i przyspiesza gojenie si\u0119 ran, \u0142agodzi podra\u017cnienia sk\u00f3ry, ma dzia\u0142anie tonizuj\u0105ce (przywraca sk\u00f3rze naturalne pH);<br \/>\nKwas hialuronowy &#8211; g\u0142\u0119boko nawil\u017ca sk\u00f3r\u0119 daj\u0105c efekt wype\u0142nienia, zwi\u0119ksza elastyczno\u015b\u0107 sk\u00f3ry i niweluje zmarszczki; bierze udzia\u0142 w procesach naprawy sk\u00f3ry i przyczynia si\u0119 do odnowy sk\u00f3ry w\u0142a\u015bciwej poprzez aktywacj\u0119 aktywno\u015bci fibroblast\u00f3w, restrukturyzacj\u0119 w\u0142\u00f3kien kolagenowych. Aktywnie odbudowuje sk\u00f3r\u0119, sp\u0142yca zmarszczki, stymuluje i regeneruje sk\u00f3r\u0119.<\/p>\n<p>Pojemno\u015b\u0107:<br \/>\nJedno opakowanie zawiera 1 jednorazowy p\u0142at.<\/p>\n<p>Spos\u00f3b u\u017cycia:<br \/>\nOtw\u00f3rz saszetk\u0119 z mask\u0105. Maska w formie biocelulozowej p\u0142achty znajduje si\u0119 pomi\u0119dzy ochronnymi elementami: nylonow\u0105 wk\u0142adk\u0105 a niebiesk\u0105 w\u0142\u00f3knin\u0105, kt\u00f3re nale\u017cy delikatnie usun\u0105\u0107 przed aplikacj\u0105 maski. Mask\u0119 na\u0142\u00f3\u017c ostro\u017cnie na oczyszczon\u0105 twarz, dopasuj j\u0105 w okolicy oczu i ust. Pozostaw na 15-20 minut, a po zdj\u0119ciu wmasuj delikatnie nadmiar serum. W przypadku dostania si\u0119 produktu do oczu, natychmiast przemyj je wod\u0105.<\/p>\n<p>Sk\u0142ad:<br \/>\nAqua, Glycerin, Polyacrylate-13, Phenoxyethanol, Ethylhexylglycerin, Triethanolamine, Polyisobutene, Acrylates\/c10-30 Alkyl Acrylate Crosspolymer, Disodium edta, Sodium Hyaluronate, Parfum, Polysorbate 20, Sorbitan Isostearate, Biosaccharide Gum-1, Citric acid, Sodium citrate, Soluble Aloe Barbadensis leaf juice powder.<\/p>\n<p>Producent:<br \/>\nProfessional Derma S.A.<\/p>\n","protected":false},"excerpt":{"rendered":"<p>Biocelulozowa maska medyczna po zabiegowa<\/p>\n<p>Intensywna regeneracja i ukojenie po zabiegu<\/p>\n<p>\u0141agodzi obrz\u0119ki i stany zapalne w obr\u0119bie sk\u00f3ry<\/p>\n<p>Skr\u00f3cenie okresu rekowalescencji po zabiegu<\/p>\n","protected":false},"featured_media":3781,"comment_status":"open","ping_status":"closed","template":"","meta":{"_acf_changed":false},"product_brand":[],"product_cat":[94],"product_tag":[],"class_list":{"0":"post-3628","1":"product","2":"type-product","3":"status-publish","4":"has-post-thumbnail","6":"product_cat-produkty-okolozabiegowe","8":"first","9":"outofstock","10":"taxable","11":"shipping-taxable","12":"purchasable","13":"product-type-simple"},"acf":[],"yoast_head":"<!-- This site is optimized with the Yoast SEO plugin v27.4 - https:\/\/yoast.com\/product\/yoast-seo-wordpress\/ -->\n<title>Jalupro\u00ae Face Mask (1 szt.) - SkinSolution - For You<\/title>\n<meta name=\"robots\" content=\"index, follow, max-snippet:-1, max-image-preview:large, max-video-preview:-1\" \/>\n<link rel=\"canonical\" href=\"https:\/\/skinsolution.pl\/for-you\/produkt\/jalupro-face-mask-1-szt\/\" \/>\n<meta property=\"og:locale\" content=\"pl_PL\" \/>\n<meta property=\"og:type\" content=\"article\" \/>\n<meta property=\"og:title\" content=\"Jalupro\u00ae Face Mask (1 szt.) - SkinSolution - For You\" \/>\n<meta property=\"og:description\" content=\"Biocelulozowa maska medyczna po zabiegowa  Intensywna regeneracja i ukojenie po zabiegu  \u0141agodzi obrz\u0119ki i stany zapalne w obr\u0119bie sk\u00f3ry  Skr\u00f3cenie okresu rekowalescencji po zabiegu\" \/>\n<meta property=\"og:url\" content=\"https:\/\/skinsolution.pl\/for-you\/produkt\/jalupro-face-mask-1-szt\/\" \/>\n<meta property=\"og:site_name\" content=\"SkinSolution - For You\" \/>\n<meta property=\"article:publisher\" content=\"https:\/\/www.facebook.com\/SkinSolutionPoland\/\" \/>\n<meta property=\"article:modified_time\" content=\"2026-04-15T11:20:42+00:00\" \/>\n<meta property=\"og:image\" content=\"https:\/\/skinsolution.pl\/for-you\/wp-content\/uploads\/sites\/2\/2025\/08\/Face-Mask-1.png\" \/>\n\t<meta property=\"og:image:width\" content=\"1200\" \/>\n\t<meta property=\"og:image:height\" content=\"1200\" \/>\n\t<meta property=\"og:image:type\" content=\"image\/png\" \/>\n<meta name=\"twitter:card\" content=\"summary_large_image\" \/>\n<meta name=\"twitter:label1\" content=\"Szacowany czas czytania\" \/>\n\t<meta name=\"twitter:data1\" content=\"2 minuty\" \/>\n<script type=\"application\/ld+json\" class=\"yoast-schema-graph\">{\"@context\":\"https:\\\/\\\/schema.org\",\"@graph\":[{\"@type\":\"WebPage\",\"@id\":\"https:\\\/\\\/skinsolution.pl\\\/for-you\\\/produkt\\\/jalupro-face-mask-1-szt\\\/\",\"url\":\"https:\\\/\\\/skinsolution.pl\\\/for-you\\\/produkt\\\/jalupro-face-mask-1-szt\\\/\",\"name\":\"Jalupro\u00ae Face Mask (1 szt.) - SkinSolution - For You\",\"isPartOf\":{\"@id\":\"https:\\\/\\\/skinsolution.pl\\\/for-you\\\/#website\"},\"primaryImageOfPage\":{\"@id\":\"https:\\\/\\\/skinsolution.pl\\\/for-you\\\/produkt\\\/jalupro-face-mask-1-szt\\\/#primaryimage\"},\"image\":{\"@id\":\"https:\\\/\\\/skinsolution.pl\\\/for-you\\\/produkt\\\/jalupro-face-mask-1-szt\\\/#primaryimage\"},\"thumbnailUrl\":\"https:\\\/\\\/skinsolution.pl\\\/for-you\\\/wp-content\\\/uploads\\\/sites\\\/2\\\/2025\\\/08\\\/Face-Mask-1.png\",\"datePublished\":\"2025-08-30T16:45:20+00:00\",\"dateModified\":\"2026-04-15T11:20:42+00:00\",\"breadcrumb\":{\"@id\":\"https:\\\/\\\/skinsolution.pl\\\/for-you\\\/produkt\\\/jalupro-face-mask-1-szt\\\/#breadcrumb\"},\"inLanguage\":\"pl-PL\",\"potentialAction\":[{\"@type\":\"ReadAction\",\"target\":[\"https:\\\/\\\/skinsolution.pl\\\/for-you\\\/produkt\\\/jalupro-face-mask-1-szt\\\/\"]}]},{\"@type\":\"ImageObject\",\"inLanguage\":\"pl-PL\",\"@id\":\"https:\\\/\\\/skinsolution.pl\\\/for-you\\\/produkt\\\/jalupro-face-mask-1-szt\\\/#primaryimage\",\"url\":\"https:\\\/\\\/skinsolution.pl\\\/for-you\\\/wp-content\\\/uploads\\\/sites\\\/2\\\/2025\\\/08\\\/Face-Mask-1.png\",\"contentUrl\":\"https:\\\/\\\/skinsolution.pl\\\/for-you\\\/wp-content\\\/uploads\\\/sites\\\/2\\\/2025\\\/08\\\/Face-Mask-1.png\",\"width\":1200,\"height\":1200,\"caption\":\"JALUPRO Face Mask\"},{\"@type\":\"BreadcrumbList\",\"@id\":\"https:\\\/\\\/skinsolution.pl\\\/for-you\\\/produkt\\\/jalupro-face-mask-1-szt\\\/#breadcrumb\",\"itemListElement\":[{\"@type\":\"ListItem\",\"position\":1,\"name\":\"Strona g\u0142\u00f3wna\",\"item\":\"https:\\\/\\\/skinsolution.pl\\\/for-you\\\/\"},{\"@type\":\"ListItem\",\"position\":2,\"name\":\"Sklep\",\"item\":\"https:\\\/\\\/skinsolution.pl\\\/for-you\\\/sklep\\\/\"},{\"@type\":\"ListItem\",\"position\":3,\"name\":\"Jalupro\u00ae Face Mask (1 szt.)\"}]},{\"@type\":\"WebSite\",\"@id\":\"https:\\\/\\\/skinsolution.pl\\\/for-you\\\/#website\",\"url\":\"https:\\\/\\\/skinsolution.pl\\\/for-you\\\/\",\"name\":\"SkinSolution | For You\",\"description\":\"\",\"publisher\":{\"@id\":\"https:\\\/\\\/skinsolution.pl\\\/for-you\\\/#organization\"},\"potentialAction\":[{\"@type\":\"SearchAction\",\"target\":{\"@type\":\"EntryPoint\",\"urlTemplate\":\"https:\\\/\\\/skinsolution.pl\\\/for-you\\\/?s={search_term_string}\"},\"query-input\":{\"@type\":\"PropertyValueSpecification\",\"valueRequired\":true,\"valueName\":\"search_term_string\"}}],\"inLanguage\":\"pl-PL\"},{\"@type\":\"Organization\",\"@id\":\"https:\\\/\\\/skinsolution.pl\\\/for-you\\\/#organization\",\"name\":\"SkinSolution | For You\",\"url\":\"https:\\\/\\\/skinsolution.pl\\\/for-you\\\/\",\"logo\":{\"@type\":\"ImageObject\",\"inLanguage\":\"pl-PL\",\"@id\":\"https:\\\/\\\/skinsolution.pl\\\/for-you\\\/#\\\/schema\\\/logo\\\/image\\\/\",\"url\":\"https:\\\/\\\/skinsolution.pl\\\/for-you\\\/wp-content\\\/uploads\\\/sites\\\/2\\\/2025\\\/03\\\/SkinSolution_Black2.png\",\"contentUrl\":\"https:\\\/\\\/skinsolution.pl\\\/for-you\\\/wp-content\\\/uploads\\\/sites\\\/2\\\/2025\\\/03\\\/SkinSolution_Black2.png\",\"width\":512,\"height\":512,\"caption\":\"SkinSolution | For You\"},\"image\":{\"@id\":\"https:\\\/\\\/skinsolution.pl\\\/for-you\\\/#\\\/schema\\\/logo\\\/image\\\/\"},\"sameAs\":[\"https:\\\/\\\/www.facebook.com\\\/SkinSolutionPoland\\\/\",\"https:\\\/\\\/www.instagram.com\\\/skinsolution.pl\\\/\"]}]}<\/script>\n<!-- \/ Yoast SEO plugin. -->","yoast_head_json":{"title":"Jalupro\u00ae Face Mask (1 szt.) - SkinSolution - For You","robots":{"index":"index","follow":"follow","max-snippet":"max-snippet:-1","max-image-preview":"max-image-preview:large","max-video-preview":"max-video-preview:-1"},"canonical":"https:\/\/skinsolution.pl\/for-you\/produkt\/jalupro-face-mask-1-szt\/","og_locale":"pl_PL","og_type":"article","og_title":"Jalupro\u00ae Face Mask (1 szt.) - SkinSolution - For You","og_description":"Biocelulozowa maska medyczna po zabiegowa  Intensywna regeneracja i ukojenie po zabiegu  \u0141agodzi obrz\u0119ki i stany zapalne w obr\u0119bie sk\u00f3ry  Skr\u00f3cenie okresu rekowalescencji po zabiegu","og_url":"https:\/\/skinsolution.pl\/for-you\/produkt\/jalupro-face-mask-1-szt\/","og_site_name":"SkinSolution - For You","article_publisher":"https:\/\/www.facebook.com\/SkinSolutionPoland\/","article_modified_time":"2026-04-15T11:20:42+00:00","og_image":[{"width":1200,"height":1200,"url":"https:\/\/skinsolution.pl\/for-you\/wp-content\/uploads\/sites\/2\/2025\/08\/Face-Mask-1.png","type":"image\/png"}],"twitter_card":"summary_large_image","twitter_misc":{"Szacowany czas czytania":"2 minuty"},"schema":{"@context":"https:\/\/schema.org","@graph":[{"@type":"WebPage","@id":"https:\/\/skinsolution.pl\/for-you\/produkt\/jalupro-face-mask-1-szt\/","url":"https:\/\/skinsolution.pl\/for-you\/produkt\/jalupro-face-mask-1-szt\/","name":"Jalupro\u00ae Face Mask (1 szt.) - SkinSolution - For You","isPartOf":{"@id":"https:\/\/skinsolution.pl\/for-you\/#website"},"primaryImageOfPage":{"@id":"https:\/\/skinsolution.pl\/for-you\/produkt\/jalupro-face-mask-1-szt\/#primaryimage"},"image":{"@id":"https:\/\/skinsolution.pl\/for-you\/produkt\/jalupro-face-mask-1-szt\/#primaryimage"},"thumbnailUrl":"https:\/\/skinsolution.pl\/for-you\/wp-content\/uploads\/sites\/2\/2025\/08\/Face-Mask-1.png","datePublished":"2025-08-30T16:45:20+00:00","dateModified":"2026-04-15T11:20:42+00:00","breadcrumb":{"@id":"https:\/\/skinsolution.pl\/for-you\/produkt\/jalupro-face-mask-1-szt\/#breadcrumb"},"inLanguage":"pl-PL","potentialAction":[{"@type":"ReadAction","target":["https:\/\/skinsolution.pl\/for-you\/produkt\/jalupro-face-mask-1-szt\/"]}]},{"@type":"ImageObject","inLanguage":"pl-PL","@id":"https:\/\/skinsolution.pl\/for-you\/produkt\/jalupro-face-mask-1-szt\/#primaryimage","url":"https:\/\/skinsolution.pl\/for-you\/wp-content\/uploads\/sites\/2\/2025\/08\/Face-Mask-1.png","contentUrl":"https:\/\/skinsolution.pl\/for-you\/wp-content\/uploads\/sites\/2\/2025\/08\/Face-Mask-1.png","width":1200,"height":1200,"caption":"JALUPRO Face Mask"},{"@type":"BreadcrumbList","@id":"https:\/\/skinsolution.pl\/for-you\/produkt\/jalupro-face-mask-1-szt\/#breadcrumb","itemListElement":[{"@type":"ListItem","position":1,"name":"Strona g\u0142\u00f3wna","item":"https:\/\/skinsolution.pl\/for-you\/"},{"@type":"ListItem","position":2,"name":"Sklep","item":"https:\/\/skinsolution.pl\/for-you\/sklep\/"},{"@type":"ListItem","position":3,"name":"Jalupro\u00ae Face Mask (1 szt.)"}]},{"@type":"WebSite","@id":"https:\/\/skinsolution.pl\/for-you\/#website","url":"https:\/\/skinsolution.pl\/for-you\/","name":"SkinSolution | For You","description":"","publisher":{"@id":"https:\/\/skinsolution.pl\/for-you\/#organization"},"potentialAction":[{"@type":"SearchAction","target":{"@type":"EntryPoint","urlTemplate":"https:\/\/skinsolution.pl\/for-you\/?s={search_term_string}"},"query-input":{"@type":"PropertyValueSpecification","valueRequired":true,"valueName":"search_term_string"}}],"inLanguage":"pl-PL"},{"@type":"Organization","@id":"https:\/\/skinsolution.pl\/for-you\/#organization","name":"SkinSolution | For You","url":"https:\/\/skinsolution.pl\/for-you\/","logo":{"@type":"ImageObject","inLanguage":"pl-PL","@id":"https:\/\/skinsolution.pl\/for-you\/#\/schema\/logo\/image\/","url":"https:\/\/skinsolution.pl\/for-you\/wp-content\/uploads\/sites\/2\/2025\/03\/SkinSolution_Black2.png","contentUrl":"https:\/\/skinsolution.pl\/for-you\/wp-content\/uploads\/sites\/2\/2025\/03\/SkinSolution_Black2.png","width":512,"height":512,"caption":"SkinSolution | For You"},"image":{"@id":"https:\/\/skinsolution.pl\/for-you\/#\/schema\/logo\/image\/"},"sameAs":["https:\/\/www.facebook.com\/SkinSolutionPoland\/","https:\/\/www.instagram.com\/skinsolution.pl\/"]}]}},"_links":{"self":[{"href":"https:\/\/skinsolution.pl\/for-you\/wp-json\/wp\/v2\/product\/3628","targetHints":{"allow":["GET"]}}],"collection":[{"href":"https:\/\/skinsolution.pl\/for-you\/wp-json\/wp\/v2\/product"}],"about":[{"href":"https:\/\/skinsolution.pl\/for-you\/wp-json\/wp\/v2\/types\/product"}],"replies":[{"embeddable":true,"href":"https:\/\/skinsolution.pl\/for-you\/wp-json\/wp\/v2\/comments?post=3628"}],"wp:featuredmedia":[{"embeddable":true,"href":"https:\/\/skinsolution.pl\/for-you\/wp-json\/wp\/v2\/media\/3781"}],"wp:attachment":[{"href":"https:\/\/skinsolution.pl\/for-you\/wp-json\/wp\/v2\/media?parent=3628"}],"wp:term":[{"taxonomy":"product_brand","embeddable":true,"href":"https:\/\/skinsolution.pl\/for-you\/wp-json\/wp\/v2\/product_brand?post=3628"},{"taxonomy":"product_cat","embeddable":true,"href":"https:\/\/skinsolution.pl\/for-you\/wp-json\/wp\/v2\/product_cat?post=3628"},{"taxonomy":"product_tag","embeddable":true,"href":"https:\/\/skinsolution.pl\/for-you\/wp-json\/wp\/v2\/product_tag?post=3628"}],"curies":[{"name":"wp","href":"https:\/\/api.w.org\/{rel}","templated":true}]}}