{"id":3180,"date":"2025-06-17T19:07:37","date_gmt":"2025-06-17T17:07:37","guid":{"rendered":"https:\/\/skinsolution.pl\/for-you\/?post_type=product&#038;p=3180"},"modified":"2026-03-31T08:16:14","modified_gmt":"2026-03-31T06:16:14","slug":"mdpeel-kwas-migdalowy-40-50-ml","status":"publish","type":"product","link":"https:\/\/skinsolution.pl\/for-you\/produkt\/mdpeel-kwas-migdalowy-40-50-ml\/","title":{"rendered":"md:peel<sup>\u2122<\/sup> Kwas Migda\u0142owy 40% (50 ml)"},"content":{"rendered":"<p>md:peel\u2122 Kwas migda\u0142owy 40%<\/p>\n<p>Wskazania:<br \/>\n\u2022 Fotostarzenie si\u0119 sk\u00f3ry &#8211; delikatna, ciemniejsza sk\u00f3ra<br \/>\n\u2022 Przebarwienia<br \/>\n\u2022 Linie, zmarszczki o umiarkowanej g\u0142\u0119boko\u015bci<br \/>\n\u2022 Matowa cera<br \/>\n\u2022 Cera t\u0142usta i tr\u0105dzikowa<\/p>\n<p>Pojemno\u015b\u0107:<br \/>\n50 ml<\/p>\n<p>Producent:<br \/>\nmd:ceuticals<\/p>\n<p>Produkt przeznaczony wy\u0142\u0105cznie do u\u017cytku profesjonalnego.<br \/>\nKupuj\u0105c ten produkt, o\u015bwiadczasz, \u017ce jeste\u015b lekarzem lub posiadasz odpowiednie kwalifikacje oraz przeszkolenie w zakresie medycyny estetycznej.<\/p>\n","protected":false},"excerpt":{"rendered":"<p>Peeling chemiczny wykazuje dzia\u0142anie antybakteryjne wyg\u0142adzaj\u0105ce i rozja\u015bniaj\u0105ce<\/p>\n","protected":false},"featured_media":3181,"comment_status":"open","ping_status":"closed","template":"","meta":{"_acf_changed":false},"product_brand":[],"product_cat":[110],"product_tag":[],"class_list":{"0":"post-3180","1":"product","2":"type-product","3":"status-publish","4":"has-post-thumbnail","6":"product_cat-peelingi","8":"first","9":"instock","10":"taxable","11":"shipping-taxable","12":"purchasable","13":"product-type-simple"},"acf":[],"yoast_head":"<!-- This site is optimized with the Yoast SEO plugin v27.4 - https:\/\/yoast.com\/product\/yoast-seo-wordpress\/ -->\n<title>md:peel\u2122 Kwas Migda\u0142owy 40% (50 ml) - SkinSolution - For You<\/title>\n<meta name=\"robots\" content=\"index, follow, max-snippet:-1, max-image-preview:large, max-video-preview:-1\" \/>\n<link rel=\"canonical\" href=\"https:\/\/skinsolution.pl\/for-you\/produkt\/mdpeel-kwas-migdalowy-40-50-ml\/\" \/>\n<meta property=\"og:locale\" content=\"pl_PL\" \/>\n<meta property=\"og:type\" content=\"article\" \/>\n<meta property=\"og:title\" content=\"md:peel\u2122 Kwas Migda\u0142owy 40% (50 ml) - SkinSolution - For You\" \/>\n<meta property=\"og:description\" content=\"Peeling chemiczny wykazuje dzia\u0142anie antybakteryjne wyg\u0142adzaj\u0105ce i rozja\u015bniaj\u0105ce\" \/>\n<meta property=\"og:url\" content=\"https:\/\/skinsolution.pl\/for-you\/produkt\/mdpeel-kwas-migdalowy-40-50-ml\/\" \/>\n<meta property=\"og:site_name\" content=\"SkinSolution - For You\" \/>\n<meta property=\"article:publisher\" content=\"https:\/\/www.facebook.com\/SkinSolutionPoland\/\" \/>\n<meta property=\"article:modified_time\" content=\"2026-03-31T06:16:14+00:00\" \/>\n<meta property=\"og:image\" content=\"https:\/\/skinsolution.pl\/for-you\/wp-content\/uploads\/sites\/2\/2025\/06\/840da19929ed594c9ea121f371def35f.png\" \/>\n\t<meta property=\"og:image:width\" content=\"2048\" \/>\n\t<meta property=\"og:image:height\" content=\"2048\" \/>\n\t<meta property=\"og:image:type\" content=\"image\/png\" \/>\n<meta name=\"twitter:card\" content=\"summary_large_image\" \/>\n<meta name=\"twitter:label1\" content=\"Szacowany czas czytania\" \/>\n\t<meta name=\"twitter:data1\" content=\"1 minuta\" \/>\n<script type=\"application\/ld+json\" class=\"yoast-schema-graph\">{\"@context\":\"https:\\\/\\\/schema.org\",\"@graph\":[{\"@type\":\"WebPage\",\"@id\":\"https:\\\/\\\/skinsolution.pl\\\/for-you\\\/produkt\\\/mdpeel-kwas-migdalowy-40-50-ml\\\/\",\"url\":\"https:\\\/\\\/skinsolution.pl\\\/for-you\\\/produkt\\\/mdpeel-kwas-migdalowy-40-50-ml\\\/\",\"name\":\"md:peel\u2122 Kwas Migda\u0142owy 40% (50 ml) - SkinSolution - For You\",\"isPartOf\":{\"@id\":\"https:\\\/\\\/skinsolution.pl\\\/for-you\\\/#website\"},\"primaryImageOfPage\":{\"@id\":\"https:\\\/\\\/skinsolution.pl\\\/for-you\\\/produkt\\\/mdpeel-kwas-migdalowy-40-50-ml\\\/#primaryimage\"},\"image\":{\"@id\":\"https:\\\/\\\/skinsolution.pl\\\/for-you\\\/produkt\\\/mdpeel-kwas-migdalowy-40-50-ml\\\/#primaryimage\"},\"thumbnailUrl\":\"https:\\\/\\\/skinsolution.pl\\\/for-you\\\/wp-content\\\/uploads\\\/sites\\\/2\\\/2025\\\/06\\\/840da19929ed594c9ea121f371def35f.png\",\"datePublished\":\"2025-06-17T17:07:37+00:00\",\"dateModified\":\"2026-03-31T06:16:14+00:00\",\"breadcrumb\":{\"@id\":\"https:\\\/\\\/skinsolution.pl\\\/for-you\\\/produkt\\\/mdpeel-kwas-migdalowy-40-50-ml\\\/#breadcrumb\"},\"inLanguage\":\"pl-PL\",\"potentialAction\":[{\"@type\":\"ReadAction\",\"target\":[\"https:\\\/\\\/skinsolution.pl\\\/for-you\\\/produkt\\\/mdpeel-kwas-migdalowy-40-50-ml\\\/\"]}]},{\"@type\":\"ImageObject\",\"inLanguage\":\"pl-PL\",\"@id\":\"https:\\\/\\\/skinsolution.pl\\\/for-you\\\/produkt\\\/mdpeel-kwas-migdalowy-40-50-ml\\\/#primaryimage\",\"url\":\"https:\\\/\\\/skinsolution.pl\\\/for-you\\\/wp-content\\\/uploads\\\/sites\\\/2\\\/2025\\\/06\\\/840da19929ed594c9ea121f371def35f.png\",\"contentUrl\":\"https:\\\/\\\/skinsolution.pl\\\/for-you\\\/wp-content\\\/uploads\\\/sites\\\/2\\\/2025\\\/06\\\/840da19929ed594c9ea121f371def35f.png\",\"width\":2048,\"height\":2048},{\"@type\":\"BreadcrumbList\",\"@id\":\"https:\\\/\\\/skinsolution.pl\\\/for-you\\\/produkt\\\/mdpeel-kwas-migdalowy-40-50-ml\\\/#breadcrumb\",\"itemListElement\":[{\"@type\":\"ListItem\",\"position\":1,\"name\":\"Strona g\u0142\u00f3wna\",\"item\":\"https:\\\/\\\/skinsolution.pl\\\/for-you\\\/\"},{\"@type\":\"ListItem\",\"position\":2,\"name\":\"Sklep\",\"item\":\"https:\\\/\\\/skinsolution.pl\\\/for-you\\\/sklep\\\/\"},{\"@type\":\"ListItem\",\"position\":3,\"name\":\"md:peel\u2122 Kwas Migda\u0142owy 40% (50 ml)\"}]},{\"@type\":\"WebSite\",\"@id\":\"https:\\\/\\\/skinsolution.pl\\\/for-you\\\/#website\",\"url\":\"https:\\\/\\\/skinsolution.pl\\\/for-you\\\/\",\"name\":\"SkinSolution | For You\",\"description\":\"\",\"publisher\":{\"@id\":\"https:\\\/\\\/skinsolution.pl\\\/for-you\\\/#organization\"},\"potentialAction\":[{\"@type\":\"SearchAction\",\"target\":{\"@type\":\"EntryPoint\",\"urlTemplate\":\"https:\\\/\\\/skinsolution.pl\\\/for-you\\\/?s={search_term_string}\"},\"query-input\":{\"@type\":\"PropertyValueSpecification\",\"valueRequired\":true,\"valueName\":\"search_term_string\"}}],\"inLanguage\":\"pl-PL\"},{\"@type\":\"Organization\",\"@id\":\"https:\\\/\\\/skinsolution.pl\\\/for-you\\\/#organization\",\"name\":\"SkinSolution | For You\",\"url\":\"https:\\\/\\\/skinsolution.pl\\\/for-you\\\/\",\"logo\":{\"@type\":\"ImageObject\",\"inLanguage\":\"pl-PL\",\"@id\":\"https:\\\/\\\/skinsolution.pl\\\/for-you\\\/#\\\/schema\\\/logo\\\/image\\\/\",\"url\":\"https:\\\/\\\/skinsolution.pl\\\/for-you\\\/wp-content\\\/uploads\\\/sites\\\/2\\\/2025\\\/03\\\/SkinSolution_Black2.png\",\"contentUrl\":\"https:\\\/\\\/skinsolution.pl\\\/for-you\\\/wp-content\\\/uploads\\\/sites\\\/2\\\/2025\\\/03\\\/SkinSolution_Black2.png\",\"width\":512,\"height\":512,\"caption\":\"SkinSolution | For You\"},\"image\":{\"@id\":\"https:\\\/\\\/skinsolution.pl\\\/for-you\\\/#\\\/schema\\\/logo\\\/image\\\/\"},\"sameAs\":[\"https:\\\/\\\/www.facebook.com\\\/SkinSolutionPoland\\\/\",\"https:\\\/\\\/www.instagram.com\\\/skinsolution.pl\\\/\"]}]}<\/script>\n<!-- \/ Yoast SEO plugin. -->","yoast_head_json":{"title":"md:peel\u2122 Kwas Migda\u0142owy 40% (50 ml) - SkinSolution - For You","robots":{"index":"index","follow":"follow","max-snippet":"max-snippet:-1","max-image-preview":"max-image-preview:large","max-video-preview":"max-video-preview:-1"},"canonical":"https:\/\/skinsolution.pl\/for-you\/produkt\/mdpeel-kwas-migdalowy-40-50-ml\/","og_locale":"pl_PL","og_type":"article","og_title":"md:peel\u2122 Kwas Migda\u0142owy 40% (50 ml) - SkinSolution - For You","og_description":"Peeling chemiczny wykazuje dzia\u0142anie antybakteryjne wyg\u0142adzaj\u0105ce i rozja\u015bniaj\u0105ce","og_url":"https:\/\/skinsolution.pl\/for-you\/produkt\/mdpeel-kwas-migdalowy-40-50-ml\/","og_site_name":"SkinSolution - For You","article_publisher":"https:\/\/www.facebook.com\/SkinSolutionPoland\/","article_modified_time":"2026-03-31T06:16:14+00:00","og_image":[{"width":2048,"height":2048,"url":"https:\/\/skinsolution.pl\/for-you\/wp-content\/uploads\/sites\/2\/2025\/06\/840da19929ed594c9ea121f371def35f.png","type":"image\/png"}],"twitter_card":"summary_large_image","twitter_misc":{"Szacowany czas czytania":"1 minuta"},"schema":{"@context":"https:\/\/schema.org","@graph":[{"@type":"WebPage","@id":"https:\/\/skinsolution.pl\/for-you\/produkt\/mdpeel-kwas-migdalowy-40-50-ml\/","url":"https:\/\/skinsolution.pl\/for-you\/produkt\/mdpeel-kwas-migdalowy-40-50-ml\/","name":"md:peel\u2122 Kwas Migda\u0142owy 40% (50 ml) - SkinSolution - For You","isPartOf":{"@id":"https:\/\/skinsolution.pl\/for-you\/#website"},"primaryImageOfPage":{"@id":"https:\/\/skinsolution.pl\/for-you\/produkt\/mdpeel-kwas-migdalowy-40-50-ml\/#primaryimage"},"image":{"@id":"https:\/\/skinsolution.pl\/for-you\/produkt\/mdpeel-kwas-migdalowy-40-50-ml\/#primaryimage"},"thumbnailUrl":"https:\/\/skinsolution.pl\/for-you\/wp-content\/uploads\/sites\/2\/2025\/06\/840da19929ed594c9ea121f371def35f.png","datePublished":"2025-06-17T17:07:37+00:00","dateModified":"2026-03-31T06:16:14+00:00","breadcrumb":{"@id":"https:\/\/skinsolution.pl\/for-you\/produkt\/mdpeel-kwas-migdalowy-40-50-ml\/#breadcrumb"},"inLanguage":"pl-PL","potentialAction":[{"@type":"ReadAction","target":["https:\/\/skinsolution.pl\/for-you\/produkt\/mdpeel-kwas-migdalowy-40-50-ml\/"]}]},{"@type":"ImageObject","inLanguage":"pl-PL","@id":"https:\/\/skinsolution.pl\/for-you\/produkt\/mdpeel-kwas-migdalowy-40-50-ml\/#primaryimage","url":"https:\/\/skinsolution.pl\/for-you\/wp-content\/uploads\/sites\/2\/2025\/06\/840da19929ed594c9ea121f371def35f.png","contentUrl":"https:\/\/skinsolution.pl\/for-you\/wp-content\/uploads\/sites\/2\/2025\/06\/840da19929ed594c9ea121f371def35f.png","width":2048,"height":2048},{"@type":"BreadcrumbList","@id":"https:\/\/skinsolution.pl\/for-you\/produkt\/mdpeel-kwas-migdalowy-40-50-ml\/#breadcrumb","itemListElement":[{"@type":"ListItem","position":1,"name":"Strona g\u0142\u00f3wna","item":"https:\/\/skinsolution.pl\/for-you\/"},{"@type":"ListItem","position":2,"name":"Sklep","item":"https:\/\/skinsolution.pl\/for-you\/sklep\/"},{"@type":"ListItem","position":3,"name":"md:peel\u2122 Kwas Migda\u0142owy 40% (50 ml)"}]},{"@type":"WebSite","@id":"https:\/\/skinsolution.pl\/for-you\/#website","url":"https:\/\/skinsolution.pl\/for-you\/","name":"SkinSolution | For You","description":"","publisher":{"@id":"https:\/\/skinsolution.pl\/for-you\/#organization"},"potentialAction":[{"@type":"SearchAction","target":{"@type":"EntryPoint","urlTemplate":"https:\/\/skinsolution.pl\/for-you\/?s={search_term_string}"},"query-input":{"@type":"PropertyValueSpecification","valueRequired":true,"valueName":"search_term_string"}}],"inLanguage":"pl-PL"},{"@type":"Organization","@id":"https:\/\/skinsolution.pl\/for-you\/#organization","name":"SkinSolution | For You","url":"https:\/\/skinsolution.pl\/for-you\/","logo":{"@type":"ImageObject","inLanguage":"pl-PL","@id":"https:\/\/skinsolution.pl\/for-you\/#\/schema\/logo\/image\/","url":"https:\/\/skinsolution.pl\/for-you\/wp-content\/uploads\/sites\/2\/2025\/03\/SkinSolution_Black2.png","contentUrl":"https:\/\/skinsolution.pl\/for-you\/wp-content\/uploads\/sites\/2\/2025\/03\/SkinSolution_Black2.png","width":512,"height":512,"caption":"SkinSolution | For You"},"image":{"@id":"https:\/\/skinsolution.pl\/for-you\/#\/schema\/logo\/image\/"},"sameAs":["https:\/\/www.facebook.com\/SkinSolutionPoland\/","https:\/\/www.instagram.com\/skinsolution.pl\/"]}]}},"_links":{"self":[{"href":"https:\/\/skinsolution.pl\/for-you\/wp-json\/wp\/v2\/product\/3180","targetHints":{"allow":["GET"]}}],"collection":[{"href":"https:\/\/skinsolution.pl\/for-you\/wp-json\/wp\/v2\/product"}],"about":[{"href":"https:\/\/skinsolution.pl\/for-you\/wp-json\/wp\/v2\/types\/product"}],"replies":[{"embeddable":true,"href":"https:\/\/skinsolution.pl\/for-you\/wp-json\/wp\/v2\/comments?post=3180"}],"wp:featuredmedia":[{"embeddable":true,"href":"https:\/\/skinsolution.pl\/for-you\/wp-json\/wp\/v2\/media\/3181"}],"wp:attachment":[{"href":"https:\/\/skinsolution.pl\/for-you\/wp-json\/wp\/v2\/media?parent=3180"}],"wp:term":[{"taxonomy":"product_brand","embeddable":true,"href":"https:\/\/skinsolution.pl\/for-you\/wp-json\/wp\/v2\/product_brand?post=3180"},{"taxonomy":"product_cat","embeddable":true,"href":"https:\/\/skinsolution.pl\/for-you\/wp-json\/wp\/v2\/product_cat?post=3180"},{"taxonomy":"product_tag","embeddable":true,"href":"https:\/\/skinsolution.pl\/for-you\/wp-json\/wp\/v2\/product_tag?post=3180"}],"curies":[{"name":"wp","href":"https:\/\/api.w.org\/{rel}","templated":true}]}}