{"id":2885,"date":"2024-08-26T14:13:22","date_gmt":"2024-08-26T12:13:22","guid":{"rendered":"https:\/\/skinsolution.pl\/for-you\/produkt\/sodermix-plastry-medyczne\/"},"modified":"2026-01-05T13:17:32","modified_gmt":"2026-01-05T12:17:32","slug":"sodermix-plastry-medyczne","status":"publish","type":"product","link":"https:\/\/skinsolution.pl\/for-you\/produkt\/sodermix-plastry-medyczne\/","title":{"rendered":"SODERMIX\u00ae Plastry hydroaktywne na blizny 20 cm x 12 cm (2 szt.)"},"content":{"rendered":"<p>SODERMIX\u00ae plastry medyczne to wyr\u00f3b medyczny sk\u0142adaj\u0105cy si\u0119 z bio-elastycznej pianki poliuretanowej i materia\u0142u \u015bci\u0105gaj\u0105cego sk\u00f3r\u0119. Poprzez nacisk masuje sk\u00f3r\u0119 z widocznymi bliznami hipertroficznymi (\u015bwie\u017cymi lub starymi) i keloidami (bliznowcami). Tworzy specjaln\u0105 warstw\u0119 na sk\u00f3rze, kt\u00f3ra nawil\u017ca j\u0105 i uelastycznia. Ponadto dzi\u0119ki zawartemu kwasowi hialuronowemu produkt wyra\u017anie skraca czas gojenia. Zapobiega powstawaniu blizn po zabiegach chirurgicznych \u2013 np. mastektomia, blefaroplastyka g\u00f3rnych i dolnych powiek<\/p>\n<p>Produkt nale\u017cy stosowa\u0107 przez okres 3 miesi\u0119cy w celu prewencji lub d\u0142u\u017cej do czasu uzyskania po\u017c\u0105danych efekt\u00f3w.<\/p>\n<p>Pojemno\u015b\u0107:<br \/>\nSaszetka zawiera 2 wyci\u0119te plastry hydroaktywne o wymiarach 20 cm x 12 cm.<\/p>\n<p>Producent:<br \/>\nLSI Silderma<\/p>\n","protected":false},"excerpt":{"rendered":"<p>Wyr\u00f3b medyczny<\/p>\n<p>Hydroaktywne plastry redukuj\u0105ce blizny<\/p>\n","protected":false},"featured_media":2884,"comment_status":"open","ping_status":"closed","template":"","meta":{"_acf_changed":false},"product_brand":[],"product_cat":[103],"product_tag":[],"class_list":{"0":"post-2885","1":"product","2":"type-product","3":"status-publish","4":"has-post-thumbnail","6":"product_cat-codzienna-pielegnacja","8":"first","9":"instock","10":"taxable","11":"shipping-taxable","12":"purchasable","13":"product-type-simple"},"acf":[],"yoast_head":"<!-- This site is optimized with the Yoast SEO plugin v27.4 - https:\/\/yoast.com\/product\/yoast-seo-wordpress\/ -->\n<title>SODERMIX\u00ae Plastry hydroaktywne na blizny 20 cm x 12 cm (2 szt.) - SkinSolution - For You<\/title>\n<meta name=\"robots\" content=\"index, follow, max-snippet:-1, max-image-preview:large, max-video-preview:-1\" \/>\n<link rel=\"canonical\" href=\"https:\/\/skinsolution.pl\/for-you\/produkt\/sodermix-plastry-medyczne\/\" \/>\n<meta property=\"og:locale\" content=\"pl_PL\" \/>\n<meta property=\"og:type\" content=\"article\" \/>\n<meta property=\"og:title\" content=\"SODERMIX\u00ae Plastry hydroaktywne na blizny 20 cm x 12 cm (2 szt.) - SkinSolution - For You\" \/>\n<meta property=\"og:description\" content=\"Wyr\u00f3b medyczny  Hydroaktywne plastry redukuj\u0105ce blizny\" \/>\n<meta property=\"og:url\" content=\"https:\/\/skinsolution.pl\/for-you\/produkt\/sodermix-plastry-medyczne\/\" \/>\n<meta property=\"og:site_name\" content=\"SkinSolution - For You\" \/>\n<meta property=\"article:publisher\" content=\"https:\/\/www.facebook.com\/SkinSolutionPoland\/\" \/>\n<meta property=\"article:modified_time\" content=\"2026-01-05T12:17:32+00:00\" \/>\n<meta property=\"og:image\" content=\"https:\/\/skinsolution.pl\/for-you\/wp-content\/uploads\/sites\/2\/2024\/08\/670b94337d1be1f61201fc92dc2d39ff.png\" \/>\n\t<meta property=\"og:image:width\" content=\"2048\" \/>\n\t<meta property=\"og:image:height\" content=\"2048\" \/>\n\t<meta property=\"og:image:type\" content=\"image\/png\" \/>\n<meta name=\"twitter:card\" content=\"summary_large_image\" \/>\n<meta name=\"twitter:label1\" content=\"Szacowany czas czytania\" \/>\n\t<meta name=\"twitter:data1\" content=\"1 minuta\" \/>\n<script type=\"application\/ld+json\" class=\"yoast-schema-graph\">{\"@context\":\"https:\\\/\\\/schema.org\",\"@graph\":[{\"@type\":\"WebPage\",\"@id\":\"https:\\\/\\\/skinsolution.pl\\\/for-you\\\/produkt\\\/sodermix-plastry-medyczne\\\/\",\"url\":\"https:\\\/\\\/skinsolution.pl\\\/for-you\\\/produkt\\\/sodermix-plastry-medyczne\\\/\",\"name\":\"SODERMIX\u00ae Plastry hydroaktywne na blizny 20 cm x 12 cm (2 szt.) - SkinSolution - For You\",\"isPartOf\":{\"@id\":\"https:\\\/\\\/skinsolution.pl\\\/for-you\\\/#website\"},\"primaryImageOfPage\":{\"@id\":\"https:\\\/\\\/skinsolution.pl\\\/for-you\\\/produkt\\\/sodermix-plastry-medyczne\\\/#primaryimage\"},\"image\":{\"@id\":\"https:\\\/\\\/skinsolution.pl\\\/for-you\\\/produkt\\\/sodermix-plastry-medyczne\\\/#primaryimage\"},\"thumbnailUrl\":\"https:\\\/\\\/skinsolution.pl\\\/for-you\\\/wp-content\\\/uploads\\\/sites\\\/2\\\/2024\\\/08\\\/670b94337d1be1f61201fc92dc2d39ff.png\",\"datePublished\":\"2024-08-26T12:13:22+00:00\",\"dateModified\":\"2026-01-05T12:17:32+00:00\",\"breadcrumb\":{\"@id\":\"https:\\\/\\\/skinsolution.pl\\\/for-you\\\/produkt\\\/sodermix-plastry-medyczne\\\/#breadcrumb\"},\"inLanguage\":\"pl-PL\",\"potentialAction\":[{\"@type\":\"ReadAction\",\"target\":[\"https:\\\/\\\/skinsolution.pl\\\/for-you\\\/produkt\\\/sodermix-plastry-medyczne\\\/\"]}]},{\"@type\":\"ImageObject\",\"inLanguage\":\"pl-PL\",\"@id\":\"https:\\\/\\\/skinsolution.pl\\\/for-you\\\/produkt\\\/sodermix-plastry-medyczne\\\/#primaryimage\",\"url\":\"https:\\\/\\\/skinsolution.pl\\\/for-you\\\/wp-content\\\/uploads\\\/sites\\\/2\\\/2024\\\/08\\\/670b94337d1be1f61201fc92dc2d39ff.png\",\"contentUrl\":\"https:\\\/\\\/skinsolution.pl\\\/for-you\\\/wp-content\\\/uploads\\\/sites\\\/2\\\/2024\\\/08\\\/670b94337d1be1f61201fc92dc2d39ff.png\",\"width\":2048,\"height\":2048},{\"@type\":\"BreadcrumbList\",\"@id\":\"https:\\\/\\\/skinsolution.pl\\\/for-you\\\/produkt\\\/sodermix-plastry-medyczne\\\/#breadcrumb\",\"itemListElement\":[{\"@type\":\"ListItem\",\"position\":1,\"name\":\"Strona g\u0142\u00f3wna\",\"item\":\"https:\\\/\\\/skinsolution.pl\\\/for-you\\\/\"},{\"@type\":\"ListItem\",\"position\":2,\"name\":\"Sklep\",\"item\":\"https:\\\/\\\/skinsolution.pl\\\/for-you\\\/sklep\\\/\"},{\"@type\":\"ListItem\",\"position\":3,\"name\":\"SODERMIX\u00ae Plastry hydroaktywne na blizny 20 cm x 12 cm (2 szt.)\"}]},{\"@type\":\"WebSite\",\"@id\":\"https:\\\/\\\/skinsolution.pl\\\/for-you\\\/#website\",\"url\":\"https:\\\/\\\/skinsolution.pl\\\/for-you\\\/\",\"name\":\"SkinSolution | For You\",\"description\":\"\",\"publisher\":{\"@id\":\"https:\\\/\\\/skinsolution.pl\\\/for-you\\\/#organization\"},\"potentialAction\":[{\"@type\":\"SearchAction\",\"target\":{\"@type\":\"EntryPoint\",\"urlTemplate\":\"https:\\\/\\\/skinsolution.pl\\\/for-you\\\/?s={search_term_string}\"},\"query-input\":{\"@type\":\"PropertyValueSpecification\",\"valueRequired\":true,\"valueName\":\"search_term_string\"}}],\"inLanguage\":\"pl-PL\"},{\"@type\":\"Organization\",\"@id\":\"https:\\\/\\\/skinsolution.pl\\\/for-you\\\/#organization\",\"name\":\"SkinSolution | For You\",\"url\":\"https:\\\/\\\/skinsolution.pl\\\/for-you\\\/\",\"logo\":{\"@type\":\"ImageObject\",\"inLanguage\":\"pl-PL\",\"@id\":\"https:\\\/\\\/skinsolution.pl\\\/for-you\\\/#\\\/schema\\\/logo\\\/image\\\/\",\"url\":\"https:\\\/\\\/skinsolution.pl\\\/for-you\\\/wp-content\\\/uploads\\\/sites\\\/2\\\/2025\\\/03\\\/SkinSolution_Black2.png\",\"contentUrl\":\"https:\\\/\\\/skinsolution.pl\\\/for-you\\\/wp-content\\\/uploads\\\/sites\\\/2\\\/2025\\\/03\\\/SkinSolution_Black2.png\",\"width\":512,\"height\":512,\"caption\":\"SkinSolution | For You\"},\"image\":{\"@id\":\"https:\\\/\\\/skinsolution.pl\\\/for-you\\\/#\\\/schema\\\/logo\\\/image\\\/\"},\"sameAs\":[\"https:\\\/\\\/www.facebook.com\\\/SkinSolutionPoland\\\/\",\"https:\\\/\\\/www.instagram.com\\\/skinsolution.pl\\\/\"]}]}<\/script>\n<!-- \/ Yoast SEO plugin. -->","yoast_head_json":{"title":"SODERMIX\u00ae Plastry hydroaktywne na blizny 20 cm x 12 cm (2 szt.) - SkinSolution - For You","robots":{"index":"index","follow":"follow","max-snippet":"max-snippet:-1","max-image-preview":"max-image-preview:large","max-video-preview":"max-video-preview:-1"},"canonical":"https:\/\/skinsolution.pl\/for-you\/produkt\/sodermix-plastry-medyczne\/","og_locale":"pl_PL","og_type":"article","og_title":"SODERMIX\u00ae Plastry hydroaktywne na blizny 20 cm x 12 cm (2 szt.) - SkinSolution - For You","og_description":"Wyr\u00f3b medyczny  Hydroaktywne plastry redukuj\u0105ce blizny","og_url":"https:\/\/skinsolution.pl\/for-you\/produkt\/sodermix-plastry-medyczne\/","og_site_name":"SkinSolution - For You","article_publisher":"https:\/\/www.facebook.com\/SkinSolutionPoland\/","article_modified_time":"2026-01-05T12:17:32+00:00","og_image":[{"width":2048,"height":2048,"url":"https:\/\/skinsolution.pl\/for-you\/wp-content\/uploads\/sites\/2\/2024\/08\/670b94337d1be1f61201fc92dc2d39ff.png","type":"image\/png"}],"twitter_card":"summary_large_image","twitter_misc":{"Szacowany czas czytania":"1 minuta"},"schema":{"@context":"https:\/\/schema.org","@graph":[{"@type":"WebPage","@id":"https:\/\/skinsolution.pl\/for-you\/produkt\/sodermix-plastry-medyczne\/","url":"https:\/\/skinsolution.pl\/for-you\/produkt\/sodermix-plastry-medyczne\/","name":"SODERMIX\u00ae Plastry hydroaktywne na blizny 20 cm x 12 cm (2 szt.) - SkinSolution - For You","isPartOf":{"@id":"https:\/\/skinsolution.pl\/for-you\/#website"},"primaryImageOfPage":{"@id":"https:\/\/skinsolution.pl\/for-you\/produkt\/sodermix-plastry-medyczne\/#primaryimage"},"image":{"@id":"https:\/\/skinsolution.pl\/for-you\/produkt\/sodermix-plastry-medyczne\/#primaryimage"},"thumbnailUrl":"https:\/\/skinsolution.pl\/for-you\/wp-content\/uploads\/sites\/2\/2024\/08\/670b94337d1be1f61201fc92dc2d39ff.png","datePublished":"2024-08-26T12:13:22+00:00","dateModified":"2026-01-05T12:17:32+00:00","breadcrumb":{"@id":"https:\/\/skinsolution.pl\/for-you\/produkt\/sodermix-plastry-medyczne\/#breadcrumb"},"inLanguage":"pl-PL","potentialAction":[{"@type":"ReadAction","target":["https:\/\/skinsolution.pl\/for-you\/produkt\/sodermix-plastry-medyczne\/"]}]},{"@type":"ImageObject","inLanguage":"pl-PL","@id":"https:\/\/skinsolution.pl\/for-you\/produkt\/sodermix-plastry-medyczne\/#primaryimage","url":"https:\/\/skinsolution.pl\/for-you\/wp-content\/uploads\/sites\/2\/2024\/08\/670b94337d1be1f61201fc92dc2d39ff.png","contentUrl":"https:\/\/skinsolution.pl\/for-you\/wp-content\/uploads\/sites\/2\/2024\/08\/670b94337d1be1f61201fc92dc2d39ff.png","width":2048,"height":2048},{"@type":"BreadcrumbList","@id":"https:\/\/skinsolution.pl\/for-you\/produkt\/sodermix-plastry-medyczne\/#breadcrumb","itemListElement":[{"@type":"ListItem","position":1,"name":"Strona g\u0142\u00f3wna","item":"https:\/\/skinsolution.pl\/for-you\/"},{"@type":"ListItem","position":2,"name":"Sklep","item":"https:\/\/skinsolution.pl\/for-you\/sklep\/"},{"@type":"ListItem","position":3,"name":"SODERMIX\u00ae Plastry hydroaktywne na blizny 20 cm x 12 cm (2 szt.)"}]},{"@type":"WebSite","@id":"https:\/\/skinsolution.pl\/for-you\/#website","url":"https:\/\/skinsolution.pl\/for-you\/","name":"SkinSolution | For You","description":"","publisher":{"@id":"https:\/\/skinsolution.pl\/for-you\/#organization"},"potentialAction":[{"@type":"SearchAction","target":{"@type":"EntryPoint","urlTemplate":"https:\/\/skinsolution.pl\/for-you\/?s={search_term_string}"},"query-input":{"@type":"PropertyValueSpecification","valueRequired":true,"valueName":"search_term_string"}}],"inLanguage":"pl-PL"},{"@type":"Organization","@id":"https:\/\/skinsolution.pl\/for-you\/#organization","name":"SkinSolution | For You","url":"https:\/\/skinsolution.pl\/for-you\/","logo":{"@type":"ImageObject","inLanguage":"pl-PL","@id":"https:\/\/skinsolution.pl\/for-you\/#\/schema\/logo\/image\/","url":"https:\/\/skinsolution.pl\/for-you\/wp-content\/uploads\/sites\/2\/2025\/03\/SkinSolution_Black2.png","contentUrl":"https:\/\/skinsolution.pl\/for-you\/wp-content\/uploads\/sites\/2\/2025\/03\/SkinSolution_Black2.png","width":512,"height":512,"caption":"SkinSolution | For You"},"image":{"@id":"https:\/\/skinsolution.pl\/for-you\/#\/schema\/logo\/image\/"},"sameAs":["https:\/\/www.facebook.com\/SkinSolutionPoland\/","https:\/\/www.instagram.com\/skinsolution.pl\/"]}]}},"_links":{"self":[{"href":"https:\/\/skinsolution.pl\/for-you\/wp-json\/wp\/v2\/product\/2885","targetHints":{"allow":["GET"]}}],"collection":[{"href":"https:\/\/skinsolution.pl\/for-you\/wp-json\/wp\/v2\/product"}],"about":[{"href":"https:\/\/skinsolution.pl\/for-you\/wp-json\/wp\/v2\/types\/product"}],"replies":[{"embeddable":true,"href":"https:\/\/skinsolution.pl\/for-you\/wp-json\/wp\/v2\/comments?post=2885"}],"wp:featuredmedia":[{"embeddable":true,"href":"https:\/\/skinsolution.pl\/for-you\/wp-json\/wp\/v2\/media\/2884"}],"wp:attachment":[{"href":"https:\/\/skinsolution.pl\/for-you\/wp-json\/wp\/v2\/media?parent=2885"}],"wp:term":[{"taxonomy":"product_brand","embeddable":true,"href":"https:\/\/skinsolution.pl\/for-you\/wp-json\/wp\/v2\/product_brand?post=2885"},{"taxonomy":"product_cat","embeddable":true,"href":"https:\/\/skinsolution.pl\/for-you\/wp-json\/wp\/v2\/product_cat?post=2885"},{"taxonomy":"product_tag","embeddable":true,"href":"https:\/\/skinsolution.pl\/for-you\/wp-json\/wp\/v2\/product_tag?post=2885"}],"curies":[{"name":"wp","href":"https:\/\/api.w.org\/{rel}","templated":true}]}}