{"id":1893,"date":"2023-12-13T12:29:13","date_gmt":"2023-12-13T11:29:13","guid":{"rendered":"https:\/\/skinsolution.imperit.pl\/for-you\/produkt\/jalupro-tablets\/"},"modified":"2026-01-11T10:58:24","modified_gmt":"2026-01-11T09:58:24","slug":"jalupro-tablets","status":"publish","type":"product","link":"https:\/\/skinsolution.pl\/for-you\/produkt\/jalupro-tablets\/","title":{"rendered":"JALUPRO\u00ae Tablets"},"content":{"rendered":"<p>JALUPRO\u00ae Tablets to suplement diety uzupe\u0142niaj\u0105cy nasz\u0105 diet\u0119 ubog\u0105 w cenne aminokwasy, przywracaj\u0105cy optymalny ich poziom i gwarantuj\u0105cy prawid\u0142ow\u0105 produkcj\u0119 kolagenu.<br \/>\nWraz z wiekiem produkujemy coraz mniej kolagenu, a nowoczesny styl \u017cycia, wi\u0119ksze zanieczyszczenie \u015brodowiska, niska jako\u015b\u0107 po\u017cywienia powoduj\u0105:<br \/>\nZmniejszenie ilo\u015bci przyswajanych przez nas sk\u0142adnik\u00f3w od\u017cywczych. Terapia JALUPRO znacz\u0105co poprawia kondycj\u0119 w\u0142os\u00f3w, sk\u00f3ry i paznokci, a jej dzia\u0142anie udowodnione jest klinicznie. Preparat znajduje r\u00f3wnie\u017c zastosowanie w ortopedii; przyspiesza gojenie si\u0119 ran; stosowany powszechnie w medycynie estetycznej i chirurgi plastycznej &#8211; przed i po zabiegach.<br \/>\nSuplementy diety JALUPRO s\u0105:<br \/>\n&gt; wega\u0144skie<br \/>\n&gt; bezglutenowe<br \/>\n&gt; bez sztucznych barwnik\u00f3w i aromat\u00f3w<\/p>\n<p>Pojemno\u015b\u0107<br \/>\n1 opakowanie zawiera 120 tabletek<\/p>\n<p>Dzienna porcja i dawkowanie<br \/>\n1 tabletka JALUPRO to 1350 mg, kt\u00f3ra zawiera:<br \/>\n&gt; Kompleks aminokwas\u00f3w (glicyna, l-prolina i l-lizyna)<br \/>\n&gt; Witamin\u0119 C<br \/>\nZaleca si\u0119 przyjmowanie 4 tabletek dziennie, co daje \u0142\u0105cznie 4 g aminokwas\u00f3w oraz 500 mg witaminy C. Preparat JALUPRO Tablets to ciekawy zamiennik dla JALUPRO Drink. 1 saszetka JALUPRO Drink to r\u00f3wnowarto\u015b\u0107 4 tabletek.<\/p>\n<p>Sk\u0142adniki aktywne<br \/>\nKompleks aminokwas\u00f3w: glicyna, prolina, lizyna &#8211; elementy budulcowe kolagenu, g\u0142\u00f3wnego bia\u0142ka sk\u00f3ry; stymuluj\u0105 fibroblasty do produkcji kolagenu;<br \/>\nWitamina C &#8211; odgrywa wa\u017cn\u0105 rol\u0119 w organizmie cz\u0142owieka, m.in. uczestniczy w syntezie w\u0142\u00f3kien kolagenowych, usuwa wolne rodniki oraz wzmacnia odporno\u015b\u0107 organizmu.<\/p>\n<p>\u015arodki ostro\u017cno\u015bci<br \/>\nNie nale\u017cy przekracza\u0107 zalecanej dawki dziennego spo\u017cycia.<br \/>\nPrzechowywa\u0107 w spos\u00f3b niedost\u0119pny dla ma\u0142ych dzieci (poni\u017cej 3 roku \u017cycia).<br \/>\nData przydatno\u015bci odnosi si\u0119 do zamkni\u0119tego, w\u0142a\u015bciwie przechowywanego produktu.<br \/>\nNale\u017cy przechowywa\u0107 w ch\u0142odnym, suchym miejscu.<br \/>\nSuplement diety nie mo\u017ce by\u0107 stosowany jako substytut zr\u00f3\u017cnicowanej diety.<br \/>\nNie stosowa\u0107 u kobiet w ci\u0105\u017cy.<br \/>\nW przypadku d\u0142u\u017cszego stosowania ni\u017c zalecane, nale\u017cy skonsultowa\u0107 si\u0119 z lekarzem.<\/p>\n<p>Sk\u0142ad<br \/>\nglycine, l-proline, l-lysine HCl, vitamin C, microcrystalline cellulose, tricalcium phosphate, magnesium stearate, silicon dioxide<\/p>\n<p>Informacje o producencie<br \/>\nProfessional Derma S.A.<\/p>\n","protected":false},"excerpt":{"rendered":"<p>Suplementacja oko\u0142ozabiegowa<br \/>\n3 miesi\u0119czna kuracja aminokwasowa w kapsu\u0142kach<\/p>\n","protected":false},"featured_media":3025,"comment_status":"open","ping_status":"closed","template":"","meta":{"_acf_changed":false},"product_brand":[],"product_cat":[93],"product_tag":[],"class_list":{"0":"post-1893","1":"product","2":"type-product","3":"status-publish","4":"has-post-thumbnail","6":"product_cat-suplementy-diety","8":"first","9":"outofstock","10":"taxable","11":"shipping-taxable","12":"purchasable","13":"product-type-simple"},"acf":[],"yoast_head":"<!-- This site is optimized with the Yoast SEO plugin v27.4 - https:\/\/yoast.com\/product\/yoast-seo-wordpress\/ -->\n<title>JALUPRO\u00ae Tablets - SkinSolution - For You<\/title>\n<meta name=\"robots\" content=\"index, follow, max-snippet:-1, max-image-preview:large, max-video-preview:-1\" \/>\n<link rel=\"canonical\" href=\"https:\/\/skinsolution.pl\/for-you\/produkt\/jalupro-tablets\/\" \/>\n<meta property=\"og:locale\" content=\"pl_PL\" \/>\n<meta property=\"og:type\" content=\"article\" \/>\n<meta property=\"og:title\" content=\"JALUPRO\u00ae Tablets - SkinSolution - For You\" \/>\n<meta property=\"og:description\" content=\"Suplementacja oko\u0142ozabiegowa 3 miesi\u0119czna kuracja aminokwasowa w kapsu\u0142kach\" \/>\n<meta property=\"og:url\" content=\"https:\/\/skinsolution.pl\/for-you\/produkt\/jalupro-tablets\/\" \/>\n<meta property=\"og:site_name\" content=\"SkinSolution - For You\" \/>\n<meta property=\"article:publisher\" content=\"https:\/\/www.facebook.com\/SkinSolutionPoland\/\" \/>\n<meta property=\"article:modified_time\" content=\"2026-01-11T09:58:24+00:00\" \/>\n<meta property=\"og:image\" content=\"https:\/\/skinsolution.pl\/for-you\/wp-content\/uploads\/sites\/2\/2025\/03\/6c77d056f21d73b809ff3b6e5576c63f.png\" \/>\n\t<meta property=\"og:image:width\" content=\"2048\" \/>\n\t<meta property=\"og:image:height\" content=\"2048\" \/>\n\t<meta property=\"og:image:type\" content=\"image\/png\" \/>\n<meta name=\"twitter:card\" content=\"summary_large_image\" \/>\n<meta name=\"twitter:label1\" content=\"Szacowany czas czytania\" \/>\n\t<meta name=\"twitter:data1\" content=\"2 minuty\" \/>\n<script type=\"application\/ld+json\" class=\"yoast-schema-graph\">{\"@context\":\"https:\\\/\\\/schema.org\",\"@graph\":[{\"@type\":\"WebPage\",\"@id\":\"https:\\\/\\\/skinsolution.pl\\\/for-you\\\/produkt\\\/jalupro-tablets\\\/\",\"url\":\"https:\\\/\\\/skinsolution.pl\\\/for-you\\\/produkt\\\/jalupro-tablets\\\/\",\"name\":\"JALUPRO\u00ae Tablets - SkinSolution - For You\",\"isPartOf\":{\"@id\":\"https:\\\/\\\/skinsolution.pl\\\/for-you\\\/#website\"},\"primaryImageOfPage\":{\"@id\":\"https:\\\/\\\/skinsolution.pl\\\/for-you\\\/produkt\\\/jalupro-tablets\\\/#primaryimage\"},\"image\":{\"@id\":\"https:\\\/\\\/skinsolution.pl\\\/for-you\\\/produkt\\\/jalupro-tablets\\\/#primaryimage\"},\"thumbnailUrl\":\"https:\\\/\\\/skinsolution.pl\\\/for-you\\\/wp-content\\\/uploads\\\/sites\\\/2\\\/2025\\\/03\\\/6c77d056f21d73b809ff3b6e5576c63f.png\",\"datePublished\":\"2023-12-13T11:29:13+00:00\",\"dateModified\":\"2026-01-11T09:58:24+00:00\",\"breadcrumb\":{\"@id\":\"https:\\\/\\\/skinsolution.pl\\\/for-you\\\/produkt\\\/jalupro-tablets\\\/#breadcrumb\"},\"inLanguage\":\"pl-PL\",\"potentialAction\":[{\"@type\":\"ReadAction\",\"target\":[\"https:\\\/\\\/skinsolution.pl\\\/for-you\\\/produkt\\\/jalupro-tablets\\\/\"]}]},{\"@type\":\"ImageObject\",\"inLanguage\":\"pl-PL\",\"@id\":\"https:\\\/\\\/skinsolution.pl\\\/for-you\\\/produkt\\\/jalupro-tablets\\\/#primaryimage\",\"url\":\"https:\\\/\\\/skinsolution.pl\\\/for-you\\\/wp-content\\\/uploads\\\/sites\\\/2\\\/2025\\\/03\\\/6c77d056f21d73b809ff3b6e5576c63f.png\",\"contentUrl\":\"https:\\\/\\\/skinsolution.pl\\\/for-you\\\/wp-content\\\/uploads\\\/sites\\\/2\\\/2025\\\/03\\\/6c77d056f21d73b809ff3b6e5576c63f.png\",\"width\":2048,\"height\":2048},{\"@type\":\"BreadcrumbList\",\"@id\":\"https:\\\/\\\/skinsolution.pl\\\/for-you\\\/produkt\\\/jalupro-tablets\\\/#breadcrumb\",\"itemListElement\":[{\"@type\":\"ListItem\",\"position\":1,\"name\":\"Strona g\u0142\u00f3wna\",\"item\":\"https:\\\/\\\/skinsolution.pl\\\/for-you\\\/\"},{\"@type\":\"ListItem\",\"position\":2,\"name\":\"Sklep\",\"item\":\"https:\\\/\\\/skinsolution.pl\\\/for-you\\\/sklep\\\/\"},{\"@type\":\"ListItem\",\"position\":3,\"name\":\"JALUPRO\u00ae Tablets\"}]},{\"@type\":\"WebSite\",\"@id\":\"https:\\\/\\\/skinsolution.pl\\\/for-you\\\/#website\",\"url\":\"https:\\\/\\\/skinsolution.pl\\\/for-you\\\/\",\"name\":\"SkinSolution | For You\",\"description\":\"\",\"publisher\":{\"@id\":\"https:\\\/\\\/skinsolution.pl\\\/for-you\\\/#organization\"},\"potentialAction\":[{\"@type\":\"SearchAction\",\"target\":{\"@type\":\"EntryPoint\",\"urlTemplate\":\"https:\\\/\\\/skinsolution.pl\\\/for-you\\\/?s={search_term_string}\"},\"query-input\":{\"@type\":\"PropertyValueSpecification\",\"valueRequired\":true,\"valueName\":\"search_term_string\"}}],\"inLanguage\":\"pl-PL\"},{\"@type\":\"Organization\",\"@id\":\"https:\\\/\\\/skinsolution.pl\\\/for-you\\\/#organization\",\"name\":\"SkinSolution | For You\",\"url\":\"https:\\\/\\\/skinsolution.pl\\\/for-you\\\/\",\"logo\":{\"@type\":\"ImageObject\",\"inLanguage\":\"pl-PL\",\"@id\":\"https:\\\/\\\/skinsolution.pl\\\/for-you\\\/#\\\/schema\\\/logo\\\/image\\\/\",\"url\":\"https:\\\/\\\/skinsolution.pl\\\/for-you\\\/wp-content\\\/uploads\\\/sites\\\/2\\\/2025\\\/03\\\/SkinSolution_Black2.png\",\"contentUrl\":\"https:\\\/\\\/skinsolution.pl\\\/for-you\\\/wp-content\\\/uploads\\\/sites\\\/2\\\/2025\\\/03\\\/SkinSolution_Black2.png\",\"width\":512,\"height\":512,\"caption\":\"SkinSolution | For You\"},\"image\":{\"@id\":\"https:\\\/\\\/skinsolution.pl\\\/for-you\\\/#\\\/schema\\\/logo\\\/image\\\/\"},\"sameAs\":[\"https:\\\/\\\/www.facebook.com\\\/SkinSolutionPoland\\\/\",\"https:\\\/\\\/www.instagram.com\\\/skinsolution.pl\\\/\"]}]}<\/script>\n<!-- \/ Yoast SEO plugin. -->","yoast_head_json":{"title":"JALUPRO\u00ae Tablets - SkinSolution - For You","robots":{"index":"index","follow":"follow","max-snippet":"max-snippet:-1","max-image-preview":"max-image-preview:large","max-video-preview":"max-video-preview:-1"},"canonical":"https:\/\/skinsolution.pl\/for-you\/produkt\/jalupro-tablets\/","og_locale":"pl_PL","og_type":"article","og_title":"JALUPRO\u00ae Tablets - SkinSolution - For You","og_description":"Suplementacja oko\u0142ozabiegowa 3 miesi\u0119czna kuracja aminokwasowa w kapsu\u0142kach","og_url":"https:\/\/skinsolution.pl\/for-you\/produkt\/jalupro-tablets\/","og_site_name":"SkinSolution - For You","article_publisher":"https:\/\/www.facebook.com\/SkinSolutionPoland\/","article_modified_time":"2026-01-11T09:58:24+00:00","og_image":[{"width":2048,"height":2048,"url":"https:\/\/skinsolution.pl\/for-you\/wp-content\/uploads\/sites\/2\/2025\/03\/6c77d056f21d73b809ff3b6e5576c63f.png","type":"image\/png"}],"twitter_card":"summary_large_image","twitter_misc":{"Szacowany czas czytania":"2 minuty"},"schema":{"@context":"https:\/\/schema.org","@graph":[{"@type":"WebPage","@id":"https:\/\/skinsolution.pl\/for-you\/produkt\/jalupro-tablets\/","url":"https:\/\/skinsolution.pl\/for-you\/produkt\/jalupro-tablets\/","name":"JALUPRO\u00ae Tablets - SkinSolution - For You","isPartOf":{"@id":"https:\/\/skinsolution.pl\/for-you\/#website"},"primaryImageOfPage":{"@id":"https:\/\/skinsolution.pl\/for-you\/produkt\/jalupro-tablets\/#primaryimage"},"image":{"@id":"https:\/\/skinsolution.pl\/for-you\/produkt\/jalupro-tablets\/#primaryimage"},"thumbnailUrl":"https:\/\/skinsolution.pl\/for-you\/wp-content\/uploads\/sites\/2\/2025\/03\/6c77d056f21d73b809ff3b6e5576c63f.png","datePublished":"2023-12-13T11:29:13+00:00","dateModified":"2026-01-11T09:58:24+00:00","breadcrumb":{"@id":"https:\/\/skinsolution.pl\/for-you\/produkt\/jalupro-tablets\/#breadcrumb"},"inLanguage":"pl-PL","potentialAction":[{"@type":"ReadAction","target":["https:\/\/skinsolution.pl\/for-you\/produkt\/jalupro-tablets\/"]}]},{"@type":"ImageObject","inLanguage":"pl-PL","@id":"https:\/\/skinsolution.pl\/for-you\/produkt\/jalupro-tablets\/#primaryimage","url":"https:\/\/skinsolution.pl\/for-you\/wp-content\/uploads\/sites\/2\/2025\/03\/6c77d056f21d73b809ff3b6e5576c63f.png","contentUrl":"https:\/\/skinsolution.pl\/for-you\/wp-content\/uploads\/sites\/2\/2025\/03\/6c77d056f21d73b809ff3b6e5576c63f.png","width":2048,"height":2048},{"@type":"BreadcrumbList","@id":"https:\/\/skinsolution.pl\/for-you\/produkt\/jalupro-tablets\/#breadcrumb","itemListElement":[{"@type":"ListItem","position":1,"name":"Strona g\u0142\u00f3wna","item":"https:\/\/skinsolution.pl\/for-you\/"},{"@type":"ListItem","position":2,"name":"Sklep","item":"https:\/\/skinsolution.pl\/for-you\/sklep\/"},{"@type":"ListItem","position":3,"name":"JALUPRO\u00ae Tablets"}]},{"@type":"WebSite","@id":"https:\/\/skinsolution.pl\/for-you\/#website","url":"https:\/\/skinsolution.pl\/for-you\/","name":"SkinSolution | For You","description":"","publisher":{"@id":"https:\/\/skinsolution.pl\/for-you\/#organization"},"potentialAction":[{"@type":"SearchAction","target":{"@type":"EntryPoint","urlTemplate":"https:\/\/skinsolution.pl\/for-you\/?s={search_term_string}"},"query-input":{"@type":"PropertyValueSpecification","valueRequired":true,"valueName":"search_term_string"}}],"inLanguage":"pl-PL"},{"@type":"Organization","@id":"https:\/\/skinsolution.pl\/for-you\/#organization","name":"SkinSolution | For You","url":"https:\/\/skinsolution.pl\/for-you\/","logo":{"@type":"ImageObject","inLanguage":"pl-PL","@id":"https:\/\/skinsolution.pl\/for-you\/#\/schema\/logo\/image\/","url":"https:\/\/skinsolution.pl\/for-you\/wp-content\/uploads\/sites\/2\/2025\/03\/SkinSolution_Black2.png","contentUrl":"https:\/\/skinsolution.pl\/for-you\/wp-content\/uploads\/sites\/2\/2025\/03\/SkinSolution_Black2.png","width":512,"height":512,"caption":"SkinSolution | For You"},"image":{"@id":"https:\/\/skinsolution.pl\/for-you\/#\/schema\/logo\/image\/"},"sameAs":["https:\/\/www.facebook.com\/SkinSolutionPoland\/","https:\/\/www.instagram.com\/skinsolution.pl\/"]}]}},"_links":{"self":[{"href":"https:\/\/skinsolution.pl\/for-you\/wp-json\/wp\/v2\/product\/1893","targetHints":{"allow":["GET"]}}],"collection":[{"href":"https:\/\/skinsolution.pl\/for-you\/wp-json\/wp\/v2\/product"}],"about":[{"href":"https:\/\/skinsolution.pl\/for-you\/wp-json\/wp\/v2\/types\/product"}],"replies":[{"embeddable":true,"href":"https:\/\/skinsolution.pl\/for-you\/wp-json\/wp\/v2\/comments?post=1893"}],"wp:featuredmedia":[{"embeddable":true,"href":"https:\/\/skinsolution.pl\/for-you\/wp-json\/wp\/v2\/media\/3025"}],"wp:attachment":[{"href":"https:\/\/skinsolution.pl\/for-you\/wp-json\/wp\/v2\/media?parent=1893"}],"wp:term":[{"taxonomy":"product_brand","embeddable":true,"href":"https:\/\/skinsolution.pl\/for-you\/wp-json\/wp\/v2\/product_brand?post=1893"},{"taxonomy":"product_cat","embeddable":true,"href":"https:\/\/skinsolution.pl\/for-you\/wp-json\/wp\/v2\/product_cat?post=1893"},{"taxonomy":"product_tag","embeddable":true,"href":"https:\/\/skinsolution.pl\/for-you\/wp-json\/wp\/v2\/product_tag?post=1893"}],"curies":[{"name":"wp","href":"https:\/\/api.w.org\/{rel}","templated":true}]}}