{"id":1873,"date":"2023-12-13T12:28:47","date_gmt":"2023-12-13T11:28:47","guid":{"rendered":"https:\/\/skinsolution.imperit.pl\/for-you\/produkt\/3d-sunscreen-protection-spf-50\/"},"modified":"2026-03-25T22:25:08","modified_gmt":"2026-03-25T21:25:08","slug":"3d-sunscreen-protection-spf-50","status":"publish","type":"product","link":"https:\/\/skinsolution.pl\/for-you\/produkt\/3d-sunscreen-protection-spf-50\/","title":{"rendered":"3D Moisturizing Sunscreen Protection<sup>\u2122<\/sup> Krem 50 ml"},"content":{"rendered":"<p>3D Moisturizing Sunscreen Protection SPF 50+ to innowacyjny preparat, kt\u00f3ry \u0142\u0105czy w sobie dzia\u0142anie filtr\u00f3w fizycznych i chemicznych, zapewniaj\u0105c pe\u0142n\u0105 ochron\u0119 kom\u00f3rek sk\u00f3ry przed szkodliwym dzia\u0142aniem promieniowania UVA i UVB i dzia\u0142aniem wolnych rodnik\u00f3w.<br \/>\nDzi\u0119ki tak skutecznej ochronie, przeciwdzia\u0142a on przedwczesnemu procesowi starzenia si\u0119 sk\u00f3ry, powstawaniu przebarwie\u0144 i wyprysk\u00f3w. Dodatkowo doskonale nawil\u017ca, wyg\u0142adza sk\u00f3r\u0119 i stanowi doskona\u0142e uzupe\u0142nienie codziennej piel\u0119gnacji dla ka\u017cdego typu sk\u00f3ry.<br \/>\n3D Moisturizing Sunscreen Protection SPF 50+ jest niezast\u0105piony po wszelkiego rodzajach zabiegach z zakresu medycyny estetycznej, m.in. po peelingach, laseroterapii etc., kiedy nasza sk\u00f3ra jest szczeg\u00f3lnie wra\u017cliwa na dzia\u0142anie promieni s\u0142onecznych. Zapewnia ekstremaln\u0105 ochron\u0119 po stosowaniu preparat\u00f3w do depigmentacji, zapobiega nawrotom hiperpigmentacji i gwarantuje trwa\u0142e efekty pozabiegowe. Ponadto wykazuje dzia\u0142anie ochronne wzgl\u0119dem sk\u00f3ry z bliznami, tak\u017ce bliznami pooperacyjnymi.<\/p>\n<p>Pojemno\u015b\u0107<br \/>\n50 ml<\/p>\n<p>Spos\u00f3b u\u017cycia<br \/>\nNiewielk\u0105 warstw\u0119 kremu nak\u0142adamy codziennie rano delikatnymi kolistymi ruchami na such\u0105 i oczyszczon\u0105 sk\u00f3r\u0119 twarzy, szyi i dekoltu. Mimo wysokiego filtra SPF, krem \u015bwietnie nadaje si\u0119 pod makija\u017c, doskonale si\u0119 wch\u0142ania i wsp\u00f3\u0142pracuje z podk\u0142adami.<\/p>\n<p>Sk\u0142adniki aktywne<br \/>\nNiacynamid (witamina B3) &#8211; posiada w\u0142a\u015bciwo\u015bci zmi\u0119kczaj\u0105ce, chroni przed utrat\u0105 wody, minimalizuje widoczno\u015b\u0107 por\u00f3w, stymuluj\u0119 produkcj\u0119 kolagenu, zapobiega powstawaniu przebarwie\u0144;<br \/>\nWitamina E &#8211; antyoksydant, chroni przed dzia\u0142aniem wolnych rodnik\u00f3w, wspomaga produkcj\u0119 kolagenu i elastyny;<br \/>\nPantenol (prowitamina B5) &#8211; dzia\u0142a nawil\u017caj\u0105co i koj\u0105ce, od\u017cywia, chroni i regeneruje sk\u00f3r\u0119 przywracaj\u0105c jej naturalny blask.<\/p>\n<p>Sk\u0142ad<br \/>\nAqua\/Water, Titanium dioxide, Cyclomethicone, Cyclopentasiloxane: Dimethicone crosspolymer, Zinc oxide, Talc, Methylpropanediol, PEG\/PPG-20\/15 Dimethicone, Niacinamide, Panthenol, Tocopheryl Acetate, Sodium chloride, Propylene glycol, Disodium EDTA, Parfum, Triethanolamine, Diazolidinyl urea, Methylparaben, Propylparaben, Carbomer.<\/p>\n<p>Informacje o producencie<br \/>\nLINKEDERMA SL.<\/p>\n","protected":false},"excerpt":{"rendered":"<p>Nawil\u017caj\u0105co-regeneruj\u0105cy krem na co dzie\u0144 z wysokim filtrem ochronnym<\/p>\n","protected":false},"featured_media":2874,"comment_status":"open","ping_status":"closed","template":"","meta":{"_acf_changed":false},"product_brand":[],"product_cat":[103],"product_tag":[],"class_list":{"0":"post-1873","1":"product","2":"type-product","3":"status-publish","4":"has-post-thumbnail","6":"product_cat-codzienna-pielegnacja","8":"first","9":"instock","10":"taxable","11":"shipping-taxable","12":"purchasable","13":"product-type-simple"},"acf":[],"yoast_head":"<!-- This site is optimized with the Yoast SEO plugin v27.4 - https:\/\/yoast.com\/product\/yoast-seo-wordpress\/ -->\n<title>3D Moisturizing Sunscreen Protection\u2122 Krem 50 ml - SkinSolution - For You<\/title>\n<meta name=\"robots\" content=\"index, follow, max-snippet:-1, max-image-preview:large, max-video-preview:-1\" \/>\n<link rel=\"canonical\" href=\"https:\/\/skinsolution.pl\/for-you\/produkt\/3d-sunscreen-protection-spf-50\/\" \/>\n<meta property=\"og:locale\" content=\"pl_PL\" \/>\n<meta property=\"og:type\" content=\"article\" \/>\n<meta property=\"og:title\" content=\"3D Moisturizing Sunscreen Protection\u2122 Krem 50 ml - SkinSolution - For You\" \/>\n<meta property=\"og:description\" content=\"Nawil\u017caj\u0105co-regeneruj\u0105cy krem na co dzie\u0144 z wysokim filtrem ochronnym\" \/>\n<meta property=\"og:url\" content=\"https:\/\/skinsolution.pl\/for-you\/produkt\/3d-sunscreen-protection-spf-50\/\" \/>\n<meta property=\"og:site_name\" content=\"SkinSolution - For You\" \/>\n<meta property=\"article:publisher\" content=\"https:\/\/www.facebook.com\/SkinSolutionPoland\/\" \/>\n<meta property=\"article:modified_time\" content=\"2026-03-25T21:25:08+00:00\" \/>\n<meta property=\"og:image\" content=\"https:\/\/skinsolution.pl\/for-you\/wp-content\/uploads\/sites\/2\/2024\/08\/d4adbe5af96cd6c13e54b2cb16d1463a-1.png\" \/>\n\t<meta property=\"og:image:width\" content=\"2048\" \/>\n\t<meta property=\"og:image:height\" content=\"2048\" \/>\n\t<meta property=\"og:image:type\" content=\"image\/png\" \/>\n<meta name=\"twitter:card\" content=\"summary_large_image\" \/>\n<meta name=\"twitter:label1\" content=\"Szacowany czas czytania\" \/>\n\t<meta name=\"twitter:data1\" content=\"2 minuty\" \/>\n<script type=\"application\/ld+json\" class=\"yoast-schema-graph\">{\"@context\":\"https:\\\/\\\/schema.org\",\"@graph\":[{\"@type\":\"WebPage\",\"@id\":\"https:\\\/\\\/skinsolution.pl\\\/for-you\\\/produkt\\\/3d-sunscreen-protection-spf-50\\\/\",\"url\":\"https:\\\/\\\/skinsolution.pl\\\/for-you\\\/produkt\\\/3d-sunscreen-protection-spf-50\\\/\",\"name\":\"3D Moisturizing Sunscreen Protection\u2122 Krem 50 ml - SkinSolution - For You\",\"isPartOf\":{\"@id\":\"https:\\\/\\\/skinsolution.pl\\\/for-you\\\/#website\"},\"primaryImageOfPage\":{\"@id\":\"https:\\\/\\\/skinsolution.pl\\\/for-you\\\/produkt\\\/3d-sunscreen-protection-spf-50\\\/#primaryimage\"},\"image\":{\"@id\":\"https:\\\/\\\/skinsolution.pl\\\/for-you\\\/produkt\\\/3d-sunscreen-protection-spf-50\\\/#primaryimage\"},\"thumbnailUrl\":\"https:\\\/\\\/skinsolution.pl\\\/for-you\\\/wp-content\\\/uploads\\\/sites\\\/2\\\/2024\\\/08\\\/d4adbe5af96cd6c13e54b2cb16d1463a-1.png\",\"datePublished\":\"2023-12-13T11:28:47+00:00\",\"dateModified\":\"2026-03-25T21:25:08+00:00\",\"breadcrumb\":{\"@id\":\"https:\\\/\\\/skinsolution.pl\\\/for-you\\\/produkt\\\/3d-sunscreen-protection-spf-50\\\/#breadcrumb\"},\"inLanguage\":\"pl-PL\",\"potentialAction\":[{\"@type\":\"ReadAction\",\"target\":[\"https:\\\/\\\/skinsolution.pl\\\/for-you\\\/produkt\\\/3d-sunscreen-protection-spf-50\\\/\"]}]},{\"@type\":\"ImageObject\",\"inLanguage\":\"pl-PL\",\"@id\":\"https:\\\/\\\/skinsolution.pl\\\/for-you\\\/produkt\\\/3d-sunscreen-protection-spf-50\\\/#primaryimage\",\"url\":\"https:\\\/\\\/skinsolution.pl\\\/for-you\\\/wp-content\\\/uploads\\\/sites\\\/2\\\/2024\\\/08\\\/d4adbe5af96cd6c13e54b2cb16d1463a-1.png\",\"contentUrl\":\"https:\\\/\\\/skinsolution.pl\\\/for-you\\\/wp-content\\\/uploads\\\/sites\\\/2\\\/2024\\\/08\\\/d4adbe5af96cd6c13e54b2cb16d1463a-1.png\",\"width\":2048,\"height\":2048},{\"@type\":\"BreadcrumbList\",\"@id\":\"https:\\\/\\\/skinsolution.pl\\\/for-you\\\/produkt\\\/3d-sunscreen-protection-spf-50\\\/#breadcrumb\",\"itemListElement\":[{\"@type\":\"ListItem\",\"position\":1,\"name\":\"Strona g\u0142\u00f3wna\",\"item\":\"https:\\\/\\\/skinsolution.pl\\\/for-you\\\/\"},{\"@type\":\"ListItem\",\"position\":2,\"name\":\"Sklep\",\"item\":\"https:\\\/\\\/skinsolution.pl\\\/for-you\\\/sklep\\\/\"},{\"@type\":\"ListItem\",\"position\":3,\"name\":\"3D Moisturizing Sunscreen Protection\u2122 Krem 50 ml\"}]},{\"@type\":\"WebSite\",\"@id\":\"https:\\\/\\\/skinsolution.pl\\\/for-you\\\/#website\",\"url\":\"https:\\\/\\\/skinsolution.pl\\\/for-you\\\/\",\"name\":\"SkinSolution | For You\",\"description\":\"\",\"publisher\":{\"@id\":\"https:\\\/\\\/skinsolution.pl\\\/for-you\\\/#organization\"},\"potentialAction\":[{\"@type\":\"SearchAction\",\"target\":{\"@type\":\"EntryPoint\",\"urlTemplate\":\"https:\\\/\\\/skinsolution.pl\\\/for-you\\\/?s={search_term_string}\"},\"query-input\":{\"@type\":\"PropertyValueSpecification\",\"valueRequired\":true,\"valueName\":\"search_term_string\"}}],\"inLanguage\":\"pl-PL\"},{\"@type\":\"Organization\",\"@id\":\"https:\\\/\\\/skinsolution.pl\\\/for-you\\\/#organization\",\"name\":\"SkinSolution | For You\",\"url\":\"https:\\\/\\\/skinsolution.pl\\\/for-you\\\/\",\"logo\":{\"@type\":\"ImageObject\",\"inLanguage\":\"pl-PL\",\"@id\":\"https:\\\/\\\/skinsolution.pl\\\/for-you\\\/#\\\/schema\\\/logo\\\/image\\\/\",\"url\":\"https:\\\/\\\/skinsolution.pl\\\/for-you\\\/wp-content\\\/uploads\\\/sites\\\/2\\\/2025\\\/03\\\/SkinSolution_Black2.png\",\"contentUrl\":\"https:\\\/\\\/skinsolution.pl\\\/for-you\\\/wp-content\\\/uploads\\\/sites\\\/2\\\/2025\\\/03\\\/SkinSolution_Black2.png\",\"width\":512,\"height\":512,\"caption\":\"SkinSolution | For You\"},\"image\":{\"@id\":\"https:\\\/\\\/skinsolution.pl\\\/for-you\\\/#\\\/schema\\\/logo\\\/image\\\/\"},\"sameAs\":[\"https:\\\/\\\/www.facebook.com\\\/SkinSolutionPoland\\\/\",\"https:\\\/\\\/www.instagram.com\\\/skinsolution.pl\\\/\"]}]}<\/script>\n<!-- \/ Yoast SEO plugin. -->","yoast_head_json":{"title":"3D Moisturizing Sunscreen Protection\u2122 Krem 50 ml - SkinSolution - For You","robots":{"index":"index","follow":"follow","max-snippet":"max-snippet:-1","max-image-preview":"max-image-preview:large","max-video-preview":"max-video-preview:-1"},"canonical":"https:\/\/skinsolution.pl\/for-you\/produkt\/3d-sunscreen-protection-spf-50\/","og_locale":"pl_PL","og_type":"article","og_title":"3D Moisturizing Sunscreen Protection\u2122 Krem 50 ml - SkinSolution - For You","og_description":"Nawil\u017caj\u0105co-regeneruj\u0105cy krem na co dzie\u0144 z wysokim filtrem ochronnym","og_url":"https:\/\/skinsolution.pl\/for-you\/produkt\/3d-sunscreen-protection-spf-50\/","og_site_name":"SkinSolution - For You","article_publisher":"https:\/\/www.facebook.com\/SkinSolutionPoland\/","article_modified_time":"2026-03-25T21:25:08+00:00","og_image":[{"width":2048,"height":2048,"url":"https:\/\/skinsolution.pl\/for-you\/wp-content\/uploads\/sites\/2\/2024\/08\/d4adbe5af96cd6c13e54b2cb16d1463a-1.png","type":"image\/png"}],"twitter_card":"summary_large_image","twitter_misc":{"Szacowany czas czytania":"2 minuty"},"schema":{"@context":"https:\/\/schema.org","@graph":[{"@type":"WebPage","@id":"https:\/\/skinsolution.pl\/for-you\/produkt\/3d-sunscreen-protection-spf-50\/","url":"https:\/\/skinsolution.pl\/for-you\/produkt\/3d-sunscreen-protection-spf-50\/","name":"3D Moisturizing Sunscreen Protection\u2122 Krem 50 ml - SkinSolution - For You","isPartOf":{"@id":"https:\/\/skinsolution.pl\/for-you\/#website"},"primaryImageOfPage":{"@id":"https:\/\/skinsolution.pl\/for-you\/produkt\/3d-sunscreen-protection-spf-50\/#primaryimage"},"image":{"@id":"https:\/\/skinsolution.pl\/for-you\/produkt\/3d-sunscreen-protection-spf-50\/#primaryimage"},"thumbnailUrl":"https:\/\/skinsolution.pl\/for-you\/wp-content\/uploads\/sites\/2\/2024\/08\/d4adbe5af96cd6c13e54b2cb16d1463a-1.png","datePublished":"2023-12-13T11:28:47+00:00","dateModified":"2026-03-25T21:25:08+00:00","breadcrumb":{"@id":"https:\/\/skinsolution.pl\/for-you\/produkt\/3d-sunscreen-protection-spf-50\/#breadcrumb"},"inLanguage":"pl-PL","potentialAction":[{"@type":"ReadAction","target":["https:\/\/skinsolution.pl\/for-you\/produkt\/3d-sunscreen-protection-spf-50\/"]}]},{"@type":"ImageObject","inLanguage":"pl-PL","@id":"https:\/\/skinsolution.pl\/for-you\/produkt\/3d-sunscreen-protection-spf-50\/#primaryimage","url":"https:\/\/skinsolution.pl\/for-you\/wp-content\/uploads\/sites\/2\/2024\/08\/d4adbe5af96cd6c13e54b2cb16d1463a-1.png","contentUrl":"https:\/\/skinsolution.pl\/for-you\/wp-content\/uploads\/sites\/2\/2024\/08\/d4adbe5af96cd6c13e54b2cb16d1463a-1.png","width":2048,"height":2048},{"@type":"BreadcrumbList","@id":"https:\/\/skinsolution.pl\/for-you\/produkt\/3d-sunscreen-protection-spf-50\/#breadcrumb","itemListElement":[{"@type":"ListItem","position":1,"name":"Strona g\u0142\u00f3wna","item":"https:\/\/skinsolution.pl\/for-you\/"},{"@type":"ListItem","position":2,"name":"Sklep","item":"https:\/\/skinsolution.pl\/for-you\/sklep\/"},{"@type":"ListItem","position":3,"name":"3D Moisturizing Sunscreen Protection\u2122 Krem 50 ml"}]},{"@type":"WebSite","@id":"https:\/\/skinsolution.pl\/for-you\/#website","url":"https:\/\/skinsolution.pl\/for-you\/","name":"SkinSolution | For You","description":"","publisher":{"@id":"https:\/\/skinsolution.pl\/for-you\/#organization"},"potentialAction":[{"@type":"SearchAction","target":{"@type":"EntryPoint","urlTemplate":"https:\/\/skinsolution.pl\/for-you\/?s={search_term_string}"},"query-input":{"@type":"PropertyValueSpecification","valueRequired":true,"valueName":"search_term_string"}}],"inLanguage":"pl-PL"},{"@type":"Organization","@id":"https:\/\/skinsolution.pl\/for-you\/#organization","name":"SkinSolution | For You","url":"https:\/\/skinsolution.pl\/for-you\/","logo":{"@type":"ImageObject","inLanguage":"pl-PL","@id":"https:\/\/skinsolution.pl\/for-you\/#\/schema\/logo\/image\/","url":"https:\/\/skinsolution.pl\/for-you\/wp-content\/uploads\/sites\/2\/2025\/03\/SkinSolution_Black2.png","contentUrl":"https:\/\/skinsolution.pl\/for-you\/wp-content\/uploads\/sites\/2\/2025\/03\/SkinSolution_Black2.png","width":512,"height":512,"caption":"SkinSolution | For You"},"image":{"@id":"https:\/\/skinsolution.pl\/for-you\/#\/schema\/logo\/image\/"},"sameAs":["https:\/\/www.facebook.com\/SkinSolutionPoland\/","https:\/\/www.instagram.com\/skinsolution.pl\/"]}]}},"_links":{"self":[{"href":"https:\/\/skinsolution.pl\/for-you\/wp-json\/wp\/v2\/product\/1873","targetHints":{"allow":["GET"]}}],"collection":[{"href":"https:\/\/skinsolution.pl\/for-you\/wp-json\/wp\/v2\/product"}],"about":[{"href":"https:\/\/skinsolution.pl\/for-you\/wp-json\/wp\/v2\/types\/product"}],"replies":[{"embeddable":true,"href":"https:\/\/skinsolution.pl\/for-you\/wp-json\/wp\/v2\/comments?post=1873"}],"wp:featuredmedia":[{"embeddable":true,"href":"https:\/\/skinsolution.pl\/for-you\/wp-json\/wp\/v2\/media\/2874"}],"wp:attachment":[{"href":"https:\/\/skinsolution.pl\/for-you\/wp-json\/wp\/v2\/media?parent=1873"}],"wp:term":[{"taxonomy":"product_brand","embeddable":true,"href":"https:\/\/skinsolution.pl\/for-you\/wp-json\/wp\/v2\/product_brand?post=1873"},{"taxonomy":"product_cat","embeddable":true,"href":"https:\/\/skinsolution.pl\/for-you\/wp-json\/wp\/v2\/product_cat?post=1873"},{"taxonomy":"product_tag","embeddable":true,"href":"https:\/\/skinsolution.pl\/for-you\/wp-json\/wp\/v2\/product_tag?post=1873"}],"curies":[{"name":"wp","href":"https:\/\/api.w.org\/{rel}","templated":true}]}}