{"id":1835,"date":"2023-12-13T12:26:18","date_gmt":"2023-12-13T11:26:18","guid":{"rendered":"https:\/\/skinsolution.imperit.pl\/for-you\/produkt\/pha10xvit-bionic-super-antioxidant-solution\/"},"modified":"2025-09-04T10:47:52","modified_gmt":"2025-09-04T08:47:52","slug":"pha10xvit-bionic-super-antioxidant-solution","status":"publish","type":"product","link":"https:\/\/skinsolution.pl\/for-you\/produkt\/pha10xvit-bionic-super-antioxidant-solution\/","title":{"rendered":"md:ceuticals PHA:10Xvit Bionic Super Antioxidant Solution Krem 30 ml"},"content":{"rendered":"<p>Krem PHA:10Xvit Bionic Super Antioxidant Solution to odpowied\u017a dla sk\u00f3ry pozbawionej blasku niedotlenionej, zm\u0119czonej i nara\u017conej na dzia\u0142anie niekorzystnych czynnik\u00f3w zewn\u0119trznych, takich jak stres, zanieczyszczenia czy suche powietrze. Kompleksowa formu\u0142a preparatu sk\u0142adaj\u0105ca si\u0119 z kwas\u00f3w polihydroksybionowych i kompleksu multiwitaminowego A+E, aktywnie przeciwdzia\u0142a formowaniu wolnych rodnik\u00f3w, dzia\u0142a antyoksydacyjnie, op\u00f3\u017ania efekty starzenia i przyspiesza biologiczn\u0105 odnow\u0119 sk\u00f3ry. Krem PHA:10vit Bionic Super Antioxidant Solution wyg\u0142adza struktur\u0119 sk\u00f3ry, radykalnie poprawiaj\u0105c jej wygl\u0105d i przywracaj\u0105c jej blask. Ponadto, wyg\u0142adza drobne zmarszczki, zw\u0119\u017ca rozszerzone pory, zwi\u0119ksza poziom nawil\u017cenia sk\u00f3ry, redukuje podra\u017cnienia i zaczerwienienia. Stanowi idealny krem na co dzie\u0144 dla aktywnych kobiet, nara\u017conych na szkodliwe dzia\u0142anie czynnik\u00f3w zewn\u0119trznych.<\/p>\n<p>Pojemno\u015b\u0107<br \/>\n30 ml<\/p>\n<p>Spos\u00f3b u\u017cycia<br \/>\nNiewielk\u0105 warstw\u0119 kremu nak\u0142adamy codziennie rano i wieczorem delikatnymi kolistymi ruchami na such\u0105 i oczyszczon\u0105 sk\u00f3r\u0119 twarzy, szyi i dekoltu. Krem \u015bwietnie si\u0119 sprawdzi zar\u00f3wno pod makija\u017c jak i jako uzupe\u0142nienie wieczornej piel\u0119gnacji.<\/p>\n<p>Sk\u0142adniki aktywne<br \/>\nKwasy polihydroksybionowe: laktobionowy i glukonowy- wykazuj\u0105 niezwykle intensywne dzia\u0142anie przeciwutleniaj\u0105ce i przeciwstarzeniowe, nawil\u017caj\u0105 sk\u00f3r\u0119, wyg\u0142adzaj\u0105 drobne zmarszczki, przeciwdzia\u0142aj\u0105 skutkom fotostarzenia si\u0119 sk\u00f3ry;<br \/>\nKompleks witaminowy: Witamina A-przyspiesza proces odnowy kom\u00f3rek sk\u00f3ry, ma w\u0142a\u015bciwo\u015bci przeciwutleniaj\u0105ce i regenerujace; dodatkowo stymuluje fibroblasty do produkcji kolagenu w g\u0142\u0119bszych warstwach sk\u00f3ry; Witamina E- jest bardzo silnym biologicznym antyoksydantem, zwi\u0119ksza poziom nawil\u017cenia sk\u00f3ry, spowalnia procesy starzenia, wzmacnia barier\u0119 ochronn\u0105 sk\u00f3ry.<\/p>\n<p>Sk\u0142ad<br \/>\nAqua\/Water, Gluconic acid, Lactobionic acid, Glycerin, Dimethicone, Caprylic\/Capric triglyceride, Glucose: Chondrus Crispus: Xanthan Gum, C-13-14 Isoparaffin: Laureth-7, Butyrospermum parkii (Shea Butter), Stearyl Alcohol, Cetyl Alcohol, Tocopheryl acetate, Retinyl Palmitate, Allantoin, Celeth-20, Propylene Glycol, Disodium EDTA, Diazolidinyl urea, Methylparaben, Propylparaben, Potassium hydroxide.<\/p>\n<p>Informacje o producencie<br \/>\nLINKDERMA SL.<\/p>\n","protected":false},"excerpt":{"rendered":"<p>Nawil\u017caj\u0105co-regeneruj\u0105cy krem na co dzie\u0144 z kompleksem witaminowym<\/p>\n","protected":false},"featured_media":2867,"comment_status":"open","ping_status":"closed","template":"","meta":{"_acf_changed":false},"product_brand":[],"product_cat":[103],"product_tag":[],"class_list":{"0":"post-1835","1":"product","2":"type-product","3":"status-publish","4":"has-post-thumbnail","6":"product_cat-codzienna-pielegnacja","8":"first","9":"outofstock","10":"taxable","11":"shipping-taxable","12":"purchasable","13":"product-type-simple"},"acf":[],"yoast_head":"<!-- This site is optimized with the Yoast SEO plugin v27.4 - https:\/\/yoast.com\/product\/yoast-seo-wordpress\/ -->\n<title>md:ceuticals PHA:10Xvit Bionic Super Antioxidant Solution Krem 30 ml - SkinSolution - For You<\/title>\n<meta name=\"robots\" content=\"index, follow, max-snippet:-1, max-image-preview:large, max-video-preview:-1\" \/>\n<link rel=\"canonical\" href=\"https:\/\/skinsolution.pl\/for-you\/produkt\/pha10xvit-bionic-super-antioxidant-solution\/\" \/>\n<meta property=\"og:locale\" content=\"pl_PL\" \/>\n<meta property=\"og:type\" content=\"article\" \/>\n<meta property=\"og:title\" content=\"md:ceuticals PHA:10Xvit Bionic Super Antioxidant Solution Krem 30 ml - SkinSolution - For You\" \/>\n<meta property=\"og:description\" content=\"Nawil\u017caj\u0105co-regeneruj\u0105cy krem na co dzie\u0144 z kompleksem witaminowym\" \/>\n<meta property=\"og:url\" content=\"https:\/\/skinsolution.pl\/for-you\/produkt\/pha10xvit-bionic-super-antioxidant-solution\/\" \/>\n<meta property=\"og:site_name\" content=\"SkinSolution - For You\" \/>\n<meta property=\"article:publisher\" content=\"https:\/\/www.facebook.com\/SkinSolutionPoland\/\" \/>\n<meta property=\"article:modified_time\" content=\"2025-09-04T08:47:52+00:00\" \/>\n<meta property=\"og:image\" content=\"https:\/\/skinsolution.pl\/for-you\/wp-content\/uploads\/sites\/2\/2024\/08\/fcaeb172233b28415937314b24ac4a1b-1.png\" \/>\n\t<meta property=\"og:image:width\" content=\"2048\" \/>\n\t<meta property=\"og:image:height\" content=\"2048\" \/>\n\t<meta property=\"og:image:type\" content=\"image\/png\" \/>\n<meta name=\"twitter:card\" content=\"summary_large_image\" \/>\n<meta name=\"twitter:label1\" content=\"Szacowany czas czytania\" \/>\n\t<meta name=\"twitter:data1\" content=\"2 minuty\" \/>\n<script type=\"application\/ld+json\" class=\"yoast-schema-graph\">{\"@context\":\"https:\\\/\\\/schema.org\",\"@graph\":[{\"@type\":\"WebPage\",\"@id\":\"https:\\\/\\\/skinsolution.pl\\\/for-you\\\/produkt\\\/pha10xvit-bionic-super-antioxidant-solution\\\/\",\"url\":\"https:\\\/\\\/skinsolution.pl\\\/for-you\\\/produkt\\\/pha10xvit-bionic-super-antioxidant-solution\\\/\",\"name\":\"md:ceuticals PHA:10Xvit Bionic Super Antioxidant Solution Krem 30 ml - SkinSolution - For You\",\"isPartOf\":{\"@id\":\"https:\\\/\\\/skinsolution.pl\\\/for-you\\\/#website\"},\"primaryImageOfPage\":{\"@id\":\"https:\\\/\\\/skinsolution.pl\\\/for-you\\\/produkt\\\/pha10xvit-bionic-super-antioxidant-solution\\\/#primaryimage\"},\"image\":{\"@id\":\"https:\\\/\\\/skinsolution.pl\\\/for-you\\\/produkt\\\/pha10xvit-bionic-super-antioxidant-solution\\\/#primaryimage\"},\"thumbnailUrl\":\"https:\\\/\\\/skinsolution.pl\\\/for-you\\\/wp-content\\\/uploads\\\/sites\\\/2\\\/2024\\\/08\\\/fcaeb172233b28415937314b24ac4a1b-1.png\",\"datePublished\":\"2023-12-13T11:26:18+00:00\",\"dateModified\":\"2025-09-04T08:47:52+00:00\",\"breadcrumb\":{\"@id\":\"https:\\\/\\\/skinsolution.pl\\\/for-you\\\/produkt\\\/pha10xvit-bionic-super-antioxidant-solution\\\/#breadcrumb\"},\"inLanguage\":\"pl-PL\",\"potentialAction\":[{\"@type\":\"ReadAction\",\"target\":[\"https:\\\/\\\/skinsolution.pl\\\/for-you\\\/produkt\\\/pha10xvit-bionic-super-antioxidant-solution\\\/\"]}]},{\"@type\":\"ImageObject\",\"inLanguage\":\"pl-PL\",\"@id\":\"https:\\\/\\\/skinsolution.pl\\\/for-you\\\/produkt\\\/pha10xvit-bionic-super-antioxidant-solution\\\/#primaryimage\",\"url\":\"https:\\\/\\\/skinsolution.pl\\\/for-you\\\/wp-content\\\/uploads\\\/sites\\\/2\\\/2024\\\/08\\\/fcaeb172233b28415937314b24ac4a1b-1.png\",\"contentUrl\":\"https:\\\/\\\/skinsolution.pl\\\/for-you\\\/wp-content\\\/uploads\\\/sites\\\/2\\\/2024\\\/08\\\/fcaeb172233b28415937314b24ac4a1b-1.png\",\"width\":2048,\"height\":2048},{\"@type\":\"BreadcrumbList\",\"@id\":\"https:\\\/\\\/skinsolution.pl\\\/for-you\\\/produkt\\\/pha10xvit-bionic-super-antioxidant-solution\\\/#breadcrumb\",\"itemListElement\":[{\"@type\":\"ListItem\",\"position\":1,\"name\":\"Strona g\u0142\u00f3wna\",\"item\":\"https:\\\/\\\/skinsolution.pl\\\/for-you\\\/\"},{\"@type\":\"ListItem\",\"position\":2,\"name\":\"Sklep\",\"item\":\"https:\\\/\\\/skinsolution.pl\\\/for-you\\\/sklep\\\/\"},{\"@type\":\"ListItem\",\"position\":3,\"name\":\"md:ceuticals PHA:10Xvit Bionic Super Antioxidant Solution Krem 30 ml\"}]},{\"@type\":\"WebSite\",\"@id\":\"https:\\\/\\\/skinsolution.pl\\\/for-you\\\/#website\",\"url\":\"https:\\\/\\\/skinsolution.pl\\\/for-you\\\/\",\"name\":\"SkinSolution | For You\",\"description\":\"\",\"publisher\":{\"@id\":\"https:\\\/\\\/skinsolution.pl\\\/for-you\\\/#organization\"},\"potentialAction\":[{\"@type\":\"SearchAction\",\"target\":{\"@type\":\"EntryPoint\",\"urlTemplate\":\"https:\\\/\\\/skinsolution.pl\\\/for-you\\\/?s={search_term_string}\"},\"query-input\":{\"@type\":\"PropertyValueSpecification\",\"valueRequired\":true,\"valueName\":\"search_term_string\"}}],\"inLanguage\":\"pl-PL\"},{\"@type\":\"Organization\",\"@id\":\"https:\\\/\\\/skinsolution.pl\\\/for-you\\\/#organization\",\"name\":\"SkinSolution | For You\",\"url\":\"https:\\\/\\\/skinsolution.pl\\\/for-you\\\/\",\"logo\":{\"@type\":\"ImageObject\",\"inLanguage\":\"pl-PL\",\"@id\":\"https:\\\/\\\/skinsolution.pl\\\/for-you\\\/#\\\/schema\\\/logo\\\/image\\\/\",\"url\":\"https:\\\/\\\/skinsolution.pl\\\/for-you\\\/wp-content\\\/uploads\\\/sites\\\/2\\\/2025\\\/03\\\/SkinSolution_Black2.png\",\"contentUrl\":\"https:\\\/\\\/skinsolution.pl\\\/for-you\\\/wp-content\\\/uploads\\\/sites\\\/2\\\/2025\\\/03\\\/SkinSolution_Black2.png\",\"width\":512,\"height\":512,\"caption\":\"SkinSolution | For You\"},\"image\":{\"@id\":\"https:\\\/\\\/skinsolution.pl\\\/for-you\\\/#\\\/schema\\\/logo\\\/image\\\/\"},\"sameAs\":[\"https:\\\/\\\/www.facebook.com\\\/SkinSolutionPoland\\\/\",\"https:\\\/\\\/www.instagram.com\\\/skinsolution.pl\\\/\"]}]}<\/script>\n<!-- \/ Yoast SEO plugin. -->","yoast_head_json":{"title":"md:ceuticals PHA:10Xvit Bionic Super Antioxidant Solution Krem 30 ml - SkinSolution - For You","robots":{"index":"index","follow":"follow","max-snippet":"max-snippet:-1","max-image-preview":"max-image-preview:large","max-video-preview":"max-video-preview:-1"},"canonical":"https:\/\/skinsolution.pl\/for-you\/produkt\/pha10xvit-bionic-super-antioxidant-solution\/","og_locale":"pl_PL","og_type":"article","og_title":"md:ceuticals PHA:10Xvit Bionic Super Antioxidant Solution Krem 30 ml - SkinSolution - For You","og_description":"Nawil\u017caj\u0105co-regeneruj\u0105cy krem na co dzie\u0144 z kompleksem witaminowym","og_url":"https:\/\/skinsolution.pl\/for-you\/produkt\/pha10xvit-bionic-super-antioxidant-solution\/","og_site_name":"SkinSolution - For You","article_publisher":"https:\/\/www.facebook.com\/SkinSolutionPoland\/","article_modified_time":"2025-09-04T08:47:52+00:00","og_image":[{"width":2048,"height":2048,"url":"https:\/\/skinsolution.pl\/for-you\/wp-content\/uploads\/sites\/2\/2024\/08\/fcaeb172233b28415937314b24ac4a1b-1.png","type":"image\/png"}],"twitter_card":"summary_large_image","twitter_misc":{"Szacowany czas czytania":"2 minuty"},"schema":{"@context":"https:\/\/schema.org","@graph":[{"@type":"WebPage","@id":"https:\/\/skinsolution.pl\/for-you\/produkt\/pha10xvit-bionic-super-antioxidant-solution\/","url":"https:\/\/skinsolution.pl\/for-you\/produkt\/pha10xvit-bionic-super-antioxidant-solution\/","name":"md:ceuticals PHA:10Xvit Bionic Super Antioxidant Solution Krem 30 ml - SkinSolution - For You","isPartOf":{"@id":"https:\/\/skinsolution.pl\/for-you\/#website"},"primaryImageOfPage":{"@id":"https:\/\/skinsolution.pl\/for-you\/produkt\/pha10xvit-bionic-super-antioxidant-solution\/#primaryimage"},"image":{"@id":"https:\/\/skinsolution.pl\/for-you\/produkt\/pha10xvit-bionic-super-antioxidant-solution\/#primaryimage"},"thumbnailUrl":"https:\/\/skinsolution.pl\/for-you\/wp-content\/uploads\/sites\/2\/2024\/08\/fcaeb172233b28415937314b24ac4a1b-1.png","datePublished":"2023-12-13T11:26:18+00:00","dateModified":"2025-09-04T08:47:52+00:00","breadcrumb":{"@id":"https:\/\/skinsolution.pl\/for-you\/produkt\/pha10xvit-bionic-super-antioxidant-solution\/#breadcrumb"},"inLanguage":"pl-PL","potentialAction":[{"@type":"ReadAction","target":["https:\/\/skinsolution.pl\/for-you\/produkt\/pha10xvit-bionic-super-antioxidant-solution\/"]}]},{"@type":"ImageObject","inLanguage":"pl-PL","@id":"https:\/\/skinsolution.pl\/for-you\/produkt\/pha10xvit-bionic-super-antioxidant-solution\/#primaryimage","url":"https:\/\/skinsolution.pl\/for-you\/wp-content\/uploads\/sites\/2\/2024\/08\/fcaeb172233b28415937314b24ac4a1b-1.png","contentUrl":"https:\/\/skinsolution.pl\/for-you\/wp-content\/uploads\/sites\/2\/2024\/08\/fcaeb172233b28415937314b24ac4a1b-1.png","width":2048,"height":2048},{"@type":"BreadcrumbList","@id":"https:\/\/skinsolution.pl\/for-you\/produkt\/pha10xvit-bionic-super-antioxidant-solution\/#breadcrumb","itemListElement":[{"@type":"ListItem","position":1,"name":"Strona g\u0142\u00f3wna","item":"https:\/\/skinsolution.pl\/for-you\/"},{"@type":"ListItem","position":2,"name":"Sklep","item":"https:\/\/skinsolution.pl\/for-you\/sklep\/"},{"@type":"ListItem","position":3,"name":"md:ceuticals PHA:10Xvit Bionic Super Antioxidant Solution Krem 30 ml"}]},{"@type":"WebSite","@id":"https:\/\/skinsolution.pl\/for-you\/#website","url":"https:\/\/skinsolution.pl\/for-you\/","name":"SkinSolution | For You","description":"","publisher":{"@id":"https:\/\/skinsolution.pl\/for-you\/#organization"},"potentialAction":[{"@type":"SearchAction","target":{"@type":"EntryPoint","urlTemplate":"https:\/\/skinsolution.pl\/for-you\/?s={search_term_string}"},"query-input":{"@type":"PropertyValueSpecification","valueRequired":true,"valueName":"search_term_string"}}],"inLanguage":"pl-PL"},{"@type":"Organization","@id":"https:\/\/skinsolution.pl\/for-you\/#organization","name":"SkinSolution | For You","url":"https:\/\/skinsolution.pl\/for-you\/","logo":{"@type":"ImageObject","inLanguage":"pl-PL","@id":"https:\/\/skinsolution.pl\/for-you\/#\/schema\/logo\/image\/","url":"https:\/\/skinsolution.pl\/for-you\/wp-content\/uploads\/sites\/2\/2025\/03\/SkinSolution_Black2.png","contentUrl":"https:\/\/skinsolution.pl\/for-you\/wp-content\/uploads\/sites\/2\/2025\/03\/SkinSolution_Black2.png","width":512,"height":512,"caption":"SkinSolution | For You"},"image":{"@id":"https:\/\/skinsolution.pl\/for-you\/#\/schema\/logo\/image\/"},"sameAs":["https:\/\/www.facebook.com\/SkinSolutionPoland\/","https:\/\/www.instagram.com\/skinsolution.pl\/"]}]}},"_links":{"self":[{"href":"https:\/\/skinsolution.pl\/for-you\/wp-json\/wp\/v2\/product\/1835","targetHints":{"allow":["GET"]}}],"collection":[{"href":"https:\/\/skinsolution.pl\/for-you\/wp-json\/wp\/v2\/product"}],"about":[{"href":"https:\/\/skinsolution.pl\/for-you\/wp-json\/wp\/v2\/types\/product"}],"replies":[{"embeddable":true,"href":"https:\/\/skinsolution.pl\/for-you\/wp-json\/wp\/v2\/comments?post=1835"}],"wp:featuredmedia":[{"embeddable":true,"href":"https:\/\/skinsolution.pl\/for-you\/wp-json\/wp\/v2\/media\/2867"}],"wp:attachment":[{"href":"https:\/\/skinsolution.pl\/for-you\/wp-json\/wp\/v2\/media?parent=1835"}],"wp:term":[{"taxonomy":"product_brand","embeddable":true,"href":"https:\/\/skinsolution.pl\/for-you\/wp-json\/wp\/v2\/product_brand?post=1835"},{"taxonomy":"product_cat","embeddable":true,"href":"https:\/\/skinsolution.pl\/for-you\/wp-json\/wp\/v2\/product_cat?post=1835"},{"taxonomy":"product_tag","embeddable":true,"href":"https:\/\/skinsolution.pl\/for-you\/wp-json\/wp\/v2\/product_tag?post=1835"}],"curies":[{"name":"wp","href":"https:\/\/api.w.org\/{rel}","templated":true}]}}