{"id":1778,"date":"2023-12-13T12:23:19","date_gmt":"2023-12-13T11:23:19","guid":{"rendered":"https:\/\/skinsolution.imperit.pl\/for-you\/produkt\/sodermix\/"},"modified":"2025-08-30T18:37:15","modified_gmt":"2025-08-30T16:37:15","slug":"sodermix","status":"publish","type":"product","link":"https:\/\/skinsolution.pl\/for-you\/produkt\/sodermix\/","title":{"rendered":"SODERMIX\u00ae Krem na blizny 15 g"},"content":{"rendered":"<p>Krem SODERMIX\u00ae od laboratorium LSI Silderma to specjalistyczny bezsterydowy preparat zmniejszaj\u0105cy blizny hipertroficzne i keloidowe o dzia\u0142aniu nawil\u017caj\u0105cym. SODERMIX\u00ae zawiera opatentowany czynny sk\u0142adnik ro\u015blinny(psianka pomidor) bogaty w antyoksydanty, w szczeg\u00f3lno\u015bci dysmutaz\u0119 ponadtlenkow\u0105 (SOD) i katalaz\u0119.Mikrosk\u0142adniki zawarte w kremie chroni\u0105 sk\u0142adnik aktywny, kt\u00f3ry uwalniany jest po aplikacji kremu na sk\u00f3r\u0119.<br \/>\nPreparat cechuje innowacyjny spos\u00f3b dzia\u0142ania polegaj\u0105cy na zdolno\u015bci przywracania fizjologicznego poziomu wolnych rodnik\u00f3w w nask\u00f3rku.<br \/>\nMo\u017ce by\u0107 u\u017cywany w przypadku nowych blizn, przyspieszaj\u0105c ich gojenie w krytycznej, pocz\u0105tkowej fazie zapalnej. Pomaga w wyg\u0142adzaniu i dojrzewaniu starych blizn, zmniejsza ich napi\u0119cie.<br \/>\nKrem SODERMIX\u00ae znacz\u0105co zmniejsza rozmiar blizn, przywraca bliznom naturalny kolor, zmniejsza stan zapalny i zaczerwienienie, redukuje uczucie \u015bwi\u0105du i b\u00f3l.<\/p>\n<p>Spos\u00f3b u\u017cycia<br \/>\nKrem SODERMIX\u00ae nak\u0142adamy miejscowo dwa razy dziennie.Na\u0142o\u017cenie makija\u017cu jest mo\u017cliwe po ca\u0142kowitym wch\u0142oni\u0119ciu si\u0119 preparatu w g\u0142\u0105b sk\u00f3ry.<\/p>\n<p>Sk\u0142adniki aktywne<br \/>\nDysmutaza ponadtlenkowa (SOD) wykazuje silne dzia\u0142anie przeciwzapalne, przeciw-w\u0142\u00f3knieniowe i przeciw\u015bwi\u0105dowe; najsilniejszy znany dot\u0105d antyoksydant.<br \/>\nRedukuje czerwone rozst\u0119py. Wskazany w bia\u0142ych rozst\u0119pach, bliznach potr\u0105dzikowych. Zmniejsza ich wielko\u015b\u0107.<\/p>\n<p>Pojemno\u015b\u0107<br \/>\n15 g<\/p>\n<p>Sk\u0142ad<br \/>\nAqua (water), Propylene Glycol Dipelargonate, Propylene Glycol, Steraic Acid, Mineral (Paraffinum Liquidum) Oil, Glyceryl Stearate, PEG-75 Stearate, Glycol Stearate, Cetyl Palmitate, Avocado (Persea Gratissima) Oil, Tomato (Solanum Lycopersicum) Extract, Triethanolamine, Magnesium Aluminium Silicate, Cellulose Gum, Petrolatum, Methylparaben, Sorbic Acid, Xanthan Gum, Hydroxypropyltrimonium Maltodextrin Crosspolymer.<\/p>\n","protected":false},"excerpt":{"rendered":"<p>Krem poprawiaj\u0105cy wygl\u0105d blizn przerostowych i keloidowych<\/p>\n","protected":false},"featured_media":2857,"comment_status":"open","ping_status":"closed","template":"","meta":{"_acf_changed":false},"product_brand":[],"product_cat":[94],"product_tag":[],"class_list":{"0":"post-1778","1":"product","2":"type-product","3":"status-publish","4":"has-post-thumbnail","6":"product_cat-produkty-okolozabiegowe","8":"first","9":"instock","10":"taxable","11":"shipping-taxable","12":"purchasable","13":"product-type-simple"},"acf":[],"yoast_head":"<!-- This site is optimized with the Yoast SEO plugin v27.4 - https:\/\/yoast.com\/product\/yoast-seo-wordpress\/ -->\n<title>SODERMIX\u00ae Krem na blizny 15 g - SkinSolution - For You<\/title>\n<meta name=\"robots\" content=\"index, follow, max-snippet:-1, max-image-preview:large, max-video-preview:-1\" \/>\n<link rel=\"canonical\" href=\"https:\/\/skinsolution.pl\/for-you\/produkt\/sodermix\/\" \/>\n<meta property=\"og:locale\" content=\"pl_PL\" \/>\n<meta property=\"og:type\" content=\"article\" \/>\n<meta property=\"og:title\" content=\"SODERMIX\u00ae Krem na blizny 15 g - SkinSolution - For You\" \/>\n<meta property=\"og:description\" content=\"Krem poprawiaj\u0105cy wygl\u0105d blizn przerostowych i keloidowych\" \/>\n<meta property=\"og:url\" content=\"https:\/\/skinsolution.pl\/for-you\/produkt\/sodermix\/\" \/>\n<meta property=\"og:site_name\" content=\"SkinSolution - For You\" \/>\n<meta property=\"article:publisher\" content=\"https:\/\/www.facebook.com\/SkinSolutionPoland\/\" \/>\n<meta property=\"article:modified_time\" content=\"2025-08-30T16:37:15+00:00\" \/>\n<meta property=\"og:image\" content=\"https:\/\/skinsolution.pl\/for-you\/wp-content\/uploads\/sites\/2\/2024\/08\/bf03c6aed87804a8fbc6cbce0c8c4c7f-2.png\" \/>\n\t<meta property=\"og:image:width\" content=\"2048\" \/>\n\t<meta property=\"og:image:height\" content=\"2048\" \/>\n\t<meta property=\"og:image:type\" content=\"image\/png\" \/>\n<meta name=\"twitter:card\" content=\"summary_large_image\" \/>\n<meta name=\"twitter:label1\" content=\"Szacowany czas czytania\" \/>\n\t<meta name=\"twitter:data1\" content=\"2 minuty\" \/>\n<script type=\"application\/ld+json\" class=\"yoast-schema-graph\">{\"@context\":\"https:\\\/\\\/schema.org\",\"@graph\":[{\"@type\":\"WebPage\",\"@id\":\"https:\\\/\\\/skinsolution.pl\\\/for-you\\\/produkt\\\/sodermix\\\/\",\"url\":\"https:\\\/\\\/skinsolution.pl\\\/for-you\\\/produkt\\\/sodermix\\\/\",\"name\":\"SODERMIX\u00ae Krem na blizny 15 g - SkinSolution - For You\",\"isPartOf\":{\"@id\":\"https:\\\/\\\/skinsolution.pl\\\/for-you\\\/#website\"},\"primaryImageOfPage\":{\"@id\":\"https:\\\/\\\/skinsolution.pl\\\/for-you\\\/produkt\\\/sodermix\\\/#primaryimage\"},\"image\":{\"@id\":\"https:\\\/\\\/skinsolution.pl\\\/for-you\\\/produkt\\\/sodermix\\\/#primaryimage\"},\"thumbnailUrl\":\"https:\\\/\\\/skinsolution.pl\\\/for-you\\\/wp-content\\\/uploads\\\/sites\\\/2\\\/2024\\\/08\\\/bf03c6aed87804a8fbc6cbce0c8c4c7f-2.png\",\"datePublished\":\"2023-12-13T11:23:19+00:00\",\"dateModified\":\"2025-08-30T16:37:15+00:00\",\"breadcrumb\":{\"@id\":\"https:\\\/\\\/skinsolution.pl\\\/for-you\\\/produkt\\\/sodermix\\\/#breadcrumb\"},\"inLanguage\":\"pl-PL\",\"potentialAction\":[{\"@type\":\"ReadAction\",\"target\":[\"https:\\\/\\\/skinsolution.pl\\\/for-you\\\/produkt\\\/sodermix\\\/\"]}]},{\"@type\":\"ImageObject\",\"inLanguage\":\"pl-PL\",\"@id\":\"https:\\\/\\\/skinsolution.pl\\\/for-you\\\/produkt\\\/sodermix\\\/#primaryimage\",\"url\":\"https:\\\/\\\/skinsolution.pl\\\/for-you\\\/wp-content\\\/uploads\\\/sites\\\/2\\\/2024\\\/08\\\/bf03c6aed87804a8fbc6cbce0c8c4c7f-2.png\",\"contentUrl\":\"https:\\\/\\\/skinsolution.pl\\\/for-you\\\/wp-content\\\/uploads\\\/sites\\\/2\\\/2024\\\/08\\\/bf03c6aed87804a8fbc6cbce0c8c4c7f-2.png\",\"width\":2048,\"height\":2048},{\"@type\":\"BreadcrumbList\",\"@id\":\"https:\\\/\\\/skinsolution.pl\\\/for-you\\\/produkt\\\/sodermix\\\/#breadcrumb\",\"itemListElement\":[{\"@type\":\"ListItem\",\"position\":1,\"name\":\"Strona g\u0142\u00f3wna\",\"item\":\"https:\\\/\\\/skinsolution.pl\\\/for-you\\\/\"},{\"@type\":\"ListItem\",\"position\":2,\"name\":\"Sklep\",\"item\":\"https:\\\/\\\/skinsolution.pl\\\/for-you\\\/sklep\\\/\"},{\"@type\":\"ListItem\",\"position\":3,\"name\":\"SODERMIX\u00ae Krem na blizny 15 g\"}]},{\"@type\":\"WebSite\",\"@id\":\"https:\\\/\\\/skinsolution.pl\\\/for-you\\\/#website\",\"url\":\"https:\\\/\\\/skinsolution.pl\\\/for-you\\\/\",\"name\":\"SkinSolution | For You\",\"description\":\"\",\"publisher\":{\"@id\":\"https:\\\/\\\/skinsolution.pl\\\/for-you\\\/#organization\"},\"potentialAction\":[{\"@type\":\"SearchAction\",\"target\":{\"@type\":\"EntryPoint\",\"urlTemplate\":\"https:\\\/\\\/skinsolution.pl\\\/for-you\\\/?s={search_term_string}\"},\"query-input\":{\"@type\":\"PropertyValueSpecification\",\"valueRequired\":true,\"valueName\":\"search_term_string\"}}],\"inLanguage\":\"pl-PL\"},{\"@type\":\"Organization\",\"@id\":\"https:\\\/\\\/skinsolution.pl\\\/for-you\\\/#organization\",\"name\":\"SkinSolution | For You\",\"url\":\"https:\\\/\\\/skinsolution.pl\\\/for-you\\\/\",\"logo\":{\"@type\":\"ImageObject\",\"inLanguage\":\"pl-PL\",\"@id\":\"https:\\\/\\\/skinsolution.pl\\\/for-you\\\/#\\\/schema\\\/logo\\\/image\\\/\",\"url\":\"https:\\\/\\\/skinsolution.pl\\\/for-you\\\/wp-content\\\/uploads\\\/sites\\\/2\\\/2025\\\/03\\\/SkinSolution_Black2.png\",\"contentUrl\":\"https:\\\/\\\/skinsolution.pl\\\/for-you\\\/wp-content\\\/uploads\\\/sites\\\/2\\\/2025\\\/03\\\/SkinSolution_Black2.png\",\"width\":512,\"height\":512,\"caption\":\"SkinSolution | For You\"},\"image\":{\"@id\":\"https:\\\/\\\/skinsolution.pl\\\/for-you\\\/#\\\/schema\\\/logo\\\/image\\\/\"},\"sameAs\":[\"https:\\\/\\\/www.facebook.com\\\/SkinSolutionPoland\\\/\",\"https:\\\/\\\/www.instagram.com\\\/skinsolution.pl\\\/\"]}]}<\/script>\n<!-- \/ Yoast SEO plugin. -->","yoast_head_json":{"title":"SODERMIX\u00ae Krem na blizny 15 g - SkinSolution - For You","robots":{"index":"index","follow":"follow","max-snippet":"max-snippet:-1","max-image-preview":"max-image-preview:large","max-video-preview":"max-video-preview:-1"},"canonical":"https:\/\/skinsolution.pl\/for-you\/produkt\/sodermix\/","og_locale":"pl_PL","og_type":"article","og_title":"SODERMIX\u00ae Krem na blizny 15 g - SkinSolution - For You","og_description":"Krem poprawiaj\u0105cy wygl\u0105d blizn przerostowych i keloidowych","og_url":"https:\/\/skinsolution.pl\/for-you\/produkt\/sodermix\/","og_site_name":"SkinSolution - For You","article_publisher":"https:\/\/www.facebook.com\/SkinSolutionPoland\/","article_modified_time":"2025-08-30T16:37:15+00:00","og_image":[{"width":2048,"height":2048,"url":"https:\/\/skinsolution.pl\/for-you\/wp-content\/uploads\/sites\/2\/2024\/08\/bf03c6aed87804a8fbc6cbce0c8c4c7f-2.png","type":"image\/png"}],"twitter_card":"summary_large_image","twitter_misc":{"Szacowany czas czytania":"2 minuty"},"schema":{"@context":"https:\/\/schema.org","@graph":[{"@type":"WebPage","@id":"https:\/\/skinsolution.pl\/for-you\/produkt\/sodermix\/","url":"https:\/\/skinsolution.pl\/for-you\/produkt\/sodermix\/","name":"SODERMIX\u00ae Krem na blizny 15 g - SkinSolution - For You","isPartOf":{"@id":"https:\/\/skinsolution.pl\/for-you\/#website"},"primaryImageOfPage":{"@id":"https:\/\/skinsolution.pl\/for-you\/produkt\/sodermix\/#primaryimage"},"image":{"@id":"https:\/\/skinsolution.pl\/for-you\/produkt\/sodermix\/#primaryimage"},"thumbnailUrl":"https:\/\/skinsolution.pl\/for-you\/wp-content\/uploads\/sites\/2\/2024\/08\/bf03c6aed87804a8fbc6cbce0c8c4c7f-2.png","datePublished":"2023-12-13T11:23:19+00:00","dateModified":"2025-08-30T16:37:15+00:00","breadcrumb":{"@id":"https:\/\/skinsolution.pl\/for-you\/produkt\/sodermix\/#breadcrumb"},"inLanguage":"pl-PL","potentialAction":[{"@type":"ReadAction","target":["https:\/\/skinsolution.pl\/for-you\/produkt\/sodermix\/"]}]},{"@type":"ImageObject","inLanguage":"pl-PL","@id":"https:\/\/skinsolution.pl\/for-you\/produkt\/sodermix\/#primaryimage","url":"https:\/\/skinsolution.pl\/for-you\/wp-content\/uploads\/sites\/2\/2024\/08\/bf03c6aed87804a8fbc6cbce0c8c4c7f-2.png","contentUrl":"https:\/\/skinsolution.pl\/for-you\/wp-content\/uploads\/sites\/2\/2024\/08\/bf03c6aed87804a8fbc6cbce0c8c4c7f-2.png","width":2048,"height":2048},{"@type":"BreadcrumbList","@id":"https:\/\/skinsolution.pl\/for-you\/produkt\/sodermix\/#breadcrumb","itemListElement":[{"@type":"ListItem","position":1,"name":"Strona g\u0142\u00f3wna","item":"https:\/\/skinsolution.pl\/for-you\/"},{"@type":"ListItem","position":2,"name":"Sklep","item":"https:\/\/skinsolution.pl\/for-you\/sklep\/"},{"@type":"ListItem","position":3,"name":"SODERMIX\u00ae Krem na blizny 15 g"}]},{"@type":"WebSite","@id":"https:\/\/skinsolution.pl\/for-you\/#website","url":"https:\/\/skinsolution.pl\/for-you\/","name":"SkinSolution | For You","description":"","publisher":{"@id":"https:\/\/skinsolution.pl\/for-you\/#organization"},"potentialAction":[{"@type":"SearchAction","target":{"@type":"EntryPoint","urlTemplate":"https:\/\/skinsolution.pl\/for-you\/?s={search_term_string}"},"query-input":{"@type":"PropertyValueSpecification","valueRequired":true,"valueName":"search_term_string"}}],"inLanguage":"pl-PL"},{"@type":"Organization","@id":"https:\/\/skinsolution.pl\/for-you\/#organization","name":"SkinSolution | For You","url":"https:\/\/skinsolution.pl\/for-you\/","logo":{"@type":"ImageObject","inLanguage":"pl-PL","@id":"https:\/\/skinsolution.pl\/for-you\/#\/schema\/logo\/image\/","url":"https:\/\/skinsolution.pl\/for-you\/wp-content\/uploads\/sites\/2\/2025\/03\/SkinSolution_Black2.png","contentUrl":"https:\/\/skinsolution.pl\/for-you\/wp-content\/uploads\/sites\/2\/2025\/03\/SkinSolution_Black2.png","width":512,"height":512,"caption":"SkinSolution | For You"},"image":{"@id":"https:\/\/skinsolution.pl\/for-you\/#\/schema\/logo\/image\/"},"sameAs":["https:\/\/www.facebook.com\/SkinSolutionPoland\/","https:\/\/www.instagram.com\/skinsolution.pl\/"]}]}},"_links":{"self":[{"href":"https:\/\/skinsolution.pl\/for-you\/wp-json\/wp\/v2\/product\/1778","targetHints":{"allow":["GET"]}}],"collection":[{"href":"https:\/\/skinsolution.pl\/for-you\/wp-json\/wp\/v2\/product"}],"about":[{"href":"https:\/\/skinsolution.pl\/for-you\/wp-json\/wp\/v2\/types\/product"}],"replies":[{"embeddable":true,"href":"https:\/\/skinsolution.pl\/for-you\/wp-json\/wp\/v2\/comments?post=1778"}],"wp:featuredmedia":[{"embeddable":true,"href":"https:\/\/skinsolution.pl\/for-you\/wp-json\/wp\/v2\/media\/2857"}],"wp:attachment":[{"href":"https:\/\/skinsolution.pl\/for-you\/wp-json\/wp\/v2\/media?parent=1778"}],"wp:term":[{"taxonomy":"product_brand","embeddable":true,"href":"https:\/\/skinsolution.pl\/for-you\/wp-json\/wp\/v2\/product_brand?post=1778"},{"taxonomy":"product_cat","embeddable":true,"href":"https:\/\/skinsolution.pl\/for-you\/wp-json\/wp\/v2\/product_cat?post=1778"},{"taxonomy":"product_tag","embeddable":true,"href":"https:\/\/skinsolution.pl\/for-you\/wp-json\/wp\/v2\/product_tag?post=1778"}],"curies":[{"name":"wp","href":"https:\/\/api.w.org\/{rel}","templated":true}]}}