{"id":1771,"date":"2023-12-13T12:23:06","date_gmt":"2023-12-13T11:23:06","guid":{"rendered":"https:\/\/skinsolution.imperit.pl\/for-you\/produkt\/tranacix\/"},"modified":"2026-04-09T14:07:35","modified_gmt":"2026-04-09T12:07:35","slug":"tranacix","status":"publish","type":"product","link":"https:\/\/skinsolution.pl\/for-you\/produkt\/tranacix\/","title":{"rendered":"TRANACIX\u00ae Krem na Przebarwienia 30 g"},"content":{"rendered":"<p>Krem TRANACIX\u00ae od laboratorium LSI Silderma to aktywny specjalistyczny preparat stopniowo oddzia\u0142uj\u0105cy na plamy pigmentacyjne widoczne na naszej sk\u00f3rze, pozwalaj\u0105cy na skuteczne i trwa\u0142e pozbycie si\u0119 przebarwie\u0144. Krem ma niezwykle silne dzia\u0142anie depigmentacyjne, wyra\u017anie ujednolica koloryt sk\u00f3ry, nadaj\u0105c jej blask i zdrowy wygl\u0105d. Hamuje mechanizmy odpowiedzialne za powstawanie przebarwie\u0144, a tak\u017ce zmniejszenia ryzyko pojawienia si\u0119 kolejnych.<br \/>\nSwoj\u0105 nazw\u0119 zawdzi\u0119cza jednemu z najskuteczniejszych \u015brodk\u00f3w do walki z przebarwieniami \u2013 kwasowi traneksamowemu, kt\u00f3rego w swoim sk\u0142adzie zawiera a\u017c 3%.<br \/>\nKwas ten nie tylko reguluje koloryt sk\u00f3ry, ale dzia\u0142a na nasz\u0105 cer\u0119 kompleksowo: redukuje zaczerwienienia, reguluje koloryt sk\u00f3ry, przywraca odpowiedni\u0105 kondycj\u0119 sk\u00f3ry, \u0142agodzi podra\u017cnienia, intensywnie nawil\u017ca, redukuje drobne zmarszczki, a tak\u017ce wyra\u017anie poprawia elastyczno\u015b\u0107 i j\u0119drno\u015b\u0107 sk\u00f3ry.<\/p>\n<p>Spos\u00f3b u\u017cycia<br \/>\nKrem nak\u0142adamy na idealnie czyst\u0105 sk\u00f3r\u0119 na obszary, gdzie wyst\u0119puj\u0105 przebarwienia dwa razy dziennie: rano i na noc. Niewielk\u0105 ilo\u015b\u0107 kremu nanosimy w miejsce zmian i delikatnie wmasowujemy okr\u0119\u017cnymi ruchami a\u017c do ca\u0142kowitego wch\u0142oni\u0119cia preparatu w g\u0142\u0105b sk\u00f3ry. Dzi\u0119ki jego lekkiej konsystencji, krem z powodzeniem mo\u017ce by\u0107 stosowany pod makija\u017c.<br \/>\nW celu osi\u0105gni\u0119cia optymalnych rezultat\u00f3w preparatu nale\u017cy u\u017cywa\u0107 przez 3 miesi\u0105ce.<\/p>\n<p>Sk\u0142adniki aktywne<br \/>\nKwas traneksamowy \u2013 to najsilniejsza substancja czynna do walki z przebarwieniami:<br \/>\nRozja\u015bnia cer\u0119, redukuje widoczno\u015b\u0107 blizn;<br \/>\nHamuje syntez\u0119 melaniny blokuj\u0105c interakcj\u0119 melanocyt\u00f3w i keranocyt\u00f3w poprzez dezaktywacj\u0119 plazminy;<br \/>\nZapobiega pigmentacji wywo\u0142anej promieniowaniem UV;<br \/>\nJedyny zwi\u0105zek, kt\u00f3ry mo\u017ce zmniejszy\u0107 prawdopodobie\u0144stwo nawrotu melazmy.<\/p>\n<p>Pojemno\u015b\u0107<br \/>\n30 g<\/p>\n<p>Sk\u0142ad<br \/>\nAqua (water), Diiosopropyl Adipate, Dicaprylyl Carnonate, Ethylhexyl Methoxycinnamate, Glycerin, Methylene bis-benzotriazolyl, Tetramethylobutylphenol [nano], Tranexamic Acid, Butylene Glycol, Dicaprylate\/dicaprate, Pentylene Glycol, Cetyl Alcohol, Glyceryl Stearate, Peg-100 Stearate, Steareth-21, Magnesium Aluminum Silicate, Diethyloamino hydroxybenzoyl hexyl benzoate, Ethylhexyl Triazone, Silica, Decyl Glucoside, Xanthan Gum, Ethylhexylglycerin, Chlorphenesin, Citric Acid, Sodium Levulinate, O-cymen-5-ol, Sodium Anisate, Propylene Glycol, Trocopherol.<\/p>\n","protected":false},"excerpt":{"rendered":"<p>Krem o dzia\u0142aniu intensywnie depigmentuj\u0105cym z 3% kwasem traneksamowym<\/p>\n","protected":false},"featured_media":2856,"comment_status":"open","ping_status":"closed","template":"","meta":{"_acf_changed":false},"product_brand":[],"product_cat":[100],"product_tag":[],"class_list":{"0":"post-1771","1":"product","2":"type-product","3":"status-publish","4":"has-post-thumbnail","6":"product_cat-kosmeceutyki","8":"first","9":"outofstock","10":"taxable","11":"shipping-taxable","12":"purchasable","13":"product-type-simple"},"acf":[],"yoast_head":"<!-- This site is optimized with the Yoast SEO plugin v27.4 - https:\/\/yoast.com\/product\/yoast-seo-wordpress\/ -->\n<title>TRANACIX\u00ae Krem na Przebarwienia 30 g - SkinSolution - For You<\/title>\n<meta name=\"robots\" content=\"index, follow, max-snippet:-1, max-image-preview:large, max-video-preview:-1\" \/>\n<link rel=\"canonical\" href=\"https:\/\/skinsolution.pl\/for-you\/produkt\/tranacix\/\" \/>\n<meta property=\"og:locale\" content=\"pl_PL\" \/>\n<meta property=\"og:type\" content=\"article\" \/>\n<meta property=\"og:title\" content=\"TRANACIX\u00ae Krem na Przebarwienia 30 g - SkinSolution - For You\" \/>\n<meta property=\"og:description\" content=\"Krem o dzia\u0142aniu intensywnie depigmentuj\u0105cym z 3% kwasem traneksamowym\" \/>\n<meta property=\"og:url\" content=\"https:\/\/skinsolution.pl\/for-you\/produkt\/tranacix\/\" \/>\n<meta property=\"og:site_name\" content=\"SkinSolution - For You\" \/>\n<meta property=\"article:publisher\" content=\"https:\/\/www.facebook.com\/SkinSolutionPoland\/\" \/>\n<meta property=\"article:modified_time\" content=\"2026-04-09T12:07:35+00:00\" \/>\n<meta property=\"og:image\" content=\"https:\/\/skinsolution.pl\/for-you\/wp-content\/uploads\/sites\/2\/2024\/08\/4ad8b20e8ab2063bf9551204591950c2-1.png\" \/>\n\t<meta property=\"og:image:width\" content=\"2048\" \/>\n\t<meta property=\"og:image:height\" content=\"2048\" \/>\n\t<meta property=\"og:image:type\" content=\"image\/png\" \/>\n<meta name=\"twitter:card\" content=\"summary_large_image\" \/>\n<meta name=\"twitter:label1\" content=\"Szacowany czas czytania\" \/>\n\t<meta name=\"twitter:data1\" content=\"2 minuty\" \/>\n<script type=\"application\/ld+json\" class=\"yoast-schema-graph\">{\"@context\":\"https:\\\/\\\/schema.org\",\"@graph\":[{\"@type\":\"WebPage\",\"@id\":\"https:\\\/\\\/skinsolution.pl\\\/for-you\\\/produkt\\\/tranacix\\\/\",\"url\":\"https:\\\/\\\/skinsolution.pl\\\/for-you\\\/produkt\\\/tranacix\\\/\",\"name\":\"TRANACIX\u00ae Krem na Przebarwienia 30 g - SkinSolution - For You\",\"isPartOf\":{\"@id\":\"https:\\\/\\\/skinsolution.pl\\\/for-you\\\/#website\"},\"primaryImageOfPage\":{\"@id\":\"https:\\\/\\\/skinsolution.pl\\\/for-you\\\/produkt\\\/tranacix\\\/#primaryimage\"},\"image\":{\"@id\":\"https:\\\/\\\/skinsolution.pl\\\/for-you\\\/produkt\\\/tranacix\\\/#primaryimage\"},\"thumbnailUrl\":\"https:\\\/\\\/skinsolution.pl\\\/for-you\\\/wp-content\\\/uploads\\\/sites\\\/2\\\/2024\\\/08\\\/4ad8b20e8ab2063bf9551204591950c2-1.png\",\"datePublished\":\"2023-12-13T11:23:06+00:00\",\"dateModified\":\"2026-04-09T12:07:35+00:00\",\"breadcrumb\":{\"@id\":\"https:\\\/\\\/skinsolution.pl\\\/for-you\\\/produkt\\\/tranacix\\\/#breadcrumb\"},\"inLanguage\":\"pl-PL\",\"potentialAction\":[{\"@type\":\"ReadAction\",\"target\":[\"https:\\\/\\\/skinsolution.pl\\\/for-you\\\/produkt\\\/tranacix\\\/\"]}]},{\"@type\":\"ImageObject\",\"inLanguage\":\"pl-PL\",\"@id\":\"https:\\\/\\\/skinsolution.pl\\\/for-you\\\/produkt\\\/tranacix\\\/#primaryimage\",\"url\":\"https:\\\/\\\/skinsolution.pl\\\/for-you\\\/wp-content\\\/uploads\\\/sites\\\/2\\\/2024\\\/08\\\/4ad8b20e8ab2063bf9551204591950c2-1.png\",\"contentUrl\":\"https:\\\/\\\/skinsolution.pl\\\/for-you\\\/wp-content\\\/uploads\\\/sites\\\/2\\\/2024\\\/08\\\/4ad8b20e8ab2063bf9551204591950c2-1.png\",\"width\":2048,\"height\":2048},{\"@type\":\"BreadcrumbList\",\"@id\":\"https:\\\/\\\/skinsolution.pl\\\/for-you\\\/produkt\\\/tranacix\\\/#breadcrumb\",\"itemListElement\":[{\"@type\":\"ListItem\",\"position\":1,\"name\":\"Strona g\u0142\u00f3wna\",\"item\":\"https:\\\/\\\/skinsolution.pl\\\/for-you\\\/\"},{\"@type\":\"ListItem\",\"position\":2,\"name\":\"Sklep\",\"item\":\"https:\\\/\\\/skinsolution.pl\\\/for-you\\\/sklep\\\/\"},{\"@type\":\"ListItem\",\"position\":3,\"name\":\"TRANACIX\u00ae Krem na Przebarwienia 30 g\"}]},{\"@type\":\"WebSite\",\"@id\":\"https:\\\/\\\/skinsolution.pl\\\/for-you\\\/#website\",\"url\":\"https:\\\/\\\/skinsolution.pl\\\/for-you\\\/\",\"name\":\"SkinSolution | For You\",\"description\":\"\",\"publisher\":{\"@id\":\"https:\\\/\\\/skinsolution.pl\\\/for-you\\\/#organization\"},\"potentialAction\":[{\"@type\":\"SearchAction\",\"target\":{\"@type\":\"EntryPoint\",\"urlTemplate\":\"https:\\\/\\\/skinsolution.pl\\\/for-you\\\/?s={search_term_string}\"},\"query-input\":{\"@type\":\"PropertyValueSpecification\",\"valueRequired\":true,\"valueName\":\"search_term_string\"}}],\"inLanguage\":\"pl-PL\"},{\"@type\":\"Organization\",\"@id\":\"https:\\\/\\\/skinsolution.pl\\\/for-you\\\/#organization\",\"name\":\"SkinSolution | For You\",\"url\":\"https:\\\/\\\/skinsolution.pl\\\/for-you\\\/\",\"logo\":{\"@type\":\"ImageObject\",\"inLanguage\":\"pl-PL\",\"@id\":\"https:\\\/\\\/skinsolution.pl\\\/for-you\\\/#\\\/schema\\\/logo\\\/image\\\/\",\"url\":\"https:\\\/\\\/skinsolution.pl\\\/for-you\\\/wp-content\\\/uploads\\\/sites\\\/2\\\/2025\\\/03\\\/SkinSolution_Black2.png\",\"contentUrl\":\"https:\\\/\\\/skinsolution.pl\\\/for-you\\\/wp-content\\\/uploads\\\/sites\\\/2\\\/2025\\\/03\\\/SkinSolution_Black2.png\",\"width\":512,\"height\":512,\"caption\":\"SkinSolution | For You\"},\"image\":{\"@id\":\"https:\\\/\\\/skinsolution.pl\\\/for-you\\\/#\\\/schema\\\/logo\\\/image\\\/\"},\"sameAs\":[\"https:\\\/\\\/www.facebook.com\\\/SkinSolutionPoland\\\/\",\"https:\\\/\\\/www.instagram.com\\\/skinsolution.pl\\\/\"]}]}<\/script>\n<!-- \/ Yoast SEO plugin. -->","yoast_head_json":{"title":"TRANACIX\u00ae Krem na Przebarwienia 30 g - SkinSolution - For You","robots":{"index":"index","follow":"follow","max-snippet":"max-snippet:-1","max-image-preview":"max-image-preview:large","max-video-preview":"max-video-preview:-1"},"canonical":"https:\/\/skinsolution.pl\/for-you\/produkt\/tranacix\/","og_locale":"pl_PL","og_type":"article","og_title":"TRANACIX\u00ae Krem na Przebarwienia 30 g - SkinSolution - For You","og_description":"Krem o dzia\u0142aniu intensywnie depigmentuj\u0105cym z 3% kwasem traneksamowym","og_url":"https:\/\/skinsolution.pl\/for-you\/produkt\/tranacix\/","og_site_name":"SkinSolution - For You","article_publisher":"https:\/\/www.facebook.com\/SkinSolutionPoland\/","article_modified_time":"2026-04-09T12:07:35+00:00","og_image":[{"width":2048,"height":2048,"url":"https:\/\/skinsolution.pl\/for-you\/wp-content\/uploads\/sites\/2\/2024\/08\/4ad8b20e8ab2063bf9551204591950c2-1.png","type":"image\/png"}],"twitter_card":"summary_large_image","twitter_misc":{"Szacowany czas czytania":"2 minuty"},"schema":{"@context":"https:\/\/schema.org","@graph":[{"@type":"WebPage","@id":"https:\/\/skinsolution.pl\/for-you\/produkt\/tranacix\/","url":"https:\/\/skinsolution.pl\/for-you\/produkt\/tranacix\/","name":"TRANACIX\u00ae Krem na Przebarwienia 30 g - SkinSolution - For You","isPartOf":{"@id":"https:\/\/skinsolution.pl\/for-you\/#website"},"primaryImageOfPage":{"@id":"https:\/\/skinsolution.pl\/for-you\/produkt\/tranacix\/#primaryimage"},"image":{"@id":"https:\/\/skinsolution.pl\/for-you\/produkt\/tranacix\/#primaryimage"},"thumbnailUrl":"https:\/\/skinsolution.pl\/for-you\/wp-content\/uploads\/sites\/2\/2024\/08\/4ad8b20e8ab2063bf9551204591950c2-1.png","datePublished":"2023-12-13T11:23:06+00:00","dateModified":"2026-04-09T12:07:35+00:00","breadcrumb":{"@id":"https:\/\/skinsolution.pl\/for-you\/produkt\/tranacix\/#breadcrumb"},"inLanguage":"pl-PL","potentialAction":[{"@type":"ReadAction","target":["https:\/\/skinsolution.pl\/for-you\/produkt\/tranacix\/"]}]},{"@type":"ImageObject","inLanguage":"pl-PL","@id":"https:\/\/skinsolution.pl\/for-you\/produkt\/tranacix\/#primaryimage","url":"https:\/\/skinsolution.pl\/for-you\/wp-content\/uploads\/sites\/2\/2024\/08\/4ad8b20e8ab2063bf9551204591950c2-1.png","contentUrl":"https:\/\/skinsolution.pl\/for-you\/wp-content\/uploads\/sites\/2\/2024\/08\/4ad8b20e8ab2063bf9551204591950c2-1.png","width":2048,"height":2048},{"@type":"BreadcrumbList","@id":"https:\/\/skinsolution.pl\/for-you\/produkt\/tranacix\/#breadcrumb","itemListElement":[{"@type":"ListItem","position":1,"name":"Strona g\u0142\u00f3wna","item":"https:\/\/skinsolution.pl\/for-you\/"},{"@type":"ListItem","position":2,"name":"Sklep","item":"https:\/\/skinsolution.pl\/for-you\/sklep\/"},{"@type":"ListItem","position":3,"name":"TRANACIX\u00ae Krem na Przebarwienia 30 g"}]},{"@type":"WebSite","@id":"https:\/\/skinsolution.pl\/for-you\/#website","url":"https:\/\/skinsolution.pl\/for-you\/","name":"SkinSolution | For You","description":"","publisher":{"@id":"https:\/\/skinsolution.pl\/for-you\/#organization"},"potentialAction":[{"@type":"SearchAction","target":{"@type":"EntryPoint","urlTemplate":"https:\/\/skinsolution.pl\/for-you\/?s={search_term_string}"},"query-input":{"@type":"PropertyValueSpecification","valueRequired":true,"valueName":"search_term_string"}}],"inLanguage":"pl-PL"},{"@type":"Organization","@id":"https:\/\/skinsolution.pl\/for-you\/#organization","name":"SkinSolution | For You","url":"https:\/\/skinsolution.pl\/for-you\/","logo":{"@type":"ImageObject","inLanguage":"pl-PL","@id":"https:\/\/skinsolution.pl\/for-you\/#\/schema\/logo\/image\/","url":"https:\/\/skinsolution.pl\/for-you\/wp-content\/uploads\/sites\/2\/2025\/03\/SkinSolution_Black2.png","contentUrl":"https:\/\/skinsolution.pl\/for-you\/wp-content\/uploads\/sites\/2\/2025\/03\/SkinSolution_Black2.png","width":512,"height":512,"caption":"SkinSolution | For You"},"image":{"@id":"https:\/\/skinsolution.pl\/for-you\/#\/schema\/logo\/image\/"},"sameAs":["https:\/\/www.facebook.com\/SkinSolutionPoland\/","https:\/\/www.instagram.com\/skinsolution.pl\/"]}]}},"_links":{"self":[{"href":"https:\/\/skinsolution.pl\/for-you\/wp-json\/wp\/v2\/product\/1771","targetHints":{"allow":["GET"]}}],"collection":[{"href":"https:\/\/skinsolution.pl\/for-you\/wp-json\/wp\/v2\/product"}],"about":[{"href":"https:\/\/skinsolution.pl\/for-you\/wp-json\/wp\/v2\/types\/product"}],"replies":[{"embeddable":true,"href":"https:\/\/skinsolution.pl\/for-you\/wp-json\/wp\/v2\/comments?post=1771"}],"wp:featuredmedia":[{"embeddable":true,"href":"https:\/\/skinsolution.pl\/for-you\/wp-json\/wp\/v2\/media\/2856"}],"wp:attachment":[{"href":"https:\/\/skinsolution.pl\/for-you\/wp-json\/wp\/v2\/media?parent=1771"}],"wp:term":[{"taxonomy":"product_brand","embeddable":true,"href":"https:\/\/skinsolution.pl\/for-you\/wp-json\/wp\/v2\/product_brand?post=1771"},{"taxonomy":"product_cat","embeddable":true,"href":"https:\/\/skinsolution.pl\/for-you\/wp-json\/wp\/v2\/product_cat?post=1771"},{"taxonomy":"product_tag","embeddable":true,"href":"https:\/\/skinsolution.pl\/for-you\/wp-json\/wp\/v2\/product_tag?post=1771"}],"curies":[{"name":"wp","href":"https:\/\/api.w.org\/{rel}","templated":true}]}}