{"id":4547,"date":"2026-03-25T11:53:50","date_gmt":"2026-03-25T10:53:50","guid":{"rendered":"https:\/\/skinsolution.pl\/for-professionals\/?post_type=product&#038;p=4547"},"modified":"2026-03-25T15:48:13","modified_gmt":"2026-03-25T14:48:13","slug":"igly-zelostat-35g-4-mm-10-szt","status":"publish","type":"product","link":"https:\/\/skinsolution.pl\/for-professionals\/produkt\/igly-zelostat-35g-4-mm-10-szt\/","title":{"rendered":"Ig\u0142y ZELOSTAT 35G \/ 4 mm (10 szt.)"},"content":{"rendered":"<p>Ultracienkie \u015bcianki:<br \/>\nZapewniaj\u0105 p\u0142ynne i wygodne wstrzykni\u0119cia. Dla pacjent\u00f3w oznacza to komfortowe do\u015bwiadczenie podczas zabieg\u00f3w z u\u017cyciem igie\u0142 ZELOSTAT.<\/p>\n<p>Ultraniska przestrze\u0144 martwa:<br \/>\nSpecjalnie zaprojektowana nasadka ig\u0142y minimalizuje ilo\u015b\u0107 pozosta\u0142ego p\u0142ynu. Ig\u0142y ZELOSTAT redukuj\u0105 straty do minimum.<\/p>\n<p>Ig\u0142y ZELOSTAT 35G zapewniaj\u0105 mniejszy b\u00f3l, mniejsze krwawienie i minimaln\u0105 inwazyjno\u015bci\u0105 \u2013 co\u015b, czego jeszcze nie do\u015bwiadczy\u0142e\u015b.<\/p>\n<p>Specyfikacja:<br \/>\n35G x 4 mm<\/p>\n<p>Producent:<br \/>\nAsti Corporation<\/p>\n<p>Produkt przeznaczony wy\u0142\u0105cznie do u\u017cytku profesjonalnego.<br \/>\nKupuj\u0105c ten produkt, o\u015bwiadczasz, \u017ce jeste\u015b lekarzem lub posiadasz odpowiednie kwalifikacje oraz przeszkolenie w zakresie medycyny estetycznej.<\/p>\n","protected":false},"excerpt":{"rendered":"<p>Ultracienkie \u015bciany igie\u0142 zapewniaj\u0105 p\u0142ynny i komfortowy przep\u0142yw p\u0142yn\u00f3w, a specjalnie zaprojektowana nasadka ig\u0142y o ultraniskiej przestrzeni martwej minimalizuje ilo\u015b\u0107 pozosta\u0142ego p\u0142ynu<\/p>\n","protected":false},"featured_media":3437,"comment_status":"open","ping_status":"closed","template":"","meta":{"_acf_changed":false},"product_brand":[],"product_cat":[155],"product_tag":[],"class_list":{"0":"post-4547","1":"product","2":"type-product","3":"status-publish","4":"has-post-thumbnail","6":"product_cat-akcesoria-zabiegowe","8":"first","9":"instock","10":"taxable","11":"shipping-taxable","12":"purchasable","13":"product-type-simple"},"acf":[],"yoast_head":"<!-- This site is optimized with the Yoast SEO plugin v27.4 - https:\/\/yoast.com\/product\/yoast-seo-wordpress\/ -->\n<title>Ig\u0142y ZELOSTAT 35G \/ 4 mm (10 szt.) | SkinSolution | For Professional<\/title>\n<meta name=\"robots\" content=\"index, follow, max-snippet:-1, max-image-preview:large, max-video-preview:-1\" \/>\n<link rel=\"canonical\" href=\"https:\/\/skinsolution.pl\/for-professionals\/produkt\/igly-zelostat-35g-4-mm-10-szt\/\" \/>\n<meta property=\"og:locale\" content=\"pl_PL\" \/>\n<meta property=\"og:type\" content=\"article\" \/>\n<meta property=\"og:title\" content=\"Ig\u0142y ZELOSTAT 35G \/ 4 mm (10 szt.) | SkinSolution | For Professional\" \/>\n<meta property=\"og:description\" content=\"Ultracienkie \u015bciany igie\u0142 zapewniaj\u0105 p\u0142ynny i komfortowy przep\u0142yw p\u0142yn\u00f3w, a specjalnie zaprojektowana nasadka ig\u0142y o ultraniskiej przestrzeni martwej minimalizuje ilo\u015b\u0107 pozosta\u0142ego p\u0142ynu\" \/>\n<meta property=\"og:url\" content=\"https:\/\/skinsolution.pl\/for-professionals\/produkt\/igly-zelostat-35g-4-mm-10-szt\/\" \/>\n<meta property=\"og:site_name\" content=\"SkinSolution | For Professional\" \/>\n<meta property=\"article:modified_time\" content=\"2026-03-25T14:48:13+00:00\" \/>\n<meta property=\"og:image\" content=\"https:\/\/skinsolution.pl\/for-professionals\/wp-content\/uploads\/sites\/5\/2025\/07\/04328ae1bbe15fb205359c79708a74d6.png\" \/>\n\t<meta property=\"og:image:width\" content=\"2048\" \/>\n\t<meta property=\"og:image:height\" content=\"2048\" \/>\n\t<meta property=\"og:image:type\" content=\"image\/png\" \/>\n<meta name=\"twitter:card\" content=\"summary_large_image\" \/>\n<meta name=\"twitter:label1\" content=\"Szacowany czas czytania\" \/>\n\t<meta name=\"twitter:data1\" content=\"1 minuta\" \/>\n<script type=\"application\/ld+json\" class=\"yoast-schema-graph\">{\"@context\":\"https:\\\/\\\/schema.org\",\"@graph\":[{\"@type\":\"WebPage\",\"@id\":\"https:\\\/\\\/skinsolution.pl\\\/for-professionals\\\/produkt\\\/igly-zelostat-35g-4-mm-10-szt\\\/\",\"url\":\"https:\\\/\\\/skinsolution.pl\\\/for-professionals\\\/produkt\\\/igly-zelostat-35g-4-mm-10-szt\\\/\",\"name\":\"Ig\u0142y ZELOSTAT 35G \\\/ 4 mm (10 szt.) | SkinSolution | For Professional\",\"isPartOf\":{\"@id\":\"https:\\\/\\\/skinsolution.pl\\\/for-professionals\\\/#website\"},\"primaryImageOfPage\":{\"@id\":\"https:\\\/\\\/skinsolution.pl\\\/for-professionals\\\/produkt\\\/igly-zelostat-35g-4-mm-10-szt\\\/#primaryimage\"},\"image\":{\"@id\":\"https:\\\/\\\/skinsolution.pl\\\/for-professionals\\\/produkt\\\/igly-zelostat-35g-4-mm-10-szt\\\/#primaryimage\"},\"thumbnailUrl\":\"https:\\\/\\\/skinsolution.pl\\\/for-professionals\\\/wp-content\\\/uploads\\\/sites\\\/5\\\/2025\\\/07\\\/04328ae1bbe15fb205359c79708a74d6.png\",\"datePublished\":\"2026-03-25T10:53:50+00:00\",\"dateModified\":\"2026-03-25T14:48:13+00:00\",\"breadcrumb\":{\"@id\":\"https:\\\/\\\/skinsolution.pl\\\/for-professionals\\\/produkt\\\/igly-zelostat-35g-4-mm-10-szt\\\/#breadcrumb\"},\"inLanguage\":\"pl-PL\",\"potentialAction\":[{\"@type\":\"ReadAction\",\"target\":[\"https:\\\/\\\/skinsolution.pl\\\/for-professionals\\\/produkt\\\/igly-zelostat-35g-4-mm-10-szt\\\/\"]}]},{\"@type\":\"ImageObject\",\"inLanguage\":\"pl-PL\",\"@id\":\"https:\\\/\\\/skinsolution.pl\\\/for-professionals\\\/produkt\\\/igly-zelostat-35g-4-mm-10-szt\\\/#primaryimage\",\"url\":\"https:\\\/\\\/skinsolution.pl\\\/for-professionals\\\/wp-content\\\/uploads\\\/sites\\\/5\\\/2025\\\/07\\\/04328ae1bbe15fb205359c79708a74d6.png\",\"contentUrl\":\"https:\\\/\\\/skinsolution.pl\\\/for-professionals\\\/wp-content\\\/uploads\\\/sites\\\/5\\\/2025\\\/07\\\/04328ae1bbe15fb205359c79708a74d6.png\",\"width\":2048,\"height\":2048},{\"@type\":\"BreadcrumbList\",\"@id\":\"https:\\\/\\\/skinsolution.pl\\\/for-professionals\\\/produkt\\\/igly-zelostat-35g-4-mm-10-szt\\\/#breadcrumb\",\"itemListElement\":[{\"@type\":\"ListItem\",\"position\":1,\"name\":\"Strona g\u0142\u00f3wna\",\"item\":\"https:\\\/\\\/skinsolution.pl\\\/for-professionals\\\/\"},{\"@type\":\"ListItem\",\"position\":2,\"name\":\"Sklep\",\"item\":\"https:\\\/\\\/skinsolution.pl\\\/for-professionals\\\/sklep\\\/\"},{\"@type\":\"ListItem\",\"position\":3,\"name\":\"Ig\u0142y ZELOSTAT 35G \\\/ 4 mm (10 szt.)\"}]},{\"@type\":\"WebSite\",\"@id\":\"https:\\\/\\\/skinsolution.pl\\\/for-professionals\\\/#website\",\"url\":\"https:\\\/\\\/skinsolution.pl\\\/for-professionals\\\/\",\"name\":\"SkinSolution For Professionals\",\"description\":\"\",\"publisher\":{\"@id\":\"https:\\\/\\\/skinsolution.pl\\\/for-professionals\\\/#organization\"},\"potentialAction\":[{\"@type\":\"SearchAction\",\"target\":{\"@type\":\"EntryPoint\",\"urlTemplate\":\"https:\\\/\\\/skinsolution.pl\\\/for-professionals\\\/?s={search_term_string}\"},\"query-input\":{\"@type\":\"PropertyValueSpecification\",\"valueRequired\":true,\"valueName\":\"search_term_string\"}}],\"inLanguage\":\"pl-PL\"},{\"@type\":\"Organization\",\"@id\":\"https:\\\/\\\/skinsolution.pl\\\/for-professionals\\\/#organization\",\"name\":\"SkinSolution For Professionals\",\"url\":\"https:\\\/\\\/skinsolution.pl\\\/for-professionals\\\/\",\"logo\":{\"@type\":\"ImageObject\",\"inLanguage\":\"pl-PL\",\"@id\":\"https:\\\/\\\/skinsolution.pl\\\/for-professionals\\\/#\\\/schema\\\/logo\\\/image\\\/\",\"url\":\"https:\\\/\\\/skinsolution.pl\\\/for-professionals\\\/wp-content\\\/uploads\\\/sites\\\/5\\\/2025\\\/03\\\/SkinSolution_Black2.png\",\"contentUrl\":\"https:\\\/\\\/skinsolution.pl\\\/for-professionals\\\/wp-content\\\/uploads\\\/sites\\\/5\\\/2025\\\/03\\\/SkinSolution_Black2.png\",\"width\":512,\"height\":512,\"caption\":\"SkinSolution For Professionals\"},\"image\":{\"@id\":\"https:\\\/\\\/skinsolution.pl\\\/for-professionals\\\/#\\\/schema\\\/logo\\\/image\\\/\"}}]}<\/script>\n<!-- \/ Yoast SEO plugin. -->","yoast_head_json":{"title":"Ig\u0142y ZELOSTAT 35G \/ 4 mm (10 szt.) | SkinSolution | For Professional","robots":{"index":"index","follow":"follow","max-snippet":"max-snippet:-1","max-image-preview":"max-image-preview:large","max-video-preview":"max-video-preview:-1"},"canonical":"https:\/\/skinsolution.pl\/for-professionals\/produkt\/igly-zelostat-35g-4-mm-10-szt\/","og_locale":"pl_PL","og_type":"article","og_title":"Ig\u0142y ZELOSTAT 35G \/ 4 mm (10 szt.) | SkinSolution | For Professional","og_description":"Ultracienkie \u015bciany igie\u0142 zapewniaj\u0105 p\u0142ynny i komfortowy przep\u0142yw p\u0142yn\u00f3w, a specjalnie zaprojektowana nasadka ig\u0142y o ultraniskiej przestrzeni martwej minimalizuje ilo\u015b\u0107 pozosta\u0142ego p\u0142ynu","og_url":"https:\/\/skinsolution.pl\/for-professionals\/produkt\/igly-zelostat-35g-4-mm-10-szt\/","og_site_name":"SkinSolution | For Professional","article_modified_time":"2026-03-25T14:48:13+00:00","og_image":[{"width":2048,"height":2048,"url":"https:\/\/skinsolution.pl\/for-professionals\/wp-content\/uploads\/sites\/5\/2025\/07\/04328ae1bbe15fb205359c79708a74d6.png","type":"image\/png"}],"twitter_card":"summary_large_image","twitter_misc":{"Szacowany czas czytania":"1 minuta"},"schema":{"@context":"https:\/\/schema.org","@graph":[{"@type":"WebPage","@id":"https:\/\/skinsolution.pl\/for-professionals\/produkt\/igly-zelostat-35g-4-mm-10-szt\/","url":"https:\/\/skinsolution.pl\/for-professionals\/produkt\/igly-zelostat-35g-4-mm-10-szt\/","name":"Ig\u0142y ZELOSTAT 35G \/ 4 mm (10 szt.) | SkinSolution | For Professional","isPartOf":{"@id":"https:\/\/skinsolution.pl\/for-professionals\/#website"},"primaryImageOfPage":{"@id":"https:\/\/skinsolution.pl\/for-professionals\/produkt\/igly-zelostat-35g-4-mm-10-szt\/#primaryimage"},"image":{"@id":"https:\/\/skinsolution.pl\/for-professionals\/produkt\/igly-zelostat-35g-4-mm-10-szt\/#primaryimage"},"thumbnailUrl":"https:\/\/skinsolution.pl\/for-professionals\/wp-content\/uploads\/sites\/5\/2025\/07\/04328ae1bbe15fb205359c79708a74d6.png","datePublished":"2026-03-25T10:53:50+00:00","dateModified":"2026-03-25T14:48:13+00:00","breadcrumb":{"@id":"https:\/\/skinsolution.pl\/for-professionals\/produkt\/igly-zelostat-35g-4-mm-10-szt\/#breadcrumb"},"inLanguage":"pl-PL","potentialAction":[{"@type":"ReadAction","target":["https:\/\/skinsolution.pl\/for-professionals\/produkt\/igly-zelostat-35g-4-mm-10-szt\/"]}]},{"@type":"ImageObject","inLanguage":"pl-PL","@id":"https:\/\/skinsolution.pl\/for-professionals\/produkt\/igly-zelostat-35g-4-mm-10-szt\/#primaryimage","url":"https:\/\/skinsolution.pl\/for-professionals\/wp-content\/uploads\/sites\/5\/2025\/07\/04328ae1bbe15fb205359c79708a74d6.png","contentUrl":"https:\/\/skinsolution.pl\/for-professionals\/wp-content\/uploads\/sites\/5\/2025\/07\/04328ae1bbe15fb205359c79708a74d6.png","width":2048,"height":2048},{"@type":"BreadcrumbList","@id":"https:\/\/skinsolution.pl\/for-professionals\/produkt\/igly-zelostat-35g-4-mm-10-szt\/#breadcrumb","itemListElement":[{"@type":"ListItem","position":1,"name":"Strona g\u0142\u00f3wna","item":"https:\/\/skinsolution.pl\/for-professionals\/"},{"@type":"ListItem","position":2,"name":"Sklep","item":"https:\/\/skinsolution.pl\/for-professionals\/sklep\/"},{"@type":"ListItem","position":3,"name":"Ig\u0142y ZELOSTAT 35G \/ 4 mm (10 szt.)"}]},{"@type":"WebSite","@id":"https:\/\/skinsolution.pl\/for-professionals\/#website","url":"https:\/\/skinsolution.pl\/for-professionals\/","name":"SkinSolution For Professionals","description":"","publisher":{"@id":"https:\/\/skinsolution.pl\/for-professionals\/#organization"},"potentialAction":[{"@type":"SearchAction","target":{"@type":"EntryPoint","urlTemplate":"https:\/\/skinsolution.pl\/for-professionals\/?s={search_term_string}"},"query-input":{"@type":"PropertyValueSpecification","valueRequired":true,"valueName":"search_term_string"}}],"inLanguage":"pl-PL"},{"@type":"Organization","@id":"https:\/\/skinsolution.pl\/for-professionals\/#organization","name":"SkinSolution For Professionals","url":"https:\/\/skinsolution.pl\/for-professionals\/","logo":{"@type":"ImageObject","inLanguage":"pl-PL","@id":"https:\/\/skinsolution.pl\/for-professionals\/#\/schema\/logo\/image\/","url":"https:\/\/skinsolution.pl\/for-professionals\/wp-content\/uploads\/sites\/5\/2025\/03\/SkinSolution_Black2.png","contentUrl":"https:\/\/skinsolution.pl\/for-professionals\/wp-content\/uploads\/sites\/5\/2025\/03\/SkinSolution_Black2.png","width":512,"height":512,"caption":"SkinSolution For Professionals"},"image":{"@id":"https:\/\/skinsolution.pl\/for-professionals\/#\/schema\/logo\/image\/"}}]}},"_links":{"self":[{"href":"https:\/\/skinsolution.pl\/for-professionals\/wp-json\/wp\/v2\/product\/4547","targetHints":{"allow":["GET"]}}],"collection":[{"href":"https:\/\/skinsolution.pl\/for-professionals\/wp-json\/wp\/v2\/product"}],"about":[{"href":"https:\/\/skinsolution.pl\/for-professionals\/wp-json\/wp\/v2\/types\/product"}],"replies":[{"embeddable":true,"href":"https:\/\/skinsolution.pl\/for-professionals\/wp-json\/wp\/v2\/comments?post=4547"}],"wp:featuredmedia":[{"embeddable":true,"href":"https:\/\/skinsolution.pl\/for-professionals\/wp-json\/wp\/v2\/media\/3437"}],"wp:attachment":[{"href":"https:\/\/skinsolution.pl\/for-professionals\/wp-json\/wp\/v2\/media?parent=4547"}],"wp:term":[{"taxonomy":"product_brand","embeddable":true,"href":"https:\/\/skinsolution.pl\/for-professionals\/wp-json\/wp\/v2\/product_brand?post=4547"},{"taxonomy":"product_cat","embeddable":true,"href":"https:\/\/skinsolution.pl\/for-professionals\/wp-json\/wp\/v2\/product_cat?post=4547"},{"taxonomy":"product_tag","embeddable":true,"href":"https:\/\/skinsolution.pl\/for-professionals\/wp-json\/wp\/v2\/product_tag?post=4547"}],"curies":[{"name":"wp","href":"https:\/\/api.w.org\/{rel}","templated":true}]}}