{"id":3687,"date":"2025-08-30T19:04:20","date_gmt":"2025-08-30T17:04:20","guid":{"rendered":"https:\/\/skinsolution.pl\/for-professionals\/?post_type=product&#038;p=3687"},"modified":"2025-08-30T19:04:20","modified_gmt":"2025-08-30T17:04:20","slug":"mdceuticals-cc-cream-glowbooster-flawless-skin-spf-30-krem-50-ml","status":"publish","type":"product","link":"https:\/\/skinsolution.pl\/for-professionals\/produkt\/mdceuticals-cc-cream-glowbooster-flawless-skin-spf-30-krem-50-ml\/","title":{"rendered":"md:ceuticals CC Cream GlowBooster Flawless Skin SPF 30 Krem 50 ml"},"content":{"rendered":"<p>Starzenie si\u0119 sk\u00f3ry to z\u0142o\u017cony proces biologiczny, na kt\u00f3ry wp\u0142ywa po\u0142\u0105czenie czynnik\u00f3w zewn\u0119trznych i wewn\u0119trznych. Czynniki te powoduj\u0105 skumulowane zmiany strukturalne i fizjologiczne oraz post\u0119puj\u0105ce zmiany w ka\u017cdej z warstw sk\u00f3ry, a tak\u017ce zmiany wywo\u0142ane w obszarach wystawianych na s\u0142o\u0144ce.<br \/>\nKrem CC Cream GlowBooster Flawless Skin brytyjsko-hiszpa\u0144skiego laboratorium md:ceuticals zapewnia natychmiastowe i nieskazitelne krycie, ujednolica koloryt sk\u00f3ry, maskuje niedoskona\u0142o\u015bci, g\u0142\u0119boko nawil\u017ca i roz\u015bwietla matow\u0105 sk\u00f3r\u0119, uwydatniaj\u0105c jej naturalne pi\u0119kno. Ten wielofunkcyjny produkt jednocze\u015bnie od\u017cywia, chroni, kryje oraz redukuje drobne zmarszczki, nadaj\u0105c cerze blask.<br \/>\nPonadto, dodaje sk\u00f3rze witalno\u015bci, zapewniaj\u0105c pi\u0119kny blask bez efektu maski. Naturalne rozpraszaj\u0105ce \u015bwiat\u0142o pigmenty mineralne zapewniaj\u0105 p\u00f3\u0142przezroczysty kolor promiennej i zdrowej sk\u00f3rze. Krem r\u00f3wnie\u017c koryguje zaczerwienienia, matowo\u015b\u0107 i ziemisto\u015b\u0107 sk\u00f3ry, nadaj\u0105c jej jednolity kolor.<br \/>\nDzi\u0119ki SPF30 krem chroni sk\u00f3r\u0119 przed szkodliwymi wolnymi rodnikami, promieniami UVA\/UVB i zanieczyszczeniami oraz poprawia zdolno\u015b\u0107 sk\u00f3ry do walki, unikaj\u0105c oznak przedwczesnego starzenia.<br \/>\nmd:ceuticals CC Cream GlowBooster Flawless Skin przygotowuje sk\u00f3r\u0119 do uzyskania doskona\u0142ej cery. Zecydowanie poprawia nawil\u017cenie sk\u00f3ry, zmniejsza pory, rozja\u015bnia koloryt, niweluje przebarwienia i wspomaga produkcj\u0119 kolagenu, aby sk\u00f3ra by\u0142a j\u0119drniejsza i g\u0142adsza.<br \/>\nDzi\u0119ki lekkiej konsystencji zapewnia naturalne wyko\u0144czenie makija\u017cu.<\/p>\n<p>Pojemno\u015b\u0107<br \/>\n50 ml<\/p>\n<p>Spos\u00f3b u\u017cycia<br \/>\nNale\u017cy g\u0142\u0119boko oczy\u015bci\u0107 sk\u00f3r\u0119 twarzy i usun\u0105\u0107 wszelkie \u015blady makija\u017cu<br \/>\nOdrobin\u0119 kremu rozprowadzi\u0107 na sk\u00f3rze twarzy ruchami poklepuj\u0105cymi, aby zmaksymalizowa\u0107 krycie<br \/>\nKrem nak\u0142ada\u0107 p\u0142ynnymi ruchami od wewn\u0119trznej do zewn\u0119trznych cz\u0119\u015bci twarzy<br \/>\nProces powtarza\u0107 do osi\u0105gni\u0119cia zadowalaj\u0105cego efektu krycia<br \/>\nUwaga: w przypadku sk\u00f3ry suchej lub wra\u017cliwej, przed na\u0142o\u017ceniem kremu nale\u017cy na\u0142o\u017cy\u0107 cienk\u0105 warstw\u0119 kremu md:ceuticals X:treme Skin Renewal delikatnym kolistym ruchem masuj\u0105cym, a\u017c do ca\u0142kowitego wch\u0142oni\u0119cia<br \/>\nmd:ceuticals CC Cream GlowBooster Flawless Skin jest odpowiedni dla ka\u017cdego rodzaju sk\u00f3ry.<\/p>\n<p>Sk\u0142ad<br \/>\nSoja hydrolizowana, hialuronian sodu, maltodekstryna, niacynamid, octan tokoferylu, fosforan\/askorbylu\/palmitynian askorbylu, HCL pirydoksyny, lizyna, kwas cytrynowy, pantotenat wapnia (witamina B5), sod PCA, alantoina, mleczan sodu, gliceryna, trehaloza, mocznik<\/p>\n<p>Informacje o producencie<br \/>\nLINKEDERMA, SL.<\/p>\n","protected":false},"excerpt":{"rendered":"<p>Ochrona UVA\/UVB oraz przed zanieczyszczeniami, poprawa zdolno\u015bci sk\u00f3ry do walki z przedwczesnym starzeniem<\/p>\n","protected":false},"featured_media":3688,"comment_status":"open","ping_status":"closed","template":"","meta":{"_acf_changed":false},"product_brand":[],"product_cat":[153],"product_tag":[],"class_list":{"0":"post-3687","1":"product","2":"type-product","3":"status-publish","4":"has-post-thumbnail","6":"product_cat-profesjonalna-pielegnacja","8":"first","9":"instock","10":"taxable","11":"shipping-taxable","12":"purchasable","13":"product-type-simple"},"acf":[],"yoast_head":"<!-- This site is optimized with the Yoast SEO plugin v27.4 - https:\/\/yoast.com\/product\/yoast-seo-wordpress\/ -->\n<title>md:ceuticals CC Cream GlowBooster Flawless Skin SPF 30 Krem 50 ml | SkinSolution | For Professional<\/title>\n<meta name=\"robots\" content=\"index, follow, max-snippet:-1, max-image-preview:large, max-video-preview:-1\" \/>\n<link rel=\"canonical\" href=\"https:\/\/skinsolution.pl\/for-professionals\/produkt\/mdceuticals-cc-cream-glowbooster-flawless-skin-spf-30-krem-50-ml\/\" \/>\n<meta property=\"og:locale\" content=\"pl_PL\" \/>\n<meta property=\"og:type\" content=\"article\" \/>\n<meta property=\"og:title\" content=\"md:ceuticals CC Cream GlowBooster Flawless Skin SPF 30 Krem 50 ml | SkinSolution | For Professional\" \/>\n<meta property=\"og:description\" content=\"Ochrona UVA\/UVB oraz przed zanieczyszczeniami, poprawa zdolno\u015bci sk\u00f3ry do walki z przedwczesnym starzeniem\" \/>\n<meta property=\"og:url\" content=\"https:\/\/skinsolution.pl\/for-professionals\/produkt\/mdceuticals-cc-cream-glowbooster-flawless-skin-spf-30-krem-50-ml\/\" \/>\n<meta property=\"og:site_name\" content=\"SkinSolution | For Professional\" \/>\n<meta property=\"og:image\" content=\"https:\/\/skinsolution.pl\/for-professionals\/wp-content\/uploads\/sites\/5\/2025\/08\/2ebd663d079a37bf98ee79badc371de0-1.png\" \/>\n\t<meta property=\"og:image:width\" content=\"2048\" \/>\n\t<meta property=\"og:image:height\" content=\"2048\" \/>\n\t<meta property=\"og:image:type\" content=\"image\/png\" \/>\n<meta name=\"twitter:card\" content=\"summary_large_image\" \/>\n<meta name=\"twitter:label1\" content=\"Szacowany czas czytania\" \/>\n\t<meta name=\"twitter:data1\" content=\"2 minuty\" \/>\n<script type=\"application\/ld+json\" class=\"yoast-schema-graph\">{\"@context\":\"https:\\\/\\\/schema.org\",\"@graph\":[{\"@type\":\"WebPage\",\"@id\":\"https:\\\/\\\/skinsolution.pl\\\/for-professionals\\\/produkt\\\/mdceuticals-cc-cream-glowbooster-flawless-skin-spf-30-krem-50-ml\\\/\",\"url\":\"https:\\\/\\\/skinsolution.pl\\\/for-professionals\\\/produkt\\\/mdceuticals-cc-cream-glowbooster-flawless-skin-spf-30-krem-50-ml\\\/\",\"name\":\"md:ceuticals CC Cream GlowBooster Flawless Skin SPF 30 Krem 50 ml | SkinSolution | For Professional\",\"isPartOf\":{\"@id\":\"https:\\\/\\\/skinsolution.pl\\\/for-professionals\\\/#website\"},\"primaryImageOfPage\":{\"@id\":\"https:\\\/\\\/skinsolution.pl\\\/for-professionals\\\/produkt\\\/mdceuticals-cc-cream-glowbooster-flawless-skin-spf-30-krem-50-ml\\\/#primaryimage\"},\"image\":{\"@id\":\"https:\\\/\\\/skinsolution.pl\\\/for-professionals\\\/produkt\\\/mdceuticals-cc-cream-glowbooster-flawless-skin-spf-30-krem-50-ml\\\/#primaryimage\"},\"thumbnailUrl\":\"https:\\\/\\\/skinsolution.pl\\\/for-professionals\\\/wp-content\\\/uploads\\\/sites\\\/5\\\/2025\\\/08\\\/2ebd663d079a37bf98ee79badc371de0-1.png\",\"datePublished\":\"2025-08-30T17:04:20+00:00\",\"breadcrumb\":{\"@id\":\"https:\\\/\\\/skinsolution.pl\\\/for-professionals\\\/produkt\\\/mdceuticals-cc-cream-glowbooster-flawless-skin-spf-30-krem-50-ml\\\/#breadcrumb\"},\"inLanguage\":\"pl-PL\",\"potentialAction\":[{\"@type\":\"ReadAction\",\"target\":[\"https:\\\/\\\/skinsolution.pl\\\/for-professionals\\\/produkt\\\/mdceuticals-cc-cream-glowbooster-flawless-skin-spf-30-krem-50-ml\\\/\"]}]},{\"@type\":\"ImageObject\",\"inLanguage\":\"pl-PL\",\"@id\":\"https:\\\/\\\/skinsolution.pl\\\/for-professionals\\\/produkt\\\/mdceuticals-cc-cream-glowbooster-flawless-skin-spf-30-krem-50-ml\\\/#primaryimage\",\"url\":\"https:\\\/\\\/skinsolution.pl\\\/for-professionals\\\/wp-content\\\/uploads\\\/sites\\\/5\\\/2025\\\/08\\\/2ebd663d079a37bf98ee79badc371de0-1.png\",\"contentUrl\":\"https:\\\/\\\/skinsolution.pl\\\/for-professionals\\\/wp-content\\\/uploads\\\/sites\\\/5\\\/2025\\\/08\\\/2ebd663d079a37bf98ee79badc371de0-1.png\",\"width\":2048,\"height\":2048},{\"@type\":\"BreadcrumbList\",\"@id\":\"https:\\\/\\\/skinsolution.pl\\\/for-professionals\\\/produkt\\\/mdceuticals-cc-cream-glowbooster-flawless-skin-spf-30-krem-50-ml\\\/#breadcrumb\",\"itemListElement\":[{\"@type\":\"ListItem\",\"position\":1,\"name\":\"Strona g\u0142\u00f3wna\",\"item\":\"https:\\\/\\\/skinsolution.pl\\\/for-professionals\\\/\"},{\"@type\":\"ListItem\",\"position\":2,\"name\":\"Sklep\",\"item\":\"https:\\\/\\\/skinsolution.pl\\\/for-professionals\\\/sklep\\\/\"},{\"@type\":\"ListItem\",\"position\":3,\"name\":\"md:ceuticals CC Cream GlowBooster Flawless Skin SPF 30 Krem 50 ml\"}]},{\"@type\":\"WebSite\",\"@id\":\"https:\\\/\\\/skinsolution.pl\\\/for-professionals\\\/#website\",\"url\":\"https:\\\/\\\/skinsolution.pl\\\/for-professionals\\\/\",\"name\":\"SkinSolution For Professionals\",\"description\":\"\",\"publisher\":{\"@id\":\"https:\\\/\\\/skinsolution.pl\\\/for-professionals\\\/#organization\"},\"potentialAction\":[{\"@type\":\"SearchAction\",\"target\":{\"@type\":\"EntryPoint\",\"urlTemplate\":\"https:\\\/\\\/skinsolution.pl\\\/for-professionals\\\/?s={search_term_string}\"},\"query-input\":{\"@type\":\"PropertyValueSpecification\",\"valueRequired\":true,\"valueName\":\"search_term_string\"}}],\"inLanguage\":\"pl-PL\"},{\"@type\":\"Organization\",\"@id\":\"https:\\\/\\\/skinsolution.pl\\\/for-professionals\\\/#organization\",\"name\":\"SkinSolution For Professionals\",\"url\":\"https:\\\/\\\/skinsolution.pl\\\/for-professionals\\\/\",\"logo\":{\"@type\":\"ImageObject\",\"inLanguage\":\"pl-PL\",\"@id\":\"https:\\\/\\\/skinsolution.pl\\\/for-professionals\\\/#\\\/schema\\\/logo\\\/image\\\/\",\"url\":\"https:\\\/\\\/skinsolution.pl\\\/for-professionals\\\/wp-content\\\/uploads\\\/sites\\\/5\\\/2025\\\/03\\\/SkinSolution_Black2.png\",\"contentUrl\":\"https:\\\/\\\/skinsolution.pl\\\/for-professionals\\\/wp-content\\\/uploads\\\/sites\\\/5\\\/2025\\\/03\\\/SkinSolution_Black2.png\",\"width\":512,\"height\":512,\"caption\":\"SkinSolution For Professionals\"},\"image\":{\"@id\":\"https:\\\/\\\/skinsolution.pl\\\/for-professionals\\\/#\\\/schema\\\/logo\\\/image\\\/\"}}]}<\/script>\n<!-- \/ Yoast SEO plugin. -->","yoast_head_json":{"title":"md:ceuticals CC Cream GlowBooster Flawless Skin SPF 30 Krem 50 ml | SkinSolution | For Professional","robots":{"index":"index","follow":"follow","max-snippet":"max-snippet:-1","max-image-preview":"max-image-preview:large","max-video-preview":"max-video-preview:-1"},"canonical":"https:\/\/skinsolution.pl\/for-professionals\/produkt\/mdceuticals-cc-cream-glowbooster-flawless-skin-spf-30-krem-50-ml\/","og_locale":"pl_PL","og_type":"article","og_title":"md:ceuticals CC Cream GlowBooster Flawless Skin SPF 30 Krem 50 ml | SkinSolution | For Professional","og_description":"Ochrona UVA\/UVB oraz przed zanieczyszczeniami, poprawa zdolno\u015bci sk\u00f3ry do walki z przedwczesnym starzeniem","og_url":"https:\/\/skinsolution.pl\/for-professionals\/produkt\/mdceuticals-cc-cream-glowbooster-flawless-skin-spf-30-krem-50-ml\/","og_site_name":"SkinSolution | For Professional","og_image":[{"width":2048,"height":2048,"url":"https:\/\/skinsolution.pl\/for-professionals\/wp-content\/uploads\/sites\/5\/2025\/08\/2ebd663d079a37bf98ee79badc371de0-1.png","type":"image\/png"}],"twitter_card":"summary_large_image","twitter_misc":{"Szacowany czas czytania":"2 minuty"},"schema":{"@context":"https:\/\/schema.org","@graph":[{"@type":"WebPage","@id":"https:\/\/skinsolution.pl\/for-professionals\/produkt\/mdceuticals-cc-cream-glowbooster-flawless-skin-spf-30-krem-50-ml\/","url":"https:\/\/skinsolution.pl\/for-professionals\/produkt\/mdceuticals-cc-cream-glowbooster-flawless-skin-spf-30-krem-50-ml\/","name":"md:ceuticals CC Cream GlowBooster Flawless Skin SPF 30 Krem 50 ml | SkinSolution | For Professional","isPartOf":{"@id":"https:\/\/skinsolution.pl\/for-professionals\/#website"},"primaryImageOfPage":{"@id":"https:\/\/skinsolution.pl\/for-professionals\/produkt\/mdceuticals-cc-cream-glowbooster-flawless-skin-spf-30-krem-50-ml\/#primaryimage"},"image":{"@id":"https:\/\/skinsolution.pl\/for-professionals\/produkt\/mdceuticals-cc-cream-glowbooster-flawless-skin-spf-30-krem-50-ml\/#primaryimage"},"thumbnailUrl":"https:\/\/skinsolution.pl\/for-professionals\/wp-content\/uploads\/sites\/5\/2025\/08\/2ebd663d079a37bf98ee79badc371de0-1.png","datePublished":"2025-08-30T17:04:20+00:00","breadcrumb":{"@id":"https:\/\/skinsolution.pl\/for-professionals\/produkt\/mdceuticals-cc-cream-glowbooster-flawless-skin-spf-30-krem-50-ml\/#breadcrumb"},"inLanguage":"pl-PL","potentialAction":[{"@type":"ReadAction","target":["https:\/\/skinsolution.pl\/for-professionals\/produkt\/mdceuticals-cc-cream-glowbooster-flawless-skin-spf-30-krem-50-ml\/"]}]},{"@type":"ImageObject","inLanguage":"pl-PL","@id":"https:\/\/skinsolution.pl\/for-professionals\/produkt\/mdceuticals-cc-cream-glowbooster-flawless-skin-spf-30-krem-50-ml\/#primaryimage","url":"https:\/\/skinsolution.pl\/for-professionals\/wp-content\/uploads\/sites\/5\/2025\/08\/2ebd663d079a37bf98ee79badc371de0-1.png","contentUrl":"https:\/\/skinsolution.pl\/for-professionals\/wp-content\/uploads\/sites\/5\/2025\/08\/2ebd663d079a37bf98ee79badc371de0-1.png","width":2048,"height":2048},{"@type":"BreadcrumbList","@id":"https:\/\/skinsolution.pl\/for-professionals\/produkt\/mdceuticals-cc-cream-glowbooster-flawless-skin-spf-30-krem-50-ml\/#breadcrumb","itemListElement":[{"@type":"ListItem","position":1,"name":"Strona g\u0142\u00f3wna","item":"https:\/\/skinsolution.pl\/for-professionals\/"},{"@type":"ListItem","position":2,"name":"Sklep","item":"https:\/\/skinsolution.pl\/for-professionals\/sklep\/"},{"@type":"ListItem","position":3,"name":"md:ceuticals CC Cream GlowBooster Flawless Skin SPF 30 Krem 50 ml"}]},{"@type":"WebSite","@id":"https:\/\/skinsolution.pl\/for-professionals\/#website","url":"https:\/\/skinsolution.pl\/for-professionals\/","name":"SkinSolution For Professionals","description":"","publisher":{"@id":"https:\/\/skinsolution.pl\/for-professionals\/#organization"},"potentialAction":[{"@type":"SearchAction","target":{"@type":"EntryPoint","urlTemplate":"https:\/\/skinsolution.pl\/for-professionals\/?s={search_term_string}"},"query-input":{"@type":"PropertyValueSpecification","valueRequired":true,"valueName":"search_term_string"}}],"inLanguage":"pl-PL"},{"@type":"Organization","@id":"https:\/\/skinsolution.pl\/for-professionals\/#organization","name":"SkinSolution For Professionals","url":"https:\/\/skinsolution.pl\/for-professionals\/","logo":{"@type":"ImageObject","inLanguage":"pl-PL","@id":"https:\/\/skinsolution.pl\/for-professionals\/#\/schema\/logo\/image\/","url":"https:\/\/skinsolution.pl\/for-professionals\/wp-content\/uploads\/sites\/5\/2025\/03\/SkinSolution_Black2.png","contentUrl":"https:\/\/skinsolution.pl\/for-professionals\/wp-content\/uploads\/sites\/5\/2025\/03\/SkinSolution_Black2.png","width":512,"height":512,"caption":"SkinSolution For Professionals"},"image":{"@id":"https:\/\/skinsolution.pl\/for-professionals\/#\/schema\/logo\/image\/"}}]}},"_links":{"self":[{"href":"https:\/\/skinsolution.pl\/for-professionals\/wp-json\/wp\/v2\/product\/3687","targetHints":{"allow":["GET"]}}],"collection":[{"href":"https:\/\/skinsolution.pl\/for-professionals\/wp-json\/wp\/v2\/product"}],"about":[{"href":"https:\/\/skinsolution.pl\/for-professionals\/wp-json\/wp\/v2\/types\/product"}],"replies":[{"embeddable":true,"href":"https:\/\/skinsolution.pl\/for-professionals\/wp-json\/wp\/v2\/comments?post=3687"}],"wp:featuredmedia":[{"embeddable":true,"href":"https:\/\/skinsolution.pl\/for-professionals\/wp-json\/wp\/v2\/media\/3688"}],"wp:attachment":[{"href":"https:\/\/skinsolution.pl\/for-professionals\/wp-json\/wp\/v2\/media?parent=3687"}],"wp:term":[{"taxonomy":"product_brand","embeddable":true,"href":"https:\/\/skinsolution.pl\/for-professionals\/wp-json\/wp\/v2\/product_brand?post=3687"},{"taxonomy":"product_cat","embeddable":true,"href":"https:\/\/skinsolution.pl\/for-professionals\/wp-json\/wp\/v2\/product_cat?post=3687"},{"taxonomy":"product_tag","embeddable":true,"href":"https:\/\/skinsolution.pl\/for-professionals\/wp-json\/wp\/v2\/product_tag?post=3687"}],"curies":[{"name":"wp","href":"https:\/\/api.w.org\/{rel}","templated":true}]}}