{"id":3683,"date":"2025-08-30T18:58:58","date_gmt":"2025-08-30T16:58:58","guid":{"rendered":"https:\/\/skinsolution.pl\/for-professionals\/?post_type=product&#038;p=3683"},"modified":"2026-02-04T14:31:15","modified_gmt":"2026-02-04T13:31:15","slug":"xtreme-skin-renewal-krem-50-ml","status":"publish","type":"product","link":"https:\/\/skinsolution.pl\/for-professionals\/produkt\/xtreme-skin-renewal-krem-50-ml\/","title":{"rendered":"X:treme Skin Renewal<sup>\u2122<\/sup> Krem 50 ml"},"content":{"rendered":"<p>X:treme Skin Renewal to odbudowuj\u0105cy krem o silnym dzia\u0142aniu regeneracyjnym, kt\u00f3ry niweluje pierwsze oznaki starzenia si\u0119 sk\u00f3ry, ale \u015bwietnie si\u0119 te\u017c sprawdzi w przypadku cery dojrza\u0142ej. Swoje w\u0142a\u015bciwo\u015bci zawdzi\u0119cza bogatej i wyj\u0105tkowej formule, opartej na sk\u0142adnikach aktywnie przeciwdzia\u0142aj\u0105cych procesowi starzenia si\u0119 sk\u00f3ry.<br \/>\nPreparat zosta\u0142 stworzony na bazie kom\u00f3rek macierzystych pochodzenia ro\u015blinnego, czynnik\u00f3w wzrostu oraz kwasu hialuronowego, kt\u00f3re natychmiast aktywuj\u0105 mechanizm samonaprawy kom\u00f3rek, chroni\u0105 je i odbudowuj\u0105 sk\u00f3r\u0119 od wewn\u0105trz. X:treme Skin Renewal przywraca prawid\u0142ow\u0105 barier\u0119 lipidow\u0105 sk\u00f3ry, g\u0142\u0119boko j\u0105 nawil\u017ca, od\u017cywia, przywraca jej elastyczno\u015b\u0107. Wype\u0142nia widoczne zmarszczki i bruzdy od wewn\u0105trz i sprawia, \u017ce sk\u00f3ra zachowuje m\u0142ody wygl\u0105d, staje si\u0119 g\u0142adka i napi\u0119ta.<br \/>\nX:treme Skin Renewal jest niezast\u0105piony w codziennej piel\u0119gnacji sk\u00f3ry dojrza\u0142ej.<\/p>\n<p>Pojemno\u015b\u0107<br \/>\n50 ml<\/p>\n<p>Spos\u00f3b u\u017cycia<br \/>\nNiewielk\u0105 warstw\u0119 kremu nak\u0142adamy codziennie rano i wieczorem delikatnymi kolistymi ruchami na such\u0105 i oczyszczon\u0105 sk\u00f3r\u0119 twarzy, szyi i dekoltu. Krem \u015bwietnie si\u0119 sprawdzi zar\u00f3wno pod makija\u017c jak i jako uzupe\u0142nienie wieczornej piel\u0119gnacji.<\/p>\n<p>Sk\u0142adniki aktywne<br \/>\nRo\u015blinne kom\u00f3rki macierzyste s\u0105 w stanie chroni\u0107 i skutecznie reaktywowa\u0107 kom\u00f3rki macierzyste nask\u00f3rka, stymuluj\u0105 aktywno\u015b\u0107 fibroblast\u00f3w i keratynocyt\u00f3w bior\u0105cych udzia\u0142 w produkcji kolagenu oraz elastyny, wzmacniaj\u0105 struktur\u0119 tkanki \u0142\u0105cznej, poprawiaj\u0105 tekstur\u0119 sk\u00f3ry;<br \/>\nKwas hialuronowy- g\u0142\u0119boko nawil\u017ca sk\u00f3r\u0119 daj\u0105c efekt wype\u0142nienia, zwi\u0119ksza elastyczno\u015b\u0107 sk\u00f3ry i niweluje zmarszczki; bierze udzia\u0142 w procesach naprawy sk\u00f3ry i przyczynia si\u0119 do odnowy sk\u00f3ry w\u0142a\u015bciwej poprzez aktywacj\u0119 aktywno\u015bci fibroblast\u00f3w i restrukturyzacj\u0119 w\u0142\u00f3kien kolagenowych;<br \/>\nNiacynamid (witamina B3) posiada w\u0142a\u015bciwo\u015bci zmi\u0119kczaj\u0105ce, chroni przed utrat\u0105 wody, minimalizuje widoczno\u015b\u0107 por\u00f3w, stymuluj\u0119 produkcj\u0119 kolagenu, zapobiega powstawaniu przebarwie\u0144;<br \/>\nKoenzym Q10- bardzo silny antyoksydant, chroni\u0105cy przed dzia\u0142aniem wolnych rodnik\u00f3w; posiada w\u0142a\u015bciwo\u015bci naprawcze DNA kom\u00f3rki, nawil\u017ca sk\u00f3r\u0119;<br \/>\nWitamina E &#8211; antyoksydant, chroni przed dzia\u0142aniem wolnych rodnik\u00f3w, wspomaga produkcj\u0119 kolagenu i elastyny.<\/p>\n<p>Sk\u0142ad<br \/>\nAqua\/Water, C-13-14 Isoparaffin, Laureth-7, Butylene Glycol, Caprylic\/Capric triglyceride, Glycerin, Glyceryl Stearate, Malus Domestica Fruit Extract, Niacinamide, Sodium Hyaluronate, Ubiquinone, Allantoin, Tocopheryl acetate, Dimethicone, Propylene Glycol, Xanthan Gum, Parfum, Phenoxyethanol, Methylparaben, Butylparaben, Ethylparaben, Propylparaben.<\/p>\n<p>Informacje o producencie<br \/>\nLINKDERMA SL.<\/p>\n","protected":false},"excerpt":{"rendered":"<p>pe\u0142na odbudowa i regeneracja kom\u00f3rek sk\u00f3ry<\/p>\n","protected":false},"featured_media":3684,"comment_status":"open","ping_status":"closed","template":"","meta":{"_acf_changed":false},"product_brand":[],"product_cat":[153],"product_tag":[],"class_list":{"0":"post-3683","1":"product","2":"type-product","3":"status-publish","4":"has-post-thumbnail","6":"product_cat-profesjonalna-pielegnacja","8":"first","9":"instock","10":"taxable","11":"shipping-taxable","12":"purchasable","13":"product-type-simple"},"acf":[],"yoast_head":"<!-- This site is optimized with the Yoast SEO plugin v27.4 - https:\/\/yoast.com\/product\/yoast-seo-wordpress\/ -->\n<title>X:treme Skin Renewal\u2122 Krem 50 ml | SkinSolution | For Professional<\/title>\n<meta name=\"robots\" content=\"index, follow, max-snippet:-1, max-image-preview:large, max-video-preview:-1\" \/>\n<link rel=\"canonical\" href=\"https:\/\/skinsolution.pl\/for-professionals\/produkt\/xtreme-skin-renewal-krem-50-ml\/\" \/>\n<meta property=\"og:locale\" content=\"pl_PL\" \/>\n<meta property=\"og:type\" content=\"article\" \/>\n<meta property=\"og:title\" content=\"X:treme Skin Renewal\u2122 Krem 50 ml | SkinSolution | For Professional\" \/>\n<meta property=\"og:description\" content=\"pe\u0142na odbudowa i regeneracja kom\u00f3rek sk\u00f3ry\" \/>\n<meta property=\"og:url\" content=\"https:\/\/skinsolution.pl\/for-professionals\/produkt\/xtreme-skin-renewal-krem-50-ml\/\" \/>\n<meta property=\"og:site_name\" content=\"SkinSolution | For Professional\" \/>\n<meta property=\"article:modified_time\" content=\"2026-02-04T13:31:15+00:00\" \/>\n<meta property=\"og:image\" content=\"https:\/\/skinsolution.pl\/for-professionals\/wp-content\/uploads\/sites\/5\/2025\/08\/e1c9a4d7bb9e83eb462ddcce7fed97e4-1.png\" \/>\n\t<meta property=\"og:image:width\" content=\"2048\" \/>\n\t<meta property=\"og:image:height\" content=\"2048\" \/>\n\t<meta property=\"og:image:type\" content=\"image\/png\" \/>\n<meta name=\"twitter:card\" content=\"summary_large_image\" \/>\n<meta name=\"twitter:label1\" content=\"Szacowany czas czytania\" \/>\n\t<meta name=\"twitter:data1\" content=\"3 minuty\" \/>\n<script type=\"application\/ld+json\" class=\"yoast-schema-graph\">{\"@context\":\"https:\\\/\\\/schema.org\",\"@graph\":[{\"@type\":\"WebPage\",\"@id\":\"https:\\\/\\\/skinsolution.pl\\\/for-professionals\\\/produkt\\\/xtreme-skin-renewal-krem-50-ml\\\/\",\"url\":\"https:\\\/\\\/skinsolution.pl\\\/for-professionals\\\/produkt\\\/xtreme-skin-renewal-krem-50-ml\\\/\",\"name\":\"X:treme Skin Renewal\u2122 Krem 50 ml | SkinSolution | For Professional\",\"isPartOf\":{\"@id\":\"https:\\\/\\\/skinsolution.pl\\\/for-professionals\\\/#website\"},\"primaryImageOfPage\":{\"@id\":\"https:\\\/\\\/skinsolution.pl\\\/for-professionals\\\/produkt\\\/xtreme-skin-renewal-krem-50-ml\\\/#primaryimage\"},\"image\":{\"@id\":\"https:\\\/\\\/skinsolution.pl\\\/for-professionals\\\/produkt\\\/xtreme-skin-renewal-krem-50-ml\\\/#primaryimage\"},\"thumbnailUrl\":\"https:\\\/\\\/skinsolution.pl\\\/for-professionals\\\/wp-content\\\/uploads\\\/sites\\\/5\\\/2025\\\/08\\\/e1c9a4d7bb9e83eb462ddcce7fed97e4-1.png\",\"datePublished\":\"2025-08-30T16:58:58+00:00\",\"dateModified\":\"2026-02-04T13:31:15+00:00\",\"breadcrumb\":{\"@id\":\"https:\\\/\\\/skinsolution.pl\\\/for-professionals\\\/produkt\\\/xtreme-skin-renewal-krem-50-ml\\\/#breadcrumb\"},\"inLanguage\":\"pl-PL\",\"potentialAction\":[{\"@type\":\"ReadAction\",\"target\":[\"https:\\\/\\\/skinsolution.pl\\\/for-professionals\\\/produkt\\\/xtreme-skin-renewal-krem-50-ml\\\/\"]}]},{\"@type\":\"ImageObject\",\"inLanguage\":\"pl-PL\",\"@id\":\"https:\\\/\\\/skinsolution.pl\\\/for-professionals\\\/produkt\\\/xtreme-skin-renewal-krem-50-ml\\\/#primaryimage\",\"url\":\"https:\\\/\\\/skinsolution.pl\\\/for-professionals\\\/wp-content\\\/uploads\\\/sites\\\/5\\\/2025\\\/08\\\/e1c9a4d7bb9e83eb462ddcce7fed97e4-1.png\",\"contentUrl\":\"https:\\\/\\\/skinsolution.pl\\\/for-professionals\\\/wp-content\\\/uploads\\\/sites\\\/5\\\/2025\\\/08\\\/e1c9a4d7bb9e83eb462ddcce7fed97e4-1.png\",\"width\":2048,\"height\":2048},{\"@type\":\"BreadcrumbList\",\"@id\":\"https:\\\/\\\/skinsolution.pl\\\/for-professionals\\\/produkt\\\/xtreme-skin-renewal-krem-50-ml\\\/#breadcrumb\",\"itemListElement\":[{\"@type\":\"ListItem\",\"position\":1,\"name\":\"Strona g\u0142\u00f3wna\",\"item\":\"https:\\\/\\\/skinsolution.pl\\\/for-professionals\\\/\"},{\"@type\":\"ListItem\",\"position\":2,\"name\":\"Sklep\",\"item\":\"https:\\\/\\\/skinsolution.pl\\\/for-professionals\\\/sklep\\\/\"},{\"@type\":\"ListItem\",\"position\":3,\"name\":\"X:treme Skin Renewal\u2122 Krem 50 ml\"}]},{\"@type\":\"WebSite\",\"@id\":\"https:\\\/\\\/skinsolution.pl\\\/for-professionals\\\/#website\",\"url\":\"https:\\\/\\\/skinsolution.pl\\\/for-professionals\\\/\",\"name\":\"SkinSolution For Professionals\",\"description\":\"\",\"publisher\":{\"@id\":\"https:\\\/\\\/skinsolution.pl\\\/for-professionals\\\/#organization\"},\"potentialAction\":[{\"@type\":\"SearchAction\",\"target\":{\"@type\":\"EntryPoint\",\"urlTemplate\":\"https:\\\/\\\/skinsolution.pl\\\/for-professionals\\\/?s={search_term_string}\"},\"query-input\":{\"@type\":\"PropertyValueSpecification\",\"valueRequired\":true,\"valueName\":\"search_term_string\"}}],\"inLanguage\":\"pl-PL\"},{\"@type\":\"Organization\",\"@id\":\"https:\\\/\\\/skinsolution.pl\\\/for-professionals\\\/#organization\",\"name\":\"SkinSolution For Professionals\",\"url\":\"https:\\\/\\\/skinsolution.pl\\\/for-professionals\\\/\",\"logo\":{\"@type\":\"ImageObject\",\"inLanguage\":\"pl-PL\",\"@id\":\"https:\\\/\\\/skinsolution.pl\\\/for-professionals\\\/#\\\/schema\\\/logo\\\/image\\\/\",\"url\":\"https:\\\/\\\/skinsolution.pl\\\/for-professionals\\\/wp-content\\\/uploads\\\/sites\\\/5\\\/2025\\\/03\\\/SkinSolution_Black2.png\",\"contentUrl\":\"https:\\\/\\\/skinsolution.pl\\\/for-professionals\\\/wp-content\\\/uploads\\\/sites\\\/5\\\/2025\\\/03\\\/SkinSolution_Black2.png\",\"width\":512,\"height\":512,\"caption\":\"SkinSolution For Professionals\"},\"image\":{\"@id\":\"https:\\\/\\\/skinsolution.pl\\\/for-professionals\\\/#\\\/schema\\\/logo\\\/image\\\/\"}}]}<\/script>\n<!-- \/ Yoast SEO plugin. -->","yoast_head_json":{"title":"X:treme Skin Renewal\u2122 Krem 50 ml | SkinSolution | For Professional","robots":{"index":"index","follow":"follow","max-snippet":"max-snippet:-1","max-image-preview":"max-image-preview:large","max-video-preview":"max-video-preview:-1"},"canonical":"https:\/\/skinsolution.pl\/for-professionals\/produkt\/xtreme-skin-renewal-krem-50-ml\/","og_locale":"pl_PL","og_type":"article","og_title":"X:treme Skin Renewal\u2122 Krem 50 ml | SkinSolution | For Professional","og_description":"pe\u0142na odbudowa i regeneracja kom\u00f3rek sk\u00f3ry","og_url":"https:\/\/skinsolution.pl\/for-professionals\/produkt\/xtreme-skin-renewal-krem-50-ml\/","og_site_name":"SkinSolution | For Professional","article_modified_time":"2026-02-04T13:31:15+00:00","og_image":[{"width":2048,"height":2048,"url":"https:\/\/skinsolution.pl\/for-professionals\/wp-content\/uploads\/sites\/5\/2025\/08\/e1c9a4d7bb9e83eb462ddcce7fed97e4-1.png","type":"image\/png"}],"twitter_card":"summary_large_image","twitter_misc":{"Szacowany czas czytania":"3 minuty"},"schema":{"@context":"https:\/\/schema.org","@graph":[{"@type":"WebPage","@id":"https:\/\/skinsolution.pl\/for-professionals\/produkt\/xtreme-skin-renewal-krem-50-ml\/","url":"https:\/\/skinsolution.pl\/for-professionals\/produkt\/xtreme-skin-renewal-krem-50-ml\/","name":"X:treme Skin Renewal\u2122 Krem 50 ml | SkinSolution | For Professional","isPartOf":{"@id":"https:\/\/skinsolution.pl\/for-professionals\/#website"},"primaryImageOfPage":{"@id":"https:\/\/skinsolution.pl\/for-professionals\/produkt\/xtreme-skin-renewal-krem-50-ml\/#primaryimage"},"image":{"@id":"https:\/\/skinsolution.pl\/for-professionals\/produkt\/xtreme-skin-renewal-krem-50-ml\/#primaryimage"},"thumbnailUrl":"https:\/\/skinsolution.pl\/for-professionals\/wp-content\/uploads\/sites\/5\/2025\/08\/e1c9a4d7bb9e83eb462ddcce7fed97e4-1.png","datePublished":"2025-08-30T16:58:58+00:00","dateModified":"2026-02-04T13:31:15+00:00","breadcrumb":{"@id":"https:\/\/skinsolution.pl\/for-professionals\/produkt\/xtreme-skin-renewal-krem-50-ml\/#breadcrumb"},"inLanguage":"pl-PL","potentialAction":[{"@type":"ReadAction","target":["https:\/\/skinsolution.pl\/for-professionals\/produkt\/xtreme-skin-renewal-krem-50-ml\/"]}]},{"@type":"ImageObject","inLanguage":"pl-PL","@id":"https:\/\/skinsolution.pl\/for-professionals\/produkt\/xtreme-skin-renewal-krem-50-ml\/#primaryimage","url":"https:\/\/skinsolution.pl\/for-professionals\/wp-content\/uploads\/sites\/5\/2025\/08\/e1c9a4d7bb9e83eb462ddcce7fed97e4-1.png","contentUrl":"https:\/\/skinsolution.pl\/for-professionals\/wp-content\/uploads\/sites\/5\/2025\/08\/e1c9a4d7bb9e83eb462ddcce7fed97e4-1.png","width":2048,"height":2048},{"@type":"BreadcrumbList","@id":"https:\/\/skinsolution.pl\/for-professionals\/produkt\/xtreme-skin-renewal-krem-50-ml\/#breadcrumb","itemListElement":[{"@type":"ListItem","position":1,"name":"Strona g\u0142\u00f3wna","item":"https:\/\/skinsolution.pl\/for-professionals\/"},{"@type":"ListItem","position":2,"name":"Sklep","item":"https:\/\/skinsolution.pl\/for-professionals\/sklep\/"},{"@type":"ListItem","position":3,"name":"X:treme Skin Renewal\u2122 Krem 50 ml"}]},{"@type":"WebSite","@id":"https:\/\/skinsolution.pl\/for-professionals\/#website","url":"https:\/\/skinsolution.pl\/for-professionals\/","name":"SkinSolution For Professionals","description":"","publisher":{"@id":"https:\/\/skinsolution.pl\/for-professionals\/#organization"},"potentialAction":[{"@type":"SearchAction","target":{"@type":"EntryPoint","urlTemplate":"https:\/\/skinsolution.pl\/for-professionals\/?s={search_term_string}"},"query-input":{"@type":"PropertyValueSpecification","valueRequired":true,"valueName":"search_term_string"}}],"inLanguage":"pl-PL"},{"@type":"Organization","@id":"https:\/\/skinsolution.pl\/for-professionals\/#organization","name":"SkinSolution For Professionals","url":"https:\/\/skinsolution.pl\/for-professionals\/","logo":{"@type":"ImageObject","inLanguage":"pl-PL","@id":"https:\/\/skinsolution.pl\/for-professionals\/#\/schema\/logo\/image\/","url":"https:\/\/skinsolution.pl\/for-professionals\/wp-content\/uploads\/sites\/5\/2025\/03\/SkinSolution_Black2.png","contentUrl":"https:\/\/skinsolution.pl\/for-professionals\/wp-content\/uploads\/sites\/5\/2025\/03\/SkinSolution_Black2.png","width":512,"height":512,"caption":"SkinSolution For Professionals"},"image":{"@id":"https:\/\/skinsolution.pl\/for-professionals\/#\/schema\/logo\/image\/"}}]}},"_links":{"self":[{"href":"https:\/\/skinsolution.pl\/for-professionals\/wp-json\/wp\/v2\/product\/3683","targetHints":{"allow":["GET"]}}],"collection":[{"href":"https:\/\/skinsolution.pl\/for-professionals\/wp-json\/wp\/v2\/product"}],"about":[{"href":"https:\/\/skinsolution.pl\/for-professionals\/wp-json\/wp\/v2\/types\/product"}],"replies":[{"embeddable":true,"href":"https:\/\/skinsolution.pl\/for-professionals\/wp-json\/wp\/v2\/comments?post=3683"}],"wp:featuredmedia":[{"embeddable":true,"href":"https:\/\/skinsolution.pl\/for-professionals\/wp-json\/wp\/v2\/media\/3684"}],"wp:attachment":[{"href":"https:\/\/skinsolution.pl\/for-professionals\/wp-json\/wp\/v2\/media?parent=3683"}],"wp:term":[{"taxonomy":"product_brand","embeddable":true,"href":"https:\/\/skinsolution.pl\/for-professionals\/wp-json\/wp\/v2\/product_brand?post=3683"},{"taxonomy":"product_cat","embeddable":true,"href":"https:\/\/skinsolution.pl\/for-professionals\/wp-json\/wp\/v2\/product_cat?post=3683"},{"taxonomy":"product_tag","embeddable":true,"href":"https:\/\/skinsolution.pl\/for-professionals\/wp-json\/wp\/v2\/product_tag?post=3683"}],"curies":[{"name":"wp","href":"https:\/\/api.w.org\/{rel}","templated":true}]}}