{"id":3681,"date":"2025-08-30T18:55:34","date_gmt":"2025-08-30T16:55:34","guid":{"rendered":"https:\/\/skinsolution.pl\/for-professionals\/?post_type=product&#038;p=3681"},"modified":"2026-03-17T13:20:23","modified_gmt":"2026-03-17T12:20:23","slug":"mdcocktail-skinbooster-antiage-peptides-gf-10-szt","status":"publish","type":"product","link":"https:\/\/skinsolution.pl\/for-professionals\/produkt\/mdcocktail-skinbooster-antiage-peptides-gf-10-szt\/","title":{"rendered":"md:cocktail SkinBooster Antiage Peptides GF (10 szt.)"},"content":{"rendered":"<p>md:cocktail SkinBooster Antiage Peptides \u2013 GF to bogaty w substancje od\u017cywcze koktajl, zamkni\u0119ty w sterylnych szklanych ampu\u0142kach, opracowany w celu przywr\u00f3cenia sk\u00f3rze m\u0142odo\u015bci. Dzia\u0142a na r\u00f3\u017cne przyczyny starzenia si\u0119, spowalniaj\u0105c ten proces, odbudowuj\u0105c struktur\u0119 sk\u00f3ry oraz przywracaj\u0105c jej nawil\u017cenie.<br \/>\nPreparat \u0142\u0105czy wysokie st\u0119\u017cenie peptyd\u00f3w biomimetycznych i czynnik\u00f3w wzrostu (GF ang. growth factors) z najsilniejszymi sk\u0142adnikami rewitalizuj\u0105cymi, przeciwutleniaj\u0105cymi i przeciwstarzeniowymi. Poprawia kondycj\u0119 sk\u00f3ry, minimalizuje przebarwienia i redukuje jej zwiotczenie.<br \/>\nmd:cocktail SkinBooster Antiage Peptides \u2013 GF wyg\u0142adza zmarszczki, regeneruje kom\u00f3rki, poprawia koloryt sk\u00f3ry, zapewnia skuteczn\u0105 ochron\u0119 przed szkodliwym dzia\u0142aniem czynnik\u00f3w \u015brodowiskowych. Pomaga odzyska\u0107 sk\u00f3rze blask, wydobywaj\u0105c jej naturalne pi\u0119kno.<\/p>\n<p>Pojemno\u015b\u0107<br \/>\nOpakowanie zawiera 10 ampu\u0142ek o poj. 2 ml<\/p>\n<p>Spos\u00f3b u\u017cycia<br \/>\nJako codzienna piel\u0119gnacja w celu regeneracji sk\u00f3ry oraz dla uzyskania natychmiastowego efektu &#8220;wow&#8221; np. przed wyj\u015bciem ze znajomymi<br \/>\n1. Przed na\u0142o\u017ceniem oczy\u015b\u0107 sk\u00f3r\u0119 i usu\u0144 \u015blady makija\u017cu (mo\u017cesz u\u017cy\u0107 md:ultrasense Cleanser oraz md:Multiactive Firming Toner);<br \/>\n2. Wstrz\u0105\u015bnij ampu\u0142k\u0105 tak, aby preparat znalaz\u0142 si\u0119 w ca\u0142o\u015bci na dnie. Na\u0142\u00f3\u017c specjaln\u0105 plastikow\u0105 os\u0142on\u0119 i prze\u0142am g\u00f3rn\u0105 cz\u0119\u015b\u0107 ampu\u0142ki;<br \/>\n3. Na\u0142\u00f3\u017c silikonowy aplikator i nanie\u015b\u0107 po\u0142ow\u0119 zawarto\u015bci ampu\u0142ki na twarz i szyj\u0119, delikatnie masuj\u0105c okr\u0119\u017cnymi ruchami tak, aby serum dok\u0142adnie si\u0119 wch\u0142on\u0119\u0142o;<br \/>\n4. Zamknij ampu\u0142k\u0119 nasadk\u0105, aby zachowa\u0107 w\u0142a\u015bciwo\u015bci produktu do nast\u0119pnej aplikacji. Otwarta ampu\u0142ka zachowa swoje w\u0142a\u015bciwo\u015bci przez 24 godziny.<\/p>\n<p>Sk\u0142adniki aktywne<br \/>\nKwas hialuronowy g\u0142\u0119boko nawil\u017ca sk\u00f3r\u0119 daj\u0105c efekt wype\u0142nienia, zwi\u0119ksza elastyczno\u015b\u0107 sk\u00f3ry i niweluje zmarszczki; bierze udzia\u0142 w procesach naprawy sk\u00f3ry i przyczynia si\u0119 do odnowy sk\u00f3ry w\u0142a\u015bciwej poprzez aktywacj\u0119 fibroblast\u00f3w, restrukturyzacj\u0119 w\u0142\u00f3kien kolagenowych;<br \/>\nOligopeptydy daj\u0105 efekt liftingu, nawil\u017cenia i uj\u0119drnienia sk\u00f3ry. Ponadto stymuluj\u0105 odnow\u0119 kom\u00f3rek nask\u00f3rka i produkcj\u0119 kolagenu, przyspieszaj\u0105 gojenie si\u0119 ran;<br \/>\nBacillus Ferment &#8211; \u017ar\u00f3d\u0142o cennych enzym\u00f3w proteolitycznych, kt\u00f3re z\u0142uszczaj\u0105 martwe i zniszczone kom\u00f3rki nask\u00f3rka i tym samym wspomagaj\u0105 odnow\u0119 sk\u00f3ry;<br \/>\nKompleks poli-rewitalizuj\u0105cy (witaminy, aminokwasy i minera\u0142y) &#8211; rewitalizuj\u0105 i g\u0142\u0119boko nawil\u017caj\u0105 zm\u0119czon\u0105 i matow\u0105 pozbawion\u0105 blasku sk\u00f3r\u0119, przywracaj\u0105c jej m\u0142odzie\u0144czy wygl\u0105d o promiennej i g\u0142adkiej cer\u0119. Stymuluj\u0105 aktywno\u015b\u0107 kom\u00f3rkow\u0105, aktywuj\u0105 wymian\u0119 mi\u0119dzykom\u00f3rkow\u0105, odnawiaj\u0105 starzej\u0105ce si\u0119 kom\u00f3rki sk\u00f3ry i chroni\u0105 sk\u00f3r\u0119 przed dzia\u0142aniem \u015brodowiska zewn\u0119trznego;<br \/>\nUwodorniona lecytyna nawil\u017ca sk\u00f3r\u0119, poprawia jej elastyczno\u015b\u0107.<\/p>\n<p>Sk\u0142ad<br \/>\nAqua\/Water, Propylene glycol, Methylpropanediol, Niacinamide, Sodium citrate, Trideceth-9, 3-O-Ethyl ascorbic acid, PEG-40 hydrogenated castor oil, Glutathione, Saccharide isomerate, Vitis vinifera leaf extract, Tocopheryl acetate, Citric acid, Caprylyl glycol, Glycerin, Phenylpropanol, Polysorbate 20, Disodium EDTA, Propanediol, Phenoxyethanol.<\/p>\n<p>Informacje o producencie<br \/>\nLINKEDERMA, SL.<\/p>\n","protected":false},"excerpt":{"rendered":"<p>Szklane ampu\u0142ki z od\u017cywczym serum o dzia\u0142aniu przeciwstarzeniowym i regeneruj\u0105cym<\/p>\n","protected":false},"featured_media":3682,"comment_status":"open","ping_status":"closed","template":"","meta":{"_acf_changed":false},"product_brand":[],"product_cat":[153],"product_tag":[],"class_list":{"0":"post-3681","1":"product","2":"type-product","3":"status-publish","4":"has-post-thumbnail","6":"product_cat-profesjonalna-pielegnacja","8":"first","9":"outofstock","10":"taxable","11":"shipping-taxable","12":"purchasable","13":"product-type-simple"},"acf":[],"yoast_head":"<!-- This site is optimized with the Yoast SEO plugin v27.4 - https:\/\/yoast.com\/product\/yoast-seo-wordpress\/ -->\n<title>md:cocktail SkinBooster Antiage Peptides GF (10 szt.) | SkinSolution | For Professional<\/title>\n<meta name=\"robots\" content=\"index, follow, max-snippet:-1, max-image-preview:large, max-video-preview:-1\" \/>\n<link rel=\"canonical\" href=\"https:\/\/skinsolution.pl\/for-professionals\/produkt\/mdcocktail-skinbooster-antiage-peptides-gf-10-szt\/\" \/>\n<meta property=\"og:locale\" content=\"pl_PL\" \/>\n<meta property=\"og:type\" content=\"article\" \/>\n<meta property=\"og:title\" content=\"md:cocktail SkinBooster Antiage Peptides GF (10 szt.) | SkinSolution | For Professional\" \/>\n<meta property=\"og:description\" content=\"Szklane ampu\u0142ki z od\u017cywczym serum o dzia\u0142aniu przeciwstarzeniowym i regeneruj\u0105cym\" \/>\n<meta property=\"og:url\" content=\"https:\/\/skinsolution.pl\/for-professionals\/produkt\/mdcocktail-skinbooster-antiage-peptides-gf-10-szt\/\" \/>\n<meta property=\"og:site_name\" content=\"SkinSolution | For Professional\" \/>\n<meta property=\"article:modified_time\" content=\"2026-03-17T12:20:23+00:00\" \/>\n<meta property=\"og:image\" content=\"https:\/\/skinsolution.pl\/for-professionals\/wp-content\/uploads\/sites\/5\/2025\/08\/bc2050fb518c4b01a167cc211065c741-1.png\" \/>\n\t<meta property=\"og:image:width\" content=\"2048\" \/>\n\t<meta property=\"og:image:height\" content=\"2048\" \/>\n\t<meta property=\"og:image:type\" content=\"image\/png\" \/>\n<meta name=\"twitter:card\" content=\"summary_large_image\" \/>\n<meta name=\"twitter:label1\" content=\"Szacowany czas czytania\" \/>\n\t<meta name=\"twitter:data1\" content=\"3 minuty\" \/>\n<script type=\"application\/ld+json\" class=\"yoast-schema-graph\">{\"@context\":\"https:\\\/\\\/schema.org\",\"@graph\":[{\"@type\":\"WebPage\",\"@id\":\"https:\\\/\\\/skinsolution.pl\\\/for-professionals\\\/produkt\\\/mdcocktail-skinbooster-antiage-peptides-gf-10-szt\\\/\",\"url\":\"https:\\\/\\\/skinsolution.pl\\\/for-professionals\\\/produkt\\\/mdcocktail-skinbooster-antiage-peptides-gf-10-szt\\\/\",\"name\":\"md:cocktail SkinBooster Antiage Peptides GF (10 szt.) | SkinSolution | For Professional\",\"isPartOf\":{\"@id\":\"https:\\\/\\\/skinsolution.pl\\\/for-professionals\\\/#website\"},\"primaryImageOfPage\":{\"@id\":\"https:\\\/\\\/skinsolution.pl\\\/for-professionals\\\/produkt\\\/mdcocktail-skinbooster-antiage-peptides-gf-10-szt\\\/#primaryimage\"},\"image\":{\"@id\":\"https:\\\/\\\/skinsolution.pl\\\/for-professionals\\\/produkt\\\/mdcocktail-skinbooster-antiage-peptides-gf-10-szt\\\/#primaryimage\"},\"thumbnailUrl\":\"https:\\\/\\\/skinsolution.pl\\\/for-professionals\\\/wp-content\\\/uploads\\\/sites\\\/5\\\/2025\\\/08\\\/bc2050fb518c4b01a167cc211065c741-1.png\",\"datePublished\":\"2025-08-30T16:55:34+00:00\",\"dateModified\":\"2026-03-17T12:20:23+00:00\",\"breadcrumb\":{\"@id\":\"https:\\\/\\\/skinsolution.pl\\\/for-professionals\\\/produkt\\\/mdcocktail-skinbooster-antiage-peptides-gf-10-szt\\\/#breadcrumb\"},\"inLanguage\":\"pl-PL\",\"potentialAction\":[{\"@type\":\"ReadAction\",\"target\":[\"https:\\\/\\\/skinsolution.pl\\\/for-professionals\\\/produkt\\\/mdcocktail-skinbooster-antiage-peptides-gf-10-szt\\\/\"]}]},{\"@type\":\"ImageObject\",\"inLanguage\":\"pl-PL\",\"@id\":\"https:\\\/\\\/skinsolution.pl\\\/for-professionals\\\/produkt\\\/mdcocktail-skinbooster-antiage-peptides-gf-10-szt\\\/#primaryimage\",\"url\":\"https:\\\/\\\/skinsolution.pl\\\/for-professionals\\\/wp-content\\\/uploads\\\/sites\\\/5\\\/2025\\\/08\\\/bc2050fb518c4b01a167cc211065c741-1.png\",\"contentUrl\":\"https:\\\/\\\/skinsolution.pl\\\/for-professionals\\\/wp-content\\\/uploads\\\/sites\\\/5\\\/2025\\\/08\\\/bc2050fb518c4b01a167cc211065c741-1.png\",\"width\":2048,\"height\":2048},{\"@type\":\"BreadcrumbList\",\"@id\":\"https:\\\/\\\/skinsolution.pl\\\/for-professionals\\\/produkt\\\/mdcocktail-skinbooster-antiage-peptides-gf-10-szt\\\/#breadcrumb\",\"itemListElement\":[{\"@type\":\"ListItem\",\"position\":1,\"name\":\"Strona g\u0142\u00f3wna\",\"item\":\"https:\\\/\\\/skinsolution.pl\\\/for-professionals\\\/\"},{\"@type\":\"ListItem\",\"position\":2,\"name\":\"Sklep\",\"item\":\"https:\\\/\\\/skinsolution.pl\\\/for-professionals\\\/sklep\\\/\"},{\"@type\":\"ListItem\",\"position\":3,\"name\":\"md:cocktail SkinBooster Antiage Peptides GF (10 szt.)\"}]},{\"@type\":\"WebSite\",\"@id\":\"https:\\\/\\\/skinsolution.pl\\\/for-professionals\\\/#website\",\"url\":\"https:\\\/\\\/skinsolution.pl\\\/for-professionals\\\/\",\"name\":\"SkinSolution For Professionals\",\"description\":\"\",\"publisher\":{\"@id\":\"https:\\\/\\\/skinsolution.pl\\\/for-professionals\\\/#organization\"},\"potentialAction\":[{\"@type\":\"SearchAction\",\"target\":{\"@type\":\"EntryPoint\",\"urlTemplate\":\"https:\\\/\\\/skinsolution.pl\\\/for-professionals\\\/?s={search_term_string}\"},\"query-input\":{\"@type\":\"PropertyValueSpecification\",\"valueRequired\":true,\"valueName\":\"search_term_string\"}}],\"inLanguage\":\"pl-PL\"},{\"@type\":\"Organization\",\"@id\":\"https:\\\/\\\/skinsolution.pl\\\/for-professionals\\\/#organization\",\"name\":\"SkinSolution For Professionals\",\"url\":\"https:\\\/\\\/skinsolution.pl\\\/for-professionals\\\/\",\"logo\":{\"@type\":\"ImageObject\",\"inLanguage\":\"pl-PL\",\"@id\":\"https:\\\/\\\/skinsolution.pl\\\/for-professionals\\\/#\\\/schema\\\/logo\\\/image\\\/\",\"url\":\"https:\\\/\\\/skinsolution.pl\\\/for-professionals\\\/wp-content\\\/uploads\\\/sites\\\/5\\\/2025\\\/03\\\/SkinSolution_Black2.png\",\"contentUrl\":\"https:\\\/\\\/skinsolution.pl\\\/for-professionals\\\/wp-content\\\/uploads\\\/sites\\\/5\\\/2025\\\/03\\\/SkinSolution_Black2.png\",\"width\":512,\"height\":512,\"caption\":\"SkinSolution For Professionals\"},\"image\":{\"@id\":\"https:\\\/\\\/skinsolution.pl\\\/for-professionals\\\/#\\\/schema\\\/logo\\\/image\\\/\"}}]}<\/script>\n<!-- \/ Yoast SEO plugin. -->","yoast_head_json":{"title":"md:cocktail SkinBooster Antiage Peptides GF (10 szt.) | SkinSolution | For Professional","robots":{"index":"index","follow":"follow","max-snippet":"max-snippet:-1","max-image-preview":"max-image-preview:large","max-video-preview":"max-video-preview:-1"},"canonical":"https:\/\/skinsolution.pl\/for-professionals\/produkt\/mdcocktail-skinbooster-antiage-peptides-gf-10-szt\/","og_locale":"pl_PL","og_type":"article","og_title":"md:cocktail SkinBooster Antiage Peptides GF (10 szt.) | SkinSolution | For Professional","og_description":"Szklane ampu\u0142ki z od\u017cywczym serum o dzia\u0142aniu przeciwstarzeniowym i regeneruj\u0105cym","og_url":"https:\/\/skinsolution.pl\/for-professionals\/produkt\/mdcocktail-skinbooster-antiage-peptides-gf-10-szt\/","og_site_name":"SkinSolution | For Professional","article_modified_time":"2026-03-17T12:20:23+00:00","og_image":[{"width":2048,"height":2048,"url":"https:\/\/skinsolution.pl\/for-professionals\/wp-content\/uploads\/sites\/5\/2025\/08\/bc2050fb518c4b01a167cc211065c741-1.png","type":"image\/png"}],"twitter_card":"summary_large_image","twitter_misc":{"Szacowany czas czytania":"3 minuty"},"schema":{"@context":"https:\/\/schema.org","@graph":[{"@type":"WebPage","@id":"https:\/\/skinsolution.pl\/for-professionals\/produkt\/mdcocktail-skinbooster-antiage-peptides-gf-10-szt\/","url":"https:\/\/skinsolution.pl\/for-professionals\/produkt\/mdcocktail-skinbooster-antiage-peptides-gf-10-szt\/","name":"md:cocktail SkinBooster Antiage Peptides GF (10 szt.) | SkinSolution | For Professional","isPartOf":{"@id":"https:\/\/skinsolution.pl\/for-professionals\/#website"},"primaryImageOfPage":{"@id":"https:\/\/skinsolution.pl\/for-professionals\/produkt\/mdcocktail-skinbooster-antiage-peptides-gf-10-szt\/#primaryimage"},"image":{"@id":"https:\/\/skinsolution.pl\/for-professionals\/produkt\/mdcocktail-skinbooster-antiage-peptides-gf-10-szt\/#primaryimage"},"thumbnailUrl":"https:\/\/skinsolution.pl\/for-professionals\/wp-content\/uploads\/sites\/5\/2025\/08\/bc2050fb518c4b01a167cc211065c741-1.png","datePublished":"2025-08-30T16:55:34+00:00","dateModified":"2026-03-17T12:20:23+00:00","breadcrumb":{"@id":"https:\/\/skinsolution.pl\/for-professionals\/produkt\/mdcocktail-skinbooster-antiage-peptides-gf-10-szt\/#breadcrumb"},"inLanguage":"pl-PL","potentialAction":[{"@type":"ReadAction","target":["https:\/\/skinsolution.pl\/for-professionals\/produkt\/mdcocktail-skinbooster-antiage-peptides-gf-10-szt\/"]}]},{"@type":"ImageObject","inLanguage":"pl-PL","@id":"https:\/\/skinsolution.pl\/for-professionals\/produkt\/mdcocktail-skinbooster-antiage-peptides-gf-10-szt\/#primaryimage","url":"https:\/\/skinsolution.pl\/for-professionals\/wp-content\/uploads\/sites\/5\/2025\/08\/bc2050fb518c4b01a167cc211065c741-1.png","contentUrl":"https:\/\/skinsolution.pl\/for-professionals\/wp-content\/uploads\/sites\/5\/2025\/08\/bc2050fb518c4b01a167cc211065c741-1.png","width":2048,"height":2048},{"@type":"BreadcrumbList","@id":"https:\/\/skinsolution.pl\/for-professionals\/produkt\/mdcocktail-skinbooster-antiage-peptides-gf-10-szt\/#breadcrumb","itemListElement":[{"@type":"ListItem","position":1,"name":"Strona g\u0142\u00f3wna","item":"https:\/\/skinsolution.pl\/for-professionals\/"},{"@type":"ListItem","position":2,"name":"Sklep","item":"https:\/\/skinsolution.pl\/for-professionals\/sklep\/"},{"@type":"ListItem","position":3,"name":"md:cocktail SkinBooster Antiage Peptides GF (10 szt.)"}]},{"@type":"WebSite","@id":"https:\/\/skinsolution.pl\/for-professionals\/#website","url":"https:\/\/skinsolution.pl\/for-professionals\/","name":"SkinSolution For Professionals","description":"","publisher":{"@id":"https:\/\/skinsolution.pl\/for-professionals\/#organization"},"potentialAction":[{"@type":"SearchAction","target":{"@type":"EntryPoint","urlTemplate":"https:\/\/skinsolution.pl\/for-professionals\/?s={search_term_string}"},"query-input":{"@type":"PropertyValueSpecification","valueRequired":true,"valueName":"search_term_string"}}],"inLanguage":"pl-PL"},{"@type":"Organization","@id":"https:\/\/skinsolution.pl\/for-professionals\/#organization","name":"SkinSolution For Professionals","url":"https:\/\/skinsolution.pl\/for-professionals\/","logo":{"@type":"ImageObject","inLanguage":"pl-PL","@id":"https:\/\/skinsolution.pl\/for-professionals\/#\/schema\/logo\/image\/","url":"https:\/\/skinsolution.pl\/for-professionals\/wp-content\/uploads\/sites\/5\/2025\/03\/SkinSolution_Black2.png","contentUrl":"https:\/\/skinsolution.pl\/for-professionals\/wp-content\/uploads\/sites\/5\/2025\/03\/SkinSolution_Black2.png","width":512,"height":512,"caption":"SkinSolution For Professionals"},"image":{"@id":"https:\/\/skinsolution.pl\/for-professionals\/#\/schema\/logo\/image\/"}}]}},"_links":{"self":[{"href":"https:\/\/skinsolution.pl\/for-professionals\/wp-json\/wp\/v2\/product\/3681","targetHints":{"allow":["GET"]}}],"collection":[{"href":"https:\/\/skinsolution.pl\/for-professionals\/wp-json\/wp\/v2\/product"}],"about":[{"href":"https:\/\/skinsolution.pl\/for-professionals\/wp-json\/wp\/v2\/types\/product"}],"replies":[{"embeddable":true,"href":"https:\/\/skinsolution.pl\/for-professionals\/wp-json\/wp\/v2\/comments?post=3681"}],"wp:featuredmedia":[{"embeddable":true,"href":"https:\/\/skinsolution.pl\/for-professionals\/wp-json\/wp\/v2\/media\/3682"}],"wp:attachment":[{"href":"https:\/\/skinsolution.pl\/for-professionals\/wp-json\/wp\/v2\/media?parent=3681"}],"wp:term":[{"taxonomy":"product_brand","embeddable":true,"href":"https:\/\/skinsolution.pl\/for-professionals\/wp-json\/wp\/v2\/product_brand?post=3681"},{"taxonomy":"product_cat","embeddable":true,"href":"https:\/\/skinsolution.pl\/for-professionals\/wp-json\/wp\/v2\/product_cat?post=3681"},{"taxonomy":"product_tag","embeddable":true,"href":"https:\/\/skinsolution.pl\/for-professionals\/wp-json\/wp\/v2\/product_tag?post=3681"}],"curies":[{"name":"wp","href":"https:\/\/api.w.org\/{rel}","templated":true}]}}