{"id":3678,"date":"2025-08-30T18:52:03","date_gmt":"2025-08-30T16:52:03","guid":{"rendered":"https:\/\/skinsolution.pl\/for-professionals\/?post_type=product&#038;p=3678"},"modified":"2026-03-11T07:58:34","modified_gmt":"2026-03-11T06:58:34","slug":"mdcocktail-post-treatment-skin-recovery-10-szt","status":"publish","type":"product","link":"https:\/\/skinsolution.pl\/for-professionals\/produkt\/mdcocktail-post-treatment-skin-recovery-10-szt\/","title":{"rendered":"md:cocktail Post-Treatment Skin Recovery (10 szt.)"},"content":{"rendered":"<p>md:cocktail Post-Treatment to niezwykle bogate w substancje od\u017cywcze koktajle, zamkni\u0119te w sterylnych szklanych ampu\u0142kach, opracowane w celu przywr\u00f3cenia sk\u00f3rze nawil\u017cenia i zdrowego wygl\u0105du sk\u00f3ry. Si\u0142a koktajli le\u017cy w sk\u0142adnikach pochodzenia naturalnego o bardzo silnych w\u0142a\u015bciwo\u015bciach wi\u0105zania wody, co czyni, i\u017c sk\u00f3ra jest bardziej ni\u017c kiedykolwiek nawil\u017cona, mi\u0119kka, g\u0142adka i elastyczna.<br \/>\nSwoj\u0105 nazw\u0119 zawdzi\u0119cza zdolno\u015bci do odbudowywania i restrukturyzacji sk\u00f3ry, szczeg\u00f3lnie po zabiegach dermatologicznych, takich jak: peelingi chemiczne, resurfacing sk\u00f3ry, terapia laserowa, terapia retinolowa, ale nie tylko. Bogate serum md:cocktail Post-Treatment \u015bwietnie si\u0119 sprawdzi na co dzie\u0144, przed wielkimi wyj\u015bciami i zawsze kiedy chcemy osi\u0105gn\u0105\u0107 efekt nieskazitelnej, pi\u0119knej i pe\u0142nej blasku sk\u00f3ry.<\/p>\n<p>Pojemno\u015b\u0107<br \/>\n10 ampu\u0142ek o poj. 2 ml<\/p>\n<p>Spos\u00f3b u\u017cycia<br \/>\n1. Przed na\u0142o\u017ceniem dog\u0142\u0119bnie oczy\u015b\u0107 sk\u00f3r\u0119 i usu\u0144 wszelkie \u015blady makija\u017cu, najlepiej za pomoc\u0105 md: ultrasense cleanser oraz md: multiactive firming toner;<br \/>\n2. Wstrz\u0105\u015bnij ampu\u0142k\u0105. Nast\u0119pnie uderz palcem w g\u00f3rn\u0105 cz\u0119\u015b\u0107 ampu\u0142ki, w\u0142\u00f3\u017c specjaln\u0105 plastikow\u0105 os\u0142on\u0119 i z\u0142am g\u00f3rn\u0105 cz\u0119\u015b\u0107 ampu\u0142ki;<br \/>\n3. Na\u0142\u00f3\u017c silikonowy aplikator i nanie\u015b\u0107 po\u0142ow\u0119 zawarto\u015bci ampu\u0142ki na twarz i szyj\u0119, delikatnie masuj\u0105c okr\u0119\u017cnymi ruchami, aby serum dok\u0142adnie si\u0119 wch\u0142on\u0119\u0142o;<br \/>\n4. Zamknij ampu\u0142k\u0119 nasadk\u0105, aby zachowa\u0107 w\u0142a\u015bciwo\u015bci produktu do nast\u0119pnej aplikacji. Otwarta ampu\u0142ka zachowa wszystkie swoje w\u0142a\u015bciwo\u015bci do 24h.<\/p>\n<p>Sk\u0142adniki aktywne<br \/>\nKwas hialuronowy g\u0142\u0119boko nawil\u017ca sk\u00f3r\u0119, zwi\u0119ksza jej elastyczno\u015b\u0107 i niweluje zmarszczki; bierze udzia\u0142 w procesach naprawy sk\u00f3ry i przyczynia si\u0119 do jej odnowy poprzez aktywacj\u0119 aktywno\u015bci fibroblast\u00f3w i restrukturyzacj\u0119 w\u0142\u00f3kien kolagenowych;<br \/>\nBisabolol ma dzia\u0142anie przeciwzapalne, przeciwbakteryjne, daje natychmiastowe uczucie ukojenia i komfortu; znacz\u0105co poprawia wygl\u0105d zniszczonej sk\u00f3ry, a dzi\u0119ki wysokiej zawarto\u015bci pantenolu skutecznie stymuluje i wspomaga proces gojenia si\u0119 sk\u00f3ry, przyspieszaj\u0105c regeneracj\u0119 kom\u00f3rek i odbudow\u0119 nask\u00f3rka podczas gojenia si\u0119 ran;<br \/>\nAlantoina intensywnie regeneruje, stymuluje odnow\u0119 kom\u00f3rkow\u0105, dzia\u0142a jak emolient: nawil\u017ca, zmi\u0119kcza i wyg\u0142adza sk\u00f3r\u0119, ma w\u0142a\u015bciwo\u015bci przeciwzapalne, \u0142agodzi podra\u017cnienia;<br \/>\nKwas askorbinowy i cytrynowy &#8211; bardzo silne antyoksydanty, chroni\u0105 sk\u00f3r\u0119 przed dzia\u0142aniem szkodliwego promieniowania UV, wolnych rodnik\u00f3w i zanieczyszczeniami; roz\u015bwietlaj\u0105 cer\u0119, wyr\u00f3wnuj\u0105 jej koloryt i wydobywaj\u0105 naturalny blask;<br \/>\nWyci\u0105g z Myrothamnus flabellifolia ma dzia\u0142anie nawil\u017caj\u0105ce, ochronne i rewitalizuj\u0105ce; wspomaga proces regeneracji sk\u00f3ry, zmniejsza zaczerwienienie sk\u00f3ry;<br \/>\nPo\u0142\u0105czenie wyci\u0105g\u00f3w z porost\u00f3w, mchu i paproci wi\u0105\u017c\u0105 wod\u0119 wewn\u0105trz sk\u00f3ry nadaj\u0105c jej pi\u0119kny wygl\u0105d;<br \/>\nWyci\u0105g z P\u0142ucnicy islandzkiej zmi\u0119kcza i wyg\u0142adza sk\u00f3r\u0119;<br \/>\nWyci\u0105g z Torfowca magella\u0144skiego? ekstremalnie nawil\u017ca sk\u00f3r\u0119, nadaj\u0105c jej \u015bwie\u017cy wygl\u0105d;<\/p>\n<p>Sk\u0142ad<br \/>\nAqua\/Water, Propylene glycol, Methylpropanediol, Propanediol, Trideceth-9, PEG-40 hydrogenated castor oil, Sodium hyaluronate, Bisabolol, Citric acid, Ascorbic acid, Allantoin, Polypodium vulgare rhizome extract, Myrothamnus flabellifolia leaf\/stem extract, Cetraria islandica thallus extract, Sphagnum magellanicum extract, Caprylyl glycol, Polysorbate 20, Phenylpropanol, Disodium EDTA, Triethanolamine<\/p>\n<p>Informacje o producencie<br \/>\nLINKEDERMA SL.<\/p>\n","protected":false},"excerpt":{"rendered":"<p>Ampu\u0142ki o dzia\u0142aniu naprawczym i nawil\u017caj\u0105cym<\/p>\n","protected":false},"featured_media":3680,"comment_status":"open","ping_status":"closed","template":"","meta":{"_acf_changed":false},"product_brand":[],"product_cat":[153],"product_tag":[],"class_list":{"0":"post-3678","1":"product","2":"type-product","3":"status-publish","4":"has-post-thumbnail","6":"product_cat-profesjonalna-pielegnacja","8":"first","9":"outofstock","10":"taxable","11":"shipping-taxable","12":"purchasable","13":"product-type-simple"},"acf":[],"yoast_head":"<!-- This site is optimized with the Yoast SEO plugin v27.4 - https:\/\/yoast.com\/product\/yoast-seo-wordpress\/ -->\n<title>md:cocktail Post-Treatment Skin Recovery (10 szt.) | SkinSolution | For Professional<\/title>\n<meta name=\"robots\" content=\"index, follow, max-snippet:-1, max-image-preview:large, max-video-preview:-1\" \/>\n<link rel=\"canonical\" href=\"https:\/\/skinsolution.pl\/for-professionals\/produkt\/mdcocktail-post-treatment-skin-recovery-10-szt\/\" \/>\n<meta property=\"og:locale\" content=\"pl_PL\" \/>\n<meta property=\"og:type\" content=\"article\" \/>\n<meta property=\"og:title\" content=\"md:cocktail Post-Treatment Skin Recovery (10 szt.) | SkinSolution | For Professional\" \/>\n<meta property=\"og:description\" content=\"Ampu\u0142ki o dzia\u0142aniu naprawczym i nawil\u017caj\u0105cym\" \/>\n<meta property=\"og:url\" content=\"https:\/\/skinsolution.pl\/for-professionals\/produkt\/mdcocktail-post-treatment-skin-recovery-10-szt\/\" \/>\n<meta property=\"og:site_name\" content=\"SkinSolution | For Professional\" \/>\n<meta property=\"article:modified_time\" content=\"2026-03-11T06:58:34+00:00\" \/>\n<meta property=\"og:image\" content=\"https:\/\/skinsolution.pl\/for-professionals\/wp-content\/uploads\/sites\/5\/2025\/08\/6f54b1ea21c19d0db5394e010bf9abc4-1.png\" \/>\n\t<meta property=\"og:image:width\" content=\"2048\" \/>\n\t<meta property=\"og:image:height\" content=\"2048\" \/>\n\t<meta property=\"og:image:type\" content=\"image\/png\" \/>\n<meta name=\"twitter:card\" content=\"summary_large_image\" \/>\n<meta name=\"twitter:label1\" content=\"Szacowany czas czytania\" \/>\n\t<meta name=\"twitter:data1\" content=\"3 minuty\" \/>\n<script type=\"application\/ld+json\" class=\"yoast-schema-graph\">{\"@context\":\"https:\\\/\\\/schema.org\",\"@graph\":[{\"@type\":\"WebPage\",\"@id\":\"https:\\\/\\\/skinsolution.pl\\\/for-professionals\\\/produkt\\\/mdcocktail-post-treatment-skin-recovery-10-szt\\\/\",\"url\":\"https:\\\/\\\/skinsolution.pl\\\/for-professionals\\\/produkt\\\/mdcocktail-post-treatment-skin-recovery-10-szt\\\/\",\"name\":\"md:cocktail Post-Treatment Skin Recovery (10 szt.) | SkinSolution | For Professional\",\"isPartOf\":{\"@id\":\"https:\\\/\\\/skinsolution.pl\\\/for-professionals\\\/#website\"},\"primaryImageOfPage\":{\"@id\":\"https:\\\/\\\/skinsolution.pl\\\/for-professionals\\\/produkt\\\/mdcocktail-post-treatment-skin-recovery-10-szt\\\/#primaryimage\"},\"image\":{\"@id\":\"https:\\\/\\\/skinsolution.pl\\\/for-professionals\\\/produkt\\\/mdcocktail-post-treatment-skin-recovery-10-szt\\\/#primaryimage\"},\"thumbnailUrl\":\"https:\\\/\\\/skinsolution.pl\\\/for-professionals\\\/wp-content\\\/uploads\\\/sites\\\/5\\\/2025\\\/08\\\/6f54b1ea21c19d0db5394e010bf9abc4-1.png\",\"datePublished\":\"2025-08-30T16:52:03+00:00\",\"dateModified\":\"2026-03-11T06:58:34+00:00\",\"breadcrumb\":{\"@id\":\"https:\\\/\\\/skinsolution.pl\\\/for-professionals\\\/produkt\\\/mdcocktail-post-treatment-skin-recovery-10-szt\\\/#breadcrumb\"},\"inLanguage\":\"pl-PL\",\"potentialAction\":[{\"@type\":\"ReadAction\",\"target\":[\"https:\\\/\\\/skinsolution.pl\\\/for-professionals\\\/produkt\\\/mdcocktail-post-treatment-skin-recovery-10-szt\\\/\"]}]},{\"@type\":\"ImageObject\",\"inLanguage\":\"pl-PL\",\"@id\":\"https:\\\/\\\/skinsolution.pl\\\/for-professionals\\\/produkt\\\/mdcocktail-post-treatment-skin-recovery-10-szt\\\/#primaryimage\",\"url\":\"https:\\\/\\\/skinsolution.pl\\\/for-professionals\\\/wp-content\\\/uploads\\\/sites\\\/5\\\/2025\\\/08\\\/6f54b1ea21c19d0db5394e010bf9abc4-1.png\",\"contentUrl\":\"https:\\\/\\\/skinsolution.pl\\\/for-professionals\\\/wp-content\\\/uploads\\\/sites\\\/5\\\/2025\\\/08\\\/6f54b1ea21c19d0db5394e010bf9abc4-1.png\",\"width\":2048,\"height\":2048},{\"@type\":\"BreadcrumbList\",\"@id\":\"https:\\\/\\\/skinsolution.pl\\\/for-professionals\\\/produkt\\\/mdcocktail-post-treatment-skin-recovery-10-szt\\\/#breadcrumb\",\"itemListElement\":[{\"@type\":\"ListItem\",\"position\":1,\"name\":\"Strona g\u0142\u00f3wna\",\"item\":\"https:\\\/\\\/skinsolution.pl\\\/for-professionals\\\/\"},{\"@type\":\"ListItem\",\"position\":2,\"name\":\"Sklep\",\"item\":\"https:\\\/\\\/skinsolution.pl\\\/for-professionals\\\/sklep\\\/\"},{\"@type\":\"ListItem\",\"position\":3,\"name\":\"md:cocktail Post-Treatment Skin Recovery (10 szt.)\"}]},{\"@type\":\"WebSite\",\"@id\":\"https:\\\/\\\/skinsolution.pl\\\/for-professionals\\\/#website\",\"url\":\"https:\\\/\\\/skinsolution.pl\\\/for-professionals\\\/\",\"name\":\"SkinSolution For Professionals\",\"description\":\"\",\"publisher\":{\"@id\":\"https:\\\/\\\/skinsolution.pl\\\/for-professionals\\\/#organization\"},\"potentialAction\":[{\"@type\":\"SearchAction\",\"target\":{\"@type\":\"EntryPoint\",\"urlTemplate\":\"https:\\\/\\\/skinsolution.pl\\\/for-professionals\\\/?s={search_term_string}\"},\"query-input\":{\"@type\":\"PropertyValueSpecification\",\"valueRequired\":true,\"valueName\":\"search_term_string\"}}],\"inLanguage\":\"pl-PL\"},{\"@type\":\"Organization\",\"@id\":\"https:\\\/\\\/skinsolution.pl\\\/for-professionals\\\/#organization\",\"name\":\"SkinSolution For Professionals\",\"url\":\"https:\\\/\\\/skinsolution.pl\\\/for-professionals\\\/\",\"logo\":{\"@type\":\"ImageObject\",\"inLanguage\":\"pl-PL\",\"@id\":\"https:\\\/\\\/skinsolution.pl\\\/for-professionals\\\/#\\\/schema\\\/logo\\\/image\\\/\",\"url\":\"https:\\\/\\\/skinsolution.pl\\\/for-professionals\\\/wp-content\\\/uploads\\\/sites\\\/5\\\/2025\\\/03\\\/SkinSolution_Black2.png\",\"contentUrl\":\"https:\\\/\\\/skinsolution.pl\\\/for-professionals\\\/wp-content\\\/uploads\\\/sites\\\/5\\\/2025\\\/03\\\/SkinSolution_Black2.png\",\"width\":512,\"height\":512,\"caption\":\"SkinSolution For Professionals\"},\"image\":{\"@id\":\"https:\\\/\\\/skinsolution.pl\\\/for-professionals\\\/#\\\/schema\\\/logo\\\/image\\\/\"}}]}<\/script>\n<!-- \/ Yoast SEO plugin. -->","yoast_head_json":{"title":"md:cocktail Post-Treatment Skin Recovery (10 szt.) | SkinSolution | For Professional","robots":{"index":"index","follow":"follow","max-snippet":"max-snippet:-1","max-image-preview":"max-image-preview:large","max-video-preview":"max-video-preview:-1"},"canonical":"https:\/\/skinsolution.pl\/for-professionals\/produkt\/mdcocktail-post-treatment-skin-recovery-10-szt\/","og_locale":"pl_PL","og_type":"article","og_title":"md:cocktail Post-Treatment Skin Recovery (10 szt.) | SkinSolution | For Professional","og_description":"Ampu\u0142ki o dzia\u0142aniu naprawczym i nawil\u017caj\u0105cym","og_url":"https:\/\/skinsolution.pl\/for-professionals\/produkt\/mdcocktail-post-treatment-skin-recovery-10-szt\/","og_site_name":"SkinSolution | For Professional","article_modified_time":"2026-03-11T06:58:34+00:00","og_image":[{"width":2048,"height":2048,"url":"https:\/\/skinsolution.pl\/for-professionals\/wp-content\/uploads\/sites\/5\/2025\/08\/6f54b1ea21c19d0db5394e010bf9abc4-1.png","type":"image\/png"}],"twitter_card":"summary_large_image","twitter_misc":{"Szacowany czas czytania":"3 minuty"},"schema":{"@context":"https:\/\/schema.org","@graph":[{"@type":"WebPage","@id":"https:\/\/skinsolution.pl\/for-professionals\/produkt\/mdcocktail-post-treatment-skin-recovery-10-szt\/","url":"https:\/\/skinsolution.pl\/for-professionals\/produkt\/mdcocktail-post-treatment-skin-recovery-10-szt\/","name":"md:cocktail Post-Treatment Skin Recovery (10 szt.) | SkinSolution | For Professional","isPartOf":{"@id":"https:\/\/skinsolution.pl\/for-professionals\/#website"},"primaryImageOfPage":{"@id":"https:\/\/skinsolution.pl\/for-professionals\/produkt\/mdcocktail-post-treatment-skin-recovery-10-szt\/#primaryimage"},"image":{"@id":"https:\/\/skinsolution.pl\/for-professionals\/produkt\/mdcocktail-post-treatment-skin-recovery-10-szt\/#primaryimage"},"thumbnailUrl":"https:\/\/skinsolution.pl\/for-professionals\/wp-content\/uploads\/sites\/5\/2025\/08\/6f54b1ea21c19d0db5394e010bf9abc4-1.png","datePublished":"2025-08-30T16:52:03+00:00","dateModified":"2026-03-11T06:58:34+00:00","breadcrumb":{"@id":"https:\/\/skinsolution.pl\/for-professionals\/produkt\/mdcocktail-post-treatment-skin-recovery-10-szt\/#breadcrumb"},"inLanguage":"pl-PL","potentialAction":[{"@type":"ReadAction","target":["https:\/\/skinsolution.pl\/for-professionals\/produkt\/mdcocktail-post-treatment-skin-recovery-10-szt\/"]}]},{"@type":"ImageObject","inLanguage":"pl-PL","@id":"https:\/\/skinsolution.pl\/for-professionals\/produkt\/mdcocktail-post-treatment-skin-recovery-10-szt\/#primaryimage","url":"https:\/\/skinsolution.pl\/for-professionals\/wp-content\/uploads\/sites\/5\/2025\/08\/6f54b1ea21c19d0db5394e010bf9abc4-1.png","contentUrl":"https:\/\/skinsolution.pl\/for-professionals\/wp-content\/uploads\/sites\/5\/2025\/08\/6f54b1ea21c19d0db5394e010bf9abc4-1.png","width":2048,"height":2048},{"@type":"BreadcrumbList","@id":"https:\/\/skinsolution.pl\/for-professionals\/produkt\/mdcocktail-post-treatment-skin-recovery-10-szt\/#breadcrumb","itemListElement":[{"@type":"ListItem","position":1,"name":"Strona g\u0142\u00f3wna","item":"https:\/\/skinsolution.pl\/for-professionals\/"},{"@type":"ListItem","position":2,"name":"Sklep","item":"https:\/\/skinsolution.pl\/for-professionals\/sklep\/"},{"@type":"ListItem","position":3,"name":"md:cocktail Post-Treatment Skin Recovery (10 szt.)"}]},{"@type":"WebSite","@id":"https:\/\/skinsolution.pl\/for-professionals\/#website","url":"https:\/\/skinsolution.pl\/for-professionals\/","name":"SkinSolution For Professionals","description":"","publisher":{"@id":"https:\/\/skinsolution.pl\/for-professionals\/#organization"},"potentialAction":[{"@type":"SearchAction","target":{"@type":"EntryPoint","urlTemplate":"https:\/\/skinsolution.pl\/for-professionals\/?s={search_term_string}"},"query-input":{"@type":"PropertyValueSpecification","valueRequired":true,"valueName":"search_term_string"}}],"inLanguage":"pl-PL"},{"@type":"Organization","@id":"https:\/\/skinsolution.pl\/for-professionals\/#organization","name":"SkinSolution For Professionals","url":"https:\/\/skinsolution.pl\/for-professionals\/","logo":{"@type":"ImageObject","inLanguage":"pl-PL","@id":"https:\/\/skinsolution.pl\/for-professionals\/#\/schema\/logo\/image\/","url":"https:\/\/skinsolution.pl\/for-professionals\/wp-content\/uploads\/sites\/5\/2025\/03\/SkinSolution_Black2.png","contentUrl":"https:\/\/skinsolution.pl\/for-professionals\/wp-content\/uploads\/sites\/5\/2025\/03\/SkinSolution_Black2.png","width":512,"height":512,"caption":"SkinSolution For Professionals"},"image":{"@id":"https:\/\/skinsolution.pl\/for-professionals\/#\/schema\/logo\/image\/"}}]}},"_links":{"self":[{"href":"https:\/\/skinsolution.pl\/for-professionals\/wp-json\/wp\/v2\/product\/3678","targetHints":{"allow":["GET"]}}],"collection":[{"href":"https:\/\/skinsolution.pl\/for-professionals\/wp-json\/wp\/v2\/product"}],"about":[{"href":"https:\/\/skinsolution.pl\/for-professionals\/wp-json\/wp\/v2\/types\/product"}],"replies":[{"embeddable":true,"href":"https:\/\/skinsolution.pl\/for-professionals\/wp-json\/wp\/v2\/comments?post=3678"}],"wp:featuredmedia":[{"embeddable":true,"href":"https:\/\/skinsolution.pl\/for-professionals\/wp-json\/wp\/v2\/media\/3680"}],"wp:attachment":[{"href":"https:\/\/skinsolution.pl\/for-professionals\/wp-json\/wp\/v2\/media?parent=3678"}],"wp:term":[{"taxonomy":"product_brand","embeddable":true,"href":"https:\/\/skinsolution.pl\/for-professionals\/wp-json\/wp\/v2\/product_brand?post=3678"},{"taxonomy":"product_cat","embeddable":true,"href":"https:\/\/skinsolution.pl\/for-professionals\/wp-json\/wp\/v2\/product_cat?post=3678"},{"taxonomy":"product_tag","embeddable":true,"href":"https:\/\/skinsolution.pl\/for-professionals\/wp-json\/wp\/v2\/product_tag?post=3678"}],"curies":[{"name":"wp","href":"https:\/\/api.w.org\/{rel}","templated":true}]}}