{"id":3611,"date":"2025-08-08T14:05:04","date_gmt":"2025-08-08T12:05:04","guid":{"rendered":"https:\/\/skinsolution.pl\/for-professionals\/?post_type=product&#038;p=3611"},"modified":"2026-04-17T15:53:11","modified_gmt":"2026-04-17T13:53:11","slug":"jalupro-eye-contour-face-serum-30-ml","status":"publish","type":"product","link":"https:\/\/skinsolution.pl\/for-professionals\/produkt\/jalupro-eye-contour-face-serum-30-ml\/","title":{"rendered":"Jalupro\u00ae Eye Contour &#038; Face Serum 30 ml"},"content":{"rendered":"<div>\n<p><b>Rewitalizuj\u0105ce Serum pod oczy i do twarzy JALUPRO\u00ae<\/b> to po\u0142\u0105czenie nawil\u017caj\u0105cej mocy kwasu hialuronowego z odbudowuj\u0105cymi w\u0142a\u015bciwo\u015bciami aminokwas\u00f3w \u2013 element\u00f3w budulcowych kolagenu.<\/p>\n<p>Pomaga w walce zar\u00f3wno z pierwszymi jak i g\u0142\u0119bokimi zmarszczkami, poprawia elastyczno\u015b\u0107 i spr\u0119\u017cysto\u015b\u0107 sk\u00f3ry.<\/p>\n<\/div>\n<div>\n<p>Spojrzenie jest roz\u015bwietlone, sk\u00f3ra wok\u00f3\u0142 oczu napi\u0119ta, zmarszczki wyg\u0142adzone.<\/p>\n<p>Wraz z wiekiem aktywno\u015b\u0107 fibroblast\u00f3w spada i nasza sk\u00f3ra produkuje coraz mniej drogocennego kolagenu, kt\u00f3ry nie bez powodu nazywany jest bia\u0142kiem m\u0142odo\u015bci.<\/p>\n<\/div>\n<div><\/div>\n<div>\n<p>Dzi\u0119ki kosmetykom JALUPRO<b>\u00ae<\/b> z aminokwasami, fibroblasty s\u0105 stale stymulowane do pracy, a kwas hialuronowy dodatkowo g\u0142\u0119boko nawil\u017ca sk\u00f3r\u0119, dzi\u0119ki czemu zachowuje ona m\u0142ody i promienny wygl\u0105d.<\/p>\n<p>Dzi\u0119ki wsp\u00f3\u0142pracy zar\u00f3wno na powierzchni i jak wewn\u0105trz sk\u00f3ry, osi\u0105ga si\u0119 maksymalne efekty.<\/p>\n<\/div>\n<div><b>\u00a0<\/b><\/div>\n<div><b>Pojemno\u015b\u0107:<\/b><br \/>\n30 ml<\/div>\n<div><\/div>\n<div><b>Spos\u00f3b u\u017cycia:<br \/>\n<\/b>Niewielk\u0105 warstw\u0119 serum nak\u0142adamy rano i wieczorem delikatnymi kolistymi ruchami na such\u0105 i oczyszczon\u0105 sk\u00f3r\u0119 twarzy i wok\u00f3\u0142 oczu. Serum \u015bwietnie si\u0119 sprawdzi zar\u00f3wno pod makija\u017c jak i jako uzupe\u0142nienie wieczornej piel\u0119gnacji.<\/div>\n<div><\/div>\n<div><b>Sk\u0142ad:<\/b> Aqua\/Water, Polymethylsilsesquioxane, Butylene Glycol, Cetearyl alcohol, Potassium cetyl phosphate, Glycine, Arginine, Proline, Glycerin, Caprylyl glicol, Lysine hydrochloride, Sodium hyaluronate, Leucine, Xanthan Gum, Penthaerythrityl tetra-di-butyl hydroxyhydrocinnamate, Glyceryl acrylate\/acrylic acid copolymer, Propylene glycol, Phenoxyethanol, Ethylhexylglycerin, Dicaprylyl ether, Cetearyl isononanoate, Acrylates\/c10-30 alkyl acrylate crosspolymer, Disodium edta, Citric acid<\/div>\n<div><\/div>\n<div><b>Informacje o producencie<br \/>\nProfessional Derma S.A. <\/b><\/div>\n","protected":false},"excerpt":{"rendered":"<p>Po zabiegowe serum na ca\u0142\u0105 twarz, ale i na delikatn\u0105 sk\u00f3r\u0119 pod oczami<\/p>\n<p>4% l-aminokwas\u00f3w + kwas hialuronowy<\/p>\n","protected":false},"featured_media":3746,"comment_status":"open","ping_status":"closed","template":"","meta":{"_acf_changed":false},"product_brand":[],"product_cat":[153],"product_tag":[],"class_list":{"0":"post-3611","1":"product","2":"type-product","3":"status-publish","4":"has-post-thumbnail","6":"product_cat-profesjonalna-pielegnacja","8":"first","9":"instock","10":"taxable","11":"shipping-taxable","12":"purchasable","13":"product-type-simple"},"acf":[],"yoast_head":"<!-- This site is optimized with the Yoast SEO plugin v27.4 - https:\/\/yoast.com\/product\/yoast-seo-wordpress\/ -->\n<title>Jalupro\u00ae Eye Contour &amp; Face Serum 30 ml | SkinSolution | For Professional<\/title>\n<meta name=\"robots\" content=\"index, follow, max-snippet:-1, max-image-preview:large, max-video-preview:-1\" \/>\n<link rel=\"canonical\" href=\"https:\/\/skinsolution.pl\/for-professionals\/produkt\/jalupro-eye-contour-face-serum-30-ml\/\" \/>\n<meta property=\"og:locale\" content=\"pl_PL\" \/>\n<meta property=\"og:type\" content=\"article\" \/>\n<meta property=\"og:title\" content=\"Jalupro\u00ae Eye Contour &amp; Face Serum 30 ml | SkinSolution | For Professional\" \/>\n<meta property=\"og:description\" content=\"Po zabiegowe serum na ca\u0142\u0105 twarz, ale i na delikatn\u0105 sk\u00f3r\u0119 pod oczami  4% l-aminokwas\u00f3w + kwas hialuronowy\" \/>\n<meta property=\"og:url\" content=\"https:\/\/skinsolution.pl\/for-professionals\/produkt\/jalupro-eye-contour-face-serum-30-ml\/\" \/>\n<meta property=\"og:site_name\" content=\"SkinSolution | For Professional\" \/>\n<meta property=\"article:modified_time\" content=\"2026-04-17T13:53:11+00:00\" \/>\n<meta property=\"og:image\" content=\"https:\/\/skinsolution.pl\/for-professionals\/wp-content\/uploads\/sites\/5\/2025\/08\/Serum.png\" \/>\n\t<meta property=\"og:image:width\" content=\"1200\" \/>\n\t<meta property=\"og:image:height\" content=\"1200\" \/>\n\t<meta property=\"og:image:type\" content=\"image\/png\" \/>\n<meta name=\"twitter:card\" content=\"summary_large_image\" \/>\n<meta name=\"twitter:label1\" content=\"Szacowany czas czytania\" \/>\n\t<meta name=\"twitter:data1\" content=\"2 minuty\" \/>\n<script type=\"application\/ld+json\" class=\"yoast-schema-graph\">{\"@context\":\"https:\\\/\\\/schema.org\",\"@graph\":[{\"@type\":\"WebPage\",\"@id\":\"https:\\\/\\\/skinsolution.pl\\\/for-professionals\\\/produkt\\\/jalupro-eye-contour-face-serum-30-ml\\\/\",\"url\":\"https:\\\/\\\/skinsolution.pl\\\/for-professionals\\\/produkt\\\/jalupro-eye-contour-face-serum-30-ml\\\/\",\"name\":\"Jalupro\u00ae Eye Contour & Face Serum 30 ml | SkinSolution | For Professional\",\"isPartOf\":{\"@id\":\"https:\\\/\\\/skinsolution.pl\\\/for-professionals\\\/#website\"},\"primaryImageOfPage\":{\"@id\":\"https:\\\/\\\/skinsolution.pl\\\/for-professionals\\\/produkt\\\/jalupro-eye-contour-face-serum-30-ml\\\/#primaryimage\"},\"image\":{\"@id\":\"https:\\\/\\\/skinsolution.pl\\\/for-professionals\\\/produkt\\\/jalupro-eye-contour-face-serum-30-ml\\\/#primaryimage\"},\"thumbnailUrl\":\"https:\\\/\\\/skinsolution.pl\\\/for-professionals\\\/wp-content\\\/uploads\\\/sites\\\/5\\\/2025\\\/08\\\/Serum.png\",\"datePublished\":\"2025-08-08T12:05:04+00:00\",\"dateModified\":\"2026-04-17T13:53:11+00:00\",\"breadcrumb\":{\"@id\":\"https:\\\/\\\/skinsolution.pl\\\/for-professionals\\\/produkt\\\/jalupro-eye-contour-face-serum-30-ml\\\/#breadcrumb\"},\"inLanguage\":\"pl-PL\",\"potentialAction\":[{\"@type\":\"ReadAction\",\"target\":[\"https:\\\/\\\/skinsolution.pl\\\/for-professionals\\\/produkt\\\/jalupro-eye-contour-face-serum-30-ml\\\/\"]}]},{\"@type\":\"ImageObject\",\"inLanguage\":\"pl-PL\",\"@id\":\"https:\\\/\\\/skinsolution.pl\\\/for-professionals\\\/produkt\\\/jalupro-eye-contour-face-serum-30-ml\\\/#primaryimage\",\"url\":\"https:\\\/\\\/skinsolution.pl\\\/for-professionals\\\/wp-content\\\/uploads\\\/sites\\\/5\\\/2025\\\/08\\\/Serum.png\",\"contentUrl\":\"https:\\\/\\\/skinsolution.pl\\\/for-professionals\\\/wp-content\\\/uploads\\\/sites\\\/5\\\/2025\\\/08\\\/Serum.png\",\"width\":1200,\"height\":1200},{\"@type\":\"BreadcrumbList\",\"@id\":\"https:\\\/\\\/skinsolution.pl\\\/for-professionals\\\/produkt\\\/jalupro-eye-contour-face-serum-30-ml\\\/#breadcrumb\",\"itemListElement\":[{\"@type\":\"ListItem\",\"position\":1,\"name\":\"Strona g\u0142\u00f3wna\",\"item\":\"https:\\\/\\\/skinsolution.pl\\\/for-professionals\\\/\"},{\"@type\":\"ListItem\",\"position\":2,\"name\":\"Sklep\",\"item\":\"https:\\\/\\\/skinsolution.pl\\\/for-professionals\\\/sklep\\\/\"},{\"@type\":\"ListItem\",\"position\":3,\"name\":\"Jalupro\u00ae Eye Contour &#038; Face Serum 30 ml\"}]},{\"@type\":\"WebSite\",\"@id\":\"https:\\\/\\\/skinsolution.pl\\\/for-professionals\\\/#website\",\"url\":\"https:\\\/\\\/skinsolution.pl\\\/for-professionals\\\/\",\"name\":\"SkinSolution For Professionals\",\"description\":\"\",\"publisher\":{\"@id\":\"https:\\\/\\\/skinsolution.pl\\\/for-professionals\\\/#organization\"},\"potentialAction\":[{\"@type\":\"SearchAction\",\"target\":{\"@type\":\"EntryPoint\",\"urlTemplate\":\"https:\\\/\\\/skinsolution.pl\\\/for-professionals\\\/?s={search_term_string}\"},\"query-input\":{\"@type\":\"PropertyValueSpecification\",\"valueRequired\":true,\"valueName\":\"search_term_string\"}}],\"inLanguage\":\"pl-PL\"},{\"@type\":\"Organization\",\"@id\":\"https:\\\/\\\/skinsolution.pl\\\/for-professionals\\\/#organization\",\"name\":\"SkinSolution For Professionals\",\"url\":\"https:\\\/\\\/skinsolution.pl\\\/for-professionals\\\/\",\"logo\":{\"@type\":\"ImageObject\",\"inLanguage\":\"pl-PL\",\"@id\":\"https:\\\/\\\/skinsolution.pl\\\/for-professionals\\\/#\\\/schema\\\/logo\\\/image\\\/\",\"url\":\"https:\\\/\\\/skinsolution.pl\\\/for-professionals\\\/wp-content\\\/uploads\\\/sites\\\/5\\\/2025\\\/03\\\/SkinSolution_Black2.png\",\"contentUrl\":\"https:\\\/\\\/skinsolution.pl\\\/for-professionals\\\/wp-content\\\/uploads\\\/sites\\\/5\\\/2025\\\/03\\\/SkinSolution_Black2.png\",\"width\":512,\"height\":512,\"caption\":\"SkinSolution For Professionals\"},\"image\":{\"@id\":\"https:\\\/\\\/skinsolution.pl\\\/for-professionals\\\/#\\\/schema\\\/logo\\\/image\\\/\"}}]}<\/script>\n<!-- \/ Yoast SEO plugin. -->","yoast_head_json":{"title":"Jalupro\u00ae Eye Contour & Face Serum 30 ml | SkinSolution | For Professional","robots":{"index":"index","follow":"follow","max-snippet":"max-snippet:-1","max-image-preview":"max-image-preview:large","max-video-preview":"max-video-preview:-1"},"canonical":"https:\/\/skinsolution.pl\/for-professionals\/produkt\/jalupro-eye-contour-face-serum-30-ml\/","og_locale":"pl_PL","og_type":"article","og_title":"Jalupro\u00ae Eye Contour & Face Serum 30 ml | SkinSolution | For Professional","og_description":"Po zabiegowe serum na ca\u0142\u0105 twarz, ale i na delikatn\u0105 sk\u00f3r\u0119 pod oczami  4% l-aminokwas\u00f3w + kwas hialuronowy","og_url":"https:\/\/skinsolution.pl\/for-professionals\/produkt\/jalupro-eye-contour-face-serum-30-ml\/","og_site_name":"SkinSolution | For Professional","article_modified_time":"2026-04-17T13:53:11+00:00","og_image":[{"width":1200,"height":1200,"url":"https:\/\/skinsolution.pl\/for-professionals\/wp-content\/uploads\/sites\/5\/2025\/08\/Serum.png","type":"image\/png"}],"twitter_card":"summary_large_image","twitter_misc":{"Szacowany czas czytania":"2 minuty"},"schema":{"@context":"https:\/\/schema.org","@graph":[{"@type":"WebPage","@id":"https:\/\/skinsolution.pl\/for-professionals\/produkt\/jalupro-eye-contour-face-serum-30-ml\/","url":"https:\/\/skinsolution.pl\/for-professionals\/produkt\/jalupro-eye-contour-face-serum-30-ml\/","name":"Jalupro\u00ae Eye Contour & Face Serum 30 ml | SkinSolution | For Professional","isPartOf":{"@id":"https:\/\/skinsolution.pl\/for-professionals\/#website"},"primaryImageOfPage":{"@id":"https:\/\/skinsolution.pl\/for-professionals\/produkt\/jalupro-eye-contour-face-serum-30-ml\/#primaryimage"},"image":{"@id":"https:\/\/skinsolution.pl\/for-professionals\/produkt\/jalupro-eye-contour-face-serum-30-ml\/#primaryimage"},"thumbnailUrl":"https:\/\/skinsolution.pl\/for-professionals\/wp-content\/uploads\/sites\/5\/2025\/08\/Serum.png","datePublished":"2025-08-08T12:05:04+00:00","dateModified":"2026-04-17T13:53:11+00:00","breadcrumb":{"@id":"https:\/\/skinsolution.pl\/for-professionals\/produkt\/jalupro-eye-contour-face-serum-30-ml\/#breadcrumb"},"inLanguage":"pl-PL","potentialAction":[{"@type":"ReadAction","target":["https:\/\/skinsolution.pl\/for-professionals\/produkt\/jalupro-eye-contour-face-serum-30-ml\/"]}]},{"@type":"ImageObject","inLanguage":"pl-PL","@id":"https:\/\/skinsolution.pl\/for-professionals\/produkt\/jalupro-eye-contour-face-serum-30-ml\/#primaryimage","url":"https:\/\/skinsolution.pl\/for-professionals\/wp-content\/uploads\/sites\/5\/2025\/08\/Serum.png","contentUrl":"https:\/\/skinsolution.pl\/for-professionals\/wp-content\/uploads\/sites\/5\/2025\/08\/Serum.png","width":1200,"height":1200},{"@type":"BreadcrumbList","@id":"https:\/\/skinsolution.pl\/for-professionals\/produkt\/jalupro-eye-contour-face-serum-30-ml\/#breadcrumb","itemListElement":[{"@type":"ListItem","position":1,"name":"Strona g\u0142\u00f3wna","item":"https:\/\/skinsolution.pl\/for-professionals\/"},{"@type":"ListItem","position":2,"name":"Sklep","item":"https:\/\/skinsolution.pl\/for-professionals\/sklep\/"},{"@type":"ListItem","position":3,"name":"Jalupro\u00ae Eye Contour &#038; Face Serum 30 ml"}]},{"@type":"WebSite","@id":"https:\/\/skinsolution.pl\/for-professionals\/#website","url":"https:\/\/skinsolution.pl\/for-professionals\/","name":"SkinSolution For Professionals","description":"","publisher":{"@id":"https:\/\/skinsolution.pl\/for-professionals\/#organization"},"potentialAction":[{"@type":"SearchAction","target":{"@type":"EntryPoint","urlTemplate":"https:\/\/skinsolution.pl\/for-professionals\/?s={search_term_string}"},"query-input":{"@type":"PropertyValueSpecification","valueRequired":true,"valueName":"search_term_string"}}],"inLanguage":"pl-PL"},{"@type":"Organization","@id":"https:\/\/skinsolution.pl\/for-professionals\/#organization","name":"SkinSolution For Professionals","url":"https:\/\/skinsolution.pl\/for-professionals\/","logo":{"@type":"ImageObject","inLanguage":"pl-PL","@id":"https:\/\/skinsolution.pl\/for-professionals\/#\/schema\/logo\/image\/","url":"https:\/\/skinsolution.pl\/for-professionals\/wp-content\/uploads\/sites\/5\/2025\/03\/SkinSolution_Black2.png","contentUrl":"https:\/\/skinsolution.pl\/for-professionals\/wp-content\/uploads\/sites\/5\/2025\/03\/SkinSolution_Black2.png","width":512,"height":512,"caption":"SkinSolution For Professionals"},"image":{"@id":"https:\/\/skinsolution.pl\/for-professionals\/#\/schema\/logo\/image\/"}}]}},"_links":{"self":[{"href":"https:\/\/skinsolution.pl\/for-professionals\/wp-json\/wp\/v2\/product\/3611","targetHints":{"allow":["GET"]}}],"collection":[{"href":"https:\/\/skinsolution.pl\/for-professionals\/wp-json\/wp\/v2\/product"}],"about":[{"href":"https:\/\/skinsolution.pl\/for-professionals\/wp-json\/wp\/v2\/types\/product"}],"replies":[{"embeddable":true,"href":"https:\/\/skinsolution.pl\/for-professionals\/wp-json\/wp\/v2\/comments?post=3611"}],"wp:featuredmedia":[{"embeddable":true,"href":"https:\/\/skinsolution.pl\/for-professionals\/wp-json\/wp\/v2\/media\/3746"}],"wp:attachment":[{"href":"https:\/\/skinsolution.pl\/for-professionals\/wp-json\/wp\/v2\/media?parent=3611"}],"wp:term":[{"taxonomy":"product_brand","embeddable":true,"href":"https:\/\/skinsolution.pl\/for-professionals\/wp-json\/wp\/v2\/product_brand?post=3611"},{"taxonomy":"product_cat","embeddable":true,"href":"https:\/\/skinsolution.pl\/for-professionals\/wp-json\/wp\/v2\/product_cat?post=3611"},{"taxonomy":"product_tag","embeddable":true,"href":"https:\/\/skinsolution.pl\/for-professionals\/wp-json\/wp\/v2\/product_tag?post=3611"}],"curies":[{"name":"wp","href":"https:\/\/api.w.org\/{rel}","templated":true}]}}