{"id":3538,"date":"2025-07-29T14:48:16","date_gmt":"2025-07-29T12:48:16","guid":{"rendered":"https:\/\/skinsolution.pl\/for-professionals\/?post_type=product&#038;p=3538"},"modified":"2026-03-27T14:14:37","modified_gmt":"2026-03-27T13:14:37","slug":"zestaw-jalupro-full-face-lift-perla-2024","status":"publish","type":"product","link":"https:\/\/skinsolution.pl\/for-professionals\/produkt\/zestaw-jalupro-full-face-lift-perla-2024\/","title":{"rendered":"ZESTAW Jalupro\u00ae FULL FACE LIFT (Per\u0142a 2024)"},"content":{"rendered":"<p>Full Face Lift JALUPRO\u00ae to zaawansowany, niechirurgiczny protok\u00f3\u0142 liftinguj\u0105cy nagrodzony Per\u0142\u0105 Dermatologii 2024.<\/p>\n<p>Dzi\u0119ki innowacyjnej technologii Jalupro\u00ae, kt\u00f3ra opiera si\u0119 na bioregeneracji strukturalnej, zabieg pozwala na kompleksow\u0105 odnow\u0119 sk\u00f3ry, uk\u0142adu mi\u0119\u015bniowego oraz wi\u0119zade\u0142, prowadz\u0105c do widocznego uniesienia tkanek i redukcji obrz\u0119k\u00f3w.<\/p>\n<p>Stworzony z my\u015bl\u0105 o osobach dojrza\u0142ych, wymagaj\u0105cych wielopoziomowego dzia\u0142ania regeneracyjnego, Full Face Lift JALUPRO\u00ae obejmuje wszystkie partie twarzy, przynosz\u0105c spektakularne efekty odm\u0142adzaj\u0105ce.<\/p>\n<p>Dzi\u0119ki terapii aminokwasowej Jalupro\u00ae, tworzone s\u0105 idealne, fizjologiczne warunki do naturalnej regeneracji tkanek, przywracaj\u0105c sk\u00f3rze zdrowy i m\u0142odzie\u0144czy wygl\u0105d.<\/p>\n<p>Protok\u00f3\u0142 zabiegowy sk\u0142ada si\u0119 z trzech kluczowych etap\u00f3w:<\/p>\n<ul class=\"ql-rendered-list-container\" data-is-root=\"true\">\n<li class=\"ql-rendered-bullet-list\" data-block-id=\"block-0fd04f36-082f-4cd0-96ec-3f7c2d771368\">Jalupro\u00ae Young Eye \u2013 dedykowany okolicom oczu, skutecznie redukuje obrz\u0119ki, zmarszczki i poprawia elastyczno\u015b\u0107 sk\u00f3ry.<\/li>\n<li class=\"ql-rendered-bullet-list\" data-block-id=\"block-5c13108d-5f9b-46f3-b9d9-ca8322e979c8\">Jalupro\u00ae HMW \u2013 stosowany wok\u00f3\u0142 ust, intensywnie nawil\u017ca, wyg\u0142adza zmarszczki i zwi\u0119ksza j\u0119drno\u015b\u0107 sk\u00f3ry.<\/li>\n<li class=\"ql-rendered-bullet-list\" data-block-id=\"block-abfcedf1-95b6-4ccf-85f2-2e3d612c323c\">Jalupro\u00ae Super Hydro \u2013 wprowadzany technik\u0105 8-punktow\u0105, regeneruje wi\u0119zad\u0142a, co skutkuje znacznym uniesieniem tkanek i popraw\u0105 konturu twarzy.<\/li>\n<\/ul>\n<p>Dok\u0142adne informacje o produktach:<\/p>\n<p><strong>Jalupro\u00ae Young Eye<\/strong><\/p>\n<p>JALUPRO\u00ae Young Eye to wyr\u00f3b medyczny o unikalnym kompleksie aminokwas\u00f3w w po\u0142\u0105czeniu z nieusieciowanym kwasem hialuronowym. Preparat przeznaczony jest dla sk\u00f3ry w okolicy oczu.<\/p>\n<p>Obszary zastosowania:<br \/>\n\u2022 Okolica podoczodo\u0142owa,<br \/>\n\u2022 Wzd\u0142u\u017c wi\u0119zad\u0142a Orbital Retaining i Zigomatic Ligament,<br \/>\n\u2022 W obszarze zmarszczek mimicznych oraz naczy\u0144 limfatycznych<\/p>\n<p>Wskazania:<br \/>\n\u2022 Wsparcie strefy oko\u0142o oczodo\u0142owej<br \/>\n\u2022 Obrz\u0119ki Malar Bags (worki policzkowe)<br \/>\n\u2022 Wiotko\u015b\u0107, zmarszczki, cienie w okolicy oczu<br \/>\n\u2022 Brak wsparcia, destabilizacja i opadanie tkanek<br \/>\n\u2022 Rozlu\u017anienie wi\u0119zad\u0142a podtrzymuj\u0105cego mi\u0119sie\u0144 okr\u0119\u017cny oka (Orbicularis retaining ligament)<br \/>\n\u2022 Zmarszczki statyczne i mimiczne (kurze \u0142apki) w obr\u0119bie oczodo\u0142u<\/p>\n<p>Uzyskane rezultaty:<br \/>\n\u2022 Wielokierunkowe odm\u0142adzanie okolicy oczodo\u0142owej<br \/>\n\u2022 Zag\u0119szcza, uj\u0119drnia i wyg\u0142adza sk\u00f3r\u0119<br \/>\n\u2022 Redukuje cienie, przywraca prawid\u0142owy koloryt<br \/>\n\u2022 Relaksuje mi\u0119\u015bnie, redukuje zmarszczki mimiczne<br \/>\n\u2022 Udra\u017cnia naczynia limfatyczne, zmniejsza obrz\u0119ki podoczodo\u0142owe (Malar Bags)<\/p>\n<p>Pojemno\u015b\u0107:<br \/>\nJedno opakowanie zawiera 1 ampu\u0142ko-strzykawk\u0119 (1ml) gotow\u0105 do u\u017cycia<\/p>\n<p>Sk\u0142ad:<br \/>\n\u2022 7 aminokwas\u00f3w: Glicyna, L-prolina, L-leucyna, L- lizyna HCL, L-alanina, L-walina, L-arganina HCL<br \/>\n\u2022 Acetyl Decapeptyd 3, Oligopeptyd 24, Acetyl Tetra Peptyd 5<br \/>\n\u2022 dwug\u0119sto\u015bciowy kwas hialuronowy<\/p>\n<p>Producent:<br \/>\nProfessional Derma<\/p>\n<p>Produkt przeznaczony wy\u0142\u0105cznie do u\u017cytku profesjonalnego.<br \/>\nKupuj\u0105c ten produkt, o\u015bwiadczasz, \u017ce jeste\u015b lekarzem przeszkolonym w zakresie medycyny estetycznej.<\/p>\n<p><strong>Jalupro\u00ae HMW<\/strong><\/p>\n<p>JALUPRO\u00ae HMW to wyr\u00f3b medyczny, przeznaczony do sk\u00f3ry dojrza\u0142ej.<br \/>\nStymuluje fibroblasty do produkcji kolagenu i adipocyty do magazynowania substancji od\u017cywczych. Zawiera w sk\u0142adzie wysokocz\u0105steczkowy kwas hialuronowy i kompleks 4 aminokwas\u00f3w (glicyna, L-prolina, L-lizyna, L-leucyna) w \u015bci\u015ble okre\u015blonych proporcjach.<\/p>\n<p>Obszary zastosowania:<br \/>\n\u2022 Twarz z wy\u0142\u0105czeniem okolicy oczu<br \/>\n\u2022 Okolica ust oraz czerwie\u0144 warg<br \/>\n\u2022 Szyja, dekolt, ramiona, okolice \u0142okci<\/p>\n<p>Wskazania:<br \/>\n\u2022 Wiotko\u015b\u0107 sk\u00f3ry<br \/>\n\u2022 G\u0142\u0119bokie zmarszczki i bruzdy<br \/>\n\u2022 Starzenie i fotostarzenie<br \/>\n\u2022 Sk\u00f3ra bardzo sucha , odwodniona i \u017ale od\u017cywiona<br \/>\n\u2022 Szaro\u015b\u0107, utrata blasku, zmiany pigmentacyjne<br \/>\n\u2022 Rozst\u0119py, blizny potr\u0105dzikowe i zanikowe<br \/>\n\u2022 Wiotko\u015b\u0107, sucho\u015b\u0107 oraz zmarszczki czerwieni warg w okolicy oko\u0142oustnej<\/p>\n<p>Uzyskane rezultaty:<br \/>\n\u2022 Uj\u0119drnienie, zag\u0119szczenie sk\u00f3ry<br \/>\n\u2022 Wyg\u0142adzenie g\u0142\u0119bokich zmarszczek<br \/>\n\u2022 Odm\u0142odzenie, intensywna bioregeneracja i odbudowa sk\u00f3ry<br \/>\n\u2022 Przywr\u00f3cenie m\u0142odzie\u0144czego blasku i elastyczno\u015bci sk\u00f3ry<br \/>\n\u2022 D\u0142ugotrwa\u0142e nawil\u017cenie g\u0142\u0119bokich i powierzchownych warstw sk\u00f3ry<br \/>\n\u2022 Niwelowanie rozst\u0119p\u00f3w i blizn zanikowych<br \/>\n\u2022 Nawil\u017cenie, uj\u0119drnienie i przywr\u00f3cenie naturalnej obj\u0119to\u015bci ust<\/p>\n<p>Pojemno\u015b\u0107:<br \/>\n\u2022 1 ampu\u0142ko-strzykawka zawiera 1,5 ml hialuronianu sodu o masie cz\u0105steczkowej 1400-1600 kDa<br \/>\n\u2022 1 fiolka zawiera 80 mg wodnego roztworu aminokwas\u00f3w (1ml)<\/p>\n<p>Sk\u0142ad:<br \/>\n\u2022 Glicyna 40 mg<br \/>\n\u2022 L-Prolina 30,8 mg<br \/>\n\u2022 L-Lizyna 4,3 mg<br \/>\n\u2022 L-Leucyna 5,6 mg<\/p>\n<p>Producent:<br \/>\nProfessional Derma<\/p>\n<p>Produkt przeznaczony wy\u0142\u0105cznie do u\u017cytku profesjonalnego.<br \/>\nKupuj\u0105c ten produkt, o\u015bwiadczasz, \u017ce jeste\u015b lekarzem przeszkolonym w zakresie medycyny estetycznej.<\/p>\n<p><strong>Jalupro\u00ae Super Hydro<\/strong><\/p>\n<p>JALUPRO\u00ae Super Hydro to wyr\u00f3b medyczny o unikalnej formule opartej na technice punktowej iniekcji w miejsca przyczepu wi\u0105zade\u0142 do sk\u00f3ry.<\/p>\n<p>Obszary zastosowania:<br \/>\n\u2022 Twarz<br \/>\n\u2022 Powierzchnia grzbietowa r\u0105k<\/p>\n<p>Wskazania:<br \/>\n\u2022 Degradacja kolagenu, os\u0142abienie i rozlu\u017anienie wi\u0119zade\u0142 podtrzymuj\u0105cych w obr\u0119bie twarzy<br \/>\n\u2022 Destabilizacja i deformacja sk\u00f3ry i tkanki podsk\u00f3rnej, opadanie policzk\u00f3w \u201cchomiki\u201d, zaburzony kontur twarzy<br \/>\n\u2022 Sk\u00f3ra cienka, wiotka, powierzchniowe i g\u0142\u0119bokie zmarszczki statyczne i mimiczne<br \/>\n\u2022 Rozlu\u017anienie i destabilizacja Orbital Retaining Ligament. Wiotko\u015b\u0107 sk\u00f3ry, opadanie powiek i worki policzkowe w obszarze oko\u0142ooczodo\u0142owym<br \/>\n\u2022 Cienka, wiotka, pomarszczona oraz bardzo sucha sk\u00f3ra powierzchni<br \/>\ngrzbietowej r\u0105k<\/p>\n<p>Uzyskane rezultaty:<br \/>\n\u2022 Regeneracja i wzmocnienie wi\u0119zade\u0142 w obr\u0119bie twarzy<br \/>\n\u2022 Stabilizacja sk\u00f3ry i tkanki podsk\u00f3rnej. Uniesienie tkanek i prawid\u0142owe umiejscowienie kompartyment\u00f3w twarzy<br \/>\n\u2022 Przywr\u00f3cenie prawid\u0142owego owalu twarzy, uniesienie opadaj\u0105cych chomik\u00f3w<br \/>\n\u2022 Intensywne i d\u0142ugotrwa\u0142e nawil\u017cenie<br \/>\n\u2022 Zag\u0119szczenie oraz poprawa napi\u0119cia sk\u00f3ry twarzy<br \/>\n\u2022 Wyg\u0142adzenie, redukcja zmarszczek statycznych i mimicznych<br \/>\n\u2022 Zag\u0119szczenie, wyg\u0142adzenie i g\u0142\u0119bokie nawil\u017cenie sk\u00f3ry r\u0105k<\/p>\n<p>Pojemno\u015b\u0107:<br \/>\n\u2022 Jedno opakowanie zawiera 1 ampu\u0142ko-strzykawk\u0119 (2,5 ml) gotow\u0105 do u\u017cycia<\/p>\n<p>Sk\u0142ad:<br \/>\n\u2022 Formu\u0142a 4 niezb\u0119dnych do syntezy kolagenu aminokwas\u00f3w (Glicyny, L-Proliny, L-Lizyny, L-Leucyny) zosta\u0142a wzbogacona 3 dodatkowymi aminokwasami: Alanin\u0105 i Walin\u0105 dla wzrostu syntezy kolagenu i elastyny oraz Arginin\u0105 w celu nawil\u017cenia. Unikatowy klaster 65 mg 7 Aminokwas\u00f3w, w kt\u00f3rym a\u017c 50 % (32,5 mg) stanowi Glicyna, 30 % (19,5 mg) Prolina i 20% (13 mg) pozosta\u0142e aminokwasy stanowi kluczowy substrat dla kom\u00f3rek wi\u0119zade\u0142 tenoblast\u00f3w do syntezy kolagenu. W rezultacie wi\u0119zad\u0142a ulegaj\u0105 regeneracji i wzmocnieniu, dzi\u0119ki czemu kompartymenty twarzy stabilizuj\u0105 si\u0119 i unosz\u0105.<br \/>\n\u2022 3 peptydy biomimetyczne do natychmiastowej aktywacji fibroblast\u00f3w Acetyl Dekapeptyd 3 i Oligopeptyd 24 dla proliferacji i aktywacji fibroblast\u00f3w, Acetyl Tetra Peptyd 5 dla udro\u017cnienia naczy\u0144 limfatycznych i zahamowania procesu glikacji kolagenu.<br \/>\n\u2022 80 mg nieusieciowanego kwasu hialuronowego 3,2% st\u0119\u017cenia dw\u00f3ch moleku\u0142 kwasu hialuronowego o niskiej 200 kDa (LMW) i wysokiej 2000 kDa (HMW) masie cz\u0105steczkowej. Zastosowanie dw\u00f3ch moleku\u0142 HA \u2013 zapewnia d\u0142ugotrwa\u0142e nawil\u017cenie, wzmocnienie w\u0142\u00f3kien kolagenowych i stymulacje fibroblast\u00f3w.<\/p>\n<p>Producent:<br \/>\nProfessional Derma<\/p>\n<p>Produkt przeznaczony wy\u0142\u0105cznie do u\u017cytku profesjonalnego.<br \/>\nKupuj\u0105c ten produkt, o\u015bwiadczasz, \u017ce jeste\u015b lekarzem przeszkolonym w zakresie medycyny estetycznej.<\/p>\n","protected":false},"excerpt":{"rendered":"<p>Wyr\u00f3b medyczny<\/p>\n<p>Regeneracja i rewitalizacja sk\u00f3ry z pierwszymi oznakami starzenia i fotostarzenia.<\/p>\n<p><strong>Korzy\u015bci zakupu od nas:<\/strong><\/p>\n<ul>\n<li>ORYGINALNY PRODUKT Z OFICJALNEJ DYSTRYBUCJI<\/li>\n<li>GWARANCJA I KNOW-HOW PRODUCENTA<\/li>\n<li>OPIEKA POSPRZEDA\u017bOWA<\/li>\n<li>WSPARCIE DYREKTORA MEDYCZNEGO<\/li>\n<li>WYSY\u0141KA W 24H<\/li>\n<\/ul>\n","protected":false},"featured_media":3539,"comment_status":"open","ping_status":"closed","template":"","meta":{"_acf_changed":false},"product_brand":[],"product_cat":[115],"product_tag":[],"class_list":{"0":"post-3538","1":"product","2":"type-product","3":"status-publish","4":"has-post-thumbnail","6":"product_cat-aminokwasowa-terapia-zastepcza","8":"first","9":"instock","10":"taxable","11":"shipping-taxable","12":"purchasable","13":"product-type-simple"},"acf":[],"yoast_head":"<!-- This site is optimized with the Yoast SEO plugin v27.4 - https:\/\/yoast.com\/product\/yoast-seo-wordpress\/ -->\n<title>ZESTAW Jalupro\u00ae FULL FACE LIFT (Per\u0142a 2024) | SkinSolution | For Professional<\/title>\n<meta name=\"robots\" content=\"index, follow, max-snippet:-1, max-image-preview:large, max-video-preview:-1\" \/>\n<link rel=\"canonical\" href=\"https:\/\/skinsolution.pl\/for-professionals\/produkt\/zestaw-jalupro-full-face-lift-perla-2024\/\" \/>\n<meta property=\"og:locale\" content=\"pl_PL\" \/>\n<meta property=\"og:type\" content=\"article\" \/>\n<meta property=\"og:title\" content=\"ZESTAW Jalupro\u00ae FULL FACE LIFT (Per\u0142a 2024) | SkinSolution | For Professional\" \/>\n<meta property=\"og:description\" content=\"Wyr\u00f3b medyczny  Regeneracja i rewitalizacja sk\u00f3ry z pierwszymi oznakami starzenia i fotostarzenia.  Korzy\u015bci zakupu od nas:   ORYGINALNY PRODUKT Z OFICJALNEJ DYSTRYBUCJI  GWARANCJA I KNOW-HOW PRODUCENTA  OPIEKA POSPRZEDA\u017bOWA  WSPARCIE DYREKTORA MEDYCZNEGO  WYSY\u0141KA W 24H\" \/>\n<meta property=\"og:url\" content=\"https:\/\/skinsolution.pl\/for-professionals\/produkt\/zestaw-jalupro-full-face-lift-perla-2024\/\" \/>\n<meta property=\"og:site_name\" content=\"SkinSolution | For Professional\" \/>\n<meta property=\"article:modified_time\" content=\"2026-03-27T13:14:37+00:00\" \/>\n<meta property=\"og:image\" content=\"https:\/\/skinsolution.pl\/for-professionals\/wp-content\/uploads\/sites\/5\/2025\/07\/Full-Face-Lift-4.png\" \/>\n\t<meta property=\"og:image:width\" content=\"1200\" \/>\n\t<meta property=\"og:image:height\" content=\"1200\" \/>\n\t<meta property=\"og:image:type\" content=\"image\/png\" \/>\n<meta name=\"twitter:card\" content=\"summary_large_image\" \/>\n<meta name=\"twitter:label1\" content=\"Szacowany czas czytania\" \/>\n\t<meta name=\"twitter:data1\" content=\"6 minut\" \/>\n<script type=\"application\/ld+json\" class=\"yoast-schema-graph\">{\"@context\":\"https:\\\/\\\/schema.org\",\"@graph\":[{\"@type\":\"WebPage\",\"@id\":\"https:\\\/\\\/skinsolution.pl\\\/for-professionals\\\/produkt\\\/zestaw-jalupro-full-face-lift-perla-2024\\\/\",\"url\":\"https:\\\/\\\/skinsolution.pl\\\/for-professionals\\\/produkt\\\/zestaw-jalupro-full-face-lift-perla-2024\\\/\",\"name\":\"ZESTAW Jalupro\u00ae FULL FACE LIFT (Per\u0142a 2024) | SkinSolution | For Professional\",\"isPartOf\":{\"@id\":\"https:\\\/\\\/skinsolution.pl\\\/for-professionals\\\/#website\"},\"primaryImageOfPage\":{\"@id\":\"https:\\\/\\\/skinsolution.pl\\\/for-professionals\\\/produkt\\\/zestaw-jalupro-full-face-lift-perla-2024\\\/#primaryimage\"},\"image\":{\"@id\":\"https:\\\/\\\/skinsolution.pl\\\/for-professionals\\\/produkt\\\/zestaw-jalupro-full-face-lift-perla-2024\\\/#primaryimage\"},\"thumbnailUrl\":\"https:\\\/\\\/skinsolution.pl\\\/for-professionals\\\/wp-content\\\/uploads\\\/sites\\\/5\\\/2025\\\/07\\\/Full-Face-Lift-4.png\",\"datePublished\":\"2025-07-29T12:48:16+00:00\",\"dateModified\":\"2026-03-27T13:14:37+00:00\",\"breadcrumb\":{\"@id\":\"https:\\\/\\\/skinsolution.pl\\\/for-professionals\\\/produkt\\\/zestaw-jalupro-full-face-lift-perla-2024\\\/#breadcrumb\"},\"inLanguage\":\"pl-PL\",\"potentialAction\":[{\"@type\":\"ReadAction\",\"target\":[\"https:\\\/\\\/skinsolution.pl\\\/for-professionals\\\/produkt\\\/zestaw-jalupro-full-face-lift-perla-2024\\\/\"]}]},{\"@type\":\"ImageObject\",\"inLanguage\":\"pl-PL\",\"@id\":\"https:\\\/\\\/skinsolution.pl\\\/for-professionals\\\/produkt\\\/zestaw-jalupro-full-face-lift-perla-2024\\\/#primaryimage\",\"url\":\"https:\\\/\\\/skinsolution.pl\\\/for-professionals\\\/wp-content\\\/uploads\\\/sites\\\/5\\\/2025\\\/07\\\/Full-Face-Lift-4.png\",\"contentUrl\":\"https:\\\/\\\/skinsolution.pl\\\/for-professionals\\\/wp-content\\\/uploads\\\/sites\\\/5\\\/2025\\\/07\\\/Full-Face-Lift-4.png\",\"width\":1200,\"height\":1200,\"caption\":\"Jalupro Full Face Lift\"},{\"@type\":\"BreadcrumbList\",\"@id\":\"https:\\\/\\\/skinsolution.pl\\\/for-professionals\\\/produkt\\\/zestaw-jalupro-full-face-lift-perla-2024\\\/#breadcrumb\",\"itemListElement\":[{\"@type\":\"ListItem\",\"position\":1,\"name\":\"Strona g\u0142\u00f3wna\",\"item\":\"https:\\\/\\\/skinsolution.pl\\\/for-professionals\\\/\"},{\"@type\":\"ListItem\",\"position\":2,\"name\":\"Sklep\",\"item\":\"https:\\\/\\\/skinsolution.pl\\\/for-professionals\\\/sklep\\\/\"},{\"@type\":\"ListItem\",\"position\":3,\"name\":\"ZESTAW Jalupro\u00ae FULL FACE LIFT (Per\u0142a 2024)\"}]},{\"@type\":\"WebSite\",\"@id\":\"https:\\\/\\\/skinsolution.pl\\\/for-professionals\\\/#website\",\"url\":\"https:\\\/\\\/skinsolution.pl\\\/for-professionals\\\/\",\"name\":\"SkinSolution For Professionals\",\"description\":\"\",\"publisher\":{\"@id\":\"https:\\\/\\\/skinsolution.pl\\\/for-professionals\\\/#organization\"},\"potentialAction\":[{\"@type\":\"SearchAction\",\"target\":{\"@type\":\"EntryPoint\",\"urlTemplate\":\"https:\\\/\\\/skinsolution.pl\\\/for-professionals\\\/?s={search_term_string}\"},\"query-input\":{\"@type\":\"PropertyValueSpecification\",\"valueRequired\":true,\"valueName\":\"search_term_string\"}}],\"inLanguage\":\"pl-PL\"},{\"@type\":\"Organization\",\"@id\":\"https:\\\/\\\/skinsolution.pl\\\/for-professionals\\\/#organization\",\"name\":\"SkinSolution For Professionals\",\"url\":\"https:\\\/\\\/skinsolution.pl\\\/for-professionals\\\/\",\"logo\":{\"@type\":\"ImageObject\",\"inLanguage\":\"pl-PL\",\"@id\":\"https:\\\/\\\/skinsolution.pl\\\/for-professionals\\\/#\\\/schema\\\/logo\\\/image\\\/\",\"url\":\"https:\\\/\\\/skinsolution.pl\\\/for-professionals\\\/wp-content\\\/uploads\\\/sites\\\/5\\\/2025\\\/03\\\/SkinSolution_Black2.png\",\"contentUrl\":\"https:\\\/\\\/skinsolution.pl\\\/for-professionals\\\/wp-content\\\/uploads\\\/sites\\\/5\\\/2025\\\/03\\\/SkinSolution_Black2.png\",\"width\":512,\"height\":512,\"caption\":\"SkinSolution For Professionals\"},\"image\":{\"@id\":\"https:\\\/\\\/skinsolution.pl\\\/for-professionals\\\/#\\\/schema\\\/logo\\\/image\\\/\"}}]}<\/script>\n<!-- \/ Yoast SEO plugin. -->","yoast_head_json":{"title":"ZESTAW Jalupro\u00ae FULL FACE LIFT (Per\u0142a 2024) | SkinSolution | For Professional","robots":{"index":"index","follow":"follow","max-snippet":"max-snippet:-1","max-image-preview":"max-image-preview:large","max-video-preview":"max-video-preview:-1"},"canonical":"https:\/\/skinsolution.pl\/for-professionals\/produkt\/zestaw-jalupro-full-face-lift-perla-2024\/","og_locale":"pl_PL","og_type":"article","og_title":"ZESTAW Jalupro\u00ae FULL FACE LIFT (Per\u0142a 2024) | SkinSolution | For Professional","og_description":"Wyr\u00f3b medyczny  Regeneracja i rewitalizacja sk\u00f3ry z pierwszymi oznakami starzenia i fotostarzenia.  Korzy\u015bci zakupu od nas:   ORYGINALNY PRODUKT Z OFICJALNEJ DYSTRYBUCJI  GWARANCJA I KNOW-HOW PRODUCENTA  OPIEKA POSPRZEDA\u017bOWA  WSPARCIE DYREKTORA MEDYCZNEGO  WYSY\u0141KA W 24H","og_url":"https:\/\/skinsolution.pl\/for-professionals\/produkt\/zestaw-jalupro-full-face-lift-perla-2024\/","og_site_name":"SkinSolution | For Professional","article_modified_time":"2026-03-27T13:14:37+00:00","og_image":[{"width":1200,"height":1200,"url":"https:\/\/skinsolution.pl\/for-professionals\/wp-content\/uploads\/sites\/5\/2025\/07\/Full-Face-Lift-4.png","type":"image\/png"}],"twitter_card":"summary_large_image","twitter_misc":{"Szacowany czas czytania":"6 minut"},"schema":{"@context":"https:\/\/schema.org","@graph":[{"@type":"WebPage","@id":"https:\/\/skinsolution.pl\/for-professionals\/produkt\/zestaw-jalupro-full-face-lift-perla-2024\/","url":"https:\/\/skinsolution.pl\/for-professionals\/produkt\/zestaw-jalupro-full-face-lift-perla-2024\/","name":"ZESTAW Jalupro\u00ae FULL FACE LIFT (Per\u0142a 2024) | SkinSolution | For Professional","isPartOf":{"@id":"https:\/\/skinsolution.pl\/for-professionals\/#website"},"primaryImageOfPage":{"@id":"https:\/\/skinsolution.pl\/for-professionals\/produkt\/zestaw-jalupro-full-face-lift-perla-2024\/#primaryimage"},"image":{"@id":"https:\/\/skinsolution.pl\/for-professionals\/produkt\/zestaw-jalupro-full-face-lift-perla-2024\/#primaryimage"},"thumbnailUrl":"https:\/\/skinsolution.pl\/for-professionals\/wp-content\/uploads\/sites\/5\/2025\/07\/Full-Face-Lift-4.png","datePublished":"2025-07-29T12:48:16+00:00","dateModified":"2026-03-27T13:14:37+00:00","breadcrumb":{"@id":"https:\/\/skinsolution.pl\/for-professionals\/produkt\/zestaw-jalupro-full-face-lift-perla-2024\/#breadcrumb"},"inLanguage":"pl-PL","potentialAction":[{"@type":"ReadAction","target":["https:\/\/skinsolution.pl\/for-professionals\/produkt\/zestaw-jalupro-full-face-lift-perla-2024\/"]}]},{"@type":"ImageObject","inLanguage":"pl-PL","@id":"https:\/\/skinsolution.pl\/for-professionals\/produkt\/zestaw-jalupro-full-face-lift-perla-2024\/#primaryimage","url":"https:\/\/skinsolution.pl\/for-professionals\/wp-content\/uploads\/sites\/5\/2025\/07\/Full-Face-Lift-4.png","contentUrl":"https:\/\/skinsolution.pl\/for-professionals\/wp-content\/uploads\/sites\/5\/2025\/07\/Full-Face-Lift-4.png","width":1200,"height":1200,"caption":"Jalupro Full Face Lift"},{"@type":"BreadcrumbList","@id":"https:\/\/skinsolution.pl\/for-professionals\/produkt\/zestaw-jalupro-full-face-lift-perla-2024\/#breadcrumb","itemListElement":[{"@type":"ListItem","position":1,"name":"Strona g\u0142\u00f3wna","item":"https:\/\/skinsolution.pl\/for-professionals\/"},{"@type":"ListItem","position":2,"name":"Sklep","item":"https:\/\/skinsolution.pl\/for-professionals\/sklep\/"},{"@type":"ListItem","position":3,"name":"ZESTAW Jalupro\u00ae FULL FACE LIFT (Per\u0142a 2024)"}]},{"@type":"WebSite","@id":"https:\/\/skinsolution.pl\/for-professionals\/#website","url":"https:\/\/skinsolution.pl\/for-professionals\/","name":"SkinSolution For Professionals","description":"","publisher":{"@id":"https:\/\/skinsolution.pl\/for-professionals\/#organization"},"potentialAction":[{"@type":"SearchAction","target":{"@type":"EntryPoint","urlTemplate":"https:\/\/skinsolution.pl\/for-professionals\/?s={search_term_string}"},"query-input":{"@type":"PropertyValueSpecification","valueRequired":true,"valueName":"search_term_string"}}],"inLanguage":"pl-PL"},{"@type":"Organization","@id":"https:\/\/skinsolution.pl\/for-professionals\/#organization","name":"SkinSolution For Professionals","url":"https:\/\/skinsolution.pl\/for-professionals\/","logo":{"@type":"ImageObject","inLanguage":"pl-PL","@id":"https:\/\/skinsolution.pl\/for-professionals\/#\/schema\/logo\/image\/","url":"https:\/\/skinsolution.pl\/for-professionals\/wp-content\/uploads\/sites\/5\/2025\/03\/SkinSolution_Black2.png","contentUrl":"https:\/\/skinsolution.pl\/for-professionals\/wp-content\/uploads\/sites\/5\/2025\/03\/SkinSolution_Black2.png","width":512,"height":512,"caption":"SkinSolution For Professionals"},"image":{"@id":"https:\/\/skinsolution.pl\/for-professionals\/#\/schema\/logo\/image\/"}}]}},"_links":{"self":[{"href":"https:\/\/skinsolution.pl\/for-professionals\/wp-json\/wp\/v2\/product\/3538","targetHints":{"allow":["GET"]}}],"collection":[{"href":"https:\/\/skinsolution.pl\/for-professionals\/wp-json\/wp\/v2\/product"}],"about":[{"href":"https:\/\/skinsolution.pl\/for-professionals\/wp-json\/wp\/v2\/types\/product"}],"replies":[{"embeddable":true,"href":"https:\/\/skinsolution.pl\/for-professionals\/wp-json\/wp\/v2\/comments?post=3538"}],"wp:featuredmedia":[{"embeddable":true,"href":"https:\/\/skinsolution.pl\/for-professionals\/wp-json\/wp\/v2\/media\/3539"}],"wp:attachment":[{"href":"https:\/\/skinsolution.pl\/for-professionals\/wp-json\/wp\/v2\/media?parent=3538"}],"wp:term":[{"taxonomy":"product_brand","embeddable":true,"href":"https:\/\/skinsolution.pl\/for-professionals\/wp-json\/wp\/v2\/product_brand?post=3538"},{"taxonomy":"product_cat","embeddable":true,"href":"https:\/\/skinsolution.pl\/for-professionals\/wp-json\/wp\/v2\/product_cat?post=3538"},{"taxonomy":"product_tag","embeddable":true,"href":"https:\/\/skinsolution.pl\/for-professionals\/wp-json\/wp\/v2\/product_tag?post=3538"}],"curies":[{"name":"wp","href":"https:\/\/api.w.org\/{rel}","templated":true}]}}