{"id":3392,"date":"2025-05-29T19:51:42","date_gmt":"2025-05-29T17:51:42","guid":{"rendered":"https:\/\/skinsolution.pl\/for-professionals\/?post_type=product&#038;p=3392"},"modified":"2026-01-05T12:47:24","modified_gmt":"2026-01-05T11:47:24","slug":"vitilsi-zel-40-g","status":"publish","type":"product","link":"https:\/\/skinsolution.pl\/for-professionals\/produkt\/vitilsi-zel-40-g\/","title":{"rendered":"VitiLSI \u017bel na bielactwo 40 g"},"content":{"rendered":"<p>\u017bel VITILSI\u00ae charakteryzuje si\u0119 mechanizmem, kt\u00f3ry pozwala dzia\u0142a\u0107 na r\u00f3\u017cnych poziomach pigmentacji sk\u00f3ry.<br \/>\nStymuluje produkcj\u0119 i rozw\u00f3j kom\u00f3rek nask\u00f3rka (melanocyt\u00f3w i keratynocyt\u00f3w), a nast\u0119pnie stymuluje produkcj\u0119 pigmentu przez melanocyty. Sprzyja repigmentacji obszar\u00f3w odbarwionych lub mniej pigmentowanych.<\/p>\n<p>Sk\u0142adniki aktywne:<br \/>\n\u2022 Ekstraktu z korzenia pokrzywy indyjskiej (Coleus forskohlii)<br \/>\n\u2022 Ekstraktu ze str\u0105k\u00f3w Cassia alata<br \/>\n\u2022 pH 6,8, idealne do stymulacji melanogenezy.<\/p>\n<p>W\u0142a\u015bciwo\u015bci:<br \/>\n\u2022 Zwi\u0119kszenie ekspresji SCF.<br \/>\n\u2022 Zwi\u0119kszenie ekspresji bFGF.<br \/>\n\u2022 Zwi\u0119kszenie liczby keratynocyt\u00f3w i\/lub ich stymulacji.<br \/>\n\u2022 Stymulacja szlaku kateniny Wnt\/\u03b2.<br \/>\n\u2022 Zmniejszenie poziom\u00f3w TGF-\u03b2.<br \/>\n\u2022 Zmniejszenie poziom\u00f3w TNF-\u03b1.<br \/>\n\u2022 Zmniejszenie in vivo poziom\u00f3w IFN-\u03b3.<br \/>\n\u2022 Zmniejszenie poziom\u00f3w prozapalnych cytokin.<br \/>\n\u2022 Hamowanie syntezy tlenku azotu.<br \/>\n\u2022 Zwi\u0119kszenie ekspresji MC1R.<br \/>\n\u2022 Stymulacja szlaku cAMP.<br \/>\n\u2022 Utrzymanie pH mo\u017cliwie najbli\u017cszego 6,8.<br \/>\n\u2022 Przywr\u00f3cenie fizjologicznych poziom\u00f3w MITF<\/p>\n<p>Pojemno\u015b\u0107:<br \/>\n40g<\/p>\n<p>Producent:<br \/>\nLSI SILDERMA<\/p>\n","protected":false},"excerpt":{"rendered":"<p>Ekskluzywna, naturalna formu\u0142a wspomagaj\u0105ca repigmentacj\u0119.<\/p>\n","protected":false},"featured_media":3393,"comment_status":"open","ping_status":"closed","template":"","meta":{"_acf_changed":false},"product_brand":[],"product_cat":[111],"product_tag":[],"class_list":{"0":"post-3392","1":"product","2":"type-product","3":"status-publish","4":"has-post-thumbnail","6":"product_cat-kosmeceutyki","8":"first","9":"outofstock","10":"taxable","11":"shipping-taxable","12":"purchasable","13":"product-type-simple"},"acf":[],"yoast_head":"<!-- This site is optimized with the Yoast SEO plugin v27.4 - https:\/\/yoast.com\/product\/yoast-seo-wordpress\/ -->\n<title>VitiLSI \u017bel na bielactwo 40 g | SkinSolution | For Professional<\/title>\n<meta name=\"robots\" content=\"index, follow, max-snippet:-1, max-image-preview:large, max-video-preview:-1\" \/>\n<link rel=\"canonical\" href=\"https:\/\/skinsolution.pl\/for-professionals\/produkt\/vitilsi-zel-40-g\/\" \/>\n<meta property=\"og:locale\" content=\"pl_PL\" \/>\n<meta property=\"og:type\" content=\"article\" \/>\n<meta property=\"og:title\" content=\"VitiLSI \u017bel na bielactwo 40 g | SkinSolution | For Professional\" \/>\n<meta property=\"og:description\" content=\"Ekskluzywna, naturalna formu\u0142a wspomagaj\u0105ca repigmentacj\u0119.\" \/>\n<meta property=\"og:url\" content=\"https:\/\/skinsolution.pl\/for-professionals\/produkt\/vitilsi-zel-40-g\/\" \/>\n<meta property=\"og:site_name\" content=\"SkinSolution | For Professional\" \/>\n<meta property=\"article:modified_time\" content=\"2026-01-05T11:47:24+00:00\" \/>\n<meta property=\"og:image\" content=\"https:\/\/skinsolution.pl\/for-professionals\/wp-content\/uploads\/sites\/5\/2025\/05\/5d0ef940aa869a04ed0b78cd8e82fbf1.png\" \/>\n\t<meta property=\"og:image:width\" content=\"2048\" \/>\n\t<meta property=\"og:image:height\" content=\"2048\" \/>\n\t<meta property=\"og:image:type\" content=\"image\/png\" \/>\n<meta name=\"twitter:card\" content=\"summary_large_image\" \/>\n<meta name=\"twitter:label1\" content=\"Szacowany czas czytania\" \/>\n\t<meta name=\"twitter:data1\" content=\"1 minuta\" \/>\n<script type=\"application\/ld+json\" class=\"yoast-schema-graph\">{\"@context\":\"https:\\\/\\\/schema.org\",\"@graph\":[{\"@type\":\"WebPage\",\"@id\":\"https:\\\/\\\/skinsolution.pl\\\/for-professionals\\\/produkt\\\/vitilsi-zel-40-g\\\/\",\"url\":\"https:\\\/\\\/skinsolution.pl\\\/for-professionals\\\/produkt\\\/vitilsi-zel-40-g\\\/\",\"name\":\"VitiLSI \u017bel na bielactwo 40 g | SkinSolution | For Professional\",\"isPartOf\":{\"@id\":\"https:\\\/\\\/skinsolution.pl\\\/for-professionals\\\/#website\"},\"primaryImageOfPage\":{\"@id\":\"https:\\\/\\\/skinsolution.pl\\\/for-professionals\\\/produkt\\\/vitilsi-zel-40-g\\\/#primaryimage\"},\"image\":{\"@id\":\"https:\\\/\\\/skinsolution.pl\\\/for-professionals\\\/produkt\\\/vitilsi-zel-40-g\\\/#primaryimage\"},\"thumbnailUrl\":\"https:\\\/\\\/skinsolution.pl\\\/for-professionals\\\/wp-content\\\/uploads\\\/sites\\\/5\\\/2025\\\/05\\\/5d0ef940aa869a04ed0b78cd8e82fbf1.png\",\"datePublished\":\"2025-05-29T17:51:42+00:00\",\"dateModified\":\"2026-01-05T11:47:24+00:00\",\"breadcrumb\":{\"@id\":\"https:\\\/\\\/skinsolution.pl\\\/for-professionals\\\/produkt\\\/vitilsi-zel-40-g\\\/#breadcrumb\"},\"inLanguage\":\"pl-PL\",\"potentialAction\":[{\"@type\":\"ReadAction\",\"target\":[\"https:\\\/\\\/skinsolution.pl\\\/for-professionals\\\/produkt\\\/vitilsi-zel-40-g\\\/\"]}]},{\"@type\":\"ImageObject\",\"inLanguage\":\"pl-PL\",\"@id\":\"https:\\\/\\\/skinsolution.pl\\\/for-professionals\\\/produkt\\\/vitilsi-zel-40-g\\\/#primaryimage\",\"url\":\"https:\\\/\\\/skinsolution.pl\\\/for-professionals\\\/wp-content\\\/uploads\\\/sites\\\/5\\\/2025\\\/05\\\/5d0ef940aa869a04ed0b78cd8e82fbf1.png\",\"contentUrl\":\"https:\\\/\\\/skinsolution.pl\\\/for-professionals\\\/wp-content\\\/uploads\\\/sites\\\/5\\\/2025\\\/05\\\/5d0ef940aa869a04ed0b78cd8e82fbf1.png\",\"width\":2048,\"height\":2048},{\"@type\":\"BreadcrumbList\",\"@id\":\"https:\\\/\\\/skinsolution.pl\\\/for-professionals\\\/produkt\\\/vitilsi-zel-40-g\\\/#breadcrumb\",\"itemListElement\":[{\"@type\":\"ListItem\",\"position\":1,\"name\":\"Strona g\u0142\u00f3wna\",\"item\":\"https:\\\/\\\/skinsolution.pl\\\/for-professionals\\\/\"},{\"@type\":\"ListItem\",\"position\":2,\"name\":\"Sklep\",\"item\":\"https:\\\/\\\/skinsolution.pl\\\/for-professionals\\\/sklep\\\/\"},{\"@type\":\"ListItem\",\"position\":3,\"name\":\"VitiLSI \u017bel na bielactwo 40 g\"}]},{\"@type\":\"WebSite\",\"@id\":\"https:\\\/\\\/skinsolution.pl\\\/for-professionals\\\/#website\",\"url\":\"https:\\\/\\\/skinsolution.pl\\\/for-professionals\\\/\",\"name\":\"SkinSolution For Professionals\",\"description\":\"\",\"publisher\":{\"@id\":\"https:\\\/\\\/skinsolution.pl\\\/for-professionals\\\/#organization\"},\"potentialAction\":[{\"@type\":\"SearchAction\",\"target\":{\"@type\":\"EntryPoint\",\"urlTemplate\":\"https:\\\/\\\/skinsolution.pl\\\/for-professionals\\\/?s={search_term_string}\"},\"query-input\":{\"@type\":\"PropertyValueSpecification\",\"valueRequired\":true,\"valueName\":\"search_term_string\"}}],\"inLanguage\":\"pl-PL\"},{\"@type\":\"Organization\",\"@id\":\"https:\\\/\\\/skinsolution.pl\\\/for-professionals\\\/#organization\",\"name\":\"SkinSolution For Professionals\",\"url\":\"https:\\\/\\\/skinsolution.pl\\\/for-professionals\\\/\",\"logo\":{\"@type\":\"ImageObject\",\"inLanguage\":\"pl-PL\",\"@id\":\"https:\\\/\\\/skinsolution.pl\\\/for-professionals\\\/#\\\/schema\\\/logo\\\/image\\\/\",\"url\":\"https:\\\/\\\/skinsolution.pl\\\/for-professionals\\\/wp-content\\\/uploads\\\/sites\\\/5\\\/2025\\\/03\\\/SkinSolution_Black2.png\",\"contentUrl\":\"https:\\\/\\\/skinsolution.pl\\\/for-professionals\\\/wp-content\\\/uploads\\\/sites\\\/5\\\/2025\\\/03\\\/SkinSolution_Black2.png\",\"width\":512,\"height\":512,\"caption\":\"SkinSolution For Professionals\"},\"image\":{\"@id\":\"https:\\\/\\\/skinsolution.pl\\\/for-professionals\\\/#\\\/schema\\\/logo\\\/image\\\/\"}}]}<\/script>\n<!-- \/ Yoast SEO plugin. -->","yoast_head_json":{"title":"VitiLSI \u017bel na bielactwo 40 g | SkinSolution | For Professional","robots":{"index":"index","follow":"follow","max-snippet":"max-snippet:-1","max-image-preview":"max-image-preview:large","max-video-preview":"max-video-preview:-1"},"canonical":"https:\/\/skinsolution.pl\/for-professionals\/produkt\/vitilsi-zel-40-g\/","og_locale":"pl_PL","og_type":"article","og_title":"VitiLSI \u017bel na bielactwo 40 g | SkinSolution | For Professional","og_description":"Ekskluzywna, naturalna formu\u0142a wspomagaj\u0105ca repigmentacj\u0119.","og_url":"https:\/\/skinsolution.pl\/for-professionals\/produkt\/vitilsi-zel-40-g\/","og_site_name":"SkinSolution | For Professional","article_modified_time":"2026-01-05T11:47:24+00:00","og_image":[{"width":2048,"height":2048,"url":"https:\/\/skinsolution.pl\/for-professionals\/wp-content\/uploads\/sites\/5\/2025\/05\/5d0ef940aa869a04ed0b78cd8e82fbf1.png","type":"image\/png"}],"twitter_card":"summary_large_image","twitter_misc":{"Szacowany czas czytania":"1 minuta"},"schema":{"@context":"https:\/\/schema.org","@graph":[{"@type":"WebPage","@id":"https:\/\/skinsolution.pl\/for-professionals\/produkt\/vitilsi-zel-40-g\/","url":"https:\/\/skinsolution.pl\/for-professionals\/produkt\/vitilsi-zel-40-g\/","name":"VitiLSI \u017bel na bielactwo 40 g | SkinSolution | For Professional","isPartOf":{"@id":"https:\/\/skinsolution.pl\/for-professionals\/#website"},"primaryImageOfPage":{"@id":"https:\/\/skinsolution.pl\/for-professionals\/produkt\/vitilsi-zel-40-g\/#primaryimage"},"image":{"@id":"https:\/\/skinsolution.pl\/for-professionals\/produkt\/vitilsi-zel-40-g\/#primaryimage"},"thumbnailUrl":"https:\/\/skinsolution.pl\/for-professionals\/wp-content\/uploads\/sites\/5\/2025\/05\/5d0ef940aa869a04ed0b78cd8e82fbf1.png","datePublished":"2025-05-29T17:51:42+00:00","dateModified":"2026-01-05T11:47:24+00:00","breadcrumb":{"@id":"https:\/\/skinsolution.pl\/for-professionals\/produkt\/vitilsi-zel-40-g\/#breadcrumb"},"inLanguage":"pl-PL","potentialAction":[{"@type":"ReadAction","target":["https:\/\/skinsolution.pl\/for-professionals\/produkt\/vitilsi-zel-40-g\/"]}]},{"@type":"ImageObject","inLanguage":"pl-PL","@id":"https:\/\/skinsolution.pl\/for-professionals\/produkt\/vitilsi-zel-40-g\/#primaryimage","url":"https:\/\/skinsolution.pl\/for-professionals\/wp-content\/uploads\/sites\/5\/2025\/05\/5d0ef940aa869a04ed0b78cd8e82fbf1.png","contentUrl":"https:\/\/skinsolution.pl\/for-professionals\/wp-content\/uploads\/sites\/5\/2025\/05\/5d0ef940aa869a04ed0b78cd8e82fbf1.png","width":2048,"height":2048},{"@type":"BreadcrumbList","@id":"https:\/\/skinsolution.pl\/for-professionals\/produkt\/vitilsi-zel-40-g\/#breadcrumb","itemListElement":[{"@type":"ListItem","position":1,"name":"Strona g\u0142\u00f3wna","item":"https:\/\/skinsolution.pl\/for-professionals\/"},{"@type":"ListItem","position":2,"name":"Sklep","item":"https:\/\/skinsolution.pl\/for-professionals\/sklep\/"},{"@type":"ListItem","position":3,"name":"VitiLSI \u017bel na bielactwo 40 g"}]},{"@type":"WebSite","@id":"https:\/\/skinsolution.pl\/for-professionals\/#website","url":"https:\/\/skinsolution.pl\/for-professionals\/","name":"SkinSolution For Professionals","description":"","publisher":{"@id":"https:\/\/skinsolution.pl\/for-professionals\/#organization"},"potentialAction":[{"@type":"SearchAction","target":{"@type":"EntryPoint","urlTemplate":"https:\/\/skinsolution.pl\/for-professionals\/?s={search_term_string}"},"query-input":{"@type":"PropertyValueSpecification","valueRequired":true,"valueName":"search_term_string"}}],"inLanguage":"pl-PL"},{"@type":"Organization","@id":"https:\/\/skinsolution.pl\/for-professionals\/#organization","name":"SkinSolution For Professionals","url":"https:\/\/skinsolution.pl\/for-professionals\/","logo":{"@type":"ImageObject","inLanguage":"pl-PL","@id":"https:\/\/skinsolution.pl\/for-professionals\/#\/schema\/logo\/image\/","url":"https:\/\/skinsolution.pl\/for-professionals\/wp-content\/uploads\/sites\/5\/2025\/03\/SkinSolution_Black2.png","contentUrl":"https:\/\/skinsolution.pl\/for-professionals\/wp-content\/uploads\/sites\/5\/2025\/03\/SkinSolution_Black2.png","width":512,"height":512,"caption":"SkinSolution For Professionals"},"image":{"@id":"https:\/\/skinsolution.pl\/for-professionals\/#\/schema\/logo\/image\/"}}]}},"_links":{"self":[{"href":"https:\/\/skinsolution.pl\/for-professionals\/wp-json\/wp\/v2\/product\/3392","targetHints":{"allow":["GET"]}}],"collection":[{"href":"https:\/\/skinsolution.pl\/for-professionals\/wp-json\/wp\/v2\/product"}],"about":[{"href":"https:\/\/skinsolution.pl\/for-professionals\/wp-json\/wp\/v2\/types\/product"}],"replies":[{"embeddable":true,"href":"https:\/\/skinsolution.pl\/for-professionals\/wp-json\/wp\/v2\/comments?post=3392"}],"wp:featuredmedia":[{"embeddable":true,"href":"https:\/\/skinsolution.pl\/for-professionals\/wp-json\/wp\/v2\/media\/3393"}],"wp:attachment":[{"href":"https:\/\/skinsolution.pl\/for-professionals\/wp-json\/wp\/v2\/media?parent=3392"}],"wp:term":[{"taxonomy":"product_brand","embeddable":true,"href":"https:\/\/skinsolution.pl\/for-professionals\/wp-json\/wp\/v2\/product_brand?post=3392"},{"taxonomy":"product_cat","embeddable":true,"href":"https:\/\/skinsolution.pl\/for-professionals\/wp-json\/wp\/v2\/product_cat?post=3392"},{"taxonomy":"product_tag","embeddable":true,"href":"https:\/\/skinsolution.pl\/for-professionals\/wp-json\/wp\/v2\/product_tag?post=3392"}],"curies":[{"name":"wp","href":"https:\/\/api.w.org\/{rel}","templated":true}]}}