{"id":3390,"date":"2025-05-29T19:47:25","date_gmt":"2025-05-29T17:47:25","guid":{"rendered":"https:\/\/skinsolution.pl\/for-professionals\/?post_type=product&#038;p=3390"},"modified":"2025-08-30T18:08:56","modified_gmt":"2025-08-30T16:08:56","slug":"quasix-zel-na-zaczerwienienia-do-cery-tlustej-30-g","status":"publish","type":"product","link":"https:\/\/skinsolution.pl\/for-professionals\/produkt\/quasix-zel-na-zaczerwienienia-do-cery-tlustej-30-g\/","title":{"rendered":"QUASIX \u017bel na zaczerwienienia do cery t\u0142ustej 30 g"},"content":{"rendered":"<p>QUASIX\u00ae Gel od laboratorium LSI Silderma to specjalistyczny preparat, kt\u00f3ry wp\u0142ywa na redukcj\u0119 zmian tr\u0105dzikowych zar\u00f3wno w tr\u0105dziku pospolitym, jak i r\u00f3\u017cowatym.<br \/>\nPreparat QUASIX\u00ae w formie \u017celu o lekkiej formule przeznaczony jest dla os\u00f3b o cerze t\u0142ustej z rumieniowymi, grudkowatymi i krostkowymi zmianami na twarzy.<br \/>\n\u017bel Quasix\u00ae nawil\u017ca sk\u00f3r\u0119, wzmacnia i uszczelnia naczynia krwiono\u015bne, zmniejszaj\u0105c ich widoczno\u015b\u0107. Wycisza rumie\u0144, \u0142agodzi podra\u017cnienia i wspomaga regeneracj\u0119 mikrouszkodze\u0144.<\/p>\n<p>Spos\u00f3b u\u017cycia<br \/>\nNiewielk\u0105 warstw\u0119 \u017celu nak\u0142adamy dwa razy dziennie na such\u0105 i oczyszczon\u0105 sk\u00f3r\u0119 twarzy. Na\u0142o\u017cenie makija\u017cu jest mo\u017cliwe po ca\u0142kowitym wch\u0142oni\u0119ciu si\u0119 preparatu w g\u0142\u0105b sk\u00f3ry.<\/p>\n<p>Sk\u0142adniki aktywne<br \/>\nUnikalne po\u0142\u0105czenie czterech naturalnych sk\u0142adnik\u00f3w aktywnych:<br \/>\nQuassia wyci\u0105g z gorzkli w\u0142a\u015bciwej jest silnym \u015brodkiem przeciwpaso\u017cytniczym przeciwdrobnoustrojowym, przeciwzapalnym i antyoksydacyjnym<br \/>\nNikotynamid (witamina B3) wykazuje silne dzia\u0142anie hamuj\u0105ce ekspresj\u0119 cytokin prozapalnych, jak r\u00f3wnie\u017c aktywno\u015b\u0107 metaloproteinazy macierzy pozakom\u00f3rkowej i ekspresj\u0119 ICAM-1.<br \/>\nNikotynamid dzia\u0142a stabilizuj\u0105co na barier\u0119 ochronn\u0105 nask\u00f3rka poprzez:<br \/>\nograniczenie transepidermalnej utraty wody w sk\u00f3rze<br \/>\npopraw\u0119 poziomu nawil\u017cenia warstwy rogowej sk\u00f3ry<br \/>\nstymulowanie syntezy ceramid\u00f3w<br \/>\nGliceryna ro\u015blinna przyjazny dla sk\u00f3ry \u015brodek nawil\u017caj\u0105cy absorbuj\u0105cy wod\u0119 do wn\u0119trza sk\u00f3ry; pomaga utrzyma\u0107 r\u00f3wnowag\u0119 wodn\u0105 w macierzy pozakom\u00f3rkowej i wzmacnia barier\u0119 ochronn\u0105 sk\u00f3ry<br \/>\nSorbitol sk\u0142adnik na bazie cukru, pomaga utrzyma\u0107 odpowiedni poziom nawil\u017cenia sk\u00f3ry i zapobiega utracie wody<\/p>\n<p>Pojemno\u015b\u0107<br \/>\n30 ml<\/p>\n<p>Sk\u0142ad<br \/>\nWater (Aqua), Quassia Amara Wood Extract, Propylene Glycol, Niacinamide, Carbomer, Xanthan Gum, Sorbic Acid, Phenoxyethanol, Benzyl Alcohol, Disodium EDTA, Sodium Hydroxide, Allatoin, Chromium Oxide Green (Cl 77289).<\/p>\n","protected":false},"excerpt":{"rendered":"<p>\u017bel przeciw zaczerwienieniom dla sk\u00f3ry t\u0142ustej<\/p>\n","protected":false},"featured_media":3391,"comment_status":"open","ping_status":"closed","template":"","meta":{"_acf_changed":false},"product_brand":[],"product_cat":[111],"product_tag":[],"class_list":{"0":"post-3390","1":"product","2":"type-product","3":"status-publish","4":"has-post-thumbnail","6":"product_cat-kosmeceutyki","8":"first","9":"outofstock","10":"taxable","11":"shipping-taxable","12":"purchasable","13":"product-type-simple"},"acf":[],"yoast_head":"<!-- This site is optimized with the Yoast SEO plugin v27.4 - https:\/\/yoast.com\/product\/yoast-seo-wordpress\/ -->\n<title>QUASIX \u017bel na zaczerwienienia do cery t\u0142ustej 30 g | SkinSolution | For Professional<\/title>\n<meta name=\"robots\" content=\"index, follow, max-snippet:-1, max-image-preview:large, max-video-preview:-1\" \/>\n<link rel=\"canonical\" href=\"https:\/\/skinsolution.pl\/for-professionals\/produkt\/quasix-zel-na-zaczerwienienia-do-cery-tlustej-30-g\/\" \/>\n<meta property=\"og:locale\" content=\"pl_PL\" \/>\n<meta property=\"og:type\" content=\"article\" \/>\n<meta property=\"og:title\" content=\"QUASIX \u017bel na zaczerwienienia do cery t\u0142ustej 30 g | SkinSolution | For Professional\" \/>\n<meta property=\"og:description\" content=\"\u017bel przeciw zaczerwienieniom dla sk\u00f3ry t\u0142ustej\" \/>\n<meta property=\"og:url\" content=\"https:\/\/skinsolution.pl\/for-professionals\/produkt\/quasix-zel-na-zaczerwienienia-do-cery-tlustej-30-g\/\" \/>\n<meta property=\"og:site_name\" content=\"SkinSolution | For Professional\" \/>\n<meta property=\"article:modified_time\" content=\"2025-08-30T16:08:56+00:00\" \/>\n<meta property=\"og:image\" content=\"https:\/\/skinsolution.pl\/for-professionals\/wp-content\/uploads\/sites\/5\/2025\/05\/349b28ce609241a1b328038919ef3a68.png\" \/>\n\t<meta property=\"og:image:width\" content=\"2048\" \/>\n\t<meta property=\"og:image:height\" content=\"2048\" \/>\n\t<meta property=\"og:image:type\" content=\"image\/png\" \/>\n<meta name=\"twitter:card\" content=\"summary_large_image\" \/>\n<meta name=\"twitter:label1\" content=\"Szacowany czas czytania\" \/>\n\t<meta name=\"twitter:data1\" content=\"2 minuty\" \/>\n<script type=\"application\/ld+json\" class=\"yoast-schema-graph\">{\"@context\":\"https:\\\/\\\/schema.org\",\"@graph\":[{\"@type\":\"WebPage\",\"@id\":\"https:\\\/\\\/skinsolution.pl\\\/for-professionals\\\/produkt\\\/quasix-zel-na-zaczerwienienia-do-cery-tlustej-30-g\\\/\",\"url\":\"https:\\\/\\\/skinsolution.pl\\\/for-professionals\\\/produkt\\\/quasix-zel-na-zaczerwienienia-do-cery-tlustej-30-g\\\/\",\"name\":\"QUASIX \u017bel na zaczerwienienia do cery t\u0142ustej 30 g | SkinSolution | For Professional\",\"isPartOf\":{\"@id\":\"https:\\\/\\\/skinsolution.pl\\\/for-professionals\\\/#website\"},\"primaryImageOfPage\":{\"@id\":\"https:\\\/\\\/skinsolution.pl\\\/for-professionals\\\/produkt\\\/quasix-zel-na-zaczerwienienia-do-cery-tlustej-30-g\\\/#primaryimage\"},\"image\":{\"@id\":\"https:\\\/\\\/skinsolution.pl\\\/for-professionals\\\/produkt\\\/quasix-zel-na-zaczerwienienia-do-cery-tlustej-30-g\\\/#primaryimage\"},\"thumbnailUrl\":\"https:\\\/\\\/skinsolution.pl\\\/for-professionals\\\/wp-content\\\/uploads\\\/sites\\\/5\\\/2025\\\/05\\\/349b28ce609241a1b328038919ef3a68.png\",\"datePublished\":\"2025-05-29T17:47:25+00:00\",\"dateModified\":\"2025-08-30T16:08:56+00:00\",\"breadcrumb\":{\"@id\":\"https:\\\/\\\/skinsolution.pl\\\/for-professionals\\\/produkt\\\/quasix-zel-na-zaczerwienienia-do-cery-tlustej-30-g\\\/#breadcrumb\"},\"inLanguage\":\"pl-PL\",\"potentialAction\":[{\"@type\":\"ReadAction\",\"target\":[\"https:\\\/\\\/skinsolution.pl\\\/for-professionals\\\/produkt\\\/quasix-zel-na-zaczerwienienia-do-cery-tlustej-30-g\\\/\"]}]},{\"@type\":\"ImageObject\",\"inLanguage\":\"pl-PL\",\"@id\":\"https:\\\/\\\/skinsolution.pl\\\/for-professionals\\\/produkt\\\/quasix-zel-na-zaczerwienienia-do-cery-tlustej-30-g\\\/#primaryimage\",\"url\":\"https:\\\/\\\/skinsolution.pl\\\/for-professionals\\\/wp-content\\\/uploads\\\/sites\\\/5\\\/2025\\\/05\\\/349b28ce609241a1b328038919ef3a68.png\",\"contentUrl\":\"https:\\\/\\\/skinsolution.pl\\\/for-professionals\\\/wp-content\\\/uploads\\\/sites\\\/5\\\/2025\\\/05\\\/349b28ce609241a1b328038919ef3a68.png\",\"width\":2048,\"height\":2048},{\"@type\":\"BreadcrumbList\",\"@id\":\"https:\\\/\\\/skinsolution.pl\\\/for-professionals\\\/produkt\\\/quasix-zel-na-zaczerwienienia-do-cery-tlustej-30-g\\\/#breadcrumb\",\"itemListElement\":[{\"@type\":\"ListItem\",\"position\":1,\"name\":\"Strona g\u0142\u00f3wna\",\"item\":\"https:\\\/\\\/skinsolution.pl\\\/for-professionals\\\/\"},{\"@type\":\"ListItem\",\"position\":2,\"name\":\"Sklep\",\"item\":\"https:\\\/\\\/skinsolution.pl\\\/for-professionals\\\/sklep\\\/\"},{\"@type\":\"ListItem\",\"position\":3,\"name\":\"QUASIX \u017bel na zaczerwienienia do cery t\u0142ustej 30 g\"}]},{\"@type\":\"WebSite\",\"@id\":\"https:\\\/\\\/skinsolution.pl\\\/for-professionals\\\/#website\",\"url\":\"https:\\\/\\\/skinsolution.pl\\\/for-professionals\\\/\",\"name\":\"SkinSolution For Professionals\",\"description\":\"\",\"publisher\":{\"@id\":\"https:\\\/\\\/skinsolution.pl\\\/for-professionals\\\/#organization\"},\"potentialAction\":[{\"@type\":\"SearchAction\",\"target\":{\"@type\":\"EntryPoint\",\"urlTemplate\":\"https:\\\/\\\/skinsolution.pl\\\/for-professionals\\\/?s={search_term_string}\"},\"query-input\":{\"@type\":\"PropertyValueSpecification\",\"valueRequired\":true,\"valueName\":\"search_term_string\"}}],\"inLanguage\":\"pl-PL\"},{\"@type\":\"Organization\",\"@id\":\"https:\\\/\\\/skinsolution.pl\\\/for-professionals\\\/#organization\",\"name\":\"SkinSolution For Professionals\",\"url\":\"https:\\\/\\\/skinsolution.pl\\\/for-professionals\\\/\",\"logo\":{\"@type\":\"ImageObject\",\"inLanguage\":\"pl-PL\",\"@id\":\"https:\\\/\\\/skinsolution.pl\\\/for-professionals\\\/#\\\/schema\\\/logo\\\/image\\\/\",\"url\":\"https:\\\/\\\/skinsolution.pl\\\/for-professionals\\\/wp-content\\\/uploads\\\/sites\\\/5\\\/2025\\\/03\\\/SkinSolution_Black2.png\",\"contentUrl\":\"https:\\\/\\\/skinsolution.pl\\\/for-professionals\\\/wp-content\\\/uploads\\\/sites\\\/5\\\/2025\\\/03\\\/SkinSolution_Black2.png\",\"width\":512,\"height\":512,\"caption\":\"SkinSolution For Professionals\"},\"image\":{\"@id\":\"https:\\\/\\\/skinsolution.pl\\\/for-professionals\\\/#\\\/schema\\\/logo\\\/image\\\/\"}}]}<\/script>\n<!-- \/ Yoast SEO plugin. -->","yoast_head_json":{"title":"QUASIX \u017bel na zaczerwienienia do cery t\u0142ustej 30 g | SkinSolution | For Professional","robots":{"index":"index","follow":"follow","max-snippet":"max-snippet:-1","max-image-preview":"max-image-preview:large","max-video-preview":"max-video-preview:-1"},"canonical":"https:\/\/skinsolution.pl\/for-professionals\/produkt\/quasix-zel-na-zaczerwienienia-do-cery-tlustej-30-g\/","og_locale":"pl_PL","og_type":"article","og_title":"QUASIX \u017bel na zaczerwienienia do cery t\u0142ustej 30 g | SkinSolution | For Professional","og_description":"\u017bel przeciw zaczerwienieniom dla sk\u00f3ry t\u0142ustej","og_url":"https:\/\/skinsolution.pl\/for-professionals\/produkt\/quasix-zel-na-zaczerwienienia-do-cery-tlustej-30-g\/","og_site_name":"SkinSolution | For Professional","article_modified_time":"2025-08-30T16:08:56+00:00","og_image":[{"width":2048,"height":2048,"url":"https:\/\/skinsolution.pl\/for-professionals\/wp-content\/uploads\/sites\/5\/2025\/05\/349b28ce609241a1b328038919ef3a68.png","type":"image\/png"}],"twitter_card":"summary_large_image","twitter_misc":{"Szacowany czas czytania":"2 minuty"},"schema":{"@context":"https:\/\/schema.org","@graph":[{"@type":"WebPage","@id":"https:\/\/skinsolution.pl\/for-professionals\/produkt\/quasix-zel-na-zaczerwienienia-do-cery-tlustej-30-g\/","url":"https:\/\/skinsolution.pl\/for-professionals\/produkt\/quasix-zel-na-zaczerwienienia-do-cery-tlustej-30-g\/","name":"QUASIX \u017bel na zaczerwienienia do cery t\u0142ustej 30 g | SkinSolution | For Professional","isPartOf":{"@id":"https:\/\/skinsolution.pl\/for-professionals\/#website"},"primaryImageOfPage":{"@id":"https:\/\/skinsolution.pl\/for-professionals\/produkt\/quasix-zel-na-zaczerwienienia-do-cery-tlustej-30-g\/#primaryimage"},"image":{"@id":"https:\/\/skinsolution.pl\/for-professionals\/produkt\/quasix-zel-na-zaczerwienienia-do-cery-tlustej-30-g\/#primaryimage"},"thumbnailUrl":"https:\/\/skinsolution.pl\/for-professionals\/wp-content\/uploads\/sites\/5\/2025\/05\/349b28ce609241a1b328038919ef3a68.png","datePublished":"2025-05-29T17:47:25+00:00","dateModified":"2025-08-30T16:08:56+00:00","breadcrumb":{"@id":"https:\/\/skinsolution.pl\/for-professionals\/produkt\/quasix-zel-na-zaczerwienienia-do-cery-tlustej-30-g\/#breadcrumb"},"inLanguage":"pl-PL","potentialAction":[{"@type":"ReadAction","target":["https:\/\/skinsolution.pl\/for-professionals\/produkt\/quasix-zel-na-zaczerwienienia-do-cery-tlustej-30-g\/"]}]},{"@type":"ImageObject","inLanguage":"pl-PL","@id":"https:\/\/skinsolution.pl\/for-professionals\/produkt\/quasix-zel-na-zaczerwienienia-do-cery-tlustej-30-g\/#primaryimage","url":"https:\/\/skinsolution.pl\/for-professionals\/wp-content\/uploads\/sites\/5\/2025\/05\/349b28ce609241a1b328038919ef3a68.png","contentUrl":"https:\/\/skinsolution.pl\/for-professionals\/wp-content\/uploads\/sites\/5\/2025\/05\/349b28ce609241a1b328038919ef3a68.png","width":2048,"height":2048},{"@type":"BreadcrumbList","@id":"https:\/\/skinsolution.pl\/for-professionals\/produkt\/quasix-zel-na-zaczerwienienia-do-cery-tlustej-30-g\/#breadcrumb","itemListElement":[{"@type":"ListItem","position":1,"name":"Strona g\u0142\u00f3wna","item":"https:\/\/skinsolution.pl\/for-professionals\/"},{"@type":"ListItem","position":2,"name":"Sklep","item":"https:\/\/skinsolution.pl\/for-professionals\/sklep\/"},{"@type":"ListItem","position":3,"name":"QUASIX \u017bel na zaczerwienienia do cery t\u0142ustej 30 g"}]},{"@type":"WebSite","@id":"https:\/\/skinsolution.pl\/for-professionals\/#website","url":"https:\/\/skinsolution.pl\/for-professionals\/","name":"SkinSolution For Professionals","description":"","publisher":{"@id":"https:\/\/skinsolution.pl\/for-professionals\/#organization"},"potentialAction":[{"@type":"SearchAction","target":{"@type":"EntryPoint","urlTemplate":"https:\/\/skinsolution.pl\/for-professionals\/?s={search_term_string}"},"query-input":{"@type":"PropertyValueSpecification","valueRequired":true,"valueName":"search_term_string"}}],"inLanguage":"pl-PL"},{"@type":"Organization","@id":"https:\/\/skinsolution.pl\/for-professionals\/#organization","name":"SkinSolution For Professionals","url":"https:\/\/skinsolution.pl\/for-professionals\/","logo":{"@type":"ImageObject","inLanguage":"pl-PL","@id":"https:\/\/skinsolution.pl\/for-professionals\/#\/schema\/logo\/image\/","url":"https:\/\/skinsolution.pl\/for-professionals\/wp-content\/uploads\/sites\/5\/2025\/03\/SkinSolution_Black2.png","contentUrl":"https:\/\/skinsolution.pl\/for-professionals\/wp-content\/uploads\/sites\/5\/2025\/03\/SkinSolution_Black2.png","width":512,"height":512,"caption":"SkinSolution For Professionals"},"image":{"@id":"https:\/\/skinsolution.pl\/for-professionals\/#\/schema\/logo\/image\/"}}]}},"_links":{"self":[{"href":"https:\/\/skinsolution.pl\/for-professionals\/wp-json\/wp\/v2\/product\/3390","targetHints":{"allow":["GET"]}}],"collection":[{"href":"https:\/\/skinsolution.pl\/for-professionals\/wp-json\/wp\/v2\/product"}],"about":[{"href":"https:\/\/skinsolution.pl\/for-professionals\/wp-json\/wp\/v2\/types\/product"}],"replies":[{"embeddable":true,"href":"https:\/\/skinsolution.pl\/for-professionals\/wp-json\/wp\/v2\/comments?post=3390"}],"wp:featuredmedia":[{"embeddable":true,"href":"https:\/\/skinsolution.pl\/for-professionals\/wp-json\/wp\/v2\/media\/3391"}],"wp:attachment":[{"href":"https:\/\/skinsolution.pl\/for-professionals\/wp-json\/wp\/v2\/media?parent=3390"}],"wp:term":[{"taxonomy":"product_brand","embeddable":true,"href":"https:\/\/skinsolution.pl\/for-professionals\/wp-json\/wp\/v2\/product_brand?post=3390"},{"taxonomy":"product_cat","embeddable":true,"href":"https:\/\/skinsolution.pl\/for-professionals\/wp-json\/wp\/v2\/product_cat?post=3390"},{"taxonomy":"product_tag","embeddable":true,"href":"https:\/\/skinsolution.pl\/for-professionals\/wp-json\/wp\/v2\/product_tag?post=3390"}],"curies":[{"name":"wp","href":"https:\/\/api.w.org\/{rel}","templated":true}]}}