{"id":3370,"date":"2025-05-29T15:25:12","date_gmt":"2025-05-29T13:25:12","guid":{"rendered":"https:\/\/skinsolution.pl\/for-professionals\/?post_type=product&#038;p=3370"},"modified":"2026-04-17T16:16:10","modified_gmt":"2026-04-17T14:16:10","slug":"mdprepeel-beta-ahas-complex-8-50-ml","status":"publish","type":"product","link":"https:\/\/skinsolution.pl\/for-professionals\/produkt\/mdprepeel-beta-ahas-complex-8-50-ml\/","title":{"rendered":"md:prepeel<sup>\u2122<\/sup>  Beta &#038; AHAs complex 8% (50 ml)"},"content":{"rendered":"<p>Serum md:prepeel\u2122 Beta &amp; AHAs Complex 8% to po\u0142\u0105czenie kwasu hialuronowego i beta- i alfa-hydroksykwas\u00f3w, takich jak kwas salicylowy, mlekowy, glikolowy z niskim pH, delikatnie przyspieszaj\u0105cy proces z\u0142uszczania martwego nask\u00f3rka. Preparat skutecznie usuwa wszelkie zanieczyszczenia sk\u00f3ry, likwiduje zask\u00f3rniki i tr\u0105dzik, pozostawiaj\u0105c sk\u00f3r\u0119 g\u0142adk\u0105 i elastyczn\u0105. Idealnie si\u0119 sprawdzi w przypadku cery t\u0142ustej, sk\u0142onnej do tr\u0105dziku, ale jednocze\u015bnie delikatnej i wra\u017cliwej na dzia\u0142anie silnych preparat\u00f3w.<br \/>\nMimo zawarto\u015bci kwas\u00f3w, preparat ma minimalny potencja\u0142 dra\u017cni\u0105cy, oczyszcza sk\u00f3r\u0119, zmniejsza przebarwienia i blizny, dzia\u0142a przeciwzapalnie i pozostawia sk\u00f3r\u0119 elastyczn\u0105, roz\u015bwietlon\u0105 i delikatnie napi\u0119t\u0105.<\/p>\n<p>Pojemno\u015b\u0107<br \/>\n50 ml<\/p>\n<p>Spos\u00f3b u\u017cycia<br \/>\nWieczorem, po dok\u0142adnym oczyszczeniu twarzy, na\u0142\u00f3\u017c preparat okr\u0119\u017cnymi ruchami na sk\u00f3r\u0119 i poczekaj do ca\u0142kowitego wch\u0142oni\u0119cia, nie sp\u0142ukuj wod\u0105. W celu u\u0142atwienia aplikacji mo\u017cesz u\u017cy\u0107 specjalnej pipety lub zestawu do nak\u0142adaniu peeling\u00f3w (miseczki z p\u0119dzelkiem). Po u\u017cyciu serum mo\u017ce pojawi\u0107 si\u0119 lekkie uczucie ciep\u0142a, s\u0105 to normalne objawy w przypadku stosowania serum z kwasami.<br \/>\nmd:prepeel idealnie si\u0119 sprawdzi w celu przygotowania naszej sk\u00f3ry do zabieg\u00f3w kosmetycznych z u\u017cyciem kwas\u00f3w o wysokim st\u0119\u017ceniu.<\/p>\n<p>Sk\u0142adniki aktywne<br \/>\nKwas hialuronowy g\u0142\u0119boko nawil\u017ca sk\u00f3r\u0119 daj\u0105c efekt wype\u0142nienia, zwi\u0119ksza jej elastyczno\u015b\u0107 i niweluje zmarszczki;<br \/>\nBierze udzia\u0142 w procesach naprawy sk\u00f3ry i przyczynia si\u0119 do jej odnowy poprzez aktywacj\u0119 aktywno\u015bci fibroblast\u00f3w oraz restrukturyzacj\u0119 w\u0142\u00f3kien kolagenowych;<br \/>\nKwas salicylowy oczyszcza i odblokowuje pory, zmniejsza wydzielanie sebum, \u0142agodzi stany zapalne, zapobiega zmianom tr\u0105dzikowym sk\u00f3ry. Wspomaga odnow\u0119 nask\u00f3rka, zast\u0119puj\u0105c martwe i uszkodzone kom\u00f3rki nowymi, zdrowymi;<br \/>\nKwas mlekowy delikatnie z\u0142uszcza, wyg\u0142adza drobne zmarszczki, wyr\u00f3wnuje koloryt sk\u00f3ry. Wzmacnia naturaln\u0105 barier\u0119 sk\u00f3ry, zapobiega utracie wody i utrzymuje wysoki poziom jej nawil\u017cenia.<br \/>\nKwas glikolowy wspomaga odnow\u0119 kom\u00f3rkow\u0105, pomaga w usuni\u0119ciu nier\u00f3wnej warstwy martwych kom\u00f3rek nask\u00f3rka, pozostawiaj\u0105c g\u0142adk\u0105 i jednolit\u0105 struktur\u0119 twarzy.<\/p>\n<p>Sk\u0142ad<br \/>\nAqua\/Water, Propylene glycol, Polysorbate 20, Lactic acid, Alcohol, Glycolic acid, Salicylic acid, Sodium hyaluronate, Hydroxyethylcellulose, Potassium hydroxide, Cl 45430, Parfum, Methylparaben, Propylparaben.<\/p>\n<p>Informacje o producencie<br \/>\nLINKEDERMA SL.<\/p>\n","protected":false},"excerpt":{"rendered":"<p>Beta- i alfa-hydroksykwas\u00f3w dla tr\u0105dzikowej cery<\/p>\n","protected":false},"featured_media":3371,"comment_status":"open","ping_status":"closed","template":"","meta":{"_acf_changed":false},"product_brand":[],"product_cat":[153],"product_tag":[],"class_list":{"0":"post-3370","1":"product","2":"type-product","3":"status-publish","4":"has-post-thumbnail","6":"product_cat-profesjonalna-pielegnacja","8":"first","9":"instock","10":"taxable","11":"shipping-taxable","12":"purchasable","13":"product-type-simple"},"acf":[],"yoast_head":"<!-- This site is optimized with the Yoast SEO plugin v27.4 - https:\/\/yoast.com\/product\/yoast-seo-wordpress\/ -->\n<title>md:prepeel\u2122 Beta &amp; AHAs complex 8% (50 ml) | SkinSolution | For Professional<\/title>\n<meta name=\"robots\" content=\"index, follow, max-snippet:-1, max-image-preview:large, max-video-preview:-1\" \/>\n<link rel=\"canonical\" href=\"https:\/\/skinsolution.pl\/for-professionals\/produkt\/mdprepeel-beta-ahas-complex-8-50-ml\/\" \/>\n<meta property=\"og:locale\" content=\"pl_PL\" \/>\n<meta property=\"og:type\" content=\"article\" \/>\n<meta property=\"og:title\" content=\"md:prepeel\u2122 Beta &amp; AHAs complex 8% (50 ml) | SkinSolution | For Professional\" \/>\n<meta property=\"og:description\" content=\"Beta- i alfa-hydroksykwas\u00f3w dla tr\u0105dzikowej cery\" \/>\n<meta property=\"og:url\" content=\"https:\/\/skinsolution.pl\/for-professionals\/produkt\/mdprepeel-beta-ahas-complex-8-50-ml\/\" \/>\n<meta property=\"og:site_name\" content=\"SkinSolution | For Professional\" \/>\n<meta property=\"article:modified_time\" content=\"2026-04-17T14:16:10+00:00\" \/>\n<meta property=\"og:image\" content=\"https:\/\/skinsolution.pl\/for-professionals\/wp-content\/uploads\/sites\/5\/2025\/05\/950faef0eab9e875244c1af42dabc0b5.png\" \/>\n\t<meta property=\"og:image:width\" content=\"2048\" \/>\n\t<meta property=\"og:image:height\" content=\"2048\" \/>\n\t<meta property=\"og:image:type\" content=\"image\/png\" \/>\n<meta name=\"twitter:card\" content=\"summary_large_image\" \/>\n<meta name=\"twitter:label1\" content=\"Szacowany czas czytania\" \/>\n\t<meta name=\"twitter:data1\" content=\"2 minuty\" \/>\n<script type=\"application\/ld+json\" class=\"yoast-schema-graph\">{\"@context\":\"https:\\\/\\\/schema.org\",\"@graph\":[{\"@type\":\"WebPage\",\"@id\":\"https:\\\/\\\/skinsolution.pl\\\/for-professionals\\\/produkt\\\/mdprepeel-beta-ahas-complex-8-50-ml\\\/\",\"url\":\"https:\\\/\\\/skinsolution.pl\\\/for-professionals\\\/produkt\\\/mdprepeel-beta-ahas-complex-8-50-ml\\\/\",\"name\":\"md:prepeel\u2122 Beta & AHAs complex 8% (50 ml) | SkinSolution | For Professional\",\"isPartOf\":{\"@id\":\"https:\\\/\\\/skinsolution.pl\\\/for-professionals\\\/#website\"},\"primaryImageOfPage\":{\"@id\":\"https:\\\/\\\/skinsolution.pl\\\/for-professionals\\\/produkt\\\/mdprepeel-beta-ahas-complex-8-50-ml\\\/#primaryimage\"},\"image\":{\"@id\":\"https:\\\/\\\/skinsolution.pl\\\/for-professionals\\\/produkt\\\/mdprepeel-beta-ahas-complex-8-50-ml\\\/#primaryimage\"},\"thumbnailUrl\":\"https:\\\/\\\/skinsolution.pl\\\/for-professionals\\\/wp-content\\\/uploads\\\/sites\\\/5\\\/2025\\\/05\\\/950faef0eab9e875244c1af42dabc0b5.png\",\"datePublished\":\"2025-05-29T13:25:12+00:00\",\"dateModified\":\"2026-04-17T14:16:10+00:00\",\"breadcrumb\":{\"@id\":\"https:\\\/\\\/skinsolution.pl\\\/for-professionals\\\/produkt\\\/mdprepeel-beta-ahas-complex-8-50-ml\\\/#breadcrumb\"},\"inLanguage\":\"pl-PL\",\"potentialAction\":[{\"@type\":\"ReadAction\",\"target\":[\"https:\\\/\\\/skinsolution.pl\\\/for-professionals\\\/produkt\\\/mdprepeel-beta-ahas-complex-8-50-ml\\\/\"]}]},{\"@type\":\"ImageObject\",\"inLanguage\":\"pl-PL\",\"@id\":\"https:\\\/\\\/skinsolution.pl\\\/for-professionals\\\/produkt\\\/mdprepeel-beta-ahas-complex-8-50-ml\\\/#primaryimage\",\"url\":\"https:\\\/\\\/skinsolution.pl\\\/for-professionals\\\/wp-content\\\/uploads\\\/sites\\\/5\\\/2025\\\/05\\\/950faef0eab9e875244c1af42dabc0b5.png\",\"contentUrl\":\"https:\\\/\\\/skinsolution.pl\\\/for-professionals\\\/wp-content\\\/uploads\\\/sites\\\/5\\\/2025\\\/05\\\/950faef0eab9e875244c1af42dabc0b5.png\",\"width\":2048,\"height\":2048},{\"@type\":\"BreadcrumbList\",\"@id\":\"https:\\\/\\\/skinsolution.pl\\\/for-professionals\\\/produkt\\\/mdprepeel-beta-ahas-complex-8-50-ml\\\/#breadcrumb\",\"itemListElement\":[{\"@type\":\"ListItem\",\"position\":1,\"name\":\"Strona g\u0142\u00f3wna\",\"item\":\"https:\\\/\\\/skinsolution.pl\\\/for-professionals\\\/\"},{\"@type\":\"ListItem\",\"position\":2,\"name\":\"Sklep\",\"item\":\"https:\\\/\\\/skinsolution.pl\\\/for-professionals\\\/sklep\\\/\"},{\"@type\":\"ListItem\",\"position\":3,\"name\":\"md:prepeel\u2122 Beta &#038; AHAs complex 8% (50 ml)\"}]},{\"@type\":\"WebSite\",\"@id\":\"https:\\\/\\\/skinsolution.pl\\\/for-professionals\\\/#website\",\"url\":\"https:\\\/\\\/skinsolution.pl\\\/for-professionals\\\/\",\"name\":\"SkinSolution For Professionals\",\"description\":\"\",\"publisher\":{\"@id\":\"https:\\\/\\\/skinsolution.pl\\\/for-professionals\\\/#organization\"},\"potentialAction\":[{\"@type\":\"SearchAction\",\"target\":{\"@type\":\"EntryPoint\",\"urlTemplate\":\"https:\\\/\\\/skinsolution.pl\\\/for-professionals\\\/?s={search_term_string}\"},\"query-input\":{\"@type\":\"PropertyValueSpecification\",\"valueRequired\":true,\"valueName\":\"search_term_string\"}}],\"inLanguage\":\"pl-PL\"},{\"@type\":\"Organization\",\"@id\":\"https:\\\/\\\/skinsolution.pl\\\/for-professionals\\\/#organization\",\"name\":\"SkinSolution For Professionals\",\"url\":\"https:\\\/\\\/skinsolution.pl\\\/for-professionals\\\/\",\"logo\":{\"@type\":\"ImageObject\",\"inLanguage\":\"pl-PL\",\"@id\":\"https:\\\/\\\/skinsolution.pl\\\/for-professionals\\\/#\\\/schema\\\/logo\\\/image\\\/\",\"url\":\"https:\\\/\\\/skinsolution.pl\\\/for-professionals\\\/wp-content\\\/uploads\\\/sites\\\/5\\\/2025\\\/03\\\/SkinSolution_Black2.png\",\"contentUrl\":\"https:\\\/\\\/skinsolution.pl\\\/for-professionals\\\/wp-content\\\/uploads\\\/sites\\\/5\\\/2025\\\/03\\\/SkinSolution_Black2.png\",\"width\":512,\"height\":512,\"caption\":\"SkinSolution For Professionals\"},\"image\":{\"@id\":\"https:\\\/\\\/skinsolution.pl\\\/for-professionals\\\/#\\\/schema\\\/logo\\\/image\\\/\"}}]}<\/script>\n<!-- \/ Yoast SEO plugin. -->","yoast_head_json":{"title":"md:prepeel\u2122 Beta & AHAs complex 8% (50 ml) | SkinSolution | For Professional","robots":{"index":"index","follow":"follow","max-snippet":"max-snippet:-1","max-image-preview":"max-image-preview:large","max-video-preview":"max-video-preview:-1"},"canonical":"https:\/\/skinsolution.pl\/for-professionals\/produkt\/mdprepeel-beta-ahas-complex-8-50-ml\/","og_locale":"pl_PL","og_type":"article","og_title":"md:prepeel\u2122 Beta & AHAs complex 8% (50 ml) | SkinSolution | For Professional","og_description":"Beta- i alfa-hydroksykwas\u00f3w dla tr\u0105dzikowej cery","og_url":"https:\/\/skinsolution.pl\/for-professionals\/produkt\/mdprepeel-beta-ahas-complex-8-50-ml\/","og_site_name":"SkinSolution | For Professional","article_modified_time":"2026-04-17T14:16:10+00:00","og_image":[{"width":2048,"height":2048,"url":"https:\/\/skinsolution.pl\/for-professionals\/wp-content\/uploads\/sites\/5\/2025\/05\/950faef0eab9e875244c1af42dabc0b5.png","type":"image\/png"}],"twitter_card":"summary_large_image","twitter_misc":{"Szacowany czas czytania":"2 minuty"},"schema":{"@context":"https:\/\/schema.org","@graph":[{"@type":"WebPage","@id":"https:\/\/skinsolution.pl\/for-professionals\/produkt\/mdprepeel-beta-ahas-complex-8-50-ml\/","url":"https:\/\/skinsolution.pl\/for-professionals\/produkt\/mdprepeel-beta-ahas-complex-8-50-ml\/","name":"md:prepeel\u2122 Beta & AHAs complex 8% (50 ml) | SkinSolution | For Professional","isPartOf":{"@id":"https:\/\/skinsolution.pl\/for-professionals\/#website"},"primaryImageOfPage":{"@id":"https:\/\/skinsolution.pl\/for-professionals\/produkt\/mdprepeel-beta-ahas-complex-8-50-ml\/#primaryimage"},"image":{"@id":"https:\/\/skinsolution.pl\/for-professionals\/produkt\/mdprepeel-beta-ahas-complex-8-50-ml\/#primaryimage"},"thumbnailUrl":"https:\/\/skinsolution.pl\/for-professionals\/wp-content\/uploads\/sites\/5\/2025\/05\/950faef0eab9e875244c1af42dabc0b5.png","datePublished":"2025-05-29T13:25:12+00:00","dateModified":"2026-04-17T14:16:10+00:00","breadcrumb":{"@id":"https:\/\/skinsolution.pl\/for-professionals\/produkt\/mdprepeel-beta-ahas-complex-8-50-ml\/#breadcrumb"},"inLanguage":"pl-PL","potentialAction":[{"@type":"ReadAction","target":["https:\/\/skinsolution.pl\/for-professionals\/produkt\/mdprepeel-beta-ahas-complex-8-50-ml\/"]}]},{"@type":"ImageObject","inLanguage":"pl-PL","@id":"https:\/\/skinsolution.pl\/for-professionals\/produkt\/mdprepeel-beta-ahas-complex-8-50-ml\/#primaryimage","url":"https:\/\/skinsolution.pl\/for-professionals\/wp-content\/uploads\/sites\/5\/2025\/05\/950faef0eab9e875244c1af42dabc0b5.png","contentUrl":"https:\/\/skinsolution.pl\/for-professionals\/wp-content\/uploads\/sites\/5\/2025\/05\/950faef0eab9e875244c1af42dabc0b5.png","width":2048,"height":2048},{"@type":"BreadcrumbList","@id":"https:\/\/skinsolution.pl\/for-professionals\/produkt\/mdprepeel-beta-ahas-complex-8-50-ml\/#breadcrumb","itemListElement":[{"@type":"ListItem","position":1,"name":"Strona g\u0142\u00f3wna","item":"https:\/\/skinsolution.pl\/for-professionals\/"},{"@type":"ListItem","position":2,"name":"Sklep","item":"https:\/\/skinsolution.pl\/for-professionals\/sklep\/"},{"@type":"ListItem","position":3,"name":"md:prepeel\u2122 Beta &#038; AHAs complex 8% (50 ml)"}]},{"@type":"WebSite","@id":"https:\/\/skinsolution.pl\/for-professionals\/#website","url":"https:\/\/skinsolution.pl\/for-professionals\/","name":"SkinSolution For Professionals","description":"","publisher":{"@id":"https:\/\/skinsolution.pl\/for-professionals\/#organization"},"potentialAction":[{"@type":"SearchAction","target":{"@type":"EntryPoint","urlTemplate":"https:\/\/skinsolution.pl\/for-professionals\/?s={search_term_string}"},"query-input":{"@type":"PropertyValueSpecification","valueRequired":true,"valueName":"search_term_string"}}],"inLanguage":"pl-PL"},{"@type":"Organization","@id":"https:\/\/skinsolution.pl\/for-professionals\/#organization","name":"SkinSolution For Professionals","url":"https:\/\/skinsolution.pl\/for-professionals\/","logo":{"@type":"ImageObject","inLanguage":"pl-PL","@id":"https:\/\/skinsolution.pl\/for-professionals\/#\/schema\/logo\/image\/","url":"https:\/\/skinsolution.pl\/for-professionals\/wp-content\/uploads\/sites\/5\/2025\/03\/SkinSolution_Black2.png","contentUrl":"https:\/\/skinsolution.pl\/for-professionals\/wp-content\/uploads\/sites\/5\/2025\/03\/SkinSolution_Black2.png","width":512,"height":512,"caption":"SkinSolution For Professionals"},"image":{"@id":"https:\/\/skinsolution.pl\/for-professionals\/#\/schema\/logo\/image\/"}}]}},"_links":{"self":[{"href":"https:\/\/skinsolution.pl\/for-professionals\/wp-json\/wp\/v2\/product\/3370","targetHints":{"allow":["GET"]}}],"collection":[{"href":"https:\/\/skinsolution.pl\/for-professionals\/wp-json\/wp\/v2\/product"}],"about":[{"href":"https:\/\/skinsolution.pl\/for-professionals\/wp-json\/wp\/v2\/types\/product"}],"replies":[{"embeddable":true,"href":"https:\/\/skinsolution.pl\/for-professionals\/wp-json\/wp\/v2\/comments?post=3370"}],"wp:featuredmedia":[{"embeddable":true,"href":"https:\/\/skinsolution.pl\/for-professionals\/wp-json\/wp\/v2\/media\/3371"}],"wp:attachment":[{"href":"https:\/\/skinsolution.pl\/for-professionals\/wp-json\/wp\/v2\/media?parent=3370"}],"wp:term":[{"taxonomy":"product_brand","embeddable":true,"href":"https:\/\/skinsolution.pl\/for-professionals\/wp-json\/wp\/v2\/product_brand?post=3370"},{"taxonomy":"product_cat","embeddable":true,"href":"https:\/\/skinsolution.pl\/for-professionals\/wp-json\/wp\/v2\/product_cat?post=3370"},{"taxonomy":"product_tag","embeddable":true,"href":"https:\/\/skinsolution.pl\/for-professionals\/wp-json\/wp\/v2\/product_tag?post=3370"}],"curies":[{"name":"wp","href":"https:\/\/api.w.org\/{rel}","templated":true}]}}