{"id":3331,"date":"2025-05-29T09:43:08","date_gmt":"2025-05-29T07:43:08","guid":{"rendered":"https:\/\/skinsolution.pl\/for-professionals\/?post_type=product&#038;p=3331"},"modified":"2026-04-17T15:53:33","modified_gmt":"2026-04-17T13:53:33","slug":"jalupro-enhancer-gel-9-ml","status":"publish","type":"product","link":"https:\/\/skinsolution.pl\/for-professionals\/produkt\/jalupro-enhancer-gel-9-ml\/","title":{"rendered":"Jalupro\u00ae Enhancer Gel 6 ml"},"content":{"rendered":"<p>JALUPRO\u00ae Enhancer Gel to luksusowe serum o \u017celowej formule wzmacniaj\u0105ce cebulki rz\u0119s i brwi, odbudowuj\u0105ce ich struktur\u0119, przywracaj\u0105ce ciemny kolor, stymuluj\u0105ce ich wzrost oraz poprawiaj\u0105ce wygl\u0105d.<br \/>\nDoskona\u0142e do piel\u0119gnacji os\u0142abionych rz\u0119s i brwi, w kr\u00f3tkim czasie zdecydowanie je zag\u0119\u015bci i pogrubi, nadaj\u0105c zdrowy i pi\u0119kny po\u0142ysk.<br \/>\nKuracja serum wzmacnia odporno\u015b\u0107 na wypadanie rz\u0119s i brwi, a ponadto zauwa\u017calny jest ich wzrost i odrastanie nowych.<\/p>\n<p>Sk\u0142adniki aktywne<br \/>\n&gt; Peptyd biomimetyczny \u2013 pomaga w zakotwiczeniu w\u0142os\u00f3w, zmniejsza szanse na ich wypadanie, zwi\u0119ksza d\u0142ugo\u015b\u0107 mieszka w\u0142osowego, dzia\u0142a synergicznie z wyci\u0105giem z czerwonej koniczyny zapewniaj\u0105c w\u0142osom pe\u0142niejszy i zdrowszy wygl\u0105d.<br \/>\n&gt; Wyci\u0105g z czerwonej koniczyny \u2013 zapobiega androgenicznemu \u0142ysieniu oraz zmniejsza wypadanie w\u0142os\u00f3w spowodowane zaburzeniami hormonalnymi; ma dzia\u0142anie antybakteryjne i przeciwzapalne<\/p>\n<p>Pojemno\u015b\u0107:<br \/>\n6 ml<\/p>\n<p>Spos\u00f3b u\u017cycia<br \/>\nZa pomoc\u0105 aplikatora delikatnie na\u0142\u00f3\u017c preparat na g\u00f3rn\u0105 i doln\u0105 lini\u0119 rz\u0119s oraz na brwi. W pierwszym miesi\u0105cu kuracji zaleca si\u0119 stosowanie \u017celu 2 razy dziennie: rano i wieczorem, a nast\u0119pnie raz dziennie w celu podtrzymania efektu. \u017bel mo\u017ce by\u0107 u\u017cywany jako baza pod tusz do rz\u0119s. Nale\u017cy unika\u0107 bezpo\u015bredniego kontaktu z oczami, a w razie<br \/>\ndostania si\u0119 preparatu do oczu nale\u017cy przemy\u0107 wod\u0105.<\/p>\n<p>Sk\u0142ad<br \/>\nAqua, Propanediol, Tussilago farfara (coltsfoot) flower\/leaf extract, Achillea, Millefolium extract, Polyacrylamide (acrylamide\/sodium acrylodimethyltaurate copolymer) polyvinylpyrrolidone, cinchona succirubra bark extract, trifolium pratense (clover) flower extract, camellia sinensis leaf extract, acetyl tetrapeptide-3, laureth-7, butylene glycol, dextran, phenoxyethanol, ethylexylglycerin, c13-14 isoparaffin, tetrasodium glutamate diacetate, ci 42090, ci 19140, ci 42051.<\/p>\n<p>Informacje o producencie<br \/>\nProfessional Derma S.A.<\/p>\n","protected":false},"excerpt":{"rendered":"<p>Formu\u0142a z peptydem biomimetycznym dla pi\u0119knej oprawy oczu<\/p>\n<p>Odbudowuje struktur\u0119 rz\u0119s i brwi<\/p>\n<p>Poprawa stymulacji kreatyny<\/p>\n","protected":false},"featured_media":3759,"comment_status":"open","ping_status":"closed","template":"","meta":{"_acf_changed":false},"product_brand":[],"product_cat":[153],"product_tag":[],"class_list":{"0":"post-3331","1":"product","2":"type-product","3":"status-publish","4":"has-post-thumbnail","6":"product_cat-profesjonalna-pielegnacja","8":"first","9":"instock","10":"taxable","11":"shipping-taxable","12":"purchasable","13":"product-type-simple"},"acf":[],"yoast_head":"<!-- This site is optimized with the Yoast SEO plugin v27.4 - https:\/\/yoast.com\/product\/yoast-seo-wordpress\/ -->\n<title>Jalupro\u00ae Enhancer Gel 6 ml | SkinSolution | For Professional<\/title>\n<meta name=\"robots\" content=\"index, follow, max-snippet:-1, max-image-preview:large, max-video-preview:-1\" \/>\n<link rel=\"canonical\" href=\"https:\/\/skinsolution.pl\/for-professionals\/produkt\/jalupro-enhancer-gel-9-ml\/\" \/>\n<meta property=\"og:locale\" content=\"pl_PL\" \/>\n<meta property=\"og:type\" content=\"article\" \/>\n<meta property=\"og:title\" content=\"Jalupro\u00ae Enhancer Gel 6 ml | SkinSolution | For Professional\" \/>\n<meta property=\"og:description\" content=\"Formu\u0142a z peptydem biomimetycznym dla pi\u0119knej oprawy oczu  Odbudowuje struktur\u0119 rz\u0119s i brwi  Poprawa stymulacji kreatyny\" \/>\n<meta property=\"og:url\" content=\"https:\/\/skinsolution.pl\/for-professionals\/produkt\/jalupro-enhancer-gel-9-ml\/\" \/>\n<meta property=\"og:site_name\" content=\"SkinSolution | For Professional\" \/>\n<meta property=\"article:modified_time\" content=\"2026-04-17T13:53:33+00:00\" \/>\n<meta property=\"og:image\" content=\"https:\/\/skinsolution.pl\/for-professionals\/wp-content\/uploads\/sites\/5\/2025\/05\/Enhancer-Gel-2.png\" \/>\n\t<meta property=\"og:image:width\" content=\"1200\" \/>\n\t<meta property=\"og:image:height\" content=\"1200\" \/>\n\t<meta property=\"og:image:type\" content=\"image\/png\" \/>\n<meta name=\"twitter:card\" content=\"summary_large_image\" \/>\n<meta name=\"twitter:label1\" content=\"Szacowany czas czytania\" \/>\n\t<meta name=\"twitter:data1\" content=\"2 minuty\" \/>\n<script type=\"application\/ld+json\" class=\"yoast-schema-graph\">{\"@context\":\"https:\\\/\\\/schema.org\",\"@graph\":[{\"@type\":\"WebPage\",\"@id\":\"https:\\\/\\\/skinsolution.pl\\\/for-professionals\\\/produkt\\\/jalupro-enhancer-gel-9-ml\\\/\",\"url\":\"https:\\\/\\\/skinsolution.pl\\\/for-professionals\\\/produkt\\\/jalupro-enhancer-gel-9-ml\\\/\",\"name\":\"Jalupro\u00ae Enhancer Gel 6 ml | SkinSolution | For Professional\",\"isPartOf\":{\"@id\":\"https:\\\/\\\/skinsolution.pl\\\/for-professionals\\\/#website\"},\"primaryImageOfPage\":{\"@id\":\"https:\\\/\\\/skinsolution.pl\\\/for-professionals\\\/produkt\\\/jalupro-enhancer-gel-9-ml\\\/#primaryimage\"},\"image\":{\"@id\":\"https:\\\/\\\/skinsolution.pl\\\/for-professionals\\\/produkt\\\/jalupro-enhancer-gel-9-ml\\\/#primaryimage\"},\"thumbnailUrl\":\"https:\\\/\\\/skinsolution.pl\\\/for-professionals\\\/wp-content\\\/uploads\\\/sites\\\/5\\\/2025\\\/05\\\/Enhancer-Gel-2.png\",\"datePublished\":\"2025-05-29T07:43:08+00:00\",\"dateModified\":\"2026-04-17T13:53:33+00:00\",\"breadcrumb\":{\"@id\":\"https:\\\/\\\/skinsolution.pl\\\/for-professionals\\\/produkt\\\/jalupro-enhancer-gel-9-ml\\\/#breadcrumb\"},\"inLanguage\":\"pl-PL\",\"potentialAction\":[{\"@type\":\"ReadAction\",\"target\":[\"https:\\\/\\\/skinsolution.pl\\\/for-professionals\\\/produkt\\\/jalupro-enhancer-gel-9-ml\\\/\"]}]},{\"@type\":\"ImageObject\",\"inLanguage\":\"pl-PL\",\"@id\":\"https:\\\/\\\/skinsolution.pl\\\/for-professionals\\\/produkt\\\/jalupro-enhancer-gel-9-ml\\\/#primaryimage\",\"url\":\"https:\\\/\\\/skinsolution.pl\\\/for-professionals\\\/wp-content\\\/uploads\\\/sites\\\/5\\\/2025\\\/05\\\/Enhancer-Gel-2.png\",\"contentUrl\":\"https:\\\/\\\/skinsolution.pl\\\/for-professionals\\\/wp-content\\\/uploads\\\/sites\\\/5\\\/2025\\\/05\\\/Enhancer-Gel-2.png\",\"width\":1200,\"height\":1200,\"caption\":\"Enhancer Gel JALUPRO\"},{\"@type\":\"BreadcrumbList\",\"@id\":\"https:\\\/\\\/skinsolution.pl\\\/for-professionals\\\/produkt\\\/jalupro-enhancer-gel-9-ml\\\/#breadcrumb\",\"itemListElement\":[{\"@type\":\"ListItem\",\"position\":1,\"name\":\"Strona g\u0142\u00f3wna\",\"item\":\"https:\\\/\\\/skinsolution.pl\\\/for-professionals\\\/\"},{\"@type\":\"ListItem\",\"position\":2,\"name\":\"Sklep\",\"item\":\"https:\\\/\\\/skinsolution.pl\\\/for-professionals\\\/sklep\\\/\"},{\"@type\":\"ListItem\",\"position\":3,\"name\":\"Jalupro\u00ae Enhancer Gel 6 ml\"}]},{\"@type\":\"WebSite\",\"@id\":\"https:\\\/\\\/skinsolution.pl\\\/for-professionals\\\/#website\",\"url\":\"https:\\\/\\\/skinsolution.pl\\\/for-professionals\\\/\",\"name\":\"SkinSolution For Professionals\",\"description\":\"\",\"publisher\":{\"@id\":\"https:\\\/\\\/skinsolution.pl\\\/for-professionals\\\/#organization\"},\"potentialAction\":[{\"@type\":\"SearchAction\",\"target\":{\"@type\":\"EntryPoint\",\"urlTemplate\":\"https:\\\/\\\/skinsolution.pl\\\/for-professionals\\\/?s={search_term_string}\"},\"query-input\":{\"@type\":\"PropertyValueSpecification\",\"valueRequired\":true,\"valueName\":\"search_term_string\"}}],\"inLanguage\":\"pl-PL\"},{\"@type\":\"Organization\",\"@id\":\"https:\\\/\\\/skinsolution.pl\\\/for-professionals\\\/#organization\",\"name\":\"SkinSolution For Professionals\",\"url\":\"https:\\\/\\\/skinsolution.pl\\\/for-professionals\\\/\",\"logo\":{\"@type\":\"ImageObject\",\"inLanguage\":\"pl-PL\",\"@id\":\"https:\\\/\\\/skinsolution.pl\\\/for-professionals\\\/#\\\/schema\\\/logo\\\/image\\\/\",\"url\":\"https:\\\/\\\/skinsolution.pl\\\/for-professionals\\\/wp-content\\\/uploads\\\/sites\\\/5\\\/2025\\\/03\\\/SkinSolution_Black2.png\",\"contentUrl\":\"https:\\\/\\\/skinsolution.pl\\\/for-professionals\\\/wp-content\\\/uploads\\\/sites\\\/5\\\/2025\\\/03\\\/SkinSolution_Black2.png\",\"width\":512,\"height\":512,\"caption\":\"SkinSolution For Professionals\"},\"image\":{\"@id\":\"https:\\\/\\\/skinsolution.pl\\\/for-professionals\\\/#\\\/schema\\\/logo\\\/image\\\/\"}}]}<\/script>\n<!-- \/ Yoast SEO plugin. -->","yoast_head_json":{"title":"Jalupro\u00ae Enhancer Gel 6 ml | SkinSolution | For Professional","robots":{"index":"index","follow":"follow","max-snippet":"max-snippet:-1","max-image-preview":"max-image-preview:large","max-video-preview":"max-video-preview:-1"},"canonical":"https:\/\/skinsolution.pl\/for-professionals\/produkt\/jalupro-enhancer-gel-9-ml\/","og_locale":"pl_PL","og_type":"article","og_title":"Jalupro\u00ae Enhancer Gel 6 ml | SkinSolution | For Professional","og_description":"Formu\u0142a z peptydem biomimetycznym dla pi\u0119knej oprawy oczu  Odbudowuje struktur\u0119 rz\u0119s i brwi  Poprawa stymulacji kreatyny","og_url":"https:\/\/skinsolution.pl\/for-professionals\/produkt\/jalupro-enhancer-gel-9-ml\/","og_site_name":"SkinSolution | For Professional","article_modified_time":"2026-04-17T13:53:33+00:00","og_image":[{"width":1200,"height":1200,"url":"https:\/\/skinsolution.pl\/for-professionals\/wp-content\/uploads\/sites\/5\/2025\/05\/Enhancer-Gel-2.png","type":"image\/png"}],"twitter_card":"summary_large_image","twitter_misc":{"Szacowany czas czytania":"2 minuty"},"schema":{"@context":"https:\/\/schema.org","@graph":[{"@type":"WebPage","@id":"https:\/\/skinsolution.pl\/for-professionals\/produkt\/jalupro-enhancer-gel-9-ml\/","url":"https:\/\/skinsolution.pl\/for-professionals\/produkt\/jalupro-enhancer-gel-9-ml\/","name":"Jalupro\u00ae Enhancer Gel 6 ml | SkinSolution | For Professional","isPartOf":{"@id":"https:\/\/skinsolution.pl\/for-professionals\/#website"},"primaryImageOfPage":{"@id":"https:\/\/skinsolution.pl\/for-professionals\/produkt\/jalupro-enhancer-gel-9-ml\/#primaryimage"},"image":{"@id":"https:\/\/skinsolution.pl\/for-professionals\/produkt\/jalupro-enhancer-gel-9-ml\/#primaryimage"},"thumbnailUrl":"https:\/\/skinsolution.pl\/for-professionals\/wp-content\/uploads\/sites\/5\/2025\/05\/Enhancer-Gel-2.png","datePublished":"2025-05-29T07:43:08+00:00","dateModified":"2026-04-17T13:53:33+00:00","breadcrumb":{"@id":"https:\/\/skinsolution.pl\/for-professionals\/produkt\/jalupro-enhancer-gel-9-ml\/#breadcrumb"},"inLanguage":"pl-PL","potentialAction":[{"@type":"ReadAction","target":["https:\/\/skinsolution.pl\/for-professionals\/produkt\/jalupro-enhancer-gel-9-ml\/"]}]},{"@type":"ImageObject","inLanguage":"pl-PL","@id":"https:\/\/skinsolution.pl\/for-professionals\/produkt\/jalupro-enhancer-gel-9-ml\/#primaryimage","url":"https:\/\/skinsolution.pl\/for-professionals\/wp-content\/uploads\/sites\/5\/2025\/05\/Enhancer-Gel-2.png","contentUrl":"https:\/\/skinsolution.pl\/for-professionals\/wp-content\/uploads\/sites\/5\/2025\/05\/Enhancer-Gel-2.png","width":1200,"height":1200,"caption":"Enhancer Gel JALUPRO"},{"@type":"BreadcrumbList","@id":"https:\/\/skinsolution.pl\/for-professionals\/produkt\/jalupro-enhancer-gel-9-ml\/#breadcrumb","itemListElement":[{"@type":"ListItem","position":1,"name":"Strona g\u0142\u00f3wna","item":"https:\/\/skinsolution.pl\/for-professionals\/"},{"@type":"ListItem","position":2,"name":"Sklep","item":"https:\/\/skinsolution.pl\/for-professionals\/sklep\/"},{"@type":"ListItem","position":3,"name":"Jalupro\u00ae Enhancer Gel 6 ml"}]},{"@type":"WebSite","@id":"https:\/\/skinsolution.pl\/for-professionals\/#website","url":"https:\/\/skinsolution.pl\/for-professionals\/","name":"SkinSolution For Professionals","description":"","publisher":{"@id":"https:\/\/skinsolution.pl\/for-professionals\/#organization"},"potentialAction":[{"@type":"SearchAction","target":{"@type":"EntryPoint","urlTemplate":"https:\/\/skinsolution.pl\/for-professionals\/?s={search_term_string}"},"query-input":{"@type":"PropertyValueSpecification","valueRequired":true,"valueName":"search_term_string"}}],"inLanguage":"pl-PL"},{"@type":"Organization","@id":"https:\/\/skinsolution.pl\/for-professionals\/#organization","name":"SkinSolution For Professionals","url":"https:\/\/skinsolution.pl\/for-professionals\/","logo":{"@type":"ImageObject","inLanguage":"pl-PL","@id":"https:\/\/skinsolution.pl\/for-professionals\/#\/schema\/logo\/image\/","url":"https:\/\/skinsolution.pl\/for-professionals\/wp-content\/uploads\/sites\/5\/2025\/03\/SkinSolution_Black2.png","contentUrl":"https:\/\/skinsolution.pl\/for-professionals\/wp-content\/uploads\/sites\/5\/2025\/03\/SkinSolution_Black2.png","width":512,"height":512,"caption":"SkinSolution For Professionals"},"image":{"@id":"https:\/\/skinsolution.pl\/for-professionals\/#\/schema\/logo\/image\/"}}]}},"_links":{"self":[{"href":"https:\/\/skinsolution.pl\/for-professionals\/wp-json\/wp\/v2\/product\/3331","targetHints":{"allow":["GET"]}}],"collection":[{"href":"https:\/\/skinsolution.pl\/for-professionals\/wp-json\/wp\/v2\/product"}],"about":[{"href":"https:\/\/skinsolution.pl\/for-professionals\/wp-json\/wp\/v2\/types\/product"}],"replies":[{"embeddable":true,"href":"https:\/\/skinsolution.pl\/for-professionals\/wp-json\/wp\/v2\/comments?post=3331"}],"wp:featuredmedia":[{"embeddable":true,"href":"https:\/\/skinsolution.pl\/for-professionals\/wp-json\/wp\/v2\/media\/3759"}],"wp:attachment":[{"href":"https:\/\/skinsolution.pl\/for-professionals\/wp-json\/wp\/v2\/media?parent=3331"}],"wp:term":[{"taxonomy":"product_brand","embeddable":true,"href":"https:\/\/skinsolution.pl\/for-professionals\/wp-json\/wp\/v2\/product_brand?post=3331"},{"taxonomy":"product_cat","embeddable":true,"href":"https:\/\/skinsolution.pl\/for-professionals\/wp-json\/wp\/v2\/product_cat?post=3331"},{"taxonomy":"product_tag","embeddable":true,"href":"https:\/\/skinsolution.pl\/for-professionals\/wp-json\/wp\/v2\/product_tag?post=3331"}],"curies":[{"name":"wp","href":"https:\/\/api.w.org\/{rel}","templated":true}]}}