{"id":3045,"date":"2024-11-01T09:18:49","date_gmt":"2024-11-01T08:18:49","guid":{"rendered":"https:\/\/skinsolution.pl\/for-professionals\/produkt\/postopix-pozabiegowy-krem-na-siniaki-i-obrzeki\/"},"modified":"2026-04-09T14:13:00","modified_gmt":"2026-04-09T12:13:00","slug":"postopix-pozabiegowy-krem-na-siniaki-i-obrzeki","status":"publish","type":"product","link":"https:\/\/skinsolution.pl\/for-professionals\/produkt\/postopix-pozabiegowy-krem-na-siniaki-i-obrzeki\/","title":{"rendered":"POSTOPIX Krem na siniaki 15 g"},"content":{"rendered":"<p>Krem POSTOPIX\u00ae od laboratorium LSI Silderma to specjalistyczny preparat, kt\u00f3ry przyspiesza wch\u0142anianie i regeneracj\u0119 siniak\u00f3w. Dzi\u0119ki dzia\u0142aniu przeciwzakrzepowemu, przeciwzapalnemu i antyoksydacyjnemu, Krem POSTOPIX\u00ae jest idealnym rozwi\u0105zaniem dla os\u00f3b po zabiegach chirurgii plastycznej i medycyny estetycznej.<\/p>\n<p>Zastosowanie Kremu POSTOPIX\u00ae<\/p>\n<p>\u2022 Chirurgia plastyczna: chirurgia piersi, blefaroplastyka, rhinoplastyka, liposukcja.<br \/>\n\u2022 Medycyna estetyczna: iniekcje wype\u0142niaczy sk\u00f3rnych, toksyny botulinowej, mezoterapia.<br \/>\n\u2022 Zabiegi laserowe oraz chirurgia naczyniowa i flebologia.<\/p>\n<p>Spos\u00f3b U\u017cycia<br \/>\nAby osi\u0105gn\u0105\u0107 najlepsze efekty, nale\u017cy na\u0142o\u017cy\u0107 grub\u0105 warstw\u0119 kremu POSTOPIX\u00ae natychmiast po zabiegu. Preparat stosuj dwa razy dziennie \u2013 rano i wieczorem. Wmasuj delikatnie w sk\u00f3r\u0119, a\u017c do ca\u0142kowitego wch\u0142oni\u0119cia. Kontynuuj stosowanie a\u017c do ca\u0142kowitego znikni\u0119cia siniak\u00f3w. Makija\u017c mo\u017cna na\u0142o\u017cy\u0107 po wch\u0142oni\u0119ciu kremu.<\/p>\n<p>Sk\u0142adniki Aktywne<br \/>\nKrem POSTOPIX\u00ae zawiera unikalne po\u0142\u0105czenie dw\u00f3ch ro\u015blinnych sk\u0142adnik\u00f3w aktywnych:<\/p>\n<p>\u2022 Fukoidan (wyci\u0105g z Undarii pierzastodzielnej):<br \/>\nDzia\u0142anie przeciwzakrzepowe.<br \/>\nDzia\u0142anie antyoksydacyjne.<br \/>\nDzia\u0142anie przeciwzapalne.<br \/>\n\u2022 Quassia (wyci\u0105g z Gorzkli w\u0142a\u015bciwej) \u2013 silne dzia\u0142anie przeciwzapalne.<\/p>\n<p>Pojemno\u015b\u0107<br \/>\n15 ml<\/p>\n<p>Sk\u0142ad<br \/>\nAqua (water), Caprylic\/Capric Triglyceride, Propylene Glycol, Aluminum Starch Octenylsuccinate, Coco-caprylate\/caprate, Glycerol, Sterate, Peg-100, Stearate, Cetyl alcohol, Undaria Pinnatifida Extract, Carbomer, Phenoxyethanol, Potassium Hydroxide, Quassia Amara Extract, Cetyl Phosphate, Benzoic Acid, Dehydroacetic Acid, Disodium EDTA, Ethylhexylglycerin, Polyaminopropyl Biguanide.<\/p>\n<p>Producent<br \/>\nLSI Silderma<\/p>\n","protected":false},"excerpt":{"rendered":"<p>Skuteczna i intensywna regeneracja siniak\u00f3w i obrz\u0119k\u00f3w po zabiegach medycznych.<\/p>\n","protected":false},"featured_media":3146,"comment_status":"open","ping_status":"closed","template":"","meta":{"_acf_changed":false},"product_brand":[],"product_cat":[113],"product_tag":[],"class_list":{"0":"post-3045","1":"product","2":"type-product","3":"status-publish","4":"has-post-thumbnail","6":"product_cat-art-okolozabiegowe","8":"first","9":"instock","10":"taxable","11":"shipping-taxable","12":"purchasable","13":"product-type-simple"},"acf":[],"yoast_head":"<!-- This site is optimized with the Yoast SEO plugin v27.4 - https:\/\/yoast.com\/product\/yoast-seo-wordpress\/ -->\n<title>POSTOPIX Krem na siniaki 15 g | SkinSolution | For Professional<\/title>\n<meta name=\"robots\" content=\"index, follow, max-snippet:-1, max-image-preview:large, max-video-preview:-1\" \/>\n<link rel=\"canonical\" href=\"https:\/\/skinsolution.pl\/for-professionals\/produkt\/postopix-pozabiegowy-krem-na-siniaki-i-obrzeki\/\" \/>\n<meta property=\"og:locale\" content=\"pl_PL\" \/>\n<meta property=\"og:type\" content=\"article\" \/>\n<meta property=\"og:title\" content=\"POSTOPIX Krem na siniaki 15 g | SkinSolution | For Professional\" \/>\n<meta property=\"og:description\" content=\"Skuteczna i intensywna regeneracja siniak\u00f3w i obrz\u0119k\u00f3w po zabiegach medycznych.\" \/>\n<meta property=\"og:url\" content=\"https:\/\/skinsolution.pl\/for-professionals\/produkt\/postopix-pozabiegowy-krem-na-siniaki-i-obrzeki\/\" \/>\n<meta property=\"og:site_name\" content=\"SkinSolution | For Professional\" \/>\n<meta property=\"article:modified_time\" content=\"2026-04-09T12:13:00+00:00\" \/>\n<meta property=\"og:image\" content=\"https:\/\/skinsolution.pl\/for-professionals\/wp-content\/uploads\/sites\/5\/2024\/12\/74ba4b2cddaa1e9b265f779abd56a361.png\" \/>\n\t<meta property=\"og:image:width\" content=\"600\" \/>\n\t<meta property=\"og:image:height\" content=\"600\" \/>\n\t<meta property=\"og:image:type\" content=\"image\/png\" \/>\n<meta name=\"twitter:card\" content=\"summary_large_image\" \/>\n<meta name=\"twitter:label1\" content=\"Szacowany czas czytania\" \/>\n\t<meta name=\"twitter:data1\" content=\"2 minuty\" \/>\n<script type=\"application\/ld+json\" class=\"yoast-schema-graph\">{\"@context\":\"https:\\\/\\\/schema.org\",\"@graph\":[{\"@type\":\"WebPage\",\"@id\":\"https:\\\/\\\/skinsolution.pl\\\/for-professionals\\\/produkt\\\/postopix-pozabiegowy-krem-na-siniaki-i-obrzeki\\\/\",\"url\":\"https:\\\/\\\/skinsolution.pl\\\/for-professionals\\\/produkt\\\/postopix-pozabiegowy-krem-na-siniaki-i-obrzeki\\\/\",\"name\":\"POSTOPIX Krem na siniaki 15 g | SkinSolution | For Professional\",\"isPartOf\":{\"@id\":\"https:\\\/\\\/skinsolution.pl\\\/for-professionals\\\/#website\"},\"primaryImageOfPage\":{\"@id\":\"https:\\\/\\\/skinsolution.pl\\\/for-professionals\\\/produkt\\\/postopix-pozabiegowy-krem-na-siniaki-i-obrzeki\\\/#primaryimage\"},\"image\":{\"@id\":\"https:\\\/\\\/skinsolution.pl\\\/for-professionals\\\/produkt\\\/postopix-pozabiegowy-krem-na-siniaki-i-obrzeki\\\/#primaryimage\"},\"thumbnailUrl\":\"https:\\\/\\\/skinsolution.pl\\\/for-professionals\\\/wp-content\\\/uploads\\\/sites\\\/5\\\/2024\\\/12\\\/74ba4b2cddaa1e9b265f779abd56a361.png\",\"datePublished\":\"2024-11-01T08:18:49+00:00\",\"dateModified\":\"2026-04-09T12:13:00+00:00\",\"breadcrumb\":{\"@id\":\"https:\\\/\\\/skinsolution.pl\\\/for-professionals\\\/produkt\\\/postopix-pozabiegowy-krem-na-siniaki-i-obrzeki\\\/#breadcrumb\"},\"inLanguage\":\"pl-PL\",\"potentialAction\":[{\"@type\":\"ReadAction\",\"target\":[\"https:\\\/\\\/skinsolution.pl\\\/for-professionals\\\/produkt\\\/postopix-pozabiegowy-krem-na-siniaki-i-obrzeki\\\/\"]}]},{\"@type\":\"ImageObject\",\"inLanguage\":\"pl-PL\",\"@id\":\"https:\\\/\\\/skinsolution.pl\\\/for-professionals\\\/produkt\\\/postopix-pozabiegowy-krem-na-siniaki-i-obrzeki\\\/#primaryimage\",\"url\":\"https:\\\/\\\/skinsolution.pl\\\/for-professionals\\\/wp-content\\\/uploads\\\/sites\\\/5\\\/2024\\\/12\\\/74ba4b2cddaa1e9b265f779abd56a361.png\",\"contentUrl\":\"https:\\\/\\\/skinsolution.pl\\\/for-professionals\\\/wp-content\\\/uploads\\\/sites\\\/5\\\/2024\\\/12\\\/74ba4b2cddaa1e9b265f779abd56a361.png\",\"width\":600,\"height\":600},{\"@type\":\"BreadcrumbList\",\"@id\":\"https:\\\/\\\/skinsolution.pl\\\/for-professionals\\\/produkt\\\/postopix-pozabiegowy-krem-na-siniaki-i-obrzeki\\\/#breadcrumb\",\"itemListElement\":[{\"@type\":\"ListItem\",\"position\":1,\"name\":\"Strona g\u0142\u00f3wna\",\"item\":\"https:\\\/\\\/skinsolution.pl\\\/for-professionals\\\/\"},{\"@type\":\"ListItem\",\"position\":2,\"name\":\"Sklep\",\"item\":\"https:\\\/\\\/skinsolution.pl\\\/for-professionals\\\/sklep\\\/\"},{\"@type\":\"ListItem\",\"position\":3,\"name\":\"POSTOPIX Krem na siniaki 15 g\"}]},{\"@type\":\"WebSite\",\"@id\":\"https:\\\/\\\/skinsolution.pl\\\/for-professionals\\\/#website\",\"url\":\"https:\\\/\\\/skinsolution.pl\\\/for-professionals\\\/\",\"name\":\"SkinSolution For Professionals\",\"description\":\"\",\"publisher\":{\"@id\":\"https:\\\/\\\/skinsolution.pl\\\/for-professionals\\\/#organization\"},\"potentialAction\":[{\"@type\":\"SearchAction\",\"target\":{\"@type\":\"EntryPoint\",\"urlTemplate\":\"https:\\\/\\\/skinsolution.pl\\\/for-professionals\\\/?s={search_term_string}\"},\"query-input\":{\"@type\":\"PropertyValueSpecification\",\"valueRequired\":true,\"valueName\":\"search_term_string\"}}],\"inLanguage\":\"pl-PL\"},{\"@type\":\"Organization\",\"@id\":\"https:\\\/\\\/skinsolution.pl\\\/for-professionals\\\/#organization\",\"name\":\"SkinSolution For Professionals\",\"url\":\"https:\\\/\\\/skinsolution.pl\\\/for-professionals\\\/\",\"logo\":{\"@type\":\"ImageObject\",\"inLanguage\":\"pl-PL\",\"@id\":\"https:\\\/\\\/skinsolution.pl\\\/for-professionals\\\/#\\\/schema\\\/logo\\\/image\\\/\",\"url\":\"https:\\\/\\\/skinsolution.pl\\\/for-professionals\\\/wp-content\\\/uploads\\\/sites\\\/5\\\/2025\\\/03\\\/SkinSolution_Black2.png\",\"contentUrl\":\"https:\\\/\\\/skinsolution.pl\\\/for-professionals\\\/wp-content\\\/uploads\\\/sites\\\/5\\\/2025\\\/03\\\/SkinSolution_Black2.png\",\"width\":512,\"height\":512,\"caption\":\"SkinSolution For Professionals\"},\"image\":{\"@id\":\"https:\\\/\\\/skinsolution.pl\\\/for-professionals\\\/#\\\/schema\\\/logo\\\/image\\\/\"}}]}<\/script>\n<!-- \/ Yoast SEO plugin. -->","yoast_head_json":{"title":"POSTOPIX Krem na siniaki 15 g | SkinSolution | For Professional","robots":{"index":"index","follow":"follow","max-snippet":"max-snippet:-1","max-image-preview":"max-image-preview:large","max-video-preview":"max-video-preview:-1"},"canonical":"https:\/\/skinsolution.pl\/for-professionals\/produkt\/postopix-pozabiegowy-krem-na-siniaki-i-obrzeki\/","og_locale":"pl_PL","og_type":"article","og_title":"POSTOPIX Krem na siniaki 15 g | SkinSolution | For Professional","og_description":"Skuteczna i intensywna regeneracja siniak\u00f3w i obrz\u0119k\u00f3w po zabiegach medycznych.","og_url":"https:\/\/skinsolution.pl\/for-professionals\/produkt\/postopix-pozabiegowy-krem-na-siniaki-i-obrzeki\/","og_site_name":"SkinSolution | For Professional","article_modified_time":"2026-04-09T12:13:00+00:00","og_image":[{"width":600,"height":600,"url":"https:\/\/skinsolution.pl\/for-professionals\/wp-content\/uploads\/sites\/5\/2024\/12\/74ba4b2cddaa1e9b265f779abd56a361.png","type":"image\/png"}],"twitter_card":"summary_large_image","twitter_misc":{"Szacowany czas czytania":"2 minuty"},"schema":{"@context":"https:\/\/schema.org","@graph":[{"@type":"WebPage","@id":"https:\/\/skinsolution.pl\/for-professionals\/produkt\/postopix-pozabiegowy-krem-na-siniaki-i-obrzeki\/","url":"https:\/\/skinsolution.pl\/for-professionals\/produkt\/postopix-pozabiegowy-krem-na-siniaki-i-obrzeki\/","name":"POSTOPIX Krem na siniaki 15 g | SkinSolution | For Professional","isPartOf":{"@id":"https:\/\/skinsolution.pl\/for-professionals\/#website"},"primaryImageOfPage":{"@id":"https:\/\/skinsolution.pl\/for-professionals\/produkt\/postopix-pozabiegowy-krem-na-siniaki-i-obrzeki\/#primaryimage"},"image":{"@id":"https:\/\/skinsolution.pl\/for-professionals\/produkt\/postopix-pozabiegowy-krem-na-siniaki-i-obrzeki\/#primaryimage"},"thumbnailUrl":"https:\/\/skinsolution.pl\/for-professionals\/wp-content\/uploads\/sites\/5\/2024\/12\/74ba4b2cddaa1e9b265f779abd56a361.png","datePublished":"2024-11-01T08:18:49+00:00","dateModified":"2026-04-09T12:13:00+00:00","breadcrumb":{"@id":"https:\/\/skinsolution.pl\/for-professionals\/produkt\/postopix-pozabiegowy-krem-na-siniaki-i-obrzeki\/#breadcrumb"},"inLanguage":"pl-PL","potentialAction":[{"@type":"ReadAction","target":["https:\/\/skinsolution.pl\/for-professionals\/produkt\/postopix-pozabiegowy-krem-na-siniaki-i-obrzeki\/"]}]},{"@type":"ImageObject","inLanguage":"pl-PL","@id":"https:\/\/skinsolution.pl\/for-professionals\/produkt\/postopix-pozabiegowy-krem-na-siniaki-i-obrzeki\/#primaryimage","url":"https:\/\/skinsolution.pl\/for-professionals\/wp-content\/uploads\/sites\/5\/2024\/12\/74ba4b2cddaa1e9b265f779abd56a361.png","contentUrl":"https:\/\/skinsolution.pl\/for-professionals\/wp-content\/uploads\/sites\/5\/2024\/12\/74ba4b2cddaa1e9b265f779abd56a361.png","width":600,"height":600},{"@type":"BreadcrumbList","@id":"https:\/\/skinsolution.pl\/for-professionals\/produkt\/postopix-pozabiegowy-krem-na-siniaki-i-obrzeki\/#breadcrumb","itemListElement":[{"@type":"ListItem","position":1,"name":"Strona g\u0142\u00f3wna","item":"https:\/\/skinsolution.pl\/for-professionals\/"},{"@type":"ListItem","position":2,"name":"Sklep","item":"https:\/\/skinsolution.pl\/for-professionals\/sklep\/"},{"@type":"ListItem","position":3,"name":"POSTOPIX Krem na siniaki 15 g"}]},{"@type":"WebSite","@id":"https:\/\/skinsolution.pl\/for-professionals\/#website","url":"https:\/\/skinsolution.pl\/for-professionals\/","name":"SkinSolution For Professionals","description":"","publisher":{"@id":"https:\/\/skinsolution.pl\/for-professionals\/#organization"},"potentialAction":[{"@type":"SearchAction","target":{"@type":"EntryPoint","urlTemplate":"https:\/\/skinsolution.pl\/for-professionals\/?s={search_term_string}"},"query-input":{"@type":"PropertyValueSpecification","valueRequired":true,"valueName":"search_term_string"}}],"inLanguage":"pl-PL"},{"@type":"Organization","@id":"https:\/\/skinsolution.pl\/for-professionals\/#organization","name":"SkinSolution For Professionals","url":"https:\/\/skinsolution.pl\/for-professionals\/","logo":{"@type":"ImageObject","inLanguage":"pl-PL","@id":"https:\/\/skinsolution.pl\/for-professionals\/#\/schema\/logo\/image\/","url":"https:\/\/skinsolution.pl\/for-professionals\/wp-content\/uploads\/sites\/5\/2025\/03\/SkinSolution_Black2.png","contentUrl":"https:\/\/skinsolution.pl\/for-professionals\/wp-content\/uploads\/sites\/5\/2025\/03\/SkinSolution_Black2.png","width":512,"height":512,"caption":"SkinSolution For Professionals"},"image":{"@id":"https:\/\/skinsolution.pl\/for-professionals\/#\/schema\/logo\/image\/"}}]}},"_links":{"self":[{"href":"https:\/\/skinsolution.pl\/for-professionals\/wp-json\/wp\/v2\/product\/3045","targetHints":{"allow":["GET"]}}],"collection":[{"href":"https:\/\/skinsolution.pl\/for-professionals\/wp-json\/wp\/v2\/product"}],"about":[{"href":"https:\/\/skinsolution.pl\/for-professionals\/wp-json\/wp\/v2\/types\/product"}],"replies":[{"embeddable":true,"href":"https:\/\/skinsolution.pl\/for-professionals\/wp-json\/wp\/v2\/comments?post=3045"}],"wp:featuredmedia":[{"embeddable":true,"href":"https:\/\/skinsolution.pl\/for-professionals\/wp-json\/wp\/v2\/media\/3146"}],"wp:attachment":[{"href":"https:\/\/skinsolution.pl\/for-professionals\/wp-json\/wp\/v2\/media?parent=3045"}],"wp:term":[{"taxonomy":"product_brand","embeddable":true,"href":"https:\/\/skinsolution.pl\/for-professionals\/wp-json\/wp\/v2\/product_brand?post=3045"},{"taxonomy":"product_cat","embeddable":true,"href":"https:\/\/skinsolution.pl\/for-professionals\/wp-json\/wp\/v2\/product_cat?post=3045"},{"taxonomy":"product_tag","embeddable":true,"href":"https:\/\/skinsolution.pl\/for-professionals\/wp-json\/wp\/v2\/product_tag?post=3045"}],"curies":[{"name":"wp","href":"https:\/\/api.w.org\/{rel}","templated":true}]}}