{"id":2889,"date":"2024-07-28T13:04:49","date_gmt":"2024-07-28T11:04:49","guid":{"rendered":"https:\/\/skinsolution.pl\/for-professionals\/produkt\/riox-carbon-mask\/"},"modified":"2026-04-17T16:18:28","modified_gmt":"2026-04-17T14:18:28","slug":"riox-carbon-mask","status":"publish","type":"product","link":"https:\/\/skinsolution.pl\/for-professionals\/produkt\/riox-carbon-mask\/","title":{"rendered":"RIOX CO\u2082 Zestaw do Karboksyterapii"},"content":{"rendered":"<p>Maska RIOX CO\u2082 Carbon Mask marki NeoGenesis to nowoczesna formu\u0142a inspirowana dobrodziejstwami karboksyterapii. Dzi\u0119ki innowacyjnej technologii \u201ekarboksy-\u017celu\u201d i specjalnej maski wyzwalaj\u0105cej dwutlenek w\u0119gla (CO\u2082) zabieg dog\u0142\u0119bnie nawil\u017ca, usuwa toksyny i wspomaga regeneracj\u0119 sk\u00f3ry.<\/p>\n<p>Dzia\u0142anie RIOX CO\u2082 Carbon Mask:<\/p>\n<p>\u2022 Intensywne od\u017cywienie i dotlenienie sk\u00f3ry, dzi\u0119ki czemu sk\u00f3ra zyskuje promienny wygl\u0105d<br \/>\n\u2022 Zamkni\u0119cie rozszerzonych por\u00f3w i redukcja nadmiaru sebum<br \/>\n\u2022 Wspomaganie sk\u00f3ry sk\u0142onnej do tr\u0105dziku i redukcja blizn potr\u0105dzikowych<br \/>\n\u2022 Zmniejszenie przebarwie\u0144, wyr\u00f3wnanie kolorytu i wyg\u0142adzenie drobnych zmarszczek<br \/>\n\u2022 Silne w\u0142a\u015bciwo\u015bci detoksykuj\u0105ce i poprawa spr\u0119\u017cysto\u015bci sk\u00f3ry<\/p>\n<p>Zalety Stosowania:<br \/>\nMaska RIOX CO\u2082 przynosi wymierne korzy\u015bci dla ka\u017cdego typu sk\u00f3ry, szczeg\u00f3lnie problematycznej i dojrza\u0142ej. Sk\u0142adniki aktywne intensywnie nawil\u017caj\u0105, dzia\u0142aj\u0105 przeciwzapalnie i antybakteryjnie, a tak\u017ce wspomagaj\u0105 naturaln\u0105 regeneracj\u0119 sk\u00f3ry.<\/p>\n<p>Wydajno\u015b\u0107 i U\u017cytkowanie:<br \/>\nDzi\u0119ki wysokiej wydajno\u015bci \u201ekarboksy-\u017celu\u201d, jedno opakowanie pozwala na przeprowadzenie od 10 do 15 zabieg\u00f3w. Zalecamy stosowanie 1 aplikatora na 2-3 zabiegi dla maksymalnej efektywno\u015bci.<\/p>\n<p>Pojemno\u015b\u0107 Opakowania:<\/p>\n<p>\u2022 5 strzykawek z \u201ekarboksy-\u017celem\u201d (25 g ka\u017cda)<br \/>\n\u2022 5 aktywnych masek na twarz<\/p>\n<p>Aktywne Sk\u0142adniki RIOX CO\u2082 Carbon Mask:<br \/>\nMaska RIOX CO\u2082 zawiera starannie dobrane sk\u0142adniki aktywne, kt\u00f3re dzia\u0142aj\u0105 przeciwutleniaj\u0105co, detoksykuj\u0105co i regeneruj\u0105co na sk\u00f3r\u0119:<\/p>\n<p>\u2022 Gliceryna \u2013 intensywnie nawil\u017ca i regeneruje<br \/>\n\u2022 Ekstrakt z lukrecji \u2013 g\u0142\u0119boko nawil\u017ca, chroni przed UV, dzia\u0142a wybielaj\u0105co<br \/>\n\u2022 Ekstrakt z aloesu \u2013 silnie nawil\u017ca, poprawia elastyczno\u015b\u0107<br \/>\n\u2022 Ekstrakt z sosny nadmorskiej \u2013 dzia\u0142a bakteriob\u00f3jczo, wspomaga detoksykacj\u0119<br \/>\n\u2022 Ekstrakt z \u017co\u0142\u0119dzi \u2013 przeciwzapalny, przeciwbakteryjny, antyoksydacyjny<br \/>\n\u2022 Ekstrakt z arcydzi\u0119gla \u2013 od\u017cywia i uj\u0119drnia, dzia\u0142a sebostatycznie<br \/>\n\u2022 Ekstrakt z selernicy \u2013 dzia\u0142a antybakteryjnie, przeciwwirusowo, \u0142agodz\u0105co<br \/>\n\u2022 Ekstrakt ze z\u0142ocienia wielokwiatowego \u2013 poprawia mikrocyrkulacj\u0119 i wzmacnia naczynia krwiono\u015bne<br \/>\n\u2022 Ekstrakt z wiciokrzewu japo\u0144skiego \u2013 dzia\u0142a antybakteryjnie i przeciwzapalnie<br \/>\n\u2022 Ekstrakt z r\u00f3\u017cy pomarszczonej \u2013 rozja\u015bnia, od\u017cywia, \u0142agodzi podra\u017cnienia<br \/>\n\u2022 Ekstrakt z pere\u0142kowca \u2013 dzia\u0142a antyoksydacyjnie, wzmacnia naczynia<br \/>\n\u2022 Olej eukaliptusowy \u2013 dzia\u0142a \u0142agodz\u0105co i nadaje uczucie ch\u0142odzenia<\/p>\n<p>Sk\u0142ad:<br \/>\naqua, sodium bicarbonate, glycerin, xanthan gum, alcohol, glycyrrhiza glabra rhizome\/root, phenoxyethanol, methylparaben, eucalyptus globulus leaf oil, butylene glycol, caprylyl glycol, pinus densiflora extract, quercus acutissima fruit extract, angelica gigas root extract, cnidium officinale root extract, angelica dahurica root extract, angelica tenuissima root extract, chrysanthemum morifolium flower extract, rosa centifolia flower extract, rosa rugosa flower extract, sophora japonica bud extract, lonicera japonica flower extract<\/p>\n<p>Informacje o producencie:<br \/>\nDaejong Medical Co., Ltd., Korea<\/p>\n","protected":false},"excerpt":{"rendered":"<p>Nieinwazyjna Karboksyterapia RIOX dla nawil\u017cenia, oczyszczenia i odm\u0142odzenia Sk\u00f3ry<\/p>\n","protected":false},"featured_media":3149,"comment_status":"open","ping_status":"closed","template":"","meta":{"_acf_changed":false},"product_brand":[],"product_cat":[153],"product_tag":[],"class_list":{"0":"post-2889","1":"product","2":"type-product","3":"status-publish","4":"has-post-thumbnail","6":"product_cat-profesjonalna-pielegnacja","8":"first","9":"instock","10":"taxable","11":"shipping-taxable","12":"purchasable","13":"product-type-simple"},"acf":[],"yoast_head":"<!-- This site is optimized with the Yoast SEO plugin v27.4 - https:\/\/yoast.com\/product\/yoast-seo-wordpress\/ -->\n<title>RIOX CO\u2082 Zestaw do Karboksyterapii | SkinSolution | For Professional<\/title>\n<meta name=\"robots\" content=\"index, follow, max-snippet:-1, max-image-preview:large, max-video-preview:-1\" \/>\n<link rel=\"canonical\" href=\"https:\/\/skinsolution.pl\/for-professionals\/produkt\/riox-carbon-mask\/\" \/>\n<meta property=\"og:locale\" content=\"pl_PL\" \/>\n<meta property=\"og:type\" content=\"article\" \/>\n<meta property=\"og:title\" content=\"RIOX CO\u2082 Zestaw do Karboksyterapii | SkinSolution | For Professional\" \/>\n<meta property=\"og:description\" content=\"Nieinwazyjna Karboksyterapia RIOX dla nawil\u017cenia, oczyszczenia i odm\u0142odzenia Sk\u00f3ry\" \/>\n<meta property=\"og:url\" content=\"https:\/\/skinsolution.pl\/for-professionals\/produkt\/riox-carbon-mask\/\" \/>\n<meta property=\"og:site_name\" content=\"SkinSolution | For Professional\" \/>\n<meta property=\"article:modified_time\" content=\"2026-04-17T14:18:28+00:00\" \/>\n<meta property=\"og:image\" content=\"https:\/\/skinsolution.pl\/for-professionals\/wp-content\/uploads\/sites\/5\/2024\/12\/11ffee3b8e476f0c9fe219dadbf3de85-1.png\" \/>\n\t<meta property=\"og:image:width\" content=\"600\" \/>\n\t<meta property=\"og:image:height\" content=\"600\" \/>\n\t<meta property=\"og:image:type\" content=\"image\/png\" \/>\n<meta name=\"twitter:card\" content=\"summary_large_image\" \/>\n<meta name=\"twitter:label1\" content=\"Szacowany czas czytania\" \/>\n\t<meta name=\"twitter:data1\" content=\"3 minuty\" \/>\n<script type=\"application\/ld+json\" class=\"yoast-schema-graph\">{\"@context\":\"https:\\\/\\\/schema.org\",\"@graph\":[{\"@type\":\"WebPage\",\"@id\":\"https:\\\/\\\/skinsolution.pl\\\/for-professionals\\\/produkt\\\/riox-carbon-mask\\\/\",\"url\":\"https:\\\/\\\/skinsolution.pl\\\/for-professionals\\\/produkt\\\/riox-carbon-mask\\\/\",\"name\":\"RIOX CO\u2082 Zestaw do Karboksyterapii | SkinSolution | For Professional\",\"isPartOf\":{\"@id\":\"https:\\\/\\\/skinsolution.pl\\\/for-professionals\\\/#website\"},\"primaryImageOfPage\":{\"@id\":\"https:\\\/\\\/skinsolution.pl\\\/for-professionals\\\/produkt\\\/riox-carbon-mask\\\/#primaryimage\"},\"image\":{\"@id\":\"https:\\\/\\\/skinsolution.pl\\\/for-professionals\\\/produkt\\\/riox-carbon-mask\\\/#primaryimage\"},\"thumbnailUrl\":\"https:\\\/\\\/skinsolution.pl\\\/for-professionals\\\/wp-content\\\/uploads\\\/sites\\\/5\\\/2024\\\/12\\\/11ffee3b8e476f0c9fe219dadbf3de85-1.png\",\"datePublished\":\"2024-07-28T11:04:49+00:00\",\"dateModified\":\"2026-04-17T14:18:28+00:00\",\"breadcrumb\":{\"@id\":\"https:\\\/\\\/skinsolution.pl\\\/for-professionals\\\/produkt\\\/riox-carbon-mask\\\/#breadcrumb\"},\"inLanguage\":\"pl-PL\",\"potentialAction\":[{\"@type\":\"ReadAction\",\"target\":[\"https:\\\/\\\/skinsolution.pl\\\/for-professionals\\\/produkt\\\/riox-carbon-mask\\\/\"]}]},{\"@type\":\"ImageObject\",\"inLanguage\":\"pl-PL\",\"@id\":\"https:\\\/\\\/skinsolution.pl\\\/for-professionals\\\/produkt\\\/riox-carbon-mask\\\/#primaryimage\",\"url\":\"https:\\\/\\\/skinsolution.pl\\\/for-professionals\\\/wp-content\\\/uploads\\\/sites\\\/5\\\/2024\\\/12\\\/11ffee3b8e476f0c9fe219dadbf3de85-1.png\",\"contentUrl\":\"https:\\\/\\\/skinsolution.pl\\\/for-professionals\\\/wp-content\\\/uploads\\\/sites\\\/5\\\/2024\\\/12\\\/11ffee3b8e476f0c9fe219dadbf3de85-1.png\",\"width\":600,\"height\":600},{\"@type\":\"BreadcrumbList\",\"@id\":\"https:\\\/\\\/skinsolution.pl\\\/for-professionals\\\/produkt\\\/riox-carbon-mask\\\/#breadcrumb\",\"itemListElement\":[{\"@type\":\"ListItem\",\"position\":1,\"name\":\"Strona g\u0142\u00f3wna\",\"item\":\"https:\\\/\\\/skinsolution.pl\\\/for-professionals\\\/\"},{\"@type\":\"ListItem\",\"position\":2,\"name\":\"Sklep\",\"item\":\"https:\\\/\\\/skinsolution.pl\\\/for-professionals\\\/sklep\\\/\"},{\"@type\":\"ListItem\",\"position\":3,\"name\":\"RIOX CO\u2082 Zestaw do Karboksyterapii\"}]},{\"@type\":\"WebSite\",\"@id\":\"https:\\\/\\\/skinsolution.pl\\\/for-professionals\\\/#website\",\"url\":\"https:\\\/\\\/skinsolution.pl\\\/for-professionals\\\/\",\"name\":\"SkinSolution For Professionals\",\"description\":\"\",\"publisher\":{\"@id\":\"https:\\\/\\\/skinsolution.pl\\\/for-professionals\\\/#organization\"},\"potentialAction\":[{\"@type\":\"SearchAction\",\"target\":{\"@type\":\"EntryPoint\",\"urlTemplate\":\"https:\\\/\\\/skinsolution.pl\\\/for-professionals\\\/?s={search_term_string}\"},\"query-input\":{\"@type\":\"PropertyValueSpecification\",\"valueRequired\":true,\"valueName\":\"search_term_string\"}}],\"inLanguage\":\"pl-PL\"},{\"@type\":\"Organization\",\"@id\":\"https:\\\/\\\/skinsolution.pl\\\/for-professionals\\\/#organization\",\"name\":\"SkinSolution For Professionals\",\"url\":\"https:\\\/\\\/skinsolution.pl\\\/for-professionals\\\/\",\"logo\":{\"@type\":\"ImageObject\",\"inLanguage\":\"pl-PL\",\"@id\":\"https:\\\/\\\/skinsolution.pl\\\/for-professionals\\\/#\\\/schema\\\/logo\\\/image\\\/\",\"url\":\"https:\\\/\\\/skinsolution.pl\\\/for-professionals\\\/wp-content\\\/uploads\\\/sites\\\/5\\\/2025\\\/03\\\/SkinSolution_Black2.png\",\"contentUrl\":\"https:\\\/\\\/skinsolution.pl\\\/for-professionals\\\/wp-content\\\/uploads\\\/sites\\\/5\\\/2025\\\/03\\\/SkinSolution_Black2.png\",\"width\":512,\"height\":512,\"caption\":\"SkinSolution For Professionals\"},\"image\":{\"@id\":\"https:\\\/\\\/skinsolution.pl\\\/for-professionals\\\/#\\\/schema\\\/logo\\\/image\\\/\"}}]}<\/script>\n<!-- \/ Yoast SEO plugin. -->","yoast_head_json":{"title":"RIOX CO\u2082 Zestaw do Karboksyterapii | SkinSolution | For Professional","robots":{"index":"index","follow":"follow","max-snippet":"max-snippet:-1","max-image-preview":"max-image-preview:large","max-video-preview":"max-video-preview:-1"},"canonical":"https:\/\/skinsolution.pl\/for-professionals\/produkt\/riox-carbon-mask\/","og_locale":"pl_PL","og_type":"article","og_title":"RIOX CO\u2082 Zestaw do Karboksyterapii | SkinSolution | For Professional","og_description":"Nieinwazyjna Karboksyterapia RIOX dla nawil\u017cenia, oczyszczenia i odm\u0142odzenia Sk\u00f3ry","og_url":"https:\/\/skinsolution.pl\/for-professionals\/produkt\/riox-carbon-mask\/","og_site_name":"SkinSolution | For Professional","article_modified_time":"2026-04-17T14:18:28+00:00","og_image":[{"width":600,"height":600,"url":"https:\/\/skinsolution.pl\/for-professionals\/wp-content\/uploads\/sites\/5\/2024\/12\/11ffee3b8e476f0c9fe219dadbf3de85-1.png","type":"image\/png"}],"twitter_card":"summary_large_image","twitter_misc":{"Szacowany czas czytania":"3 minuty"},"schema":{"@context":"https:\/\/schema.org","@graph":[{"@type":"WebPage","@id":"https:\/\/skinsolution.pl\/for-professionals\/produkt\/riox-carbon-mask\/","url":"https:\/\/skinsolution.pl\/for-professionals\/produkt\/riox-carbon-mask\/","name":"RIOX CO\u2082 Zestaw do Karboksyterapii | SkinSolution | For Professional","isPartOf":{"@id":"https:\/\/skinsolution.pl\/for-professionals\/#website"},"primaryImageOfPage":{"@id":"https:\/\/skinsolution.pl\/for-professionals\/produkt\/riox-carbon-mask\/#primaryimage"},"image":{"@id":"https:\/\/skinsolution.pl\/for-professionals\/produkt\/riox-carbon-mask\/#primaryimage"},"thumbnailUrl":"https:\/\/skinsolution.pl\/for-professionals\/wp-content\/uploads\/sites\/5\/2024\/12\/11ffee3b8e476f0c9fe219dadbf3de85-1.png","datePublished":"2024-07-28T11:04:49+00:00","dateModified":"2026-04-17T14:18:28+00:00","breadcrumb":{"@id":"https:\/\/skinsolution.pl\/for-professionals\/produkt\/riox-carbon-mask\/#breadcrumb"},"inLanguage":"pl-PL","potentialAction":[{"@type":"ReadAction","target":["https:\/\/skinsolution.pl\/for-professionals\/produkt\/riox-carbon-mask\/"]}]},{"@type":"ImageObject","inLanguage":"pl-PL","@id":"https:\/\/skinsolution.pl\/for-professionals\/produkt\/riox-carbon-mask\/#primaryimage","url":"https:\/\/skinsolution.pl\/for-professionals\/wp-content\/uploads\/sites\/5\/2024\/12\/11ffee3b8e476f0c9fe219dadbf3de85-1.png","contentUrl":"https:\/\/skinsolution.pl\/for-professionals\/wp-content\/uploads\/sites\/5\/2024\/12\/11ffee3b8e476f0c9fe219dadbf3de85-1.png","width":600,"height":600},{"@type":"BreadcrumbList","@id":"https:\/\/skinsolution.pl\/for-professionals\/produkt\/riox-carbon-mask\/#breadcrumb","itemListElement":[{"@type":"ListItem","position":1,"name":"Strona g\u0142\u00f3wna","item":"https:\/\/skinsolution.pl\/for-professionals\/"},{"@type":"ListItem","position":2,"name":"Sklep","item":"https:\/\/skinsolution.pl\/for-professionals\/sklep\/"},{"@type":"ListItem","position":3,"name":"RIOX CO\u2082 Zestaw do Karboksyterapii"}]},{"@type":"WebSite","@id":"https:\/\/skinsolution.pl\/for-professionals\/#website","url":"https:\/\/skinsolution.pl\/for-professionals\/","name":"SkinSolution For Professionals","description":"","publisher":{"@id":"https:\/\/skinsolution.pl\/for-professionals\/#organization"},"potentialAction":[{"@type":"SearchAction","target":{"@type":"EntryPoint","urlTemplate":"https:\/\/skinsolution.pl\/for-professionals\/?s={search_term_string}"},"query-input":{"@type":"PropertyValueSpecification","valueRequired":true,"valueName":"search_term_string"}}],"inLanguage":"pl-PL"},{"@type":"Organization","@id":"https:\/\/skinsolution.pl\/for-professionals\/#organization","name":"SkinSolution For Professionals","url":"https:\/\/skinsolution.pl\/for-professionals\/","logo":{"@type":"ImageObject","inLanguage":"pl-PL","@id":"https:\/\/skinsolution.pl\/for-professionals\/#\/schema\/logo\/image\/","url":"https:\/\/skinsolution.pl\/for-professionals\/wp-content\/uploads\/sites\/5\/2025\/03\/SkinSolution_Black2.png","contentUrl":"https:\/\/skinsolution.pl\/for-professionals\/wp-content\/uploads\/sites\/5\/2025\/03\/SkinSolution_Black2.png","width":512,"height":512,"caption":"SkinSolution For Professionals"},"image":{"@id":"https:\/\/skinsolution.pl\/for-professionals\/#\/schema\/logo\/image\/"}}]}},"_links":{"self":[{"href":"https:\/\/skinsolution.pl\/for-professionals\/wp-json\/wp\/v2\/product\/2889","targetHints":{"allow":["GET"]}}],"collection":[{"href":"https:\/\/skinsolution.pl\/for-professionals\/wp-json\/wp\/v2\/product"}],"about":[{"href":"https:\/\/skinsolution.pl\/for-professionals\/wp-json\/wp\/v2\/types\/product"}],"replies":[{"embeddable":true,"href":"https:\/\/skinsolution.pl\/for-professionals\/wp-json\/wp\/v2\/comments?post=2889"}],"wp:featuredmedia":[{"embeddable":true,"href":"https:\/\/skinsolution.pl\/for-professionals\/wp-json\/wp\/v2\/media\/3149"}],"wp:attachment":[{"href":"https:\/\/skinsolution.pl\/for-professionals\/wp-json\/wp\/v2\/media?parent=2889"}],"wp:term":[{"taxonomy":"product_brand","embeddable":true,"href":"https:\/\/skinsolution.pl\/for-professionals\/wp-json\/wp\/v2\/product_brand?post=2889"},{"taxonomy":"product_cat","embeddable":true,"href":"https:\/\/skinsolution.pl\/for-professionals\/wp-json\/wp\/v2\/product_cat?post=2889"},{"taxonomy":"product_tag","embeddable":true,"href":"https:\/\/skinsolution.pl\/for-professionals\/wp-json\/wp\/v2\/product_tag?post=2889"}],"curies":[{"name":"wp","href":"https:\/\/api.w.org\/{rel}","templated":true}]}}