{"id":2233,"date":"2024-01-07T17:53:14","date_gmt":"2024-01-07T16:53:14","guid":{"rendered":"https:\/\/skinsolution.imperit.pl\/for-professionals\/produkt\/mdtranex-retipeel\/"},"modified":"2026-04-17T16:07:41","modified_gmt":"2026-04-17T14:07:41","slug":"mdtranex-retipeel","status":"publish","type":"product","link":"https:\/\/skinsolution.pl\/for-professionals\/produkt\/mdtranex-retipeel\/","title":{"rendered":"md:Tranex Retipeel (5 saszetek + 5 ampu\u0142ek)"},"content":{"rendered":"<p>md:Tranex\u2122 Retipeel \u2013 peeling 5 zabieg\u00f3w<\/p>\n<p>Unikatowa formu\u0142a \u0142\u0105czy kwas traneksamowy, kwas winowy oraz retinol z najskuteczniejszymi sk\u0142adnikami o dzia\u0142aniu anti-aging, kt\u00f3re wspomagaj\u0105 walk\u0119 z oznakami starzenia, depigmentacj\u0105 i tr\u0105dzikiem. Preparat dzia\u0142a tak\u017ce seboregulacyjnie, pomagaj\u0105c sk\u00f3rze odzyska\u0107 r\u00f3wnowag\u0119 i zdrowy wygl\u0105d.<\/p>\n<p>Efekty:<br \/>\n\u2022 Stymuluje procesy regeneracji sk\u00f3ry, koj\u0105c i intensywnie rozja\u015bniaj\u0105c przebarwienia oraz wyr\u00f3wnuj\u0105c koloryt.<br \/>\n\u2022 Poprawia tekstur\u0119, zwi\u0119ksza j\u0119drno\u015b\u0107 sk\u00f3ry i minimalizuje widoczno\u015b\u0107 blizn potr\u0105dzikowych oraz drobnych zmarszczek.<br \/>\n\u2022 Skutecznie redukuje rozszerzone pory, wspiera nawil\u017cenie i antyoksydacj\u0119 sk\u00f3ry, dzi\u0119ki czemu cera staje si\u0119 g\u0142adka i pe\u0142na blasku.<br \/>\n\u2022 Walczy z problemami cery t\u0142ustej, tr\u0105dzikowej oraz z pierwszymi oznakami starzenia.<\/p>\n<p>Pojemno\u015b\u0107:<br \/>\nJedno opakowanie (5 zbieg\u00f3w) zawiera:<br \/>\n\u2022 5 ampu\u0142ek x 2 ml<br \/>\n\u2022 5 saszetek x 3 g<\/p>\n<p>Sk\u0142adniki aktywne:<\/p>\n<p>Ampu\u0142ka md: Tranex Retipeel:<br \/>\n\u2022 Ascorbyl Glucoside \u2013 silny przeciwutleniacz o w\u0142a\u015bciwo\u015bciach rozja\u015bniaj\u0105cych i antyoksydacyjnych, pomaga w wyr\u00f3wnaniu kolorytu sk\u00f3ry i redukowaniu przebarwie\u0144, wykazuje dzia\u0142anie przeciwstarzeniowe.<br \/>\n\u2022 Niacynamid (witamina B3) \u2013 sk\u0142adnik znany z dzia\u0142ania nawil\u017caj\u0105cego i przeciwutleniaj\u0105cego, doskona\u0142y do sk\u00f3ry o nier\u00f3wnym kolorycie.<br \/>\n\u2022 Kwas winowy \u2013 dzia\u0142a \u015bci\u0105gaj\u0105co, antyseptycznie i prebiotycznie, co pomaga \u0142agodzi\u0107 stany zapalne, zmniejsza\u0107 przebarwienia i oczyszcza\u0107 sk\u00f3r\u0119, dodatkowo zw\u0119\u017ca pory.<br \/>\n\u2022 Kwas cytrynowy \u2013 posiada w\u0142a\u015bciwo\u015bci chelatuj\u0105ce oraz antyoksydacyjne, kt\u00f3re wspomagaj\u0105 ochron\u0119 sk\u00f3ry przed stresem oksydacyjnym.<br \/>\n\u2022 Kwas traneksamowy \u2013 skuteczny w redukcji zaczerwienie\u0144 oraz regulacji kolorytu sk\u00f3ry; \u0142agodzi podra\u017cnienia, intensywnie nawil\u017ca i dzia\u0142a przeciwzmarszczkowo, wyra\u017anie poprawiaj\u0105c elastyczno\u015b\u0107 i j\u0119drno\u015b\u0107 sk\u00f3ry.<br \/>\n\u2022 Ekstrakt z wierzb\u00f3wki (Epilobium Angustifolium Flower\/Leaf\/Stem Extract) \u2013 znany z dzia\u0142ania antybakteryjnego oraz seboreguluj\u0105cego, idealny dla sk\u00f3ry tr\u0105dzikowej i t\u0142ustej.<br \/>\n\u2022 Ekstrakt z rumianku \u2013 posiada w\u0142a\u015bciwo\u015bci przeciwzapalne i \u0142agodz\u0105ce, wspiera regeneracj\u0119 nask\u00f3rka.<\/p>\n<p>Maska md: Tranex:<br \/>\n\u2022 Bacillus Ferment \u2013 naturalny sk\u0142adnik o w\u0142a\u015bciwo\u015bciach z\u0142uszczaj\u0105cych, wspiera regeneracj\u0119 sk\u00f3ry, wzmacniaj\u0105c zewn\u0119trzn\u0105 warstw\u0119 nask\u00f3rka, oraz utrzymuje optymalne nawil\u017cenie.<br \/>\n\u2022 Gliceryna \u2013 zapewnia intensywne nawil\u017cenie i wspomaga regeneracj\u0119 sk\u00f3ry, nadaj\u0105c jej g\u0142adko\u015b\u0107 i elastyczno\u015b\u0107.<\/p>\n<p>Producent:<br \/>\nmd:ceuticals<\/p>\n<p>Produkt przeznaczony wy\u0142\u0105cznie do u\u017cytku profesjonalnego.<br \/>\nKupuj\u0105c ten produkt, o\u015bwiadczasz, \u017ce jeste\u015b lekarzem lub posiadasz odpowiednie kwalifikacje oraz przeszkolenie w zakresie medycyny estetycznej.<\/p>\n","protected":false},"excerpt":{"rendered":"<p>Selektywny peeling Anti-Aging: redukcja przebarwie\u0144, nawil\u017cenie i wyr\u00f3wnanie kolorytu<br \/>\nProdukt pochodzenia brytyjsko-hiszpa\u0144skiego<\/p>\n","protected":false},"featured_media":3150,"comment_status":"open","ping_status":"closed","template":"","meta":{"_acf_changed":false},"product_brand":[],"product_cat":[108],"product_tag":[],"class_list":{"0":"post-2233","1":"product","2":"type-product","3":"status-publish","4":"has-post-thumbnail","6":"product_cat-peelingi-chemiczne","8":"first","9":"outofstock","10":"taxable","11":"shipping-taxable","12":"purchasable","13":"product-type-simple"},"acf":[],"yoast_head":"<!-- This site is optimized with the Yoast SEO plugin v27.4 - https:\/\/yoast.com\/product\/yoast-seo-wordpress\/ -->\n<title>md:Tranex Retipeel (5 saszetek + 5 ampu\u0142ek) | SkinSolution | For Professional<\/title>\n<meta name=\"robots\" content=\"index, follow, max-snippet:-1, max-image-preview:large, max-video-preview:-1\" \/>\n<link rel=\"canonical\" href=\"https:\/\/skinsolution.pl\/for-professionals\/produkt\/mdtranex-retipeel\/\" \/>\n<meta property=\"og:locale\" content=\"pl_PL\" \/>\n<meta property=\"og:type\" content=\"article\" \/>\n<meta property=\"og:title\" content=\"md:Tranex Retipeel (5 saszetek + 5 ampu\u0142ek) | SkinSolution | For Professional\" \/>\n<meta property=\"og:description\" content=\"Selektywny peeling Anti-Aging: redukcja przebarwie\u0144, nawil\u017cenie i wyr\u00f3wnanie kolorytu Produkt pochodzenia brytyjsko-hiszpa\u0144skiego\" \/>\n<meta property=\"og:url\" content=\"https:\/\/skinsolution.pl\/for-professionals\/produkt\/mdtranex-retipeel\/\" \/>\n<meta property=\"og:site_name\" content=\"SkinSolution | For Professional\" \/>\n<meta property=\"article:modified_time\" content=\"2026-04-17T14:07:41+00:00\" \/>\n<meta property=\"og:image\" content=\"https:\/\/skinsolution.pl\/for-professionals\/wp-content\/uploads\/sites\/5\/2024\/12\/5c50b70196568606053577b98304c1be.png\" \/>\n\t<meta property=\"og:image:width\" content=\"600\" \/>\n\t<meta property=\"og:image:height\" content=\"600\" \/>\n\t<meta property=\"og:image:type\" content=\"image\/png\" \/>\n<meta name=\"twitter:card\" content=\"summary_large_image\" \/>\n<meta name=\"twitter:label1\" content=\"Szacowany czas czytania\" \/>\n\t<meta name=\"twitter:data1\" content=\"3 minuty\" \/>\n<script type=\"application\/ld+json\" class=\"yoast-schema-graph\">{\"@context\":\"https:\\\/\\\/schema.org\",\"@graph\":[{\"@type\":\"WebPage\",\"@id\":\"https:\\\/\\\/skinsolution.pl\\\/for-professionals\\\/produkt\\\/mdtranex-retipeel\\\/\",\"url\":\"https:\\\/\\\/skinsolution.pl\\\/for-professionals\\\/produkt\\\/mdtranex-retipeel\\\/\",\"name\":\"md:Tranex Retipeel (5 saszetek + 5 ampu\u0142ek) | SkinSolution | For Professional\",\"isPartOf\":{\"@id\":\"https:\\\/\\\/skinsolution.pl\\\/for-professionals\\\/#website\"},\"primaryImageOfPage\":{\"@id\":\"https:\\\/\\\/skinsolution.pl\\\/for-professionals\\\/produkt\\\/mdtranex-retipeel\\\/#primaryimage\"},\"image\":{\"@id\":\"https:\\\/\\\/skinsolution.pl\\\/for-professionals\\\/produkt\\\/mdtranex-retipeel\\\/#primaryimage\"},\"thumbnailUrl\":\"https:\\\/\\\/skinsolution.pl\\\/for-professionals\\\/wp-content\\\/uploads\\\/sites\\\/5\\\/2024\\\/12\\\/5c50b70196568606053577b98304c1be.png\",\"datePublished\":\"2024-01-07T16:53:14+00:00\",\"dateModified\":\"2026-04-17T14:07:41+00:00\",\"breadcrumb\":{\"@id\":\"https:\\\/\\\/skinsolution.pl\\\/for-professionals\\\/produkt\\\/mdtranex-retipeel\\\/#breadcrumb\"},\"inLanguage\":\"pl-PL\",\"potentialAction\":[{\"@type\":\"ReadAction\",\"target\":[\"https:\\\/\\\/skinsolution.pl\\\/for-professionals\\\/produkt\\\/mdtranex-retipeel\\\/\"]}]},{\"@type\":\"ImageObject\",\"inLanguage\":\"pl-PL\",\"@id\":\"https:\\\/\\\/skinsolution.pl\\\/for-professionals\\\/produkt\\\/mdtranex-retipeel\\\/#primaryimage\",\"url\":\"https:\\\/\\\/skinsolution.pl\\\/for-professionals\\\/wp-content\\\/uploads\\\/sites\\\/5\\\/2024\\\/12\\\/5c50b70196568606053577b98304c1be.png\",\"contentUrl\":\"https:\\\/\\\/skinsolution.pl\\\/for-professionals\\\/wp-content\\\/uploads\\\/sites\\\/5\\\/2024\\\/12\\\/5c50b70196568606053577b98304c1be.png\",\"width\":600,\"height\":600},{\"@type\":\"BreadcrumbList\",\"@id\":\"https:\\\/\\\/skinsolution.pl\\\/for-professionals\\\/produkt\\\/mdtranex-retipeel\\\/#breadcrumb\",\"itemListElement\":[{\"@type\":\"ListItem\",\"position\":1,\"name\":\"Strona g\u0142\u00f3wna\",\"item\":\"https:\\\/\\\/skinsolution.pl\\\/for-professionals\\\/\"},{\"@type\":\"ListItem\",\"position\":2,\"name\":\"Sklep\",\"item\":\"https:\\\/\\\/skinsolution.pl\\\/for-professionals\\\/sklep\\\/\"},{\"@type\":\"ListItem\",\"position\":3,\"name\":\"md:Tranex Retipeel (5 saszetek + 5 ampu\u0142ek)\"}]},{\"@type\":\"WebSite\",\"@id\":\"https:\\\/\\\/skinsolution.pl\\\/for-professionals\\\/#website\",\"url\":\"https:\\\/\\\/skinsolution.pl\\\/for-professionals\\\/\",\"name\":\"SkinSolution For Professionals\",\"description\":\"\",\"publisher\":{\"@id\":\"https:\\\/\\\/skinsolution.pl\\\/for-professionals\\\/#organization\"},\"potentialAction\":[{\"@type\":\"SearchAction\",\"target\":{\"@type\":\"EntryPoint\",\"urlTemplate\":\"https:\\\/\\\/skinsolution.pl\\\/for-professionals\\\/?s={search_term_string}\"},\"query-input\":{\"@type\":\"PropertyValueSpecification\",\"valueRequired\":true,\"valueName\":\"search_term_string\"}}],\"inLanguage\":\"pl-PL\"},{\"@type\":\"Organization\",\"@id\":\"https:\\\/\\\/skinsolution.pl\\\/for-professionals\\\/#organization\",\"name\":\"SkinSolution For Professionals\",\"url\":\"https:\\\/\\\/skinsolution.pl\\\/for-professionals\\\/\",\"logo\":{\"@type\":\"ImageObject\",\"inLanguage\":\"pl-PL\",\"@id\":\"https:\\\/\\\/skinsolution.pl\\\/for-professionals\\\/#\\\/schema\\\/logo\\\/image\\\/\",\"url\":\"https:\\\/\\\/skinsolution.pl\\\/for-professionals\\\/wp-content\\\/uploads\\\/sites\\\/5\\\/2025\\\/03\\\/SkinSolution_Black2.png\",\"contentUrl\":\"https:\\\/\\\/skinsolution.pl\\\/for-professionals\\\/wp-content\\\/uploads\\\/sites\\\/5\\\/2025\\\/03\\\/SkinSolution_Black2.png\",\"width\":512,\"height\":512,\"caption\":\"SkinSolution For Professionals\"},\"image\":{\"@id\":\"https:\\\/\\\/skinsolution.pl\\\/for-professionals\\\/#\\\/schema\\\/logo\\\/image\\\/\"}}]}<\/script>\n<!-- \/ Yoast SEO plugin. -->","yoast_head_json":{"title":"md:Tranex Retipeel (5 saszetek + 5 ampu\u0142ek) | SkinSolution | For Professional","robots":{"index":"index","follow":"follow","max-snippet":"max-snippet:-1","max-image-preview":"max-image-preview:large","max-video-preview":"max-video-preview:-1"},"canonical":"https:\/\/skinsolution.pl\/for-professionals\/produkt\/mdtranex-retipeel\/","og_locale":"pl_PL","og_type":"article","og_title":"md:Tranex Retipeel (5 saszetek + 5 ampu\u0142ek) | SkinSolution | For Professional","og_description":"Selektywny peeling Anti-Aging: redukcja przebarwie\u0144, nawil\u017cenie i wyr\u00f3wnanie kolorytu Produkt pochodzenia brytyjsko-hiszpa\u0144skiego","og_url":"https:\/\/skinsolution.pl\/for-professionals\/produkt\/mdtranex-retipeel\/","og_site_name":"SkinSolution | For Professional","article_modified_time":"2026-04-17T14:07:41+00:00","og_image":[{"width":600,"height":600,"url":"https:\/\/skinsolution.pl\/for-professionals\/wp-content\/uploads\/sites\/5\/2024\/12\/5c50b70196568606053577b98304c1be.png","type":"image\/png"}],"twitter_card":"summary_large_image","twitter_misc":{"Szacowany czas czytania":"3 minuty"},"schema":{"@context":"https:\/\/schema.org","@graph":[{"@type":"WebPage","@id":"https:\/\/skinsolution.pl\/for-professionals\/produkt\/mdtranex-retipeel\/","url":"https:\/\/skinsolution.pl\/for-professionals\/produkt\/mdtranex-retipeel\/","name":"md:Tranex Retipeel (5 saszetek + 5 ampu\u0142ek) | SkinSolution | For Professional","isPartOf":{"@id":"https:\/\/skinsolution.pl\/for-professionals\/#website"},"primaryImageOfPage":{"@id":"https:\/\/skinsolution.pl\/for-professionals\/produkt\/mdtranex-retipeel\/#primaryimage"},"image":{"@id":"https:\/\/skinsolution.pl\/for-professionals\/produkt\/mdtranex-retipeel\/#primaryimage"},"thumbnailUrl":"https:\/\/skinsolution.pl\/for-professionals\/wp-content\/uploads\/sites\/5\/2024\/12\/5c50b70196568606053577b98304c1be.png","datePublished":"2024-01-07T16:53:14+00:00","dateModified":"2026-04-17T14:07:41+00:00","breadcrumb":{"@id":"https:\/\/skinsolution.pl\/for-professionals\/produkt\/mdtranex-retipeel\/#breadcrumb"},"inLanguage":"pl-PL","potentialAction":[{"@type":"ReadAction","target":["https:\/\/skinsolution.pl\/for-professionals\/produkt\/mdtranex-retipeel\/"]}]},{"@type":"ImageObject","inLanguage":"pl-PL","@id":"https:\/\/skinsolution.pl\/for-professionals\/produkt\/mdtranex-retipeel\/#primaryimage","url":"https:\/\/skinsolution.pl\/for-professionals\/wp-content\/uploads\/sites\/5\/2024\/12\/5c50b70196568606053577b98304c1be.png","contentUrl":"https:\/\/skinsolution.pl\/for-professionals\/wp-content\/uploads\/sites\/5\/2024\/12\/5c50b70196568606053577b98304c1be.png","width":600,"height":600},{"@type":"BreadcrumbList","@id":"https:\/\/skinsolution.pl\/for-professionals\/produkt\/mdtranex-retipeel\/#breadcrumb","itemListElement":[{"@type":"ListItem","position":1,"name":"Strona g\u0142\u00f3wna","item":"https:\/\/skinsolution.pl\/for-professionals\/"},{"@type":"ListItem","position":2,"name":"Sklep","item":"https:\/\/skinsolution.pl\/for-professionals\/sklep\/"},{"@type":"ListItem","position":3,"name":"md:Tranex Retipeel (5 saszetek + 5 ampu\u0142ek)"}]},{"@type":"WebSite","@id":"https:\/\/skinsolution.pl\/for-professionals\/#website","url":"https:\/\/skinsolution.pl\/for-professionals\/","name":"SkinSolution For Professionals","description":"","publisher":{"@id":"https:\/\/skinsolution.pl\/for-professionals\/#organization"},"potentialAction":[{"@type":"SearchAction","target":{"@type":"EntryPoint","urlTemplate":"https:\/\/skinsolution.pl\/for-professionals\/?s={search_term_string}"},"query-input":{"@type":"PropertyValueSpecification","valueRequired":true,"valueName":"search_term_string"}}],"inLanguage":"pl-PL"},{"@type":"Organization","@id":"https:\/\/skinsolution.pl\/for-professionals\/#organization","name":"SkinSolution For Professionals","url":"https:\/\/skinsolution.pl\/for-professionals\/","logo":{"@type":"ImageObject","inLanguage":"pl-PL","@id":"https:\/\/skinsolution.pl\/for-professionals\/#\/schema\/logo\/image\/","url":"https:\/\/skinsolution.pl\/for-professionals\/wp-content\/uploads\/sites\/5\/2025\/03\/SkinSolution_Black2.png","contentUrl":"https:\/\/skinsolution.pl\/for-professionals\/wp-content\/uploads\/sites\/5\/2025\/03\/SkinSolution_Black2.png","width":512,"height":512,"caption":"SkinSolution For Professionals"},"image":{"@id":"https:\/\/skinsolution.pl\/for-professionals\/#\/schema\/logo\/image\/"}}]}},"_links":{"self":[{"href":"https:\/\/skinsolution.pl\/for-professionals\/wp-json\/wp\/v2\/product\/2233","targetHints":{"allow":["GET"]}}],"collection":[{"href":"https:\/\/skinsolution.pl\/for-professionals\/wp-json\/wp\/v2\/product"}],"about":[{"href":"https:\/\/skinsolution.pl\/for-professionals\/wp-json\/wp\/v2\/types\/product"}],"replies":[{"embeddable":true,"href":"https:\/\/skinsolution.pl\/for-professionals\/wp-json\/wp\/v2\/comments?post=2233"}],"wp:featuredmedia":[{"embeddable":true,"href":"https:\/\/skinsolution.pl\/for-professionals\/wp-json\/wp\/v2\/media\/3150"}],"wp:attachment":[{"href":"https:\/\/skinsolution.pl\/for-professionals\/wp-json\/wp\/v2\/media?parent=2233"}],"wp:term":[{"taxonomy":"product_brand","embeddable":true,"href":"https:\/\/skinsolution.pl\/for-professionals\/wp-json\/wp\/v2\/product_brand?post=2233"},{"taxonomy":"product_cat","embeddable":true,"href":"https:\/\/skinsolution.pl\/for-professionals\/wp-json\/wp\/v2\/product_cat?post=2233"},{"taxonomy":"product_tag","embeddable":true,"href":"https:\/\/skinsolution.pl\/for-professionals\/wp-json\/wp\/v2\/product_tag?post=2233"}],"curies":[{"name":"wp","href":"https:\/\/api.w.org\/{rel}","templated":true}]}}