{"id":2196,"date":"2024-01-07T17:50:18","date_gmt":"2024-01-07T16:50:18","guid":{"rendered":"https:\/\/skinsolution.imperit.pl\/for-professionals\/produkt\/tranacix-face-solution\/"},"modified":"2026-04-18T19:49:03","modified_gmt":"2026-04-18T17:49:03","slug":"tranacix-face-solution","status":"publish","type":"product","link":"https:\/\/skinsolution.pl\/for-professionals\/produkt\/tranacix-face-solution\/","title":{"rendered":"TRANACIX Ampu\u0142ki na Przebarwienia 2 ml (10 szt.)"},"content":{"rendered":"<p>TRANACIX z linii LSI to aktywny specjalistyczny koktajl na przebarwienia, stopniowo oddzia\u0142uj\u0105cy na plamy pigmentacyjne widoczne na sk\u00f3rze, pozwalaj\u0105cy na skuteczne i trwa\u0142e pozbycie si\u0119 przebarwie\u0144.<\/p>\n<p>W\u0142a\u015bciwo\u015bci:<br \/>\n\u2022 Silnie skoncentrowana formu\u0142a kwasu traneksamowego redukuj\u0105ca wszelkie przebarwienia i plamy pigmentacyjne widoczne na sk\u00f3rze<br \/>\n\u2022 Pozwala na skuteczne pozbycie si\u0119 przebarwie\u0144<br \/>\n\u2022 Ujednolica koloryt sk\u00f3ry, nadaj\u0105c jej blask i zdrowy wygl\u0105d<br \/>\n\u2022 Hamuje mechanizmy odpowiedzialne za powstawanie przebarwie\u0144, a tak\u017ce zmniejsza ryzyko pojawienia si\u0119 kolejnych<br \/>\n\u2022 Wyr\u00f3wnuje koloryt sk\u00f3ry<\/p>\n<p>Zastosowanie:<br \/>\n\u2022 Dermapen,<br \/>\n\u2022 Mezoterapia<\/p>\n<p>Sk\u0142adniki aktywne:<br \/>\nKwas traneksamowy 10% &#8211; najskuteczniejsza substancja czynna do walki z przebarwieniami:<br \/>\n\u2022 Rozja\u015bnia cer\u0119, redukuje widoczno\u015b\u0107 blizn,<br \/>\n\u2022 Hamuje syntez\u0119 melaniny blokuj\u0105c interakcj\u0119 melanocyt\u00f3w i keranocyt\u00f3w poprzez dezaktywacj\u0119 plazminy,<br \/>\n\u2022 Zapobiega pigmentacji wywo\u0142anej promieniowaniem UV,<br \/>\n\u2022 Jedyny zwi\u0105zek, kt\u00f3ry mo\u017ce zmniejszy\u0107 prawdopodobie\u0144stwo nawrotu melazmy.<\/p>\n<p>Pojemno\u015b\u0107:<br \/>\nJedno opakowanie zawiera 10 ampu\u0142ek, ka\u017cda po 2 ml<\/p>\n<p>Producent:<br \/>\nLSI Silderma<\/p>\n","protected":false},"excerpt":{"rendered":"<p>Niezast\u0105piona pomoc w walce z Hiperpigmentacj\u0105<\/p>\n<p>10% kwas traneksamowy &#8211; najskuteczniejsza substancja czynna do walki z przebarwieniami<\/p>\n","protected":false},"featured_media":2960,"comment_status":"open","ping_status":"closed","template":"","meta":{"_acf_changed":false},"product_brand":[],"product_cat":[104,167],"product_tag":[],"class_list":{"0":"post-2196","1":"product","2":"type-product","3":"status-publish","4":"has-post-thumbnail","6":"product_cat-mezokoktajle","7":"product_cat-promocje","9":"first","10":"instock","11":"sale","12":"taxable","13":"shipping-taxable","14":"purchasable","15":"product-type-simple"},"acf":[],"yoast_head":"<!-- This site is optimized with the Yoast SEO plugin v27.4 - https:\/\/yoast.com\/product\/yoast-seo-wordpress\/ -->\n<title>TRANACIX Ampu\u0142ki na Przebarwienia 2 ml (10 szt.) | SkinSolution | For Professional<\/title>\n<meta name=\"robots\" content=\"index, follow, max-snippet:-1, max-image-preview:large, max-video-preview:-1\" \/>\n<link rel=\"canonical\" href=\"https:\/\/skinsolution.pl\/for-professionals\/produkt\/tranacix-face-solution\/\" \/>\n<meta property=\"og:locale\" content=\"pl_PL\" \/>\n<meta property=\"og:type\" content=\"article\" \/>\n<meta property=\"og:title\" content=\"TRANACIX Ampu\u0142ki na Przebarwienia 2 ml (10 szt.) | SkinSolution | For Professional\" \/>\n<meta property=\"og:description\" content=\"Niezast\u0105piona pomoc w walce z Hiperpigmentacj\u0105  10% kwas traneksamowy - najskuteczniejsza substancja czynna do walki z przebarwieniami\" \/>\n<meta property=\"og:url\" content=\"https:\/\/skinsolution.pl\/for-professionals\/produkt\/tranacix-face-solution\/\" \/>\n<meta property=\"og:site_name\" content=\"SkinSolution | For Professional\" \/>\n<meta property=\"article:modified_time\" content=\"2026-04-18T17:49:03+00:00\" \/>\n<meta property=\"og:image\" content=\"https:\/\/skinsolution.pl\/for-professionals\/wp-content\/uploads\/sites\/5\/2024\/09\/b7c25b2006c68c1523fa30d4c75c62ca.png\" \/>\n\t<meta property=\"og:image:width\" content=\"2048\" \/>\n\t<meta property=\"og:image:height\" content=\"2048\" \/>\n\t<meta property=\"og:image:type\" content=\"image\/png\" \/>\n<meta name=\"twitter:card\" content=\"summary_large_image\" \/>\n<meta name=\"twitter:label1\" content=\"Szacowany czas czytania\" \/>\n\t<meta name=\"twitter:data1\" content=\"2 minuty\" \/>\n<script type=\"application\/ld+json\" class=\"yoast-schema-graph\">{\"@context\":\"https:\\\/\\\/schema.org\",\"@graph\":[{\"@type\":\"WebPage\",\"@id\":\"https:\\\/\\\/skinsolution.pl\\\/for-professionals\\\/produkt\\\/tranacix-face-solution\\\/\",\"url\":\"https:\\\/\\\/skinsolution.pl\\\/for-professionals\\\/produkt\\\/tranacix-face-solution\\\/\",\"name\":\"TRANACIX Ampu\u0142ki na Przebarwienia 2 ml (10 szt.) | SkinSolution | For Professional\",\"isPartOf\":{\"@id\":\"https:\\\/\\\/skinsolution.pl\\\/for-professionals\\\/#website\"},\"primaryImageOfPage\":{\"@id\":\"https:\\\/\\\/skinsolution.pl\\\/for-professionals\\\/produkt\\\/tranacix-face-solution\\\/#primaryimage\"},\"image\":{\"@id\":\"https:\\\/\\\/skinsolution.pl\\\/for-professionals\\\/produkt\\\/tranacix-face-solution\\\/#primaryimage\"},\"thumbnailUrl\":\"https:\\\/\\\/skinsolution.pl\\\/for-professionals\\\/wp-content\\\/uploads\\\/sites\\\/5\\\/2024\\\/09\\\/b7c25b2006c68c1523fa30d4c75c62ca.png\",\"datePublished\":\"2024-01-07T16:50:18+00:00\",\"dateModified\":\"2026-04-18T17:49:03+00:00\",\"breadcrumb\":{\"@id\":\"https:\\\/\\\/skinsolution.pl\\\/for-professionals\\\/produkt\\\/tranacix-face-solution\\\/#breadcrumb\"},\"inLanguage\":\"pl-PL\",\"potentialAction\":[{\"@type\":\"ReadAction\",\"target\":[\"https:\\\/\\\/skinsolution.pl\\\/for-professionals\\\/produkt\\\/tranacix-face-solution\\\/\"]}]},{\"@type\":\"ImageObject\",\"inLanguage\":\"pl-PL\",\"@id\":\"https:\\\/\\\/skinsolution.pl\\\/for-professionals\\\/produkt\\\/tranacix-face-solution\\\/#primaryimage\",\"url\":\"https:\\\/\\\/skinsolution.pl\\\/for-professionals\\\/wp-content\\\/uploads\\\/sites\\\/5\\\/2024\\\/09\\\/b7c25b2006c68c1523fa30d4c75c62ca.png\",\"contentUrl\":\"https:\\\/\\\/skinsolution.pl\\\/for-professionals\\\/wp-content\\\/uploads\\\/sites\\\/5\\\/2024\\\/09\\\/b7c25b2006c68c1523fa30d4c75c62ca.png\",\"width\":2048,\"height\":2048},{\"@type\":\"BreadcrumbList\",\"@id\":\"https:\\\/\\\/skinsolution.pl\\\/for-professionals\\\/produkt\\\/tranacix-face-solution\\\/#breadcrumb\",\"itemListElement\":[{\"@type\":\"ListItem\",\"position\":1,\"name\":\"Strona g\u0142\u00f3wna\",\"item\":\"https:\\\/\\\/skinsolution.pl\\\/for-professionals\\\/\"},{\"@type\":\"ListItem\",\"position\":2,\"name\":\"Sklep\",\"item\":\"https:\\\/\\\/skinsolution.pl\\\/for-professionals\\\/sklep\\\/\"},{\"@type\":\"ListItem\",\"position\":3,\"name\":\"TRANACIX Ampu\u0142ki na Przebarwienia 2 ml (10 szt.)\"}]},{\"@type\":\"WebSite\",\"@id\":\"https:\\\/\\\/skinsolution.pl\\\/for-professionals\\\/#website\",\"url\":\"https:\\\/\\\/skinsolution.pl\\\/for-professionals\\\/\",\"name\":\"SkinSolution For Professionals\",\"description\":\"\",\"publisher\":{\"@id\":\"https:\\\/\\\/skinsolution.pl\\\/for-professionals\\\/#organization\"},\"potentialAction\":[{\"@type\":\"SearchAction\",\"target\":{\"@type\":\"EntryPoint\",\"urlTemplate\":\"https:\\\/\\\/skinsolution.pl\\\/for-professionals\\\/?s={search_term_string}\"},\"query-input\":{\"@type\":\"PropertyValueSpecification\",\"valueRequired\":true,\"valueName\":\"search_term_string\"}}],\"inLanguage\":\"pl-PL\"},{\"@type\":\"Organization\",\"@id\":\"https:\\\/\\\/skinsolution.pl\\\/for-professionals\\\/#organization\",\"name\":\"SkinSolution For Professionals\",\"url\":\"https:\\\/\\\/skinsolution.pl\\\/for-professionals\\\/\",\"logo\":{\"@type\":\"ImageObject\",\"inLanguage\":\"pl-PL\",\"@id\":\"https:\\\/\\\/skinsolution.pl\\\/for-professionals\\\/#\\\/schema\\\/logo\\\/image\\\/\",\"url\":\"https:\\\/\\\/skinsolution.pl\\\/for-professionals\\\/wp-content\\\/uploads\\\/sites\\\/5\\\/2025\\\/03\\\/SkinSolution_Black2.png\",\"contentUrl\":\"https:\\\/\\\/skinsolution.pl\\\/for-professionals\\\/wp-content\\\/uploads\\\/sites\\\/5\\\/2025\\\/03\\\/SkinSolution_Black2.png\",\"width\":512,\"height\":512,\"caption\":\"SkinSolution For Professionals\"},\"image\":{\"@id\":\"https:\\\/\\\/skinsolution.pl\\\/for-professionals\\\/#\\\/schema\\\/logo\\\/image\\\/\"}}]}<\/script>\n<!-- \/ Yoast SEO plugin. -->","yoast_head_json":{"title":"TRANACIX Ampu\u0142ki na Przebarwienia 2 ml (10 szt.) | SkinSolution | For Professional","robots":{"index":"index","follow":"follow","max-snippet":"max-snippet:-1","max-image-preview":"max-image-preview:large","max-video-preview":"max-video-preview:-1"},"canonical":"https:\/\/skinsolution.pl\/for-professionals\/produkt\/tranacix-face-solution\/","og_locale":"pl_PL","og_type":"article","og_title":"TRANACIX Ampu\u0142ki na Przebarwienia 2 ml (10 szt.) | SkinSolution | For Professional","og_description":"Niezast\u0105piona pomoc w walce z Hiperpigmentacj\u0105  10% kwas traneksamowy - najskuteczniejsza substancja czynna do walki z przebarwieniami","og_url":"https:\/\/skinsolution.pl\/for-professionals\/produkt\/tranacix-face-solution\/","og_site_name":"SkinSolution | For Professional","article_modified_time":"2026-04-18T17:49:03+00:00","og_image":[{"width":2048,"height":2048,"url":"https:\/\/skinsolution.pl\/for-professionals\/wp-content\/uploads\/sites\/5\/2024\/09\/b7c25b2006c68c1523fa30d4c75c62ca.png","type":"image\/png"}],"twitter_card":"summary_large_image","twitter_misc":{"Szacowany czas czytania":"2 minuty"},"schema":{"@context":"https:\/\/schema.org","@graph":[{"@type":"WebPage","@id":"https:\/\/skinsolution.pl\/for-professionals\/produkt\/tranacix-face-solution\/","url":"https:\/\/skinsolution.pl\/for-professionals\/produkt\/tranacix-face-solution\/","name":"TRANACIX Ampu\u0142ki na Przebarwienia 2 ml (10 szt.) | SkinSolution | For Professional","isPartOf":{"@id":"https:\/\/skinsolution.pl\/for-professionals\/#website"},"primaryImageOfPage":{"@id":"https:\/\/skinsolution.pl\/for-professionals\/produkt\/tranacix-face-solution\/#primaryimage"},"image":{"@id":"https:\/\/skinsolution.pl\/for-professionals\/produkt\/tranacix-face-solution\/#primaryimage"},"thumbnailUrl":"https:\/\/skinsolution.pl\/for-professionals\/wp-content\/uploads\/sites\/5\/2024\/09\/b7c25b2006c68c1523fa30d4c75c62ca.png","datePublished":"2024-01-07T16:50:18+00:00","dateModified":"2026-04-18T17:49:03+00:00","breadcrumb":{"@id":"https:\/\/skinsolution.pl\/for-professionals\/produkt\/tranacix-face-solution\/#breadcrumb"},"inLanguage":"pl-PL","potentialAction":[{"@type":"ReadAction","target":["https:\/\/skinsolution.pl\/for-professionals\/produkt\/tranacix-face-solution\/"]}]},{"@type":"ImageObject","inLanguage":"pl-PL","@id":"https:\/\/skinsolution.pl\/for-professionals\/produkt\/tranacix-face-solution\/#primaryimage","url":"https:\/\/skinsolution.pl\/for-professionals\/wp-content\/uploads\/sites\/5\/2024\/09\/b7c25b2006c68c1523fa30d4c75c62ca.png","contentUrl":"https:\/\/skinsolution.pl\/for-professionals\/wp-content\/uploads\/sites\/5\/2024\/09\/b7c25b2006c68c1523fa30d4c75c62ca.png","width":2048,"height":2048},{"@type":"BreadcrumbList","@id":"https:\/\/skinsolution.pl\/for-professionals\/produkt\/tranacix-face-solution\/#breadcrumb","itemListElement":[{"@type":"ListItem","position":1,"name":"Strona g\u0142\u00f3wna","item":"https:\/\/skinsolution.pl\/for-professionals\/"},{"@type":"ListItem","position":2,"name":"Sklep","item":"https:\/\/skinsolution.pl\/for-professionals\/sklep\/"},{"@type":"ListItem","position":3,"name":"TRANACIX Ampu\u0142ki na Przebarwienia 2 ml (10 szt.)"}]},{"@type":"WebSite","@id":"https:\/\/skinsolution.pl\/for-professionals\/#website","url":"https:\/\/skinsolution.pl\/for-professionals\/","name":"SkinSolution For Professionals","description":"","publisher":{"@id":"https:\/\/skinsolution.pl\/for-professionals\/#organization"},"potentialAction":[{"@type":"SearchAction","target":{"@type":"EntryPoint","urlTemplate":"https:\/\/skinsolution.pl\/for-professionals\/?s={search_term_string}"},"query-input":{"@type":"PropertyValueSpecification","valueRequired":true,"valueName":"search_term_string"}}],"inLanguage":"pl-PL"},{"@type":"Organization","@id":"https:\/\/skinsolution.pl\/for-professionals\/#organization","name":"SkinSolution For Professionals","url":"https:\/\/skinsolution.pl\/for-professionals\/","logo":{"@type":"ImageObject","inLanguage":"pl-PL","@id":"https:\/\/skinsolution.pl\/for-professionals\/#\/schema\/logo\/image\/","url":"https:\/\/skinsolution.pl\/for-professionals\/wp-content\/uploads\/sites\/5\/2025\/03\/SkinSolution_Black2.png","contentUrl":"https:\/\/skinsolution.pl\/for-professionals\/wp-content\/uploads\/sites\/5\/2025\/03\/SkinSolution_Black2.png","width":512,"height":512,"caption":"SkinSolution For Professionals"},"image":{"@id":"https:\/\/skinsolution.pl\/for-professionals\/#\/schema\/logo\/image\/"}}]}},"_links":{"self":[{"href":"https:\/\/skinsolution.pl\/for-professionals\/wp-json\/wp\/v2\/product\/2196","targetHints":{"allow":["GET"]}}],"collection":[{"href":"https:\/\/skinsolution.pl\/for-professionals\/wp-json\/wp\/v2\/product"}],"about":[{"href":"https:\/\/skinsolution.pl\/for-professionals\/wp-json\/wp\/v2\/types\/product"}],"replies":[{"embeddable":true,"href":"https:\/\/skinsolution.pl\/for-professionals\/wp-json\/wp\/v2\/comments?post=2196"}],"wp:featuredmedia":[{"embeddable":true,"href":"https:\/\/skinsolution.pl\/for-professionals\/wp-json\/wp\/v2\/media\/2960"}],"wp:attachment":[{"href":"https:\/\/skinsolution.pl\/for-professionals\/wp-json\/wp\/v2\/media?parent=2196"}],"wp:term":[{"taxonomy":"product_brand","embeddable":true,"href":"https:\/\/skinsolution.pl\/for-professionals\/wp-json\/wp\/v2\/product_brand?post=2196"},{"taxonomy":"product_cat","embeddable":true,"href":"https:\/\/skinsolution.pl\/for-professionals\/wp-json\/wp\/v2\/product_cat?post=2196"},{"taxonomy":"product_tag","embeddable":true,"href":"https:\/\/skinsolution.pl\/for-professionals\/wp-json\/wp\/v2\/product_tag?post=2196"}],"curies":[{"name":"wp","href":"https:\/\/api.w.org\/{rel}","templated":true}]}}