{"id":2193,"date":"2024-01-07T17:49:50","date_gmt":"2024-01-07T16:49:50","guid":{"rendered":"https:\/\/skinsolution.imperit.pl\/for-professionals\/produkt\/mdcomplex-genx-mimetic-peptides-growth-factors\/"},"modified":"2026-04-17T16:06:22","modified_gmt":"2026-04-17T14:06:22","slug":"mdcomplex-genx-mimetic-peptides-growth-factors","status":"publish","type":"product","link":"https:\/\/skinsolution.pl\/for-professionals\/produkt\/mdcomplex-genx-mimetic-peptides-growth-factors\/","title":{"rendered":"md:complex<sup>\u2122<\/sup> GenX Mimetic Peptides &#038; Growth Factors (5 x 7 ml)"},"content":{"rendered":"<p>md:complex GenX Mimetic Peptides &amp; Growth Factors<\/p>\n<p>W\u0142a\u015bciwo\u015bci:<br \/>\n\u2022 Preparatu \u0142\u0105czy dzia\u0142anie przeciwutleniaj\u0105ce i regeneracyjne (kwas hialuronowy, aminokwasy, witaminy, minera\u0142y, przeciwutleniacze) z wysok\u0105 skuteczno\u015bci\u0105 dzia\u0142ania nowej generacji Peptyd\u00f3w Mimetycznych i Czynnik\u00f3w Wzrostu.<br \/>\n\u2022 Preparat poprawia wygl\u0105d sk\u00f3ry oraz przywraca naturalne procesy naprawcze.<\/p>\n<p>Zastosowanie:<br \/>\n\u2022 Dermapen,<br \/>\n\u2022 Mezoterapia<\/p>\n<p>Substancje czynne:<br \/>\n\u2022 Kwas hialuronowy,<br \/>\n\u2022 Kompleks rewitalizuj\u0105cy<br \/>\n\u2022 Multi-bio,<br \/>\n\u2022 Tripeptyd miedziowy-1,<br \/>\n\u2022 SH-Oligopeptyd-1,<br \/>\n\u2022 SH-Oligopeptyd-2,<br \/>\n\u2022 SH-Polipeptyd-1,<br \/>\n\u2022 SH-Polipeptyd-2,<br \/>\n\u2022 Oligopeptyd-34,<br \/>\n\u2022 Acetyl Octapeptyd-3,<br \/>\n\u2022 Palmitoyl Tripeptyd-1,<br \/>\n\u2022 Palmitoyl Tripeptyd-7<\/p>\n<p>Pojemno\u015b\u0107:<br \/>\nJedno opakowanie zawiera 5 fiolek, ka\u017cda po 5 ml<\/p>\n<p>Producent:<br \/>\nmd:ceuticals<\/p>\n<p>Produkt do stosowania wy\u0142\u0105cznie przez profesjonalist\u00f3w.<br \/>\nDecyduj\u0105c si\u0119 na zakup o\u015bwiadczasz, \u017ce jeste\u015b lekarzem lub kosmetologiem przeszkolonym z zakresu medycyny estetycznej.<\/p>\n","protected":false},"excerpt":{"rendered":"<p>Preparatu \u0142\u0105czy dzia\u0142anie przeciwutleniaj\u0105ce i regeneracyjne z wysok\u0105 skuteczno\u015bci\u0105 dzia\u0142ania nowej generacji Peptyd\u00f3w Mimetycznych i Czynnik\u00f3w Wzrostu.<\/p>\n","protected":false},"featured_media":2855,"comment_status":"open","ping_status":"closed","template":"","meta":{"_acf_changed":false},"product_brand":[],"product_cat":[104],"product_tag":[],"class_list":{"0":"post-2193","1":"product","2":"type-product","3":"status-publish","4":"has-post-thumbnail","6":"product_cat-mezokoktajle","8":"first","9":"instock","10":"taxable","11":"shipping-taxable","12":"purchasable","13":"product-type-simple"},"acf":[],"yoast_head":"<!-- This site is optimized with the Yoast SEO plugin v27.4 - https:\/\/yoast.com\/product\/yoast-seo-wordpress\/ -->\n<title>md:complex\u2122 GenX Mimetic Peptides &amp; Growth Factors (5 x 7 ml) | SkinSolution | For Professional<\/title>\n<meta name=\"robots\" content=\"index, follow, max-snippet:-1, max-image-preview:large, max-video-preview:-1\" \/>\n<link rel=\"canonical\" href=\"https:\/\/skinsolution.pl\/for-professionals\/produkt\/mdcomplex-genx-mimetic-peptides-growth-factors\/\" \/>\n<meta property=\"og:locale\" content=\"pl_PL\" \/>\n<meta property=\"og:type\" content=\"article\" \/>\n<meta property=\"og:title\" content=\"md:complex\u2122 GenX Mimetic Peptides &amp; Growth Factors (5 x 7 ml) | SkinSolution | For Professional\" \/>\n<meta property=\"og:description\" content=\"Preparatu \u0142\u0105czy dzia\u0142anie przeciwutleniaj\u0105ce i regeneracyjne z wysok\u0105 skuteczno\u015bci\u0105 dzia\u0142ania nowej generacji Peptyd\u00f3w Mimetycznych i Czynnik\u00f3w Wzrostu.\" \/>\n<meta property=\"og:url\" content=\"https:\/\/skinsolution.pl\/for-professionals\/produkt\/mdcomplex-genx-mimetic-peptides-growth-factors\/\" \/>\n<meta property=\"og:site_name\" content=\"SkinSolution | For Professional\" \/>\n<meta property=\"article:modified_time\" content=\"2026-04-17T14:06:22+00:00\" \/>\n<meta property=\"og:image\" content=\"https:\/\/skinsolution.pl\/for-professionals\/wp-content\/uploads\/sites\/5\/2024\/08\/a6a48c6410402141d22fec42d4836d36-1.png\" \/>\n\t<meta property=\"og:image:width\" content=\"2048\" \/>\n\t<meta property=\"og:image:height\" content=\"2048\" \/>\n\t<meta property=\"og:image:type\" content=\"image\/png\" \/>\n<meta name=\"twitter:card\" content=\"summary_large_image\" \/>\n<meta name=\"twitter:label1\" content=\"Szacowany czas czytania\" \/>\n\t<meta name=\"twitter:data1\" content=\"1 minuta\" \/>\n<script type=\"application\/ld+json\" class=\"yoast-schema-graph\">{\"@context\":\"https:\\\/\\\/schema.org\",\"@graph\":[{\"@type\":\"WebPage\",\"@id\":\"https:\\\/\\\/skinsolution.pl\\\/for-professionals\\\/produkt\\\/mdcomplex-genx-mimetic-peptides-growth-factors\\\/\",\"url\":\"https:\\\/\\\/skinsolution.pl\\\/for-professionals\\\/produkt\\\/mdcomplex-genx-mimetic-peptides-growth-factors\\\/\",\"name\":\"md:complex\u2122 GenX Mimetic Peptides & Growth Factors (5 x 7 ml) | SkinSolution | For Professional\",\"isPartOf\":{\"@id\":\"https:\\\/\\\/skinsolution.pl\\\/for-professionals\\\/#website\"},\"primaryImageOfPage\":{\"@id\":\"https:\\\/\\\/skinsolution.pl\\\/for-professionals\\\/produkt\\\/mdcomplex-genx-mimetic-peptides-growth-factors\\\/#primaryimage\"},\"image\":{\"@id\":\"https:\\\/\\\/skinsolution.pl\\\/for-professionals\\\/produkt\\\/mdcomplex-genx-mimetic-peptides-growth-factors\\\/#primaryimage\"},\"thumbnailUrl\":\"https:\\\/\\\/skinsolution.pl\\\/for-professionals\\\/wp-content\\\/uploads\\\/sites\\\/5\\\/2024\\\/08\\\/a6a48c6410402141d22fec42d4836d36-1.png\",\"datePublished\":\"2024-01-07T16:49:50+00:00\",\"dateModified\":\"2026-04-17T14:06:22+00:00\",\"breadcrumb\":{\"@id\":\"https:\\\/\\\/skinsolution.pl\\\/for-professionals\\\/produkt\\\/mdcomplex-genx-mimetic-peptides-growth-factors\\\/#breadcrumb\"},\"inLanguage\":\"pl-PL\",\"potentialAction\":[{\"@type\":\"ReadAction\",\"target\":[\"https:\\\/\\\/skinsolution.pl\\\/for-professionals\\\/produkt\\\/mdcomplex-genx-mimetic-peptides-growth-factors\\\/\"]}]},{\"@type\":\"ImageObject\",\"inLanguage\":\"pl-PL\",\"@id\":\"https:\\\/\\\/skinsolution.pl\\\/for-professionals\\\/produkt\\\/mdcomplex-genx-mimetic-peptides-growth-factors\\\/#primaryimage\",\"url\":\"https:\\\/\\\/skinsolution.pl\\\/for-professionals\\\/wp-content\\\/uploads\\\/sites\\\/5\\\/2024\\\/08\\\/a6a48c6410402141d22fec42d4836d36-1.png\",\"contentUrl\":\"https:\\\/\\\/skinsolution.pl\\\/for-professionals\\\/wp-content\\\/uploads\\\/sites\\\/5\\\/2024\\\/08\\\/a6a48c6410402141d22fec42d4836d36-1.png\",\"width\":2048,\"height\":2048},{\"@type\":\"BreadcrumbList\",\"@id\":\"https:\\\/\\\/skinsolution.pl\\\/for-professionals\\\/produkt\\\/mdcomplex-genx-mimetic-peptides-growth-factors\\\/#breadcrumb\",\"itemListElement\":[{\"@type\":\"ListItem\",\"position\":1,\"name\":\"Strona g\u0142\u00f3wna\",\"item\":\"https:\\\/\\\/skinsolution.pl\\\/for-professionals\\\/\"},{\"@type\":\"ListItem\",\"position\":2,\"name\":\"Sklep\",\"item\":\"https:\\\/\\\/skinsolution.pl\\\/for-professionals\\\/sklep\\\/\"},{\"@type\":\"ListItem\",\"position\":3,\"name\":\"md:complex\u2122 GenX Mimetic Peptides &#038; Growth Factors (5 x 7 ml)\"}]},{\"@type\":\"WebSite\",\"@id\":\"https:\\\/\\\/skinsolution.pl\\\/for-professionals\\\/#website\",\"url\":\"https:\\\/\\\/skinsolution.pl\\\/for-professionals\\\/\",\"name\":\"SkinSolution For Professionals\",\"description\":\"\",\"publisher\":{\"@id\":\"https:\\\/\\\/skinsolution.pl\\\/for-professionals\\\/#organization\"},\"potentialAction\":[{\"@type\":\"SearchAction\",\"target\":{\"@type\":\"EntryPoint\",\"urlTemplate\":\"https:\\\/\\\/skinsolution.pl\\\/for-professionals\\\/?s={search_term_string}\"},\"query-input\":{\"@type\":\"PropertyValueSpecification\",\"valueRequired\":true,\"valueName\":\"search_term_string\"}}],\"inLanguage\":\"pl-PL\"},{\"@type\":\"Organization\",\"@id\":\"https:\\\/\\\/skinsolution.pl\\\/for-professionals\\\/#organization\",\"name\":\"SkinSolution For Professionals\",\"url\":\"https:\\\/\\\/skinsolution.pl\\\/for-professionals\\\/\",\"logo\":{\"@type\":\"ImageObject\",\"inLanguage\":\"pl-PL\",\"@id\":\"https:\\\/\\\/skinsolution.pl\\\/for-professionals\\\/#\\\/schema\\\/logo\\\/image\\\/\",\"url\":\"https:\\\/\\\/skinsolution.pl\\\/for-professionals\\\/wp-content\\\/uploads\\\/sites\\\/5\\\/2025\\\/03\\\/SkinSolution_Black2.png\",\"contentUrl\":\"https:\\\/\\\/skinsolution.pl\\\/for-professionals\\\/wp-content\\\/uploads\\\/sites\\\/5\\\/2025\\\/03\\\/SkinSolution_Black2.png\",\"width\":512,\"height\":512,\"caption\":\"SkinSolution For Professionals\"},\"image\":{\"@id\":\"https:\\\/\\\/skinsolution.pl\\\/for-professionals\\\/#\\\/schema\\\/logo\\\/image\\\/\"}}]}<\/script>\n<!-- \/ Yoast SEO plugin. -->","yoast_head_json":{"title":"md:complex\u2122 GenX Mimetic Peptides & Growth Factors (5 x 7 ml) | SkinSolution | For Professional","robots":{"index":"index","follow":"follow","max-snippet":"max-snippet:-1","max-image-preview":"max-image-preview:large","max-video-preview":"max-video-preview:-1"},"canonical":"https:\/\/skinsolution.pl\/for-professionals\/produkt\/mdcomplex-genx-mimetic-peptides-growth-factors\/","og_locale":"pl_PL","og_type":"article","og_title":"md:complex\u2122 GenX Mimetic Peptides & Growth Factors (5 x 7 ml) | SkinSolution | For Professional","og_description":"Preparatu \u0142\u0105czy dzia\u0142anie przeciwutleniaj\u0105ce i regeneracyjne z wysok\u0105 skuteczno\u015bci\u0105 dzia\u0142ania nowej generacji Peptyd\u00f3w Mimetycznych i Czynnik\u00f3w Wzrostu.","og_url":"https:\/\/skinsolution.pl\/for-professionals\/produkt\/mdcomplex-genx-mimetic-peptides-growth-factors\/","og_site_name":"SkinSolution | For Professional","article_modified_time":"2026-04-17T14:06:22+00:00","og_image":[{"width":2048,"height":2048,"url":"https:\/\/skinsolution.pl\/for-professionals\/wp-content\/uploads\/sites\/5\/2024\/08\/a6a48c6410402141d22fec42d4836d36-1.png","type":"image\/png"}],"twitter_card":"summary_large_image","twitter_misc":{"Szacowany czas czytania":"1 minuta"},"schema":{"@context":"https:\/\/schema.org","@graph":[{"@type":"WebPage","@id":"https:\/\/skinsolution.pl\/for-professionals\/produkt\/mdcomplex-genx-mimetic-peptides-growth-factors\/","url":"https:\/\/skinsolution.pl\/for-professionals\/produkt\/mdcomplex-genx-mimetic-peptides-growth-factors\/","name":"md:complex\u2122 GenX Mimetic Peptides & Growth Factors (5 x 7 ml) | SkinSolution | For Professional","isPartOf":{"@id":"https:\/\/skinsolution.pl\/for-professionals\/#website"},"primaryImageOfPage":{"@id":"https:\/\/skinsolution.pl\/for-professionals\/produkt\/mdcomplex-genx-mimetic-peptides-growth-factors\/#primaryimage"},"image":{"@id":"https:\/\/skinsolution.pl\/for-professionals\/produkt\/mdcomplex-genx-mimetic-peptides-growth-factors\/#primaryimage"},"thumbnailUrl":"https:\/\/skinsolution.pl\/for-professionals\/wp-content\/uploads\/sites\/5\/2024\/08\/a6a48c6410402141d22fec42d4836d36-1.png","datePublished":"2024-01-07T16:49:50+00:00","dateModified":"2026-04-17T14:06:22+00:00","breadcrumb":{"@id":"https:\/\/skinsolution.pl\/for-professionals\/produkt\/mdcomplex-genx-mimetic-peptides-growth-factors\/#breadcrumb"},"inLanguage":"pl-PL","potentialAction":[{"@type":"ReadAction","target":["https:\/\/skinsolution.pl\/for-professionals\/produkt\/mdcomplex-genx-mimetic-peptides-growth-factors\/"]}]},{"@type":"ImageObject","inLanguage":"pl-PL","@id":"https:\/\/skinsolution.pl\/for-professionals\/produkt\/mdcomplex-genx-mimetic-peptides-growth-factors\/#primaryimage","url":"https:\/\/skinsolution.pl\/for-professionals\/wp-content\/uploads\/sites\/5\/2024\/08\/a6a48c6410402141d22fec42d4836d36-1.png","contentUrl":"https:\/\/skinsolution.pl\/for-professionals\/wp-content\/uploads\/sites\/5\/2024\/08\/a6a48c6410402141d22fec42d4836d36-1.png","width":2048,"height":2048},{"@type":"BreadcrumbList","@id":"https:\/\/skinsolution.pl\/for-professionals\/produkt\/mdcomplex-genx-mimetic-peptides-growth-factors\/#breadcrumb","itemListElement":[{"@type":"ListItem","position":1,"name":"Strona g\u0142\u00f3wna","item":"https:\/\/skinsolution.pl\/for-professionals\/"},{"@type":"ListItem","position":2,"name":"Sklep","item":"https:\/\/skinsolution.pl\/for-professionals\/sklep\/"},{"@type":"ListItem","position":3,"name":"md:complex\u2122 GenX Mimetic Peptides &#038; Growth Factors (5 x 7 ml)"}]},{"@type":"WebSite","@id":"https:\/\/skinsolution.pl\/for-professionals\/#website","url":"https:\/\/skinsolution.pl\/for-professionals\/","name":"SkinSolution For Professionals","description":"","publisher":{"@id":"https:\/\/skinsolution.pl\/for-professionals\/#organization"},"potentialAction":[{"@type":"SearchAction","target":{"@type":"EntryPoint","urlTemplate":"https:\/\/skinsolution.pl\/for-professionals\/?s={search_term_string}"},"query-input":{"@type":"PropertyValueSpecification","valueRequired":true,"valueName":"search_term_string"}}],"inLanguage":"pl-PL"},{"@type":"Organization","@id":"https:\/\/skinsolution.pl\/for-professionals\/#organization","name":"SkinSolution For Professionals","url":"https:\/\/skinsolution.pl\/for-professionals\/","logo":{"@type":"ImageObject","inLanguage":"pl-PL","@id":"https:\/\/skinsolution.pl\/for-professionals\/#\/schema\/logo\/image\/","url":"https:\/\/skinsolution.pl\/for-professionals\/wp-content\/uploads\/sites\/5\/2025\/03\/SkinSolution_Black2.png","contentUrl":"https:\/\/skinsolution.pl\/for-professionals\/wp-content\/uploads\/sites\/5\/2025\/03\/SkinSolution_Black2.png","width":512,"height":512,"caption":"SkinSolution For Professionals"},"image":{"@id":"https:\/\/skinsolution.pl\/for-professionals\/#\/schema\/logo\/image\/"}}]}},"_links":{"self":[{"href":"https:\/\/skinsolution.pl\/for-professionals\/wp-json\/wp\/v2\/product\/2193","targetHints":{"allow":["GET"]}}],"collection":[{"href":"https:\/\/skinsolution.pl\/for-professionals\/wp-json\/wp\/v2\/product"}],"about":[{"href":"https:\/\/skinsolution.pl\/for-professionals\/wp-json\/wp\/v2\/types\/product"}],"replies":[{"embeddable":true,"href":"https:\/\/skinsolution.pl\/for-professionals\/wp-json\/wp\/v2\/comments?post=2193"}],"wp:featuredmedia":[{"embeddable":true,"href":"https:\/\/skinsolution.pl\/for-professionals\/wp-json\/wp\/v2\/media\/2855"}],"wp:attachment":[{"href":"https:\/\/skinsolution.pl\/for-professionals\/wp-json\/wp\/v2\/media?parent=2193"}],"wp:term":[{"taxonomy":"product_brand","embeddable":true,"href":"https:\/\/skinsolution.pl\/for-professionals\/wp-json\/wp\/v2\/product_brand?post=2193"},{"taxonomy":"product_cat","embeddable":true,"href":"https:\/\/skinsolution.pl\/for-professionals\/wp-json\/wp\/v2\/product_cat?post=2193"},{"taxonomy":"product_tag","embeddable":true,"href":"https:\/\/skinsolution.pl\/for-professionals\/wp-json\/wp\/v2\/product_tag?post=2193"}],"curies":[{"name":"wp","href":"https:\/\/api.w.org\/{rel}","templated":true}]}}