{"id":2179,"date":"2024-01-07T17:48:36","date_gmt":"2024-01-07T16:48:36","guid":{"rendered":"https:\/\/skinsolution.imperit.pl\/for-professionals\/produkt\/mdcomplex-firming-regen\/"},"modified":"2026-04-20T13:14:21","modified_gmt":"2026-04-20T11:14:21","slug":"mdcomplex-firming-regen","status":"publish","type":"product","link":"https:\/\/skinsolution.pl\/for-professionals\/produkt\/mdcomplex-firming-regen\/","title":{"rendered":"md:complex<sup>\u2122<\/sup> Firming-Regen (5 x 5 ml)"},"content":{"rendered":"<p>md:complex\u2122 Firming-Regen<\/p>\n<p>W\u0142a\u015bciwo\u015bci:<br \/>\n\u2022 Preparat regeneruj\u0105co-uj\u0119drniaj\u0105cy chroni integralno\u015b\u0107 macierzy mi\u0119dzykom\u00f3rkowej.<br \/>\n\u2022 Umo\u017cliwia efektywn\u0105 odnow\u0119 i przebudow\u0119 sk\u00f3ry dzi\u0119ki produkcji nowych w\u0142\u00f3kien kolagenowych i elastynowych.<br \/>\n\u2022 Usuwa drobne zmarszczki, poprawia elastyczno\u015b\u0107 i koloryt sk\u00f3ry.<\/p>\n<p>Zastosowanie:<br \/>\n\u2022 Dermapen,<br \/>\n\u2022 Mezoterapia<\/p>\n<p>Substancje czynne:<br \/>\n\u2022 Elastyna,<br \/>\n\u2022 DMAE,<br \/>\n\u2022 Organiczna krzemionka,<br \/>\n\u2022 Siarczan<br \/>\n\u2022 Chondroityny,<br \/>\n\u2022 Kwas askorbinowy<\/p>\n<p>Pojemno\u015b\u0107:<br \/>\nJedno opakowanie zawiera 5 fiolek, ka\u017cda po 5 ml<\/p>\n<p>Producent:<br \/>\nmd:ceuticals<\/p>\n<p>Produkt przeznaczony wy\u0142\u0105cznie do u\u017cytku profesjonalnego.<br \/>\nKupuj\u0105c ten produkt, o\u015bwiadczasz, \u017ce jeste\u015b lekarzem lub posiadasz odpowiednie kwalifikacje oraz przeszkolenie w zakresie medycyny estetycznej.<\/p>\n","protected":false},"excerpt":{"rendered":"<p>Preparat regeneruj\u0105co-uj\u0119drniaj\u0105cy chroni integralno\u015b\u0107 macierzy mi\u0119dzykom\u00f3rkowej<\/p>\n","protected":false},"featured_media":2953,"comment_status":"open","ping_status":"closed","template":"","meta":{"_acf_changed":false},"product_brand":[],"product_cat":[104],"product_tag":[],"class_list":{"0":"post-2179","1":"product","2":"type-product","3":"status-publish","4":"has-post-thumbnail","6":"product_cat-mezokoktajle","8":"first","9":"instock","10":"taxable","11":"shipping-taxable","12":"purchasable","13":"product-type-simple"},"acf":[],"yoast_head":"<!-- This site is optimized with the Yoast SEO plugin v27.4 - https:\/\/yoast.com\/product\/yoast-seo-wordpress\/ -->\n<title>md:complex\u2122 Firming-Regen (5 x 5 ml) | SkinSolution | For Professional<\/title>\n<meta name=\"robots\" content=\"index, follow, max-snippet:-1, max-image-preview:large, max-video-preview:-1\" \/>\n<link rel=\"canonical\" href=\"https:\/\/skinsolution.pl\/for-professionals\/produkt\/mdcomplex-firming-regen\/\" \/>\n<meta property=\"og:locale\" content=\"pl_PL\" \/>\n<meta property=\"og:type\" content=\"article\" \/>\n<meta property=\"og:title\" content=\"md:complex\u2122 Firming-Regen (5 x 5 ml) | SkinSolution | For Professional\" \/>\n<meta property=\"og:description\" content=\"Preparat regeneruj\u0105co-uj\u0119drniaj\u0105cy chroni integralno\u015b\u0107 macierzy mi\u0119dzykom\u00f3rkowej\" \/>\n<meta property=\"og:url\" content=\"https:\/\/skinsolution.pl\/for-professionals\/produkt\/mdcomplex-firming-regen\/\" \/>\n<meta property=\"og:site_name\" content=\"SkinSolution | For Professional\" \/>\n<meta property=\"article:modified_time\" content=\"2026-04-20T11:14:21+00:00\" \/>\n<meta property=\"og:image\" content=\"https:\/\/skinsolution.pl\/for-professionals\/wp-content\/uploads\/sites\/5\/2024\/09\/addc792b10041047ed6420b6f63d5b30.png\" \/>\n\t<meta property=\"og:image:width\" content=\"2048\" \/>\n\t<meta property=\"og:image:height\" content=\"2048\" \/>\n\t<meta property=\"og:image:type\" content=\"image\/png\" \/>\n<meta name=\"twitter:card\" content=\"summary_large_image\" \/>\n<meta name=\"twitter:label1\" content=\"Szacowany czas czytania\" \/>\n\t<meta name=\"twitter:data1\" content=\"1 minuta\" \/>\n<script type=\"application\/ld+json\" class=\"yoast-schema-graph\">{\"@context\":\"https:\\\/\\\/schema.org\",\"@graph\":[{\"@type\":\"WebPage\",\"@id\":\"https:\\\/\\\/skinsolution.pl\\\/for-professionals\\\/produkt\\\/mdcomplex-firming-regen\\\/\",\"url\":\"https:\\\/\\\/skinsolution.pl\\\/for-professionals\\\/produkt\\\/mdcomplex-firming-regen\\\/\",\"name\":\"md:complex\u2122 Firming-Regen (5 x 5 ml) | SkinSolution | For Professional\",\"isPartOf\":{\"@id\":\"https:\\\/\\\/skinsolution.pl\\\/for-professionals\\\/#website\"},\"primaryImageOfPage\":{\"@id\":\"https:\\\/\\\/skinsolution.pl\\\/for-professionals\\\/produkt\\\/mdcomplex-firming-regen\\\/#primaryimage\"},\"image\":{\"@id\":\"https:\\\/\\\/skinsolution.pl\\\/for-professionals\\\/produkt\\\/mdcomplex-firming-regen\\\/#primaryimage\"},\"thumbnailUrl\":\"https:\\\/\\\/skinsolution.pl\\\/for-professionals\\\/wp-content\\\/uploads\\\/sites\\\/5\\\/2024\\\/09\\\/addc792b10041047ed6420b6f63d5b30.png\",\"datePublished\":\"2024-01-07T16:48:36+00:00\",\"dateModified\":\"2026-04-20T11:14:21+00:00\",\"breadcrumb\":{\"@id\":\"https:\\\/\\\/skinsolution.pl\\\/for-professionals\\\/produkt\\\/mdcomplex-firming-regen\\\/#breadcrumb\"},\"inLanguage\":\"pl-PL\",\"potentialAction\":[{\"@type\":\"ReadAction\",\"target\":[\"https:\\\/\\\/skinsolution.pl\\\/for-professionals\\\/produkt\\\/mdcomplex-firming-regen\\\/\"]}]},{\"@type\":\"ImageObject\",\"inLanguage\":\"pl-PL\",\"@id\":\"https:\\\/\\\/skinsolution.pl\\\/for-professionals\\\/produkt\\\/mdcomplex-firming-regen\\\/#primaryimage\",\"url\":\"https:\\\/\\\/skinsolution.pl\\\/for-professionals\\\/wp-content\\\/uploads\\\/sites\\\/5\\\/2024\\\/09\\\/addc792b10041047ed6420b6f63d5b30.png\",\"contentUrl\":\"https:\\\/\\\/skinsolution.pl\\\/for-professionals\\\/wp-content\\\/uploads\\\/sites\\\/5\\\/2024\\\/09\\\/addc792b10041047ed6420b6f63d5b30.png\",\"width\":2048,\"height\":2048},{\"@type\":\"BreadcrumbList\",\"@id\":\"https:\\\/\\\/skinsolution.pl\\\/for-professionals\\\/produkt\\\/mdcomplex-firming-regen\\\/#breadcrumb\",\"itemListElement\":[{\"@type\":\"ListItem\",\"position\":1,\"name\":\"Strona g\u0142\u00f3wna\",\"item\":\"https:\\\/\\\/skinsolution.pl\\\/for-professionals\\\/\"},{\"@type\":\"ListItem\",\"position\":2,\"name\":\"Sklep\",\"item\":\"https:\\\/\\\/skinsolution.pl\\\/for-professionals\\\/sklep\\\/\"},{\"@type\":\"ListItem\",\"position\":3,\"name\":\"md:complex\u2122 Firming-Regen (5 x 5 ml)\"}]},{\"@type\":\"WebSite\",\"@id\":\"https:\\\/\\\/skinsolution.pl\\\/for-professionals\\\/#website\",\"url\":\"https:\\\/\\\/skinsolution.pl\\\/for-professionals\\\/\",\"name\":\"SkinSolution For Professionals\",\"description\":\"\",\"publisher\":{\"@id\":\"https:\\\/\\\/skinsolution.pl\\\/for-professionals\\\/#organization\"},\"potentialAction\":[{\"@type\":\"SearchAction\",\"target\":{\"@type\":\"EntryPoint\",\"urlTemplate\":\"https:\\\/\\\/skinsolution.pl\\\/for-professionals\\\/?s={search_term_string}\"},\"query-input\":{\"@type\":\"PropertyValueSpecification\",\"valueRequired\":true,\"valueName\":\"search_term_string\"}}],\"inLanguage\":\"pl-PL\"},{\"@type\":\"Organization\",\"@id\":\"https:\\\/\\\/skinsolution.pl\\\/for-professionals\\\/#organization\",\"name\":\"SkinSolution For Professionals\",\"url\":\"https:\\\/\\\/skinsolution.pl\\\/for-professionals\\\/\",\"logo\":{\"@type\":\"ImageObject\",\"inLanguage\":\"pl-PL\",\"@id\":\"https:\\\/\\\/skinsolution.pl\\\/for-professionals\\\/#\\\/schema\\\/logo\\\/image\\\/\",\"url\":\"https:\\\/\\\/skinsolution.pl\\\/for-professionals\\\/wp-content\\\/uploads\\\/sites\\\/5\\\/2025\\\/03\\\/SkinSolution_Black2.png\",\"contentUrl\":\"https:\\\/\\\/skinsolution.pl\\\/for-professionals\\\/wp-content\\\/uploads\\\/sites\\\/5\\\/2025\\\/03\\\/SkinSolution_Black2.png\",\"width\":512,\"height\":512,\"caption\":\"SkinSolution For Professionals\"},\"image\":{\"@id\":\"https:\\\/\\\/skinsolution.pl\\\/for-professionals\\\/#\\\/schema\\\/logo\\\/image\\\/\"}}]}<\/script>\n<!-- \/ Yoast SEO plugin. -->","yoast_head_json":{"title":"md:complex\u2122 Firming-Regen (5 x 5 ml) | SkinSolution | For Professional","robots":{"index":"index","follow":"follow","max-snippet":"max-snippet:-1","max-image-preview":"max-image-preview:large","max-video-preview":"max-video-preview:-1"},"canonical":"https:\/\/skinsolution.pl\/for-professionals\/produkt\/mdcomplex-firming-regen\/","og_locale":"pl_PL","og_type":"article","og_title":"md:complex\u2122 Firming-Regen (5 x 5 ml) | SkinSolution | For Professional","og_description":"Preparat regeneruj\u0105co-uj\u0119drniaj\u0105cy chroni integralno\u015b\u0107 macierzy mi\u0119dzykom\u00f3rkowej","og_url":"https:\/\/skinsolution.pl\/for-professionals\/produkt\/mdcomplex-firming-regen\/","og_site_name":"SkinSolution | For Professional","article_modified_time":"2026-04-20T11:14:21+00:00","og_image":[{"width":2048,"height":2048,"url":"https:\/\/skinsolution.pl\/for-professionals\/wp-content\/uploads\/sites\/5\/2024\/09\/addc792b10041047ed6420b6f63d5b30.png","type":"image\/png"}],"twitter_card":"summary_large_image","twitter_misc":{"Szacowany czas czytania":"1 minuta"},"schema":{"@context":"https:\/\/schema.org","@graph":[{"@type":"WebPage","@id":"https:\/\/skinsolution.pl\/for-professionals\/produkt\/mdcomplex-firming-regen\/","url":"https:\/\/skinsolution.pl\/for-professionals\/produkt\/mdcomplex-firming-regen\/","name":"md:complex\u2122 Firming-Regen (5 x 5 ml) | SkinSolution | For Professional","isPartOf":{"@id":"https:\/\/skinsolution.pl\/for-professionals\/#website"},"primaryImageOfPage":{"@id":"https:\/\/skinsolution.pl\/for-professionals\/produkt\/mdcomplex-firming-regen\/#primaryimage"},"image":{"@id":"https:\/\/skinsolution.pl\/for-professionals\/produkt\/mdcomplex-firming-regen\/#primaryimage"},"thumbnailUrl":"https:\/\/skinsolution.pl\/for-professionals\/wp-content\/uploads\/sites\/5\/2024\/09\/addc792b10041047ed6420b6f63d5b30.png","datePublished":"2024-01-07T16:48:36+00:00","dateModified":"2026-04-20T11:14:21+00:00","breadcrumb":{"@id":"https:\/\/skinsolution.pl\/for-professionals\/produkt\/mdcomplex-firming-regen\/#breadcrumb"},"inLanguage":"pl-PL","potentialAction":[{"@type":"ReadAction","target":["https:\/\/skinsolution.pl\/for-professionals\/produkt\/mdcomplex-firming-regen\/"]}]},{"@type":"ImageObject","inLanguage":"pl-PL","@id":"https:\/\/skinsolution.pl\/for-professionals\/produkt\/mdcomplex-firming-regen\/#primaryimage","url":"https:\/\/skinsolution.pl\/for-professionals\/wp-content\/uploads\/sites\/5\/2024\/09\/addc792b10041047ed6420b6f63d5b30.png","contentUrl":"https:\/\/skinsolution.pl\/for-professionals\/wp-content\/uploads\/sites\/5\/2024\/09\/addc792b10041047ed6420b6f63d5b30.png","width":2048,"height":2048},{"@type":"BreadcrumbList","@id":"https:\/\/skinsolution.pl\/for-professionals\/produkt\/mdcomplex-firming-regen\/#breadcrumb","itemListElement":[{"@type":"ListItem","position":1,"name":"Strona g\u0142\u00f3wna","item":"https:\/\/skinsolution.pl\/for-professionals\/"},{"@type":"ListItem","position":2,"name":"Sklep","item":"https:\/\/skinsolution.pl\/for-professionals\/sklep\/"},{"@type":"ListItem","position":3,"name":"md:complex\u2122 Firming-Regen (5 x 5 ml)"}]},{"@type":"WebSite","@id":"https:\/\/skinsolution.pl\/for-professionals\/#website","url":"https:\/\/skinsolution.pl\/for-professionals\/","name":"SkinSolution For Professionals","description":"","publisher":{"@id":"https:\/\/skinsolution.pl\/for-professionals\/#organization"},"potentialAction":[{"@type":"SearchAction","target":{"@type":"EntryPoint","urlTemplate":"https:\/\/skinsolution.pl\/for-professionals\/?s={search_term_string}"},"query-input":{"@type":"PropertyValueSpecification","valueRequired":true,"valueName":"search_term_string"}}],"inLanguage":"pl-PL"},{"@type":"Organization","@id":"https:\/\/skinsolution.pl\/for-professionals\/#organization","name":"SkinSolution For Professionals","url":"https:\/\/skinsolution.pl\/for-professionals\/","logo":{"@type":"ImageObject","inLanguage":"pl-PL","@id":"https:\/\/skinsolution.pl\/for-professionals\/#\/schema\/logo\/image\/","url":"https:\/\/skinsolution.pl\/for-professionals\/wp-content\/uploads\/sites\/5\/2025\/03\/SkinSolution_Black2.png","contentUrl":"https:\/\/skinsolution.pl\/for-professionals\/wp-content\/uploads\/sites\/5\/2025\/03\/SkinSolution_Black2.png","width":512,"height":512,"caption":"SkinSolution For Professionals"},"image":{"@id":"https:\/\/skinsolution.pl\/for-professionals\/#\/schema\/logo\/image\/"}}]}},"_links":{"self":[{"href":"https:\/\/skinsolution.pl\/for-professionals\/wp-json\/wp\/v2\/product\/2179","targetHints":{"allow":["GET"]}}],"collection":[{"href":"https:\/\/skinsolution.pl\/for-professionals\/wp-json\/wp\/v2\/product"}],"about":[{"href":"https:\/\/skinsolution.pl\/for-professionals\/wp-json\/wp\/v2\/types\/product"}],"replies":[{"embeddable":true,"href":"https:\/\/skinsolution.pl\/for-professionals\/wp-json\/wp\/v2\/comments?post=2179"}],"wp:featuredmedia":[{"embeddable":true,"href":"https:\/\/skinsolution.pl\/for-professionals\/wp-json\/wp\/v2\/media\/2953"}],"wp:attachment":[{"href":"https:\/\/skinsolution.pl\/for-professionals\/wp-json\/wp\/v2\/media?parent=2179"}],"wp:term":[{"taxonomy":"product_brand","embeddable":true,"href":"https:\/\/skinsolution.pl\/for-professionals\/wp-json\/wp\/v2\/product_brand?post=2179"},{"taxonomy":"product_cat","embeddable":true,"href":"https:\/\/skinsolution.pl\/for-professionals\/wp-json\/wp\/v2\/product_cat?post=2179"},{"taxonomy":"product_tag","embeddable":true,"href":"https:\/\/skinsolution.pl\/for-professionals\/wp-json\/wp\/v2\/product_tag?post=2179"}],"curies":[{"name":"wp","href":"https:\/\/api.w.org\/{rel}","templated":true}]}}