{"id":2139,"date":"2024-08-20T17:44:28","date_gmt":"2024-08-20T15:44:28","guid":{"rendered":"https:\/\/skinsolution.imperit.pl\/for-professionals\/produkt\/jalupro-young-eye\/"},"modified":"2026-04-09T14:19:31","modified_gmt":"2026-04-09T12:19:31","slug":"jalupro-young-eye","status":"publish","type":"product","link":"https:\/\/skinsolution.pl\/for-professionals\/produkt\/jalupro-young-eye\/","title":{"rendered":"JALUPRO\u00ae Young Eye"},"content":{"rendered":"<p>JALUPRO\u00ae Young Eye to wyr\u00f3b medyczny o unikalnym kompleksie aminokwas\u00f3w w po\u0142\u0105czeniu z nieusieciowanym kwasem hialuronowym. Preparat przeznaczony jest dla sk\u00f3ry w okolicy oczu.<\/p>\n<p>Obszary zastosowania:<br \/>\n\u2022 Okolica podoczodo\u0142owa,<br \/>\n\u2022 Wzd\u0142u\u017c wi\u0119zad\u0142a Orbital Retaining i Zigomatic Ligament,<br \/>\n\u2022 W obszarze zmarszczek mimicznych oraz naczy\u0144 limfatycznych<\/p>\n<p>Wskazania:<br \/>\n\u2022 Wsparcie strefy oko\u0142o oczodo\u0142owej<br \/>\n\u2022 Obrz\u0119ki Malar Bags (worki policzkowe)<br \/>\n\u2022 Wiotko\u015b\u0107, zmarszczki, cienie w okolicy oczu<br \/>\n\u2022 Brak wsparcia, destabilizacja i opadanie tkanek<br \/>\n\u2022 Rozlu\u017anienie wi\u0119zad\u0142a podtrzymuj\u0105cego mi\u0119sie\u0144 okr\u0119\u017cny oka (Orbicularis retaining ligament)<br \/>\n\u2022 Zmarszczki statyczne i mimiczne (kurze \u0142apki) w obr\u0119bie oczodo\u0142u<\/p>\n<p>Uzyskane rezultaty:<br \/>\n\u2022 Wielokierunkowe odm\u0142adzanie okolicy oczodo\u0142owej<br \/>\n\u2022 Zag\u0119szcza, uj\u0119drnia i wyg\u0142adza sk\u00f3r\u0119<br \/>\n\u2022 Redukuje cienie, przywraca prawid\u0142owy koloryt<br \/>\n\u2022 Relaksuje mi\u0119\u015bnie, redukuje zmarszczki mimiczne<br \/>\n\u2022 Udra\u017cnia naczynia limfatyczne, zmniejsza obrz\u0119ki podoczodo\u0142owe (Malar Bags)<\/p>\n<p>Pojemno\u015b\u0107:<br \/>\nJedno opakowanie zawiera 1 ampu\u0142ko-strzykawk\u0119 (1ml) gotow\u0105 do u\u017cycia<\/p>\n<p>Sk\u0142ad:<br \/>\n\u2022 7 aminokwas\u00f3w: Glicyna, L-prolina, L-leucyna, L- lizyna HCL, L-alanina, L-walina, L-arganina HCL<br \/>\n\u2022 Acetyl Decapeptyd 3, Oligopeptyd 24, Acetyl Tetra Peptyd 5<br \/>\n\u2022 dwug\u0119sto\u015bciowy kwas hialuronowy<\/p>\n<p>Producent:<br \/>\nProfessional Derma<\/p>\n<p>Produkt przeznaczony wy\u0142\u0105cznie do u\u017cytku profesjonalnego.<br \/>\nKupuj\u0105c ten produkt, o\u015bwiadczasz, \u017ce jeste\u015b lekarzem przeszkolonym w zakresie medycyny estetycznej.<\/p>\n","protected":false},"excerpt":{"rendered":"<p>Wyr\u00f3b medyczny<\/p>\n<p>Sztuka spojrzenia &#8211; wsparcie sk\u00f3ry w okolicy oczu<\/p>\n<p><strong>Korzy\u015bci zakupu od nas:<\/strong><\/p>\n<ul>\n<li>ORYGINALNY PRODUKT Z OFICJALNEJ DYSTRYBUCJI<\/li>\n<li>GWARANCJA I KNOW-HOW PRODUCENTA<\/li>\n<li>OPIEKA POSPRZEDA\u017bOWA<\/li>\n<li>WSPARCIE DYREKTORA MEDYCZNEGO<\/li>\n<li>WYSY\u0141KA W 24H<\/li>\n<\/ul>\n","protected":false},"featured_media":4033,"comment_status":"open","ping_status":"closed","template":"","meta":{"_acf_changed":false},"product_brand":[],"product_cat":[115],"product_tag":[],"class_list":{"0":"post-2139","1":"product","2":"type-product","3":"status-publish","4":"has-post-thumbnail","6":"product_cat-aminokwasowa-terapia-zastepcza","8":"first","9":"instock","10":"taxable","11":"shipping-taxable","12":"purchasable","13":"product-type-simple"},"acf":[],"yoast_head":"<!-- This site is optimized with the Yoast SEO plugin v27.4 - https:\/\/yoast.com\/product\/yoast-seo-wordpress\/ -->\n<title>JALUPRO\u00ae Young Eye | SkinSolution | For Professional<\/title>\n<meta name=\"robots\" content=\"index, follow, max-snippet:-1, max-image-preview:large, max-video-preview:-1\" \/>\n<link rel=\"canonical\" href=\"https:\/\/skinsolution.pl\/for-professionals\/produkt\/jalupro-young-eye\/\" \/>\n<meta property=\"og:locale\" content=\"pl_PL\" \/>\n<meta property=\"og:type\" content=\"article\" \/>\n<meta property=\"og:title\" content=\"JALUPRO\u00ae Young Eye | SkinSolution | For Professional\" \/>\n<meta property=\"og:description\" content=\"Wyr\u00f3b medyczny  Sztuka spojrzenia - wsparcie sk\u00f3ry w okolicy oczu  Korzy\u015bci zakupu od nas:   ORYGINALNY PRODUKT Z OFICJALNEJ DYSTRYBUCJI  GWARANCJA I KNOW-HOW PRODUCENTA  OPIEKA POSPRZEDA\u017bOWA  WSPARCIE DYREKTORA MEDYCZNEGO  WYSY\u0141KA W 24H\" \/>\n<meta property=\"og:url\" content=\"https:\/\/skinsolution.pl\/for-professionals\/produkt\/jalupro-young-eye\/\" \/>\n<meta property=\"og:site_name\" content=\"SkinSolution | For Professional\" \/>\n<meta property=\"article:modified_time\" content=\"2026-04-09T12:19:31+00:00\" \/>\n<meta property=\"og:image\" content=\"https:\/\/skinsolution.pl\/for-professionals\/wp-content\/uploads\/sites\/5\/2024\/08\/Young-Eye-1.png\" \/>\n\t<meta property=\"og:image:width\" content=\"2400\" \/>\n\t<meta property=\"og:image:height\" content=\"2400\" \/>\n\t<meta property=\"og:image:type\" content=\"image\/png\" \/>\n<meta name=\"twitter:card\" content=\"summary_large_image\" \/>\n<meta name=\"twitter:label1\" content=\"Szacowany czas czytania\" \/>\n\t<meta name=\"twitter:data1\" content=\"2 minuty\" \/>\n<script type=\"application\/ld+json\" class=\"yoast-schema-graph\">{\"@context\":\"https:\\\/\\\/schema.org\",\"@graph\":[{\"@type\":\"WebPage\",\"@id\":\"https:\\\/\\\/skinsolution.pl\\\/for-professionals\\\/produkt\\\/jalupro-young-eye\\\/\",\"url\":\"https:\\\/\\\/skinsolution.pl\\\/for-professionals\\\/produkt\\\/jalupro-young-eye\\\/\",\"name\":\"JALUPRO\u00ae Young Eye | SkinSolution | For Professional\",\"isPartOf\":{\"@id\":\"https:\\\/\\\/skinsolution.pl\\\/for-professionals\\\/#website\"},\"primaryImageOfPage\":{\"@id\":\"https:\\\/\\\/skinsolution.pl\\\/for-professionals\\\/produkt\\\/jalupro-young-eye\\\/#primaryimage\"},\"image\":{\"@id\":\"https:\\\/\\\/skinsolution.pl\\\/for-professionals\\\/produkt\\\/jalupro-young-eye\\\/#primaryimage\"},\"thumbnailUrl\":\"https:\\\/\\\/skinsolution.pl\\\/for-professionals\\\/wp-content\\\/uploads\\\/sites\\\/5\\\/2024\\\/08\\\/Young-Eye-1.png\",\"datePublished\":\"2024-08-20T15:44:28+00:00\",\"dateModified\":\"2026-04-09T12:19:31+00:00\",\"breadcrumb\":{\"@id\":\"https:\\\/\\\/skinsolution.pl\\\/for-professionals\\\/produkt\\\/jalupro-young-eye\\\/#breadcrumb\"},\"inLanguage\":\"pl-PL\",\"potentialAction\":[{\"@type\":\"ReadAction\",\"target\":[\"https:\\\/\\\/skinsolution.pl\\\/for-professionals\\\/produkt\\\/jalupro-young-eye\\\/\"]}]},{\"@type\":\"ImageObject\",\"inLanguage\":\"pl-PL\",\"@id\":\"https:\\\/\\\/skinsolution.pl\\\/for-professionals\\\/produkt\\\/jalupro-young-eye\\\/#primaryimage\",\"url\":\"https:\\\/\\\/skinsolution.pl\\\/for-professionals\\\/wp-content\\\/uploads\\\/sites\\\/5\\\/2024\\\/08\\\/Young-Eye-1.png\",\"contentUrl\":\"https:\\\/\\\/skinsolution.pl\\\/for-professionals\\\/wp-content\\\/uploads\\\/sites\\\/5\\\/2024\\\/08\\\/Young-Eye-1.png\",\"width\":2400,\"height\":2400,\"caption\":\"Young Eye\"},{\"@type\":\"BreadcrumbList\",\"@id\":\"https:\\\/\\\/skinsolution.pl\\\/for-professionals\\\/produkt\\\/jalupro-young-eye\\\/#breadcrumb\",\"itemListElement\":[{\"@type\":\"ListItem\",\"position\":1,\"name\":\"Strona g\u0142\u00f3wna\",\"item\":\"https:\\\/\\\/skinsolution.pl\\\/for-professionals\\\/\"},{\"@type\":\"ListItem\",\"position\":2,\"name\":\"Sklep\",\"item\":\"https:\\\/\\\/skinsolution.pl\\\/for-professionals\\\/sklep\\\/\"},{\"@type\":\"ListItem\",\"position\":3,\"name\":\"JALUPRO\u00ae Young Eye\"}]},{\"@type\":\"WebSite\",\"@id\":\"https:\\\/\\\/skinsolution.pl\\\/for-professionals\\\/#website\",\"url\":\"https:\\\/\\\/skinsolution.pl\\\/for-professionals\\\/\",\"name\":\"SkinSolution For Professionals\",\"description\":\"\",\"publisher\":{\"@id\":\"https:\\\/\\\/skinsolution.pl\\\/for-professionals\\\/#organization\"},\"potentialAction\":[{\"@type\":\"SearchAction\",\"target\":{\"@type\":\"EntryPoint\",\"urlTemplate\":\"https:\\\/\\\/skinsolution.pl\\\/for-professionals\\\/?s={search_term_string}\"},\"query-input\":{\"@type\":\"PropertyValueSpecification\",\"valueRequired\":true,\"valueName\":\"search_term_string\"}}],\"inLanguage\":\"pl-PL\"},{\"@type\":\"Organization\",\"@id\":\"https:\\\/\\\/skinsolution.pl\\\/for-professionals\\\/#organization\",\"name\":\"SkinSolution For Professionals\",\"url\":\"https:\\\/\\\/skinsolution.pl\\\/for-professionals\\\/\",\"logo\":{\"@type\":\"ImageObject\",\"inLanguage\":\"pl-PL\",\"@id\":\"https:\\\/\\\/skinsolution.pl\\\/for-professionals\\\/#\\\/schema\\\/logo\\\/image\\\/\",\"url\":\"https:\\\/\\\/skinsolution.pl\\\/for-professionals\\\/wp-content\\\/uploads\\\/sites\\\/5\\\/2025\\\/03\\\/SkinSolution_Black2.png\",\"contentUrl\":\"https:\\\/\\\/skinsolution.pl\\\/for-professionals\\\/wp-content\\\/uploads\\\/sites\\\/5\\\/2025\\\/03\\\/SkinSolution_Black2.png\",\"width\":512,\"height\":512,\"caption\":\"SkinSolution For Professionals\"},\"image\":{\"@id\":\"https:\\\/\\\/skinsolution.pl\\\/for-professionals\\\/#\\\/schema\\\/logo\\\/image\\\/\"}}]}<\/script>\n<!-- \/ Yoast SEO plugin. -->","yoast_head_json":{"title":"JALUPRO\u00ae Young Eye | SkinSolution | For Professional","robots":{"index":"index","follow":"follow","max-snippet":"max-snippet:-1","max-image-preview":"max-image-preview:large","max-video-preview":"max-video-preview:-1"},"canonical":"https:\/\/skinsolution.pl\/for-professionals\/produkt\/jalupro-young-eye\/","og_locale":"pl_PL","og_type":"article","og_title":"JALUPRO\u00ae Young Eye | SkinSolution | For Professional","og_description":"Wyr\u00f3b medyczny  Sztuka spojrzenia - wsparcie sk\u00f3ry w okolicy oczu  Korzy\u015bci zakupu od nas:   ORYGINALNY PRODUKT Z OFICJALNEJ DYSTRYBUCJI  GWARANCJA I KNOW-HOW PRODUCENTA  OPIEKA POSPRZEDA\u017bOWA  WSPARCIE DYREKTORA MEDYCZNEGO  WYSY\u0141KA W 24H","og_url":"https:\/\/skinsolution.pl\/for-professionals\/produkt\/jalupro-young-eye\/","og_site_name":"SkinSolution | For Professional","article_modified_time":"2026-04-09T12:19:31+00:00","og_image":[{"width":2400,"height":2400,"url":"https:\/\/skinsolution.pl\/for-professionals\/wp-content\/uploads\/sites\/5\/2024\/08\/Young-Eye-1.png","type":"image\/png"}],"twitter_card":"summary_large_image","twitter_misc":{"Szacowany czas czytania":"2 minuty"},"schema":{"@context":"https:\/\/schema.org","@graph":[{"@type":"WebPage","@id":"https:\/\/skinsolution.pl\/for-professionals\/produkt\/jalupro-young-eye\/","url":"https:\/\/skinsolution.pl\/for-professionals\/produkt\/jalupro-young-eye\/","name":"JALUPRO\u00ae Young Eye | SkinSolution | For Professional","isPartOf":{"@id":"https:\/\/skinsolution.pl\/for-professionals\/#website"},"primaryImageOfPage":{"@id":"https:\/\/skinsolution.pl\/for-professionals\/produkt\/jalupro-young-eye\/#primaryimage"},"image":{"@id":"https:\/\/skinsolution.pl\/for-professionals\/produkt\/jalupro-young-eye\/#primaryimage"},"thumbnailUrl":"https:\/\/skinsolution.pl\/for-professionals\/wp-content\/uploads\/sites\/5\/2024\/08\/Young-Eye-1.png","datePublished":"2024-08-20T15:44:28+00:00","dateModified":"2026-04-09T12:19:31+00:00","breadcrumb":{"@id":"https:\/\/skinsolution.pl\/for-professionals\/produkt\/jalupro-young-eye\/#breadcrumb"},"inLanguage":"pl-PL","potentialAction":[{"@type":"ReadAction","target":["https:\/\/skinsolution.pl\/for-professionals\/produkt\/jalupro-young-eye\/"]}]},{"@type":"ImageObject","inLanguage":"pl-PL","@id":"https:\/\/skinsolution.pl\/for-professionals\/produkt\/jalupro-young-eye\/#primaryimage","url":"https:\/\/skinsolution.pl\/for-professionals\/wp-content\/uploads\/sites\/5\/2024\/08\/Young-Eye-1.png","contentUrl":"https:\/\/skinsolution.pl\/for-professionals\/wp-content\/uploads\/sites\/5\/2024\/08\/Young-Eye-1.png","width":2400,"height":2400,"caption":"Young Eye"},{"@type":"BreadcrumbList","@id":"https:\/\/skinsolution.pl\/for-professionals\/produkt\/jalupro-young-eye\/#breadcrumb","itemListElement":[{"@type":"ListItem","position":1,"name":"Strona g\u0142\u00f3wna","item":"https:\/\/skinsolution.pl\/for-professionals\/"},{"@type":"ListItem","position":2,"name":"Sklep","item":"https:\/\/skinsolution.pl\/for-professionals\/sklep\/"},{"@type":"ListItem","position":3,"name":"JALUPRO\u00ae Young Eye"}]},{"@type":"WebSite","@id":"https:\/\/skinsolution.pl\/for-professionals\/#website","url":"https:\/\/skinsolution.pl\/for-professionals\/","name":"SkinSolution For Professionals","description":"","publisher":{"@id":"https:\/\/skinsolution.pl\/for-professionals\/#organization"},"potentialAction":[{"@type":"SearchAction","target":{"@type":"EntryPoint","urlTemplate":"https:\/\/skinsolution.pl\/for-professionals\/?s={search_term_string}"},"query-input":{"@type":"PropertyValueSpecification","valueRequired":true,"valueName":"search_term_string"}}],"inLanguage":"pl-PL"},{"@type":"Organization","@id":"https:\/\/skinsolution.pl\/for-professionals\/#organization","name":"SkinSolution For Professionals","url":"https:\/\/skinsolution.pl\/for-professionals\/","logo":{"@type":"ImageObject","inLanguage":"pl-PL","@id":"https:\/\/skinsolution.pl\/for-professionals\/#\/schema\/logo\/image\/","url":"https:\/\/skinsolution.pl\/for-professionals\/wp-content\/uploads\/sites\/5\/2025\/03\/SkinSolution_Black2.png","contentUrl":"https:\/\/skinsolution.pl\/for-professionals\/wp-content\/uploads\/sites\/5\/2025\/03\/SkinSolution_Black2.png","width":512,"height":512,"caption":"SkinSolution For Professionals"},"image":{"@id":"https:\/\/skinsolution.pl\/for-professionals\/#\/schema\/logo\/image\/"}}]}},"_links":{"self":[{"href":"https:\/\/skinsolution.pl\/for-professionals\/wp-json\/wp\/v2\/product\/2139","targetHints":{"allow":["GET"]}}],"collection":[{"href":"https:\/\/skinsolution.pl\/for-professionals\/wp-json\/wp\/v2\/product"}],"about":[{"href":"https:\/\/skinsolution.pl\/for-professionals\/wp-json\/wp\/v2\/types\/product"}],"replies":[{"embeddable":true,"href":"https:\/\/skinsolution.pl\/for-professionals\/wp-json\/wp\/v2\/comments?post=2139"}],"wp:featuredmedia":[{"embeddable":true,"href":"https:\/\/skinsolution.pl\/for-professionals\/wp-json\/wp\/v2\/media\/4033"}],"wp:attachment":[{"href":"https:\/\/skinsolution.pl\/for-professionals\/wp-json\/wp\/v2\/media?parent=2139"}],"wp:term":[{"taxonomy":"product_brand","embeddable":true,"href":"https:\/\/skinsolution.pl\/for-professionals\/wp-json\/wp\/v2\/product_brand?post=2139"},{"taxonomy":"product_cat","embeddable":true,"href":"https:\/\/skinsolution.pl\/for-professionals\/wp-json\/wp\/v2\/product_cat?post=2139"},{"taxonomy":"product_tag","embeddable":true,"href":"https:\/\/skinsolution.pl\/for-professionals\/wp-json\/wp\/v2\/product_tag?post=2139"}],"curies":[{"name":"wp","href":"https:\/\/api.w.org\/{rel}","templated":true}]}}