{"id":2136,"date":"2024-08-26T14:56:06","date_gmt":"2024-08-26T12:56:06","guid":{"rendered":"https:\/\/skinsolution.imperit.pl\/for-professionals\/produkt\/jalupro-super-hydro\/"},"modified":"2026-04-09T14:19:04","modified_gmt":"2026-04-09T12:19:04","slug":"jalupro-super-hydro","status":"publish","type":"product","link":"https:\/\/skinsolution.pl\/for-professionals\/produkt\/jalupro-super-hydro\/","title":{"rendered":"JALUPRO\u00ae Super Hydro"},"content":{"rendered":"<p>JALUPRO\u00ae Super Hydro to wyr\u00f3b medyczny o unikalnej formule opartej na technice punktowej iniekcji w miejsca przyczepu wi\u0105zade\u0142 do sk\u00f3ry.<\/p>\n<p>Obszary zastosowania:<br \/>\n\u2022 Twarz<br \/>\n\u2022 Powierzchnia grzbietowa r\u0105k<\/p>\n<p>Wskazania:<br \/>\n\u2022 Degradacja kolagenu, os\u0142abienie i rozlu\u017anienie wi\u0119zade\u0142 podtrzymuj\u0105cych w obr\u0119bie twarzy<br \/>\n\u2022 Destabilizacja i deformacja sk\u00f3ry i tkanki podsk\u00f3rnej, opadanie policzk\u00f3w \u201cchomiki\u201d, zaburzony kontur twarzy<br \/>\n\u2022 Sk\u00f3ra cienka, wiotka, powierzchniowe i g\u0142\u0119bokie zmarszczki statyczne i mimiczne<br \/>\n\u2022 Rozlu\u017anienie i destabilizacja Orbital Retaining Ligament. Wiotko\u015b\u0107 sk\u00f3ry, opadanie powiek i worki policzkowe w obszarze oko\u0142ooczodo\u0142owym<br \/>\n\u2022 Cienka, wiotka, pomarszczona oraz bardzo sucha sk\u00f3ra powierzchni<br \/>\ngrzbietowej r\u0105k<\/p>\n<p>Uzyskane rezultaty:<br \/>\n\u2022 Regeneracja i wzmocnienie wi\u0119zade\u0142 w obr\u0119bie twarzy<br \/>\n\u2022 Stabilizacja sk\u00f3ry i tkanki podsk\u00f3rnej. Uniesienie tkanek i prawid\u0142owe umiejscowienie kompartyment\u00f3w twarzy<br \/>\n\u2022 Przywr\u00f3cenie prawid\u0142owego owalu twarzy, uniesienie opadaj\u0105cych chomik\u00f3w<br \/>\n\u2022 Intensywne i d\u0142ugotrwa\u0142e nawil\u017cenie<br \/>\n\u2022 Zag\u0119szczenie oraz poprawa napi\u0119cia sk\u00f3ry twarzy<br \/>\n\u2022 Wyg\u0142adzenie, redukcja zmarszczek statycznych i mimicznych<br \/>\n\u2022 Zag\u0119szczenie, wyg\u0142adzenie i g\u0142\u0119bokie nawil\u017cenie sk\u00f3ry r\u0105k<\/p>\n<p>Pojemno\u015b\u0107:<br \/>\n\u2022 Jedno opakowanie zawiera 1 ampu\u0142ko-strzykawk\u0119 (2,5 ml) gotow\u0105 do u\u017cycia<\/p>\n<p>Sk\u0142ad:<br \/>\n\u2022 Formu\u0142a 4 niezb\u0119dnych do syntezy kolagenu aminokwas\u00f3w (Glicyny, L-Proliny, L-Lizyny, L-Leucyny) zosta\u0142a wzbogacona 3 dodatkowymi aminokwasami: Alanin\u0105 i Walin\u0105 dla wzrostu syntezy kolagenu i elastyny oraz Arginin\u0105 w celu nawil\u017cenia. Unikatowy klaster 65 mg 7 Aminokwas\u00f3w, w kt\u00f3rym a\u017c 50 % (32,5 mg) stanowi Glicyna, 30 % (19,5 mg) Prolina i 20% (13 mg) pozosta\u0142e aminokwasy stanowi kluczowy substrat dla kom\u00f3rek wi\u0119zade\u0142 tenoblast\u00f3w do syntezy kolagenu. W rezultacie wi\u0119zad\u0142a ulegaj\u0105 regeneracji i wzmocnieniu, dzi\u0119ki czemu kompartymenty twarzy stabilizuj\u0105 si\u0119 i unosz\u0105.<br \/>\n\u2022 3 peptydy biomimetyczne do natychmiastowej aktywacji fibroblast\u00f3w Acetyl Dekapeptyd 3 i Oligopeptyd 24 dla proliferacji i aktywacji fibroblast\u00f3w, Acetyl Tetra Peptyd 5 dla udro\u017cnienia naczy\u0144 limfatycznych i zahamowania procesu glikacji kolagenu.<br \/>\n\u2022 80 mg nieusieciowanego kwasu hialuronowego 3,2% st\u0119\u017cenia dw\u00f3ch moleku\u0142 kwasu hialuronowego o niskiej 200 kDa (LMW) i wysokiej 2000 kDa (HMW) masie cz\u0105steczkowej. Zastosowanie dw\u00f3ch moleku\u0142 HA &#8211; zapewnia d\u0142ugotrwa\u0142e nawil\u017cenie, wzmocnienie w\u0142\u00f3kien kolagenowych i stymulacje fibroblast\u00f3w.<\/p>\n<p>Producent:<br \/>\nProfessional Derma<\/p>\n<p>Produkt przeznaczony wy\u0142\u0105cznie do u\u017cytku profesjonalnego.<br \/>\nKupuj\u0105c ten produkt, o\u015bwiadczasz, \u017ce jeste\u015b lekarzem przeszkolonym w zakresie medycyny estetycznej.<\/p>\n","protected":false},"excerpt":{"rendered":"<p>Wyr\u00f3b medyczny<\/p>\n<p>Regeneruje i wzmacnia wi\u0105zad\u0142a oraz stabilizuje poduszki t\u0142uszczowe w obr\u0119bie twarzy<\/p>\n<p><strong>Korzy\u015bci zakupu od nas:<\/strong><\/p>\n<ul>\n<li>ORYGINALNY PRODUKT Z OFICJALNEJ DYSTRYBUCJI<\/li>\n<li>GWARANCJA I KNOW-HOW PRODUCENTA<\/li>\n<li>OPIEKA POSPRZEDA\u017bOWA<\/li>\n<li>WSPARCIE DYREKTORA MEDYCZNEGO<\/li>\n<li>WYSY\u0141KA W 24H<\/li>\n<\/ul>\n","protected":false},"featured_media":4030,"comment_status":"open","ping_status":"closed","template":"","meta":{"_acf_changed":false},"product_brand":[],"product_cat":[115],"product_tag":[],"class_list":{"0":"post-2136","1":"product","2":"type-product","3":"status-publish","4":"has-post-thumbnail","6":"product_cat-aminokwasowa-terapia-zastepcza","8":"first","9":"instock","10":"taxable","11":"shipping-taxable","12":"purchasable","13":"product-type-simple"},"acf":[],"yoast_head":"<!-- This site is optimized with the Yoast SEO plugin v27.4 - https:\/\/yoast.com\/product\/yoast-seo-wordpress\/ -->\n<title>JALUPRO\u00ae Super Hydro | SkinSolution | For Professional<\/title>\n<meta name=\"robots\" content=\"index, follow, max-snippet:-1, max-image-preview:large, max-video-preview:-1\" \/>\n<link rel=\"canonical\" href=\"https:\/\/skinsolution.pl\/for-professionals\/produkt\/jalupro-super-hydro\/\" \/>\n<meta property=\"og:locale\" content=\"pl_PL\" \/>\n<meta property=\"og:type\" content=\"article\" \/>\n<meta property=\"og:title\" content=\"JALUPRO\u00ae Super Hydro | SkinSolution | For Professional\" \/>\n<meta property=\"og:description\" content=\"Wyr\u00f3b medyczny  Regeneruje i wzmacnia wi\u0105zad\u0142a oraz stabilizuje poduszki t\u0142uszczowe w obr\u0119bie twarzy  Korzy\u015bci zakupu od nas:   ORYGINALNY PRODUKT Z OFICJALNEJ DYSTRYBUCJI  GWARANCJA I KNOW-HOW PRODUCENTA  OPIEKA POSPRZEDA\u017bOWA  WSPARCIE DYREKTORA MEDYCZNEGO  WYSY\u0141KA W 24H\" \/>\n<meta property=\"og:url\" content=\"https:\/\/skinsolution.pl\/for-professionals\/produkt\/jalupro-super-hydro\/\" \/>\n<meta property=\"og:site_name\" content=\"SkinSolution | For Professional\" \/>\n<meta property=\"article:modified_time\" content=\"2026-04-09T12:19:04+00:00\" \/>\n<meta property=\"og:image\" content=\"https:\/\/skinsolution.pl\/for-professionals\/wp-content\/uploads\/sites\/5\/2024\/08\/Super-Hydro-1-1.png\" \/>\n\t<meta property=\"og:image:width\" content=\"2400\" \/>\n\t<meta property=\"og:image:height\" content=\"2400\" \/>\n\t<meta property=\"og:image:type\" content=\"image\/png\" \/>\n<meta name=\"twitter:card\" content=\"summary_large_image\" \/>\n<meta name=\"twitter:label1\" content=\"Szacowany czas czytania\" \/>\n\t<meta name=\"twitter:data1\" content=\"3 minuty\" \/>\n<script type=\"application\/ld+json\" class=\"yoast-schema-graph\">{\"@context\":\"https:\\\/\\\/schema.org\",\"@graph\":[{\"@type\":\"WebPage\",\"@id\":\"https:\\\/\\\/skinsolution.pl\\\/for-professionals\\\/produkt\\\/jalupro-super-hydro\\\/\",\"url\":\"https:\\\/\\\/skinsolution.pl\\\/for-professionals\\\/produkt\\\/jalupro-super-hydro\\\/\",\"name\":\"JALUPRO\u00ae Super Hydro | SkinSolution | For Professional\",\"isPartOf\":{\"@id\":\"https:\\\/\\\/skinsolution.pl\\\/for-professionals\\\/#website\"},\"primaryImageOfPage\":{\"@id\":\"https:\\\/\\\/skinsolution.pl\\\/for-professionals\\\/produkt\\\/jalupro-super-hydro\\\/#primaryimage\"},\"image\":{\"@id\":\"https:\\\/\\\/skinsolution.pl\\\/for-professionals\\\/produkt\\\/jalupro-super-hydro\\\/#primaryimage\"},\"thumbnailUrl\":\"https:\\\/\\\/skinsolution.pl\\\/for-professionals\\\/wp-content\\\/uploads\\\/sites\\\/5\\\/2024\\\/08\\\/Super-Hydro-1-1.png\",\"datePublished\":\"2024-08-26T12:56:06+00:00\",\"dateModified\":\"2026-04-09T12:19:04+00:00\",\"breadcrumb\":{\"@id\":\"https:\\\/\\\/skinsolution.pl\\\/for-professionals\\\/produkt\\\/jalupro-super-hydro\\\/#breadcrumb\"},\"inLanguage\":\"pl-PL\",\"potentialAction\":[{\"@type\":\"ReadAction\",\"target\":[\"https:\\\/\\\/skinsolution.pl\\\/for-professionals\\\/produkt\\\/jalupro-super-hydro\\\/\"]}]},{\"@type\":\"ImageObject\",\"inLanguage\":\"pl-PL\",\"@id\":\"https:\\\/\\\/skinsolution.pl\\\/for-professionals\\\/produkt\\\/jalupro-super-hydro\\\/#primaryimage\",\"url\":\"https:\\\/\\\/skinsolution.pl\\\/for-professionals\\\/wp-content\\\/uploads\\\/sites\\\/5\\\/2024\\\/08\\\/Super-Hydro-1-1.png\",\"contentUrl\":\"https:\\\/\\\/skinsolution.pl\\\/for-professionals\\\/wp-content\\\/uploads\\\/sites\\\/5\\\/2024\\\/08\\\/Super-Hydro-1-1.png\",\"width\":2400,\"height\":2400,\"caption\":\"Super Hydro\"},{\"@type\":\"BreadcrumbList\",\"@id\":\"https:\\\/\\\/skinsolution.pl\\\/for-professionals\\\/produkt\\\/jalupro-super-hydro\\\/#breadcrumb\",\"itemListElement\":[{\"@type\":\"ListItem\",\"position\":1,\"name\":\"Strona g\u0142\u00f3wna\",\"item\":\"https:\\\/\\\/skinsolution.pl\\\/for-professionals\\\/\"},{\"@type\":\"ListItem\",\"position\":2,\"name\":\"Sklep\",\"item\":\"https:\\\/\\\/skinsolution.pl\\\/for-professionals\\\/sklep\\\/\"},{\"@type\":\"ListItem\",\"position\":3,\"name\":\"JALUPRO\u00ae Super Hydro\"}]},{\"@type\":\"WebSite\",\"@id\":\"https:\\\/\\\/skinsolution.pl\\\/for-professionals\\\/#website\",\"url\":\"https:\\\/\\\/skinsolution.pl\\\/for-professionals\\\/\",\"name\":\"SkinSolution For Professionals\",\"description\":\"\",\"publisher\":{\"@id\":\"https:\\\/\\\/skinsolution.pl\\\/for-professionals\\\/#organization\"},\"potentialAction\":[{\"@type\":\"SearchAction\",\"target\":{\"@type\":\"EntryPoint\",\"urlTemplate\":\"https:\\\/\\\/skinsolution.pl\\\/for-professionals\\\/?s={search_term_string}\"},\"query-input\":{\"@type\":\"PropertyValueSpecification\",\"valueRequired\":true,\"valueName\":\"search_term_string\"}}],\"inLanguage\":\"pl-PL\"},{\"@type\":\"Organization\",\"@id\":\"https:\\\/\\\/skinsolution.pl\\\/for-professionals\\\/#organization\",\"name\":\"SkinSolution For Professionals\",\"url\":\"https:\\\/\\\/skinsolution.pl\\\/for-professionals\\\/\",\"logo\":{\"@type\":\"ImageObject\",\"inLanguage\":\"pl-PL\",\"@id\":\"https:\\\/\\\/skinsolution.pl\\\/for-professionals\\\/#\\\/schema\\\/logo\\\/image\\\/\",\"url\":\"https:\\\/\\\/skinsolution.pl\\\/for-professionals\\\/wp-content\\\/uploads\\\/sites\\\/5\\\/2025\\\/03\\\/SkinSolution_Black2.png\",\"contentUrl\":\"https:\\\/\\\/skinsolution.pl\\\/for-professionals\\\/wp-content\\\/uploads\\\/sites\\\/5\\\/2025\\\/03\\\/SkinSolution_Black2.png\",\"width\":512,\"height\":512,\"caption\":\"SkinSolution For Professionals\"},\"image\":{\"@id\":\"https:\\\/\\\/skinsolution.pl\\\/for-professionals\\\/#\\\/schema\\\/logo\\\/image\\\/\"}}]}<\/script>\n<!-- \/ Yoast SEO plugin. -->","yoast_head_json":{"title":"JALUPRO\u00ae Super Hydro | SkinSolution | For Professional","robots":{"index":"index","follow":"follow","max-snippet":"max-snippet:-1","max-image-preview":"max-image-preview:large","max-video-preview":"max-video-preview:-1"},"canonical":"https:\/\/skinsolution.pl\/for-professionals\/produkt\/jalupro-super-hydro\/","og_locale":"pl_PL","og_type":"article","og_title":"JALUPRO\u00ae Super Hydro | SkinSolution | For Professional","og_description":"Wyr\u00f3b medyczny  Regeneruje i wzmacnia wi\u0105zad\u0142a oraz stabilizuje poduszki t\u0142uszczowe w obr\u0119bie twarzy  Korzy\u015bci zakupu od nas:   ORYGINALNY PRODUKT Z OFICJALNEJ DYSTRYBUCJI  GWARANCJA I KNOW-HOW PRODUCENTA  OPIEKA POSPRZEDA\u017bOWA  WSPARCIE DYREKTORA MEDYCZNEGO  WYSY\u0141KA W 24H","og_url":"https:\/\/skinsolution.pl\/for-professionals\/produkt\/jalupro-super-hydro\/","og_site_name":"SkinSolution | For Professional","article_modified_time":"2026-04-09T12:19:04+00:00","og_image":[{"width":2400,"height":2400,"url":"https:\/\/skinsolution.pl\/for-professionals\/wp-content\/uploads\/sites\/5\/2024\/08\/Super-Hydro-1-1.png","type":"image\/png"}],"twitter_card":"summary_large_image","twitter_misc":{"Szacowany czas czytania":"3 minuty"},"schema":{"@context":"https:\/\/schema.org","@graph":[{"@type":"WebPage","@id":"https:\/\/skinsolution.pl\/for-professionals\/produkt\/jalupro-super-hydro\/","url":"https:\/\/skinsolution.pl\/for-professionals\/produkt\/jalupro-super-hydro\/","name":"JALUPRO\u00ae Super Hydro | SkinSolution | For Professional","isPartOf":{"@id":"https:\/\/skinsolution.pl\/for-professionals\/#website"},"primaryImageOfPage":{"@id":"https:\/\/skinsolution.pl\/for-professionals\/produkt\/jalupro-super-hydro\/#primaryimage"},"image":{"@id":"https:\/\/skinsolution.pl\/for-professionals\/produkt\/jalupro-super-hydro\/#primaryimage"},"thumbnailUrl":"https:\/\/skinsolution.pl\/for-professionals\/wp-content\/uploads\/sites\/5\/2024\/08\/Super-Hydro-1-1.png","datePublished":"2024-08-26T12:56:06+00:00","dateModified":"2026-04-09T12:19:04+00:00","breadcrumb":{"@id":"https:\/\/skinsolution.pl\/for-professionals\/produkt\/jalupro-super-hydro\/#breadcrumb"},"inLanguage":"pl-PL","potentialAction":[{"@type":"ReadAction","target":["https:\/\/skinsolution.pl\/for-professionals\/produkt\/jalupro-super-hydro\/"]}]},{"@type":"ImageObject","inLanguage":"pl-PL","@id":"https:\/\/skinsolution.pl\/for-professionals\/produkt\/jalupro-super-hydro\/#primaryimage","url":"https:\/\/skinsolution.pl\/for-professionals\/wp-content\/uploads\/sites\/5\/2024\/08\/Super-Hydro-1-1.png","contentUrl":"https:\/\/skinsolution.pl\/for-professionals\/wp-content\/uploads\/sites\/5\/2024\/08\/Super-Hydro-1-1.png","width":2400,"height":2400,"caption":"Super Hydro"},{"@type":"BreadcrumbList","@id":"https:\/\/skinsolution.pl\/for-professionals\/produkt\/jalupro-super-hydro\/#breadcrumb","itemListElement":[{"@type":"ListItem","position":1,"name":"Strona g\u0142\u00f3wna","item":"https:\/\/skinsolution.pl\/for-professionals\/"},{"@type":"ListItem","position":2,"name":"Sklep","item":"https:\/\/skinsolution.pl\/for-professionals\/sklep\/"},{"@type":"ListItem","position":3,"name":"JALUPRO\u00ae Super Hydro"}]},{"@type":"WebSite","@id":"https:\/\/skinsolution.pl\/for-professionals\/#website","url":"https:\/\/skinsolution.pl\/for-professionals\/","name":"SkinSolution For Professionals","description":"","publisher":{"@id":"https:\/\/skinsolution.pl\/for-professionals\/#organization"},"potentialAction":[{"@type":"SearchAction","target":{"@type":"EntryPoint","urlTemplate":"https:\/\/skinsolution.pl\/for-professionals\/?s={search_term_string}"},"query-input":{"@type":"PropertyValueSpecification","valueRequired":true,"valueName":"search_term_string"}}],"inLanguage":"pl-PL"},{"@type":"Organization","@id":"https:\/\/skinsolution.pl\/for-professionals\/#organization","name":"SkinSolution For Professionals","url":"https:\/\/skinsolution.pl\/for-professionals\/","logo":{"@type":"ImageObject","inLanguage":"pl-PL","@id":"https:\/\/skinsolution.pl\/for-professionals\/#\/schema\/logo\/image\/","url":"https:\/\/skinsolution.pl\/for-professionals\/wp-content\/uploads\/sites\/5\/2025\/03\/SkinSolution_Black2.png","contentUrl":"https:\/\/skinsolution.pl\/for-professionals\/wp-content\/uploads\/sites\/5\/2025\/03\/SkinSolution_Black2.png","width":512,"height":512,"caption":"SkinSolution For Professionals"},"image":{"@id":"https:\/\/skinsolution.pl\/for-professionals\/#\/schema\/logo\/image\/"}}]}},"_links":{"self":[{"href":"https:\/\/skinsolution.pl\/for-professionals\/wp-json\/wp\/v2\/product\/2136","targetHints":{"allow":["GET"]}}],"collection":[{"href":"https:\/\/skinsolution.pl\/for-professionals\/wp-json\/wp\/v2\/product"}],"about":[{"href":"https:\/\/skinsolution.pl\/for-professionals\/wp-json\/wp\/v2\/types\/product"}],"replies":[{"embeddable":true,"href":"https:\/\/skinsolution.pl\/for-professionals\/wp-json\/wp\/v2\/comments?post=2136"}],"wp:featuredmedia":[{"embeddable":true,"href":"https:\/\/skinsolution.pl\/for-professionals\/wp-json\/wp\/v2\/media\/4030"}],"wp:attachment":[{"href":"https:\/\/skinsolution.pl\/for-professionals\/wp-json\/wp\/v2\/media?parent=2136"}],"wp:term":[{"taxonomy":"product_brand","embeddable":true,"href":"https:\/\/skinsolution.pl\/for-professionals\/wp-json\/wp\/v2\/product_brand?post=2136"},{"taxonomy":"product_cat","embeddable":true,"href":"https:\/\/skinsolution.pl\/for-professionals\/wp-json\/wp\/v2\/product_cat?post=2136"},{"taxonomy":"product_tag","embeddable":true,"href":"https:\/\/skinsolution.pl\/for-professionals\/wp-json\/wp\/v2\/product_tag?post=2136"}],"curies":[{"name":"wp","href":"https:\/\/api.w.org\/{rel}","templated":true}]}}