{"id":2121,"date":"2024-01-07T17:42:53","date_gmt":"2024-01-07T16:42:53","guid":{"rendered":"https:\/\/skinsolution.imperit.pl\/for-professionals\/produkt\/hyaluamin-strong\/"},"modified":"2026-04-16T12:17:07","modified_gmt":"2026-04-16T10:17:07","slug":"hyaluamin-strong","status":"publish","type":"product","link":"https:\/\/skinsolution.pl\/for-professionals\/produkt\/hyaluamin-strong\/","title":{"rendered":"Hyaluamin\u00ae Strong"},"content":{"rendered":"<p>Hyaluamin\u00ae Strong to wyr\u00f3b medyczny zawieraj\u0105cy optymaln\u0105 kombinacje kwasu hialuronowego i klastra 7 aminokwas\u00f3w (z wysokim st\u0119\u017ceniem glicyny) stworzony by przywr\u00f3ci\u0107 swobod\u0119 ruchu.<\/p>\n<p>Wskazania:<br \/>\nMocno odczuwalny jest b\u00f3l kolana, dyskomfort podczas chodzenia, trudno\u015bci w poruszaniu si\u0119. Powodem jest obni\u017cona elastyczno\u015b\u0107 i lepko\u015b\u0107 mazi stawowej oraz wspomniana post\u0119puj\u0105ca destrukcja chrz\u0105stki stawowej.<\/p>\n<p>Miejsce stosowania:<br \/>\nStawy<\/p>\n<p>Efekty:<br \/>\nUzupe\u0142nienie niedoboru jednego z g\u0142\u00f3wnych sk\u0142adnik\u00f3w mazi stawowej poprzez iniekcj\u0119 roztworu kwasu hialuronowego po\u0142\u0105czonego z wyselekcjonowanym kompleksem aminokwas\u00f3w Hyaluamin Gel poprawia jej elastyczno\u015b\u0107 i lepko\u015b\u0107, w wyniku czego ju\u017c po pierwszym cyklu terapii ruchomo\u015b\u0107 stawu ulega poprawie, a dolegliwo\u015bci b\u00f3lowe ulegaj\u0105 zmniejszeniu.<\/p>\n<p>Pojemno\u015b\u0107:<br \/>\nJedna ampu\u0142kostrzykawka zawiera: 2,5 ml gotowego produktu.<\/p>\n<p>Kompleks aminokwas\u00f3w- Glicyna, L-prolina, L-leucyna i L-lizyna: podstawowe elementy budulcowe kolagenu, przyczyniaj\u0105 si\u0119 do wzmo\u017conej produkcji kolagenu, zwi\u0119kszaj\u0105 mas\u0119 tkanki chrz\u0119stnej, maj\u0105 dzia\u0142anie przeciwzapalne; Kwas hialuronowy- zwi\u0119ksza lepkospr\u0119\u017cysto\u015b\u0107 mazi stawowej, zmniejsza tarcie pomi\u0119dzy powierzchniami stawowymi oraz chroni tkank\u0119 mi\u0119kk\u0105 przed uszkodzeniami, dzia\u0142aj\u0105c jak amortyzator, przynosi ulg\u0119 w b\u00f3lu.<\/p>\n<p>Sk\u0142ad:<br \/>\nWater for injection, Sodium hyaluronate, Glycine, L-proline, L-leucine, L-Lysine HCL.<\/p>\n<p>Producent<br \/>\nProfessional Derma S.A.<\/p>\n<p>Produkt przeznaczony wy\u0142\u0105cznie do u\u017cytku profesjonalnego.<br \/>\nKupuj\u0105c ten produkt, o\u015bwiadczasz, \u017ce jeste\u015b lekarzem lub posiadasz odpowiednie kwalifikacje oraz przeszkolenie w zakresie medycyny estetycznej.<\/p>\n","protected":false},"excerpt":{"rendered":"<p>Wyr\u00f3b medyczny<br \/>\nPoprawa neosyntezy kolagenu<br \/>\nWp\u0142yw na mno\u017cenie chondrocyt\u00f3w<br \/>\nDzia\u0142anie przeciwzapalne<br \/>\nPrzynosi ulg\u0119 w b\u00f3lu<\/p>\n","protected":false},"featured_media":2930,"comment_status":"open","ping_status":"closed","template":"","meta":{"_acf_changed":false},"product_brand":[],"product_cat":[115],"product_tag":[],"class_list":{"0":"post-2121","1":"product","2":"type-product","3":"status-publish","4":"has-post-thumbnail","6":"product_cat-aminokwasowa-terapia-zastepcza","8":"first","9":"instock","10":"taxable","11":"shipping-taxable","12":"purchasable","13":"product-type-simple"},"acf":[],"yoast_head":"<!-- This site is optimized with the Yoast SEO plugin v27.4 - https:\/\/yoast.com\/product\/yoast-seo-wordpress\/ -->\n<title>Hyaluamin\u00ae Strong | SkinSolution | For Professional<\/title>\n<meta name=\"robots\" content=\"index, follow, max-snippet:-1, max-image-preview:large, max-video-preview:-1\" \/>\n<link rel=\"canonical\" href=\"https:\/\/skinsolution.pl\/for-professionals\/produkt\/hyaluamin-strong\/\" \/>\n<meta property=\"og:locale\" content=\"pl_PL\" \/>\n<meta property=\"og:type\" content=\"article\" \/>\n<meta property=\"og:title\" content=\"Hyaluamin\u00ae Strong | SkinSolution | For Professional\" \/>\n<meta property=\"og:description\" content=\"Wyr\u00f3b medyczny Poprawa neosyntezy kolagenu Wp\u0142yw na mno\u017cenie chondrocyt\u00f3w Dzia\u0142anie przeciwzapalne Przynosi ulg\u0119 w b\u00f3lu\" \/>\n<meta property=\"og:url\" content=\"https:\/\/skinsolution.pl\/for-professionals\/produkt\/hyaluamin-strong\/\" \/>\n<meta property=\"og:site_name\" content=\"SkinSolution | For Professional\" \/>\n<meta property=\"article:modified_time\" content=\"2026-04-16T10:17:07+00:00\" \/>\n<meta property=\"og:image\" content=\"https:\/\/skinsolution.pl\/for-professionals\/wp-content\/uploads\/sites\/5\/2024\/09\/4e953f02eae7648834a398b75ab775b6.png\" \/>\n\t<meta property=\"og:image:width\" content=\"2048\" \/>\n\t<meta property=\"og:image:height\" content=\"2048\" \/>\n\t<meta property=\"og:image:type\" content=\"image\/png\" \/>\n<meta name=\"twitter:card\" content=\"summary_large_image\" \/>\n<meta name=\"twitter:label1\" content=\"Szacowany czas czytania\" \/>\n\t<meta name=\"twitter:data1\" content=\"2 minuty\" \/>\n<script type=\"application\/ld+json\" class=\"yoast-schema-graph\">{\"@context\":\"https:\\\/\\\/schema.org\",\"@graph\":[{\"@type\":\"WebPage\",\"@id\":\"https:\\\/\\\/skinsolution.pl\\\/for-professionals\\\/produkt\\\/hyaluamin-strong\\\/\",\"url\":\"https:\\\/\\\/skinsolution.pl\\\/for-professionals\\\/produkt\\\/hyaluamin-strong\\\/\",\"name\":\"Hyaluamin\u00ae Strong | SkinSolution | For Professional\",\"isPartOf\":{\"@id\":\"https:\\\/\\\/skinsolution.pl\\\/for-professionals\\\/#website\"},\"primaryImageOfPage\":{\"@id\":\"https:\\\/\\\/skinsolution.pl\\\/for-professionals\\\/produkt\\\/hyaluamin-strong\\\/#primaryimage\"},\"image\":{\"@id\":\"https:\\\/\\\/skinsolution.pl\\\/for-professionals\\\/produkt\\\/hyaluamin-strong\\\/#primaryimage\"},\"thumbnailUrl\":\"https:\\\/\\\/skinsolution.pl\\\/for-professionals\\\/wp-content\\\/uploads\\\/sites\\\/5\\\/2024\\\/09\\\/4e953f02eae7648834a398b75ab775b6.png\",\"datePublished\":\"2024-01-07T16:42:53+00:00\",\"dateModified\":\"2026-04-16T10:17:07+00:00\",\"breadcrumb\":{\"@id\":\"https:\\\/\\\/skinsolution.pl\\\/for-professionals\\\/produkt\\\/hyaluamin-strong\\\/#breadcrumb\"},\"inLanguage\":\"pl-PL\",\"potentialAction\":[{\"@type\":\"ReadAction\",\"target\":[\"https:\\\/\\\/skinsolution.pl\\\/for-professionals\\\/produkt\\\/hyaluamin-strong\\\/\"]}]},{\"@type\":\"ImageObject\",\"inLanguage\":\"pl-PL\",\"@id\":\"https:\\\/\\\/skinsolution.pl\\\/for-professionals\\\/produkt\\\/hyaluamin-strong\\\/#primaryimage\",\"url\":\"https:\\\/\\\/skinsolution.pl\\\/for-professionals\\\/wp-content\\\/uploads\\\/sites\\\/5\\\/2024\\\/09\\\/4e953f02eae7648834a398b75ab775b6.png\",\"contentUrl\":\"https:\\\/\\\/skinsolution.pl\\\/for-professionals\\\/wp-content\\\/uploads\\\/sites\\\/5\\\/2024\\\/09\\\/4e953f02eae7648834a398b75ab775b6.png\",\"width\":2048,\"height\":2048},{\"@type\":\"BreadcrumbList\",\"@id\":\"https:\\\/\\\/skinsolution.pl\\\/for-professionals\\\/produkt\\\/hyaluamin-strong\\\/#breadcrumb\",\"itemListElement\":[{\"@type\":\"ListItem\",\"position\":1,\"name\":\"Strona g\u0142\u00f3wna\",\"item\":\"https:\\\/\\\/skinsolution.pl\\\/for-professionals\\\/\"},{\"@type\":\"ListItem\",\"position\":2,\"name\":\"Sklep\",\"item\":\"https:\\\/\\\/skinsolution.pl\\\/for-professionals\\\/sklep\\\/\"},{\"@type\":\"ListItem\",\"position\":3,\"name\":\"Hyaluamin\u00ae Strong\"}]},{\"@type\":\"WebSite\",\"@id\":\"https:\\\/\\\/skinsolution.pl\\\/for-professionals\\\/#website\",\"url\":\"https:\\\/\\\/skinsolution.pl\\\/for-professionals\\\/\",\"name\":\"SkinSolution For Professionals\",\"description\":\"\",\"publisher\":{\"@id\":\"https:\\\/\\\/skinsolution.pl\\\/for-professionals\\\/#organization\"},\"potentialAction\":[{\"@type\":\"SearchAction\",\"target\":{\"@type\":\"EntryPoint\",\"urlTemplate\":\"https:\\\/\\\/skinsolution.pl\\\/for-professionals\\\/?s={search_term_string}\"},\"query-input\":{\"@type\":\"PropertyValueSpecification\",\"valueRequired\":true,\"valueName\":\"search_term_string\"}}],\"inLanguage\":\"pl-PL\"},{\"@type\":\"Organization\",\"@id\":\"https:\\\/\\\/skinsolution.pl\\\/for-professionals\\\/#organization\",\"name\":\"SkinSolution For Professionals\",\"url\":\"https:\\\/\\\/skinsolution.pl\\\/for-professionals\\\/\",\"logo\":{\"@type\":\"ImageObject\",\"inLanguage\":\"pl-PL\",\"@id\":\"https:\\\/\\\/skinsolution.pl\\\/for-professionals\\\/#\\\/schema\\\/logo\\\/image\\\/\",\"url\":\"https:\\\/\\\/skinsolution.pl\\\/for-professionals\\\/wp-content\\\/uploads\\\/sites\\\/5\\\/2025\\\/03\\\/SkinSolution_Black2.png\",\"contentUrl\":\"https:\\\/\\\/skinsolution.pl\\\/for-professionals\\\/wp-content\\\/uploads\\\/sites\\\/5\\\/2025\\\/03\\\/SkinSolution_Black2.png\",\"width\":512,\"height\":512,\"caption\":\"SkinSolution For Professionals\"},\"image\":{\"@id\":\"https:\\\/\\\/skinsolution.pl\\\/for-professionals\\\/#\\\/schema\\\/logo\\\/image\\\/\"}}]}<\/script>\n<!-- \/ Yoast SEO plugin. -->","yoast_head_json":{"title":"Hyaluamin\u00ae Strong | SkinSolution | For Professional","robots":{"index":"index","follow":"follow","max-snippet":"max-snippet:-1","max-image-preview":"max-image-preview:large","max-video-preview":"max-video-preview:-1"},"canonical":"https:\/\/skinsolution.pl\/for-professionals\/produkt\/hyaluamin-strong\/","og_locale":"pl_PL","og_type":"article","og_title":"Hyaluamin\u00ae Strong | SkinSolution | For Professional","og_description":"Wyr\u00f3b medyczny Poprawa neosyntezy kolagenu Wp\u0142yw na mno\u017cenie chondrocyt\u00f3w Dzia\u0142anie przeciwzapalne Przynosi ulg\u0119 w b\u00f3lu","og_url":"https:\/\/skinsolution.pl\/for-professionals\/produkt\/hyaluamin-strong\/","og_site_name":"SkinSolution | For Professional","article_modified_time":"2026-04-16T10:17:07+00:00","og_image":[{"width":2048,"height":2048,"url":"https:\/\/skinsolution.pl\/for-professionals\/wp-content\/uploads\/sites\/5\/2024\/09\/4e953f02eae7648834a398b75ab775b6.png","type":"image\/png"}],"twitter_card":"summary_large_image","twitter_misc":{"Szacowany czas czytania":"2 minuty"},"schema":{"@context":"https:\/\/schema.org","@graph":[{"@type":"WebPage","@id":"https:\/\/skinsolution.pl\/for-professionals\/produkt\/hyaluamin-strong\/","url":"https:\/\/skinsolution.pl\/for-professionals\/produkt\/hyaluamin-strong\/","name":"Hyaluamin\u00ae Strong | SkinSolution | For Professional","isPartOf":{"@id":"https:\/\/skinsolution.pl\/for-professionals\/#website"},"primaryImageOfPage":{"@id":"https:\/\/skinsolution.pl\/for-professionals\/produkt\/hyaluamin-strong\/#primaryimage"},"image":{"@id":"https:\/\/skinsolution.pl\/for-professionals\/produkt\/hyaluamin-strong\/#primaryimage"},"thumbnailUrl":"https:\/\/skinsolution.pl\/for-professionals\/wp-content\/uploads\/sites\/5\/2024\/09\/4e953f02eae7648834a398b75ab775b6.png","datePublished":"2024-01-07T16:42:53+00:00","dateModified":"2026-04-16T10:17:07+00:00","breadcrumb":{"@id":"https:\/\/skinsolution.pl\/for-professionals\/produkt\/hyaluamin-strong\/#breadcrumb"},"inLanguage":"pl-PL","potentialAction":[{"@type":"ReadAction","target":["https:\/\/skinsolution.pl\/for-professionals\/produkt\/hyaluamin-strong\/"]}]},{"@type":"ImageObject","inLanguage":"pl-PL","@id":"https:\/\/skinsolution.pl\/for-professionals\/produkt\/hyaluamin-strong\/#primaryimage","url":"https:\/\/skinsolution.pl\/for-professionals\/wp-content\/uploads\/sites\/5\/2024\/09\/4e953f02eae7648834a398b75ab775b6.png","contentUrl":"https:\/\/skinsolution.pl\/for-professionals\/wp-content\/uploads\/sites\/5\/2024\/09\/4e953f02eae7648834a398b75ab775b6.png","width":2048,"height":2048},{"@type":"BreadcrumbList","@id":"https:\/\/skinsolution.pl\/for-professionals\/produkt\/hyaluamin-strong\/#breadcrumb","itemListElement":[{"@type":"ListItem","position":1,"name":"Strona g\u0142\u00f3wna","item":"https:\/\/skinsolution.pl\/for-professionals\/"},{"@type":"ListItem","position":2,"name":"Sklep","item":"https:\/\/skinsolution.pl\/for-professionals\/sklep\/"},{"@type":"ListItem","position":3,"name":"Hyaluamin\u00ae Strong"}]},{"@type":"WebSite","@id":"https:\/\/skinsolution.pl\/for-professionals\/#website","url":"https:\/\/skinsolution.pl\/for-professionals\/","name":"SkinSolution For Professionals","description":"","publisher":{"@id":"https:\/\/skinsolution.pl\/for-professionals\/#organization"},"potentialAction":[{"@type":"SearchAction","target":{"@type":"EntryPoint","urlTemplate":"https:\/\/skinsolution.pl\/for-professionals\/?s={search_term_string}"},"query-input":{"@type":"PropertyValueSpecification","valueRequired":true,"valueName":"search_term_string"}}],"inLanguage":"pl-PL"},{"@type":"Organization","@id":"https:\/\/skinsolution.pl\/for-professionals\/#organization","name":"SkinSolution For Professionals","url":"https:\/\/skinsolution.pl\/for-professionals\/","logo":{"@type":"ImageObject","inLanguage":"pl-PL","@id":"https:\/\/skinsolution.pl\/for-professionals\/#\/schema\/logo\/image\/","url":"https:\/\/skinsolution.pl\/for-professionals\/wp-content\/uploads\/sites\/5\/2025\/03\/SkinSolution_Black2.png","contentUrl":"https:\/\/skinsolution.pl\/for-professionals\/wp-content\/uploads\/sites\/5\/2025\/03\/SkinSolution_Black2.png","width":512,"height":512,"caption":"SkinSolution For Professionals"},"image":{"@id":"https:\/\/skinsolution.pl\/for-professionals\/#\/schema\/logo\/image\/"}}]}},"_links":{"self":[{"href":"https:\/\/skinsolution.pl\/for-professionals\/wp-json\/wp\/v2\/product\/2121","targetHints":{"allow":["GET"]}}],"collection":[{"href":"https:\/\/skinsolution.pl\/for-professionals\/wp-json\/wp\/v2\/product"}],"about":[{"href":"https:\/\/skinsolution.pl\/for-professionals\/wp-json\/wp\/v2\/types\/product"}],"replies":[{"embeddable":true,"href":"https:\/\/skinsolution.pl\/for-professionals\/wp-json\/wp\/v2\/comments?post=2121"}],"wp:featuredmedia":[{"embeddable":true,"href":"https:\/\/skinsolution.pl\/for-professionals\/wp-json\/wp\/v2\/media\/2930"}],"wp:attachment":[{"href":"https:\/\/skinsolution.pl\/for-professionals\/wp-json\/wp\/v2\/media?parent=2121"}],"wp:term":[{"taxonomy":"product_brand","embeddable":true,"href":"https:\/\/skinsolution.pl\/for-professionals\/wp-json\/wp\/v2\/product_brand?post=2121"},{"taxonomy":"product_cat","embeddable":true,"href":"https:\/\/skinsolution.pl\/for-professionals\/wp-json\/wp\/v2\/product_cat?post=2121"},{"taxonomy":"product_tag","embeddable":true,"href":"https:\/\/skinsolution.pl\/for-professionals\/wp-json\/wp\/v2\/product_tag?post=2121"}],"curies":[{"name":"wp","href":"https:\/\/api.w.org\/{rel}","templated":true}]}}