{"id":2085,"date":"2024-01-07T15:59:37","date_gmt":"2024-01-07T14:59:37","guid":{"rendered":"https:\/\/skinsolution.imperit.pl\/for-professionals\/?page_id=2085"},"modified":"2024-06-07T00:13:08","modified_gmt":"2024-06-06T22:13:08","slug":"polityka-zwrotow","status":"publish","type":"page","link":"https:\/\/skinsolution.pl\/for-professionals\/polityka-zwrotow\/","title":{"rendered":"Polityka Zwrot\u00f3w"},"content":{"rendered":"\r\n<p class=\"p1\">Zgodnie z art. 38 ust. 1 pkt 5 ustawy z dnia 30 maja 2014 roku o prawach konsumenta (Dz.U. 2023.2759 z p\u00f3\u017aniejszymi zmianami) <b>towary dostarczane w zapiecz\u0119towanym opakowaniu nie podlegaj\u0105 zwrotowi z uwagi na ochron\u0119 zdrowia lub ze wzgl\u0119d\u00f3w higienicznych, je\u017celi opakowanie zosta\u0142o otwarte po dor\u0119czeniu. . Towary takie mog\u0105 by\u0107 zwracany wy\u0142\u0105cznie z powodu wady jako\u015bciowej lub niew\u0142a\u015bciwego jego wydania.<\/b><\/p>\r\n<p class=\"p1\">Konsument, kt\u00f3ry zawar\u0142 umow\u0119 na odleg\u0142o\u015b\u0107, mo\u017ce w terminie 14 dni kalendarzowych odst\u0105pi\u0107 od niej bez podawania przyczyny i bez ponoszenia koszt\u00f3w, z wyj\u0105tkiem koszt\u00f3w okre\u015blonych w Za\u0142\u0105czniku nr 1 do Regulaminu. Do zachowania terminu wystarczy wys\u0142anie o\u015bwiadczenia przed jego up\u0142ywem. O\u015bwiadczenie o odst\u0105pieniu od umowy mo\u017ce zosta\u0107 z\u0142o\u017cone na przyk\u0142ad:<\/p>\r\n\r\n<ul class=\"ul1\">\r\n \t<li class=\"li1\">pisemnie na adres: ul. Kr\u00f3lowej Marysie\u0144ki 20, 02-954 Warszawa;<\/li>\r\n \t<li class=\"li1\">w formie elektronicznej za po\u015brednictwem poczty elektronicznej na adres: <a href=\"mailto:sklep@skinsolution.pl\"><span class=\"s2\">sklep@skinsolution.pl<\/span><\/a>;<\/li>\r\n \t<li class=\"li1\">telefonicznie pod numerem: 530 696\u00a0187.<\/li>\r\n<\/ul>\r\n<p class=\"p1\">Przyk\u0142adowy wz\u00f3r formularza odst\u0105pienia od umowy zawarty jest w za\u0142\u0105czniku nr 2 do Ustawy o Prawach Konsumenta oraz dodatkowo dost\u0119pny jest na stronie Sklepu Internetowego w zak\u0142adce dotycz\u0105cej odst\u0105pienia od umowy. Konsument mo\u017ce skorzysta\u0107 z wzoru formularza, jednak nie jest to obowi\u0105zkowe.<\/p>\r\n<p class=\"p1\">Bieg terminu do odst\u0105pienia od umowy rozpoczyna si\u0119:<\/p>\r\n\r\n<ul class=\"ul1\">\r\n \t<li class=\"li1\">dla umowy, w wykonaniu kt\u00f3rej Sprzedawca wydaje Produkt, b\u0119d\u0105c zobowi\u0105zany do przeniesienia jego w\u0142asno\u015bci (np. Umowa Sprzeda\u017cy) \u2013 od obj\u0119cia Produktu w posiadanie przez konsumenta lub wskazan\u0105 przez niego osob\u0119 trzeci\u0105 inn\u0105 ni\u017c przewo\u017anik, a w przypadku umowy, kt\u00f3ra: (1) obejmuje wiele Produkt\u00f3w, kt\u00f3re s\u0105 dostarczane osobno, partiami lub w cz\u0119\u015bciach \u2013 od obj\u0119cia w posiadanie ostatniego Produktu, partii lub cz\u0119\u015bci albo (2) polega na regularnym dostarczaniu Produkt\u00f3w przez czas oznaczony \u2013 od obj\u0119cia w posiadanie pierwszego z Produkt\u00f3w;<\/li>\r\n \t<li class=\"li1\">dla pozosta\u0142ych um\u00f3w \u2013 od dnia zawarcia umowy.<\/li>\r\n<\/ul>\r\n<p class=\"p1\">W przypadku odst\u0105pienia od umowy zawartej na odleg\u0142o\u015b\u0107 umow\u0119 uwa\u017ca si\u0119 za niezawart\u0105.<\/p>\r\n<p class=\"p1\">Sprzedawca ma obowi\u0105zek niezw\u0142ocznie, nie p\u00f3\u017aniej ni\u017c w terminie 14 dni kalendarzowych od dnia otrzymania o\u015bwiadczenia konsumenta o odst\u0105pieniu od umowy, zwr\u00f3ci\u0107 konsumentowi wszystkie dokonane przez niego p\u0142atno\u015bci, w tym koszty dostawy Produktu (z wyj\u0105tkiem dodatkowych koszt\u00f3w wynikaj\u0105cych z wybranego przez konsumenta sposobu dostawy innego ni\u017c najta\u0144szy zwyk\u0142y spos\u00f3b dostawy dost\u0119pny w Sklepie Internetowym). Sprzedawca dokonuje zwrotu p\u0142atno\u015bci przy u\u017cyciu takiego samego sposobu p\u0142atno\u015bci, jakiego u\u017cy\u0142 konsument, chyba \u017ce konsument wyra\u017anie zgodzi\u0142 si\u0119 na inny spos\u00f3b zwrotu, kt\u00f3ry nie wi\u0105\u017ce si\u0119 dla niego z \u017cadnymi kosztami. Je\u017celi Sprzedawca nie zaproponowa\u0142, \u017ce sam odbierze Produkt od konsumenta, mo\u017ce wstrzyma\u0107 si\u0119 ze zwrotem p\u0142atno\u015bci otrzymanych od konsumenta do chwili otrzymania Produktu z powrotem lub dostarczenia przez konsumenta dowodu jego odes\u0142ania, w zale\u017cno\u015bci od tego, kt\u00f3re zdarzenie nast\u0105pi wcze\u015bniej.<\/p>\r\n<p class=\"p1\">Konsument ma obowi\u0105zek niezw\u0142ocznie, nie p\u00f3\u017aniej ni\u017c w terminie 14 dni kalendarzowych od dnia, w kt\u00f3rym odst\u0105pi\u0142 od umowy, zwr\u00f3ci\u0107 Produkt Sprzedawcy lub przekaza\u0107 go osobie upowa\u017cnionej przez Sprzedawc\u0119 do odbioru, chyba \u017ce Sprzedawca zaproponowa\u0142, \u017ce sam odbierze Produkt. Do zachowania terminu wystarczy odes\u0142anie Produktu przed jego up\u0142ywem. Konsument mo\u017ce zwr\u00f3ci\u0107 Produkt na adres: ul. Kr\u00f3lowej Marysie\u0144ki 20, 02-954 Warszawa;<\/p>\r\n<p class=\"p1\">Konsument ponosi odpowiedzialno\u015b\u0107 za zmniejszenie warto\u015bci Produktu b\u0119d\u0105ce wynikiem korzystania z niego w spos\u00f3b wykraczaj\u0105cy poza konieczny do stwierdzenia charakteru, cech i funkcjonowania Produktu.<\/p>\r\n<p class=\"p1\">Mo\u017cliwe koszty zwi\u0105zane z odst\u0105pieniem przez konsumenta od umowy, kt\u00f3re obowi\u0105zany jest ponie\u015b\u0107 konsument:<\/p>\r\n<p class=\"p1\">Je\u017celi konsument wybra\u0142 spos\u00f3b dostawy Produktu inny ni\u017c najta\u0144szy zwyk\u0142y spos\u00f3b dostawy dost\u0119pny w Sklepie Internetowym, Sprzedawca nie jest zobowi\u0105zany do zwrotu konsumentowi poniesionych przez niego dodatkowych koszt\u00f3w.<\/p>\r\n<p class=\"p1\">Konsument ponosi bezpo\u015brednie koszty zwrotu Produktu.<\/p>\r\n<p class=\"p1\">W przypadku Produktu b\u0119d\u0105cego us\u0142ug\u0105, kt\u00f3rej wykonywanie \u2013 na wyra\u017ane \u017c\u0105danie konsumenta \u2013 rozpocz\u0119\u0142o si\u0119 przed up\u0142ywem terminu do odst\u0105pienia od umowy, konsument, kt\u00f3ry wykonuje prawo odst\u0105pienia od umowy po zg\u0142oszeniu takiego \u017c\u0105dania, ma obowi\u0105zek zap\u0142aty za \u015bwiadczenia spe\u0142nione do chwili odst\u0105pienia od umowy. Kwot\u0119 zap\u0142aty oblicza si\u0119 proporcjonalnie do zakresu spe\u0142nionego \u015bwiadczenia, z uwzgl\u0119dnieniem uzgodnionej w umowie ceny lub wynagrodzenia. Je\u017celi cena lub wynagrodzenie s\u0105 nadmierne, podstaw\u0105 obliczenia tej kwoty jest warto\u015b\u0107 rynkowa spe\u0142nionego \u015bwiadczenia.<\/p>\r\n<p class=\"p1\">Prawo odst\u0105pienia od umowy zawartej na odleg\u0142o\u015b\u0107 nie przys\u0142uguje konsumentowi w odniesieniu do um\u00f3w:<\/p>\r\n<p class=\"p1\">(1) o \u015bwiadczenie us\u0142ug, za kt\u00f3re Klient by\u0142 zobowi\u0105zany zap\u0142aci\u0107, je\u017celi Sprzedawca wykona\u0142 w pe\u0142ni us\u0142ug\u0119 za wyra\u017an\u0105 zgod\u0105 konsumenta, kt\u00f3ry zosta\u0142 poinformowany przed rozpocz\u0119ciem \u015bwiadczenia, \u017ce po spe\u0142nieniu \u015bwiadczenia przez Sprzedawc\u0119 utraci prawo odst\u0105pienia od umowy i przyj\u0105\u0142 to do wiadomo\u015bci;<\/p>\r\n<p class=\"p1\">(2) o dostarczanie tre\u015bci cyfrowych niedostarczanych na no\u015bniku materialnym, za kt\u00f3re Klient jest zobowi\u0105zany do zap\u0142aty ceny, je\u017celi Sprzedawca rozpocz\u0105\u0142 \u015bwiadczenie za wyra\u017an\u0105 i uprzedni\u0105 zgod\u0105 Klienta, kt\u00f3ry zosta\u0142 poinformowany przed rozpocz\u0119ciem \u015bwiadczenia, \u017ce po spe\u0142nieniu \u015bwiadczenia przez Sprzedawc\u0119 utraci prawo odst\u0105pienia od umowy, i przyj\u0105\u0142 to do wiadomo\u015bci, a Sprzedawca przekaza\u0142 Klientowi potwierdzenie otrzymania zgody;<\/p>\r\n<p class=\"p1\">(3)<span class=\"Apple-converted-space\">\u00a0 <\/span>w kt\u00f3rej przedmiotem \u015bwiadczenia jest Produkt nieprefabrykowany, wyprodukowany wed\u0142ug specyfikacji konsumenta lub s\u0142u\u017c\u0105cy zaspokojeniu jego zindywidualizowanych potrzeb (tzw. towar na zam\u00f3wienie);<\/p>\r\n<p class=\"p1\">(4) w kt\u00f3rej przedmiotem \u015bwiadczenia jest Produkt ulegaj\u0105cy szybkiemu zepsuciu lub maj\u0105ca kr\u00f3tki termin przydatno\u015bci do u\u017cycia;<\/p>\r\n<p class=\"p1\">(5) w kt\u00f3rej przedmiotem \u015bwiadczenia jest Produkt dostarczany w zapiecz\u0119towanym opakowaniu, kt\u00f3rego po otwarciu opakowania nie mo\u017cna zwr\u00f3ci\u0107 ze wzgl\u0119du na ochron\u0119 zdrowia lub ze wzgl\u0119d\u00f3w higienicznych, je\u017celi opakowanie zosta\u0142o otwarte po dostarczeniu;<\/p>\r\n<p class=\"p1\">(6) w kt\u00f3rej przedmiotem \u015bwiadczenia s\u0105 Produkty, kt\u00f3re po dostarczeniu, ze wzgl\u0119du na sw\u00f3j charakter, zostaj\u0105 nieroz\u0142\u0105cznie po\u0142\u0105czone z innymi rzeczami;<\/p>\r\n<p class=\"p2\">(7)<span class=\"Apple-converted-space\">\u00a0 \u00a0 <\/span>o \u015bwiadczenie us\u0142ug, za kt\u00f3re Klient jest zobowi\u0105zany do zap\u0142aty ceny w przypadku, kt\u00f3rych Klient wyra\u017anie za\u017c\u0105da\u0142 od Sprzedawcy. aby przyjecha\u0142 do niego w celu dokonania naprawy, a us\u0142uga zosta\u0142a ju\u017c w pe\u0142ni wykonana za wyra\u017an\u0105 i uprzedni\u0105 zgod\u0105 Klienta.<\/p>\r\n","protected":false},"excerpt":{"rendered":"<p>Zgodnie z art. 38 ust. 1 pkt 5 ustawy z dnia 30 maja 2014 roku o prawach konsumenta (Dz.U. 2023.2759 z p\u00f3\u017aniejszymi zmianami) towary dostarczane w zapiecz\u0119towanym opakowaniu nie podlegaj\u0105 zwrotowi z uwagi na ochron\u0119 zdrowia lub ze wzgl\u0119d\u00f3w higienicznych, je\u017celi opakowanie zosta\u0142o otwarte po dor\u0119czeniu. . Towary takie mog\u0105 by\u0107 zwracany wy\u0142\u0105cznie z powodu<\/p>\n<div class=\"klb-readmore entry-button\"><a class=\"button light alt medium\" href=\"https:\/\/skinsolution.pl\/for-professionals\/polityka-zwrotow\/\">Read More<\/a><\/div>\n","protected":false},"author":1,"featured_media":0,"parent":0,"menu_order":0,"comment_status":"closed","ping_status":"closed","template":"","meta":{"_acf_changed":false,"footnotes":""},"class_list":["post-2085","page","type-page","status-publish","hentry"],"acf":[],"yoast_head":"<!-- This site is optimized with the Yoast SEO plugin v27.4 - https:\/\/yoast.com\/product\/yoast-seo-wordpress\/ -->\n<title>Polityka Zwrot\u00f3w | SkinSolution | For Professional<\/title>\n<meta name=\"robots\" content=\"index, follow, max-snippet:-1, max-image-preview:large, max-video-preview:-1\" \/>\n<link rel=\"canonical\" href=\"https:\/\/skinsolution.pl\/for-professionals\/polityka-zwrotow\/\" \/>\n<meta property=\"og:locale\" content=\"pl_PL\" \/>\n<meta property=\"og:type\" content=\"article\" \/>\n<meta property=\"og:title\" content=\"Polityka Zwrot\u00f3w | SkinSolution | For Professional\" \/>\n<meta property=\"og:description\" content=\"Zgodnie z art. 38 ust. 1 pkt 5 ustawy z dnia 30 maja 2014 roku o prawach konsumenta (Dz.U. 2023.2759 z p\u00f3\u017aniejszymi zmianami) towary dostarczane w zapiecz\u0119towanym opakowaniu nie podlegaj\u0105 zwrotowi z uwagi na ochron\u0119 zdrowia lub ze wzgl\u0119d\u00f3w higienicznych, je\u017celi opakowanie zosta\u0142o otwarte po dor\u0119czeniu. . Towary takie mog\u0105 by\u0107 zwracany wy\u0142\u0105cznie z powoduRead More\" \/>\n<meta property=\"og:url\" content=\"https:\/\/skinsolution.pl\/for-professionals\/polityka-zwrotow\/\" \/>\n<meta property=\"og:site_name\" content=\"SkinSolution | For Professional\" \/>\n<meta property=\"article:modified_time\" content=\"2024-06-06T22:13:08+00:00\" \/>\n<meta name=\"twitter:card\" content=\"summary_large_image\" \/>\n<meta name=\"twitter:label1\" content=\"Szacowany czas czytania\" \/>\n\t<meta name=\"twitter:data1\" content=\"5 minut\" \/>\n<script type=\"application\/ld+json\" class=\"yoast-schema-graph\">{\"@context\":\"https:\\\/\\\/schema.org\",\"@graph\":[{\"@type\":\"WebPage\",\"@id\":\"https:\\\/\\\/skinsolution.pl\\\/for-professionals\\\/polityka-zwrotow\\\/\",\"url\":\"https:\\\/\\\/skinsolution.pl\\\/for-professionals\\\/polityka-zwrotow\\\/\",\"name\":\"Polityka Zwrot\u00f3w | SkinSolution | For Professional\",\"isPartOf\":{\"@id\":\"https:\\\/\\\/skinsolution.pl\\\/for-professionals\\\/#website\"},\"datePublished\":\"2024-01-07T14:59:37+00:00\",\"dateModified\":\"2024-06-06T22:13:08+00:00\",\"breadcrumb\":{\"@id\":\"https:\\\/\\\/skinsolution.pl\\\/for-professionals\\\/polityka-zwrotow\\\/#breadcrumb\"},\"inLanguage\":\"pl-PL\",\"potentialAction\":[{\"@type\":\"ReadAction\",\"target\":[\"https:\\\/\\\/skinsolution.pl\\\/for-professionals\\\/polityka-zwrotow\\\/\"]}]},{\"@type\":\"BreadcrumbList\",\"@id\":\"https:\\\/\\\/skinsolution.pl\\\/for-professionals\\\/polityka-zwrotow\\\/#breadcrumb\",\"itemListElement\":[{\"@type\":\"ListItem\",\"position\":1,\"name\":\"Strona g\u0142\u00f3wna\",\"item\":\"https:\\\/\\\/skinsolution.pl\\\/for-professionals\\\/\"},{\"@type\":\"ListItem\",\"position\":2,\"name\":\"Polityka Zwrot\u00f3w\"}]},{\"@type\":\"WebSite\",\"@id\":\"https:\\\/\\\/skinsolution.pl\\\/for-professionals\\\/#website\",\"url\":\"https:\\\/\\\/skinsolution.pl\\\/for-professionals\\\/\",\"name\":\"SkinSolution For Professionals\",\"description\":\"\",\"publisher\":{\"@id\":\"https:\\\/\\\/skinsolution.pl\\\/for-professionals\\\/#organization\"},\"potentialAction\":[{\"@type\":\"SearchAction\",\"target\":{\"@type\":\"EntryPoint\",\"urlTemplate\":\"https:\\\/\\\/skinsolution.pl\\\/for-professionals\\\/?s={search_term_string}\"},\"query-input\":{\"@type\":\"PropertyValueSpecification\",\"valueRequired\":true,\"valueName\":\"search_term_string\"}}],\"inLanguage\":\"pl-PL\"},{\"@type\":\"Organization\",\"@id\":\"https:\\\/\\\/skinsolution.pl\\\/for-professionals\\\/#organization\",\"name\":\"SkinSolution For Professionals\",\"url\":\"https:\\\/\\\/skinsolution.pl\\\/for-professionals\\\/\",\"logo\":{\"@type\":\"ImageObject\",\"inLanguage\":\"pl-PL\",\"@id\":\"https:\\\/\\\/skinsolution.pl\\\/for-professionals\\\/#\\\/schema\\\/logo\\\/image\\\/\",\"url\":\"https:\\\/\\\/skinsolution.pl\\\/for-professionals\\\/wp-content\\\/uploads\\\/sites\\\/5\\\/2025\\\/03\\\/SkinSolution_Black2.png\",\"contentUrl\":\"https:\\\/\\\/skinsolution.pl\\\/for-professionals\\\/wp-content\\\/uploads\\\/sites\\\/5\\\/2025\\\/03\\\/SkinSolution_Black2.png\",\"width\":512,\"height\":512,\"caption\":\"SkinSolution For Professionals\"},\"image\":{\"@id\":\"https:\\\/\\\/skinsolution.pl\\\/for-professionals\\\/#\\\/schema\\\/logo\\\/image\\\/\"}}]}<\/script>\n<!-- \/ Yoast SEO plugin. -->","yoast_head_json":{"title":"Polityka Zwrot\u00f3w | SkinSolution | For Professional","robots":{"index":"index","follow":"follow","max-snippet":"max-snippet:-1","max-image-preview":"max-image-preview:large","max-video-preview":"max-video-preview:-1"},"canonical":"https:\/\/skinsolution.pl\/for-professionals\/polityka-zwrotow\/","og_locale":"pl_PL","og_type":"article","og_title":"Polityka Zwrot\u00f3w | SkinSolution | For Professional","og_description":"Zgodnie z art. 38 ust. 1 pkt 5 ustawy z dnia 30 maja 2014 roku o prawach konsumenta (Dz.U. 2023.2759 z p\u00f3\u017aniejszymi zmianami) towary dostarczane w zapiecz\u0119towanym opakowaniu nie podlegaj\u0105 zwrotowi z uwagi na ochron\u0119 zdrowia lub ze wzgl\u0119d\u00f3w higienicznych, je\u017celi opakowanie zosta\u0142o otwarte po dor\u0119czeniu. . Towary takie mog\u0105 by\u0107 zwracany wy\u0142\u0105cznie z powoduRead More","og_url":"https:\/\/skinsolution.pl\/for-professionals\/polityka-zwrotow\/","og_site_name":"SkinSolution | For Professional","article_modified_time":"2024-06-06T22:13:08+00:00","twitter_card":"summary_large_image","twitter_misc":{"Szacowany czas czytania":"5 minut"},"schema":{"@context":"https:\/\/schema.org","@graph":[{"@type":"WebPage","@id":"https:\/\/skinsolution.pl\/for-professionals\/polityka-zwrotow\/","url":"https:\/\/skinsolution.pl\/for-professionals\/polityka-zwrotow\/","name":"Polityka Zwrot\u00f3w | SkinSolution | For Professional","isPartOf":{"@id":"https:\/\/skinsolution.pl\/for-professionals\/#website"},"datePublished":"2024-01-07T14:59:37+00:00","dateModified":"2024-06-06T22:13:08+00:00","breadcrumb":{"@id":"https:\/\/skinsolution.pl\/for-professionals\/polityka-zwrotow\/#breadcrumb"},"inLanguage":"pl-PL","potentialAction":[{"@type":"ReadAction","target":["https:\/\/skinsolution.pl\/for-professionals\/polityka-zwrotow\/"]}]},{"@type":"BreadcrumbList","@id":"https:\/\/skinsolution.pl\/for-professionals\/polityka-zwrotow\/#breadcrumb","itemListElement":[{"@type":"ListItem","position":1,"name":"Strona g\u0142\u00f3wna","item":"https:\/\/skinsolution.pl\/for-professionals\/"},{"@type":"ListItem","position":2,"name":"Polityka Zwrot\u00f3w"}]},{"@type":"WebSite","@id":"https:\/\/skinsolution.pl\/for-professionals\/#website","url":"https:\/\/skinsolution.pl\/for-professionals\/","name":"SkinSolution For Professionals","description":"","publisher":{"@id":"https:\/\/skinsolution.pl\/for-professionals\/#organization"},"potentialAction":[{"@type":"SearchAction","target":{"@type":"EntryPoint","urlTemplate":"https:\/\/skinsolution.pl\/for-professionals\/?s={search_term_string}"},"query-input":{"@type":"PropertyValueSpecification","valueRequired":true,"valueName":"search_term_string"}}],"inLanguage":"pl-PL"},{"@type":"Organization","@id":"https:\/\/skinsolution.pl\/for-professionals\/#organization","name":"SkinSolution For Professionals","url":"https:\/\/skinsolution.pl\/for-professionals\/","logo":{"@type":"ImageObject","inLanguage":"pl-PL","@id":"https:\/\/skinsolution.pl\/for-professionals\/#\/schema\/logo\/image\/","url":"https:\/\/skinsolution.pl\/for-professionals\/wp-content\/uploads\/sites\/5\/2025\/03\/SkinSolution_Black2.png","contentUrl":"https:\/\/skinsolution.pl\/for-professionals\/wp-content\/uploads\/sites\/5\/2025\/03\/SkinSolution_Black2.png","width":512,"height":512,"caption":"SkinSolution For Professionals"},"image":{"@id":"https:\/\/skinsolution.pl\/for-professionals\/#\/schema\/logo\/image\/"}}]}},"_links":{"self":[{"href":"https:\/\/skinsolution.pl\/for-professionals\/wp-json\/wp\/v2\/pages\/2085","targetHints":{"allow":["GET"]}}],"collection":[{"href":"https:\/\/skinsolution.pl\/for-professionals\/wp-json\/wp\/v2\/pages"}],"about":[{"href":"https:\/\/skinsolution.pl\/for-professionals\/wp-json\/wp\/v2\/types\/page"}],"author":[{"embeddable":true,"href":"https:\/\/skinsolution.pl\/for-professionals\/wp-json\/wp\/v2\/users\/1"}],"replies":[{"embeddable":true,"href":"https:\/\/skinsolution.pl\/for-professionals\/wp-json\/wp\/v2\/comments?post=2085"}],"version-history":[{"count":6,"href":"https:\/\/skinsolution.pl\/for-professionals\/wp-json\/wp\/v2\/pages\/2085\/revisions"}],"predecessor-version":[{"id":2574,"href":"https:\/\/skinsolution.pl\/for-professionals\/wp-json\/wp\/v2\/pages\/2085\/revisions\/2574"}],"wp:attachment":[{"href":"https:\/\/skinsolution.pl\/for-professionals\/wp-json\/wp\/v2\/media?parent=2085"}],"curies":[{"name":"wp","href":"https:\/\/api.w.org\/{rel}","templated":true}]}}